{"id":87,"date":"2020-04-08T21:28:11","date_gmt":"2020-04-08T19:28:11","guid":{"rendered":"https:\/\/kulturweit.blog\/marknobrasil\/?page_id=87"},"modified":"2020-04-08T21:28:11","modified_gmt":"2020-04-08T19:28:11","slug":"sobre-mim-ueber-mich","status":"publish","type":"page","link":"https:\/\/kulturweit.blog\/marknobrasil\/sobre-mim-ueber-mich\/","title":{"rendered":"Sobre mim &#8211; \u00dcber mich"},"content":{"rendered":"<p>Ol\u00e1 querido amigos e amigas,<\/p>\n<p><em>Hallo liebe Freundinnen und Freunde,<\/em><\/p>\n<p>Ich bin Mark, 19 und komme aus der N\u00e4he von Stuttgart.<\/p>\n<p>Eigentlich hatte ich vor, f\u00fcr ein Jahr einen Freiwilligendienst namens &#8222;kulturweit&#8220; im Norden Brasiliens zu absolvieren, aber so wie das Leben manchmal spielt, kommt es doch ganz anders.<\/p>\n<p>Aufgrund der Corona-Situation ist der Freiwilligendienst vorerst abgesagt. Aber dies hindert mich nicht daran, nach vorne zu blicken und nach neuen M\u00f6glichkeiten f\u00fcr ein Engagement zu suchen.<\/p>\n<p>Dass ich &#8211; ob privat oder in offiziellem Rahmen &#8211; nach Brasilien zur\u00fcckkehren m\u00f6chte, steht au\u00dfer Frage. Bis dahin erz\u00e4hle ich euch hier etwas \u00fcber die Woche, die ich in Brasilien verbringen durfte und teile ein paar Texte mit euch.<\/p>\n<p>Viel Spa\u00df beim Lesen und das ein oder andere Schmunzeln w\u00fcnscht Euch<\/p>\n<p>Mark<\/p>\n","protected":false},"excerpt":{"rendered":"<p>Ol\u00e1 querido amigos e amigas, Hallo liebe Freundinnen und Freunde, Ich bin Mark, 19 und komme aus der N\u00e4he von Stuttgart. Eigentlich hatte ich vor, f\u00fcr ein Jahr einen Freiwilligendienst namens &#8222;kulturweit&#8220; im Norden Brasiliens zu absolvieren, aber so wie das Leben manchmal spielt, kommt es doch ganz anders. Aufgrund der Corona-Situation ist der Freiwilligendienst &hellip; <span class=\"more-link\"><a href=\"https:\/\/kulturweit.blog\/marknobrasil\/sobre-mim-ueber-mich\/\">Mehr lesen &raquo;<\/a><\/span><\/p>\n","protected":false},"author":2804,"featured_media":0,"parent":0,"menu_order":0,"comment_status":"closed","ping_status":"closed","template":"","meta":{"footnotes":""},"class_list":["post-87","page","type-page","status-publish","hentry"],"_links":{"self":[{"href":"https:\/\/kulturweit.blog\/marknobrasil\/wp-json\/wp\/v2\/pages\/87"}],"collection":[{"href":"https:\/\/kulturweit.blog\/marknobrasil\/wp-json\/wp\/v2\/pages"}],"about":[{"href":"https:\/\/kulturweit.blog\/marknobrasil\/wp-json\/wp\/v2\/types\/page"}],"author":[{"embeddable":true,"href":"https:\/\/kulturweit.blog\/marknobrasil\/wp-json\/wp\/v2\/users\/2804"}],"replies":[{"embeddable":true,"href":"https:\/\/kulturweit.blog\/marknobrasil\/wp-json\/wp\/v2\/comments?post=87"}],"version-history":[{"count":1,"href":"https:\/\/kulturweit.blog\/marknobrasil\/wp-json\/wp\/v2\/pages\/87\/revisions"}],"predecessor-version":[{"id":90,"href":"https:\/\/kulturweit.blog\/marknobrasil\/wp-json\/wp\/v2\/pages\/87\/revisions\/90"}],"wp:attachment":[{"href":"https:\/\/kulturweit.blog\/marknobrasil\/wp-json\/wp\/v2\/media?parent=87"}],"curies":[{"name":"wp","href":"https:\/\/api.w.org\/{rel}","templated":true}]}}