{"id":122,"date":"2020-04-10T23:53:49","date_gmt":"2020-04-10T21:53:49","guid":{"rendered":"https:\/\/kulturweit.blog\/marknobrasil\/?page_id=122"},"modified":"2020-04-18T17:46:03","modified_gmt":"2020-04-18T15:46:03","slug":"a-minha-viagem-meine-reise","status":"publish","type":"page","link":"https:\/\/kulturweit.blog\/marknobrasil\/a-minha-viagem-meine-reise\/","title":{"rendered":"A minha viagem | meine Reise"},"content":{"rendered":"<p>Oi pessoal!<\/p>\n<p>Sch\u00f6n, dass du auf meine Seite gesto\u00dfen bist.<\/p>\n<p>Eigentlich hatte ich vor, das gesamte n\u00e4chste Jahr in Bel\u00e9m, Par\u00e1, Brasilien zu verbringen und an einer Schule die Deutschlehrkr\u00e4fte im Bereich Deutsch zu unterst\u00fctzen. Leider wollte der Zufall es anders und durch die Ausbreitung des Corona-Virus habe ich meinen Freiwilligendienst nicht antreten d\u00fcrfen.<\/p>\n<p>Eine Woche hatte ich das Gl\u00fcck in Brasilien sein zu d\u00fcrfen. Sogar zu meinem Einsatzort nach Bel\u00e9m habe ich es noch geschafft.<\/p>\n<p><strong>Meine Reiseroute:<\/strong><\/p>\n<ul>\n<li>11.03.2020 &#8211; von Berlin Tegel TXL nach Frankfurt (FRA) und von Frankfurt nach S\u00e3o Paulo Guarulhos (GRU)<\/li>\n<li>15.03.2020 &#8211;\u00a0 S\u00e3o Paulo (GRU) nach Bel\u00e9m (BEL)<\/li>\n<li>16.03.2020 &#8211; Abbruch aller Freiwilligendienste und Aufforderung zur R\u00fcckkehr nach Deutschland<\/li>\n<li>19.03.2020 &#8211; Bel\u00e9m &#8211;\u00a0 S\u00e3o Paulo<\/li>\n<li>20.03.2020 &#8211;\u00a0 S\u00e3o Paulo &#8211; Frankfurt<\/li>\n<\/ul>\n<p><a href=\"https:\/\/kulturweit.blog\/marknobrasil\/files\/2020\/03\/reiseroute.jpeg\"><img loading=\"lazy\" decoding=\"async\" class=\"alignnone size-medium wp-image-31\" src=\"https:\/\/kulturweit.blog\/marknobrasil\/files\/2020\/03\/reiseroute-300x400.jpeg\" alt=\"\" width=\"300\" height=\"400\" srcset=\"https:\/\/kulturweit.blog\/marknobrasil\/files\/2020\/03\/reiseroute-300x400.jpeg 300w, https:\/\/kulturweit.blog\/marknobrasil\/files\/2020\/03\/reiseroute.jpeg 768w\" sizes=\"(max-width: 300px) 100vw, 300px\" \/><\/a><\/p>\n","protected":false},"excerpt":{"rendered":"<p>Oi pessoal! Sch\u00f6n, dass du auf meine Seite gesto\u00dfen bist. Eigentlich hatte ich vor, das gesamte n\u00e4chste Jahr in Bel\u00e9m, Par\u00e1, Brasilien zu verbringen und an einer Schule die Deutschlehrkr\u00e4fte im Bereich Deutsch zu unterst\u00fctzen. Leider wollte der Zufall es anders und durch die Ausbreitung des Corona-Virus habe ich meinen Freiwilligendienst nicht antreten d\u00fcrfen. Eine &hellip; <span class=\"more-link\"><a href=\"https:\/\/kulturweit.blog\/marknobrasil\/a-minha-viagem-meine-reise\/\">Mehr lesen &raquo;<\/a><\/span><\/p>\n","protected":false},"author":2804,"featured_media":0,"parent":0,"menu_order":0,"comment_status":"closed","ping_status":"closed","template":"","meta":{"footnotes":""},"class_list":["post-122","page","type-page","status-publish","hentry"],"_links":{"self":[{"href":"https:\/\/kulturweit.blog\/marknobrasil\/wp-json\/wp\/v2\/pages\/122"}],"collection":[{"href":"https:\/\/kulturweit.blog\/marknobrasil\/wp-json\/wp\/v2\/pages"}],"about":[{"href":"https:\/\/kulturweit.blog\/marknobrasil\/wp-json\/wp\/v2\/types\/page"}],"author":[{"embeddable":true,"href":"https:\/\/kulturweit.blog\/marknobrasil\/wp-json\/wp\/v2\/users\/2804"}],"replies":[{"embeddable":true,"href":"https:\/\/kulturweit.blog\/marknobrasil\/wp-json\/wp\/v2\/comments?post=122"}],"version-history":[{"count":3,"href":"https:\/\/kulturweit.blog\/marknobrasil\/wp-json\/wp\/v2\/pages\/122\/revisions"}],"predecessor-version":[{"id":206,"href":"https:\/\/kulturweit.blog\/marknobrasil\/wp-json\/wp\/v2\/pages\/122\/revisions\/206"}],"wp:attachment":[{"href":"https:\/\/kulturweit.blog\/marknobrasil\/wp-json\/wp\/v2\/media?parent=122"}],"curies":[{"name":"wp","href":"https:\/\/api.w.org\/{rel}","templated":true}]}}