{"id":115,"date":"2020-04-10T23:52:54","date_gmt":"2020-04-10T21:52:54","guid":{"rendered":"https:\/\/kulturweit.blog\/marknobrasil\/?page_id=115"},"modified":"2020-04-18T17:40:07","modified_gmt":"2020-04-18T15:40:07","slug":"poemas-gedichte","status":"publish","type":"page","link":"https:\/\/kulturweit.blog\/marknobrasil\/poemas-gedichte\/","title":{"rendered":"Poemas | Gedichte"},"content":{"rendered":"<p><em>Hier findest du eine Sammlung aller Gedichte, die im Zusammenhang mit der Reise entstanden sind.<\/em><\/p>\n<p>&nbsp;<\/p>\n<p><strong>Gedicht 1: Gedankengedicht: Fliegen<\/strong><\/p>\n<p>&nbsp;<\/p>\n<p>Hey!<\/p>\n<p>Angesichts dieser emotional sehr bewegten Zeit habe ich etwas geschrieben. Vor der Reise, in der Hoffnung eines Brasilien-Abenteuers und danach &#8211; nach Absage des Freiwilligendienstes.<\/p>\n<p>Heute fange ich mit dem ersten Gedicht an. Es nennt sich &#8222;Fliegen&#8220;<\/p>\n<p>Viel Spa\u00df beim Lesen!<\/p>\n<p>&nbsp;<\/p>\n<p>Gedankengedicht<br \/>\nFliegen<br \/>\nUnter mir H\u00e4user. Berge. Landschaften. Menschen, Freunde, die ich nie kennenlernen werde.<br \/>\nBekanntschaften, die ich nie machen werde.<br \/>\nVielleicht ja mein Lieblingsmensch?<br \/>\nVon hier oben ist alles so winzig.<br \/>\nJeder Shit, jeder Streit, jede Argumentation, jedes Luxusproblem, jede Boshaftigkeit ist wie weggeblasen.<br \/>\nDas einzige, was ist, bin ich<br \/>\n\u00fcber den Wolken<br \/>\nGefangen in der Endlosigkeit des Himmels<br \/>\nNah bei Gott<\/p>\n<p>Ich sehe B\u00fcsche, Waldinseln, die sich vor mir aufbauschen wie Schambehaarung<br \/>\nSind das die Schamhaare von Mutter Erde?<\/p>\n<p>Die Fu\u00dfballpl\u00e4tze, die sauber gezogenen Stra\u00dfen im Miniaturwunderland<\/p>\n<p>Wie Matchboxautos flitzen die bunten Blechb\u00fcchsen \u00fcber die Rennstrecke<\/p>\n<p>Was sind das f\u00fcr Menschen, die in den W\u00e4genchen sitzen?<br \/>\nWohin wollen sie hin?<br \/>\nWoher kommen sie?<\/p>\n<p>Ist ein Verwandter im Krankenhaus und sie dr\u00fccken auf die Tube, um rechtzeitig anzukommen?<br \/>\nHat ihr Partner sie k\u00fcrzlich verlassen und sie brettern aus Frust \u00fcber die k\u00fchle Autobahn?<br \/>\nWoran denken sie?<br \/>\nHaben sie Familien, zu denen sie \u00fcbers Wochenende fahren?<br \/>\nWas treibt sie an?<br \/>\nOb sie alle brav w\u00e4hlen gehen?<\/p>\n<p>Liegen sie abends im Bett und gucken in den Sternenhimmel und fragen sich, was das Ganze soll?<br \/>\nWas sie mit ihrem geraden, geordneten, glatt geb\u00fcgelten Leben anfangen sollen?<br \/>\nWo die Liebe ist?<\/p>\n<p>Fragen. In der Luft.<\/p>\n<p>Eines wei\u00df ich: Wir leben unter der gleichen Sonne<\/p>\n<p>&nbsp;<\/p>\n<p><a href=\"https:\/\/kulturweit.blog\/marknobrasil\/files\/2020\/03\/\u00fcber-den-wolken-1.jpeg\"><img loading=\"lazy\" decoding=\"async\" class=\"alignnone size-medium wp-image-51\" src=\"https:\/\/kulturweit.blog\/marknobrasil\/files\/2020\/03\/\u00fcber-den-wolken-1-300x400.jpeg\" alt=\"\" width=\"300\" height=\"400\" srcset=\"https:\/\/kulturweit.blog\/marknobrasil\/files\/2020\/03\/\u00fcber-den-wolken-1-300x400.jpeg 300w, https:\/\/kulturweit.blog\/marknobrasil\/files\/2020\/03\/\u00fcber-den-wolken-1.jpeg 768w\" sizes=\"(max-width: 300px) 100vw, 300px\" \/><\/a><\/p>\n<p>Foto: Selbstaufnahme<\/p>\n<p>&nbsp;<\/p>\n<p>&nbsp;<\/p>\n<p>&nbsp;<\/p>\n","protected":false},"excerpt":{"rendered":"<p>Hier findest du eine Sammlung aller Gedichte, die im Zusammenhang mit der Reise entstanden sind. &nbsp; Gedicht 1: Gedankengedicht: Fliegen &nbsp; Hey! Angesichts dieser emotional sehr bewegten Zeit habe ich etwas geschrieben. Vor der Reise, in der Hoffnung eines Brasilien-Abenteuers und danach &#8211; nach Absage des Freiwilligendienstes. Heute fange ich mit dem ersten Gedicht an. &hellip; <span class=\"more-link\"><a href=\"https:\/\/kulturweit.blog\/marknobrasil\/poemas-gedichte\/\">Mehr lesen &raquo;<\/a><\/span><\/p>\n","protected":false},"author":2804,"featured_media":0,"parent":0,"menu_order":0,"comment_status":"closed","ping_status":"closed","template":"","meta":{"footnotes":""},"class_list":["post-115","page","type-page","status-publish","hentry"],"_links":{"self":[{"href":"https:\/\/kulturweit.blog\/marknobrasil\/wp-json\/wp\/v2\/pages\/115"}],"collection":[{"href":"https:\/\/kulturweit.blog\/marknobrasil\/wp-json\/wp\/v2\/pages"}],"about":[{"href":"https:\/\/kulturweit.blog\/marknobrasil\/wp-json\/wp\/v2\/types\/page"}],"author":[{"embeddable":true,"href":"https:\/\/kulturweit.blog\/marknobrasil\/wp-json\/wp\/v2\/users\/2804"}],"replies":[{"embeddable":true,"href":"https:\/\/kulturweit.blog\/marknobrasil\/wp-json\/wp\/v2\/comments?post=115"}],"version-history":[{"count":3,"href":"https:\/\/kulturweit.blog\/marknobrasil\/wp-json\/wp\/v2\/pages\/115\/revisions"}],"predecessor-version":[{"id":204,"href":"https:\/\/kulturweit.blog\/marknobrasil\/wp-json\/wp\/v2\/pages\/115\/revisions\/204"}],"wp:attachment":[{"href":"https:\/\/kulturweit.blog\/marknobrasil\/wp-json\/wp\/v2\/media?parent=115"}],"curies":[{"name":"wp","href":"https:\/\/api.w.org\/{rel}","templated":true}]}}