{"id":16,"date":"2018-08-16T22:09:54","date_gmt":"2018-08-16T20:09:54","guid":{"rendered":"https:\/\/kulturweit.blog\/mandyswonderworld\/?page_id=16"},"modified":"2018-12-29T17:06:07","modified_gmt":"2018-12-29T16:06:07","slug":"home","status":"publish","type":"page","link":"https:\/\/kulturweit.blog\/mandyswonderworld\/","title":{"rendered":"\u0414\u043e\u0431\u044a\u0440 \u0434\u0435\u043d"},"content":{"rendered":"<p>Ich bin Mandy, komme aus Bielefeld und habe dort Mathematik und Literaturwissenschaft studiert. Jetzt bin ich froh, erstmal nichts mehr mit Mathe zu tun zu haben &#8211; au\u00dfer vielleicht Euro in Leva umzurechnen &#8211; und ein Jahr am Goethe-Institut in Sofia (Bulgarien) zu verbringen. Ich freue mich auf all die neuen Erfahrungen und Abenteuer.<\/p>\n<p><strong>\u00dcber kulturweit<\/strong><\/p>\n<p>Der internationale Kultur-Freiwilligendienst der Deutschen UNESCO-Kommission bietet Menschen zwischen 18 bis 26 Jahren die M\u00f6glichkeit, sich f\u00fcr sechs oder zw\u00f6lf Monate in der Ausw\u00e4rtigen Kultur- und Bildungspolitik zu engagieren. Dabei werden alle Freiwilligen finanziell unterst\u00fctzt und in Seminaren begleitet &#8211; damit steht kulturweit\u00a0allen jungen Menschen offen!<br \/>\nMehr Infos sind hier zu finden:\u00a0<a href=\"https:\/\/www.kulturweit.de\/programm\/\u00fcber-kulturweit\" target=\"_blank\" rel=\"noopener\">www.kulturweit.de\/programm\/\u00fcber-kulturweit<\/a><\/p>\n<p><strong>\u00dcber das Goethe-Institut in Sofia<\/strong><\/p>\n<p>Das Goethe-Institut e.V. ist das weltweit t\u00e4tige Kulturinstitut der Bundesrepublik Deutschland.<br \/>\nDas Goethe-Institut Bulgarien, 1989 gegr\u00fcndet und seit 2003 in einem Geb\u00e4ude des Kulturministeriums mitten im Zentrum der Stadt untergebracht, hat sich folgende Ziele gesetzt:<\/p>\n<ul class=\"standardListe\">\n<li>die F\u00f6rderung von Mehrsprachigkeit als Grundlage f\u00fcr die Herstellung einer europ\u00e4ischen \u00d6ffentlichkeit<\/li>\n<li>den Austausch \u00e4sthetischer Positionen und innovativer Entwicklungen in Kunst und Wissenschaft<\/li>\n<li>die St\u00e4rkung demokratischer, zivilgesellschaftlicher Strukturen<\/li>\n<li>die Unterst\u00fctzung bei Aufbau und Entwicklung von Informationsstrukturen<\/li>\n<li>die St\u00e4rkung des europ\u00e4ischen B\u00fcrgerbewusstseins und des innereurop\u00e4ischen Dialogs<\/li>\n<\/ul>\n<p>Ausf\u00fchrlichere Informationen zu einzelnen Aufgabenbereichen sind hier zu finden:\u00a0<a href=\"https:\/\/www.goethe.de\/ins\/bg\/de\/ueb\/auf.html\" target=\"_blank\" rel=\"noopener\">www.goethe.de\/ins\/bg\/de\/ueb\/auf.html<\/a><\/p>\n<p><strong>Meine Aufgaben<\/strong><\/p>\n<p style=\"font-weight: 400\">Ich werde w\u00e4hrend meines FSJs vor allem in der Sprachabteilung t\u00e4tig sein. Dort sind meine Aufgaben unter anderem Folgende:<\/p>\n<ul>\n<li>Mitarbeit bei der Planung und Durchf\u00fchrung von Projekten und Veranstaltungen<\/li>\n<li>Mitwirkung bei der Vorbereitung und Durchf\u00fchrung einer Bildungskonferenz<\/li>\n<li>Presse- und \u00d6ffentlichkeitsarbeit f\u00fcr die Bildungskooperation Deutsch, Social Media und Newsletter<\/li>\n<li>Betreuung von Schulklassen bei Besuchen in der Bibliothek<\/li>\n<\/ul>\n<p>&nbsp;<\/p>\n","protected":false},"excerpt":{"rendered":"<p>Ich bin Mandy, komme aus Bielefeld und habe dort Mathematik und Literaturwissenschaft studiert. Jetzt bin ich froh, erstmal nichts mehr mit Mathe zu tun zu haben &#8211; au\u00dfer vielleicht Euro in Leva umzurechnen &#8211; und ein Jahr am Goethe-Institut in Sofia (Bulgarien) zu verbringen. Ich freue mich auf all die neuen Erfahrungen und Abenteuer. \u00dcber &hellip; <a href=\"https:\/\/kulturweit.blog\/mandyswonderworld\/\" class=\"more-link\"><span class=\"screen-reader-text\">\u0414\u043e\u0431\u044a\u0440 \u0434\u0435\u043d<\/span> weiterlesen <span class=\"meta-nav\">&rarr;<\/span><\/a><\/p>\n","protected":false},"author":2474,"featured_media":278,"parent":0,"menu_order":0,"comment_status":"closed","ping_status":"closed","template":"page-templates\/full-width.php","meta":{"footnotes":""},"class_list":["post-16","page","type-page","status-publish","has-post-thumbnail","hentry"],"amp_enabled":false,"_links":{"self":[{"href":"https:\/\/kulturweit.blog\/mandyswonderworld\/wp-json\/wp\/v2\/pages\/16"}],"collection":[{"href":"https:\/\/kulturweit.blog\/mandyswonderworld\/wp-json\/wp\/v2\/pages"}],"about":[{"href":"https:\/\/kulturweit.blog\/mandyswonderworld\/wp-json\/wp\/v2\/types\/page"}],"author":[{"embeddable":true,"href":"https:\/\/kulturweit.blog\/mandyswonderworld\/wp-json\/wp\/v2\/users\/2474"}],"replies":[{"embeddable":true,"href":"https:\/\/kulturweit.blog\/mandyswonderworld\/wp-json\/wp\/v2\/comments?post=16"}],"version-history":[{"count":3,"href":"https:\/\/kulturweit.blog\/mandyswonderworld\/wp-json\/wp\/v2\/pages\/16\/revisions"}],"predecessor-version":[{"id":280,"href":"https:\/\/kulturweit.blog\/mandyswonderworld\/wp-json\/wp\/v2\/pages\/16\/revisions\/280"}],"wp:featuredmedia":[{"embeddable":true,"href":"https:\/\/kulturweit.blog\/mandyswonderworld\/wp-json\/wp\/v2\/media\/278"}],"wp:attachment":[{"href":"https:\/\/kulturweit.blog\/mandyswonderworld\/wp-json\/wp\/v2\/media?parent=16"}],"curies":[{"name":"wp","href":"https:\/\/api.w.org\/{rel}","templated":true}]}}