{"id":534,"date":"2010-03-13T01:35:14","date_gmt":"2010-03-13T04:35:14","guid":{"rendered":"https:\/\/kulturweit.blog\/lukasarenz\/?page_id=534"},"modified":"2010-03-13T01:36:24","modified_gmt":"2010-03-13T04:36:24","slug":"aconcagua","status":"publish","type":"page","link":"https:\/\/kulturweit.blog\/lukasarenz\/%c2%a1dale-dale-argentina\/aconcagua\/","title":{"rendered":"Aconcagua"},"content":{"rendered":"<p>Eindeutig ein H\u00f6hepunkt der Reise. Wortw\u00f6rtlich. Der Aconcagua. 6 962 m H\u00f6he. Nicht nur der h\u00f6chste Berg des amerikanischen Kontinents, sondern auch die h\u00f6chste Erhebung au\u00dferhalb des Himalayas.<\/p>\n<p>Eine Gipfelbesteigung h\u00e4tte mich schon gereizt. Mit einer gef\u00fchrten Tour ist das wohl sogar f\u00fcr Laien kein Ding der Unm\u00f6glichkeit. Allerdings ben\u00f6tigt man f\u00fcr den Aufstieg etwa 15 Tage. Diese Zeit hatten wir nicht. Aber das Wandervergn\u00fcgen an diesem Berggiganten wollten wir uns nicht nehmen lassen. Eine 3-Tagestour f\u00fchrte immerhin auf 4200 Meter H\u00f6he. Das ist ja auch schon mal nicht ganz so schlecht.<\/p>\n<div id=\"attachment_535\" style=\"width: 310px\" class=\"wp-caption alignleft\"><a href=\"https:\/\/kulturweit.blog\/lukasarenz\/files\/2010\/03\/IMG_1729.jpg\"><img loading=\"lazy\" decoding=\"async\" aria-describedby=\"caption-attachment-535\" class=\"size-medium wp-image-535\" title=\"IMG_1729\" src=\"https:\/\/kulturweit.blog\/lukasarenz\/files\/2010\/03\/IMG_1729-300x225.jpg\" alt=\"\" width=\"300\" height=\"225\" srcset=\"https:\/\/kulturweit.blog\/lukasarenz\/files\/2010\/03\/IMG_1729-300x225.jpg 300w, https:\/\/kulturweit.blog\/lukasarenz\/files\/2010\/03\/IMG_1729.jpg 1024w\" sizes=\"(max-width: 300px) 100vw, 300px\" \/><\/a><p id=\"caption-attachment-535\" class=\"wp-caption-text\">Der Aconcagua - Amerikas h\u00f6chster Berg<\/p><\/div>\n<div id=\"attachment_536\" style=\"width: 310px\" class=\"wp-caption alignright\"><a href=\"https:\/\/kulturweit.blog\/lukasarenz\/files\/2010\/03\/IMG_3163.jpg\"><img loading=\"lazy\" decoding=\"async\" aria-describedby=\"caption-attachment-536\" class=\"size-medium wp-image-536  \" title=\"IMG_3163\" src=\"https:\/\/kulturweit.blog\/lukasarenz\/files\/2010\/03\/IMG_3163-300x200.jpg\" alt=\"\" width=\"300\" height=\"200\" srcset=\"https:\/\/kulturweit.blog\/lukasarenz\/files\/2010\/03\/IMG_3163-300x200.jpg 300w, https:\/\/kulturweit.blog\/lukasarenz\/files\/2010\/03\/IMG_3163.jpg 1024w\" sizes=\"(max-width: 300px) 100vw, 300px\" \/><\/a><p id=\"caption-attachment-536\" class=\"wp-caption-text\">Bergsteiger (c) TS<\/p><\/div>\n<p>Die erste Etappe f\u00fchrte vom Parkeingang auf 3000 Meter H\u00f6he zum ersten Base-Camp auf 3400 Metern.\u00a0 Wir hatten viel Zeit und nahmen uns diese auch. Strahlender Sonnenschein und wandern mit Blick auf den Gipfel. St\u00e4ndige Wanderbegleiter waren die Packesel (Mulas), die anfangs wirklich eine Attraktion waren, sich sp\u00e4ter aber als nervige Gefahr herausstellte. Nicht nur einmal wurden wir von den Tieren fast \u00fcberrannt.<\/p>\n<div id=\"attachment_538\" style=\"width: 310px\" class=\"wp-caption alignright\"><a href=\"https:\/\/kulturweit.blog\/lukasarenz\/files\/2010\/03\/IMG_1630.jpg\"><img loading=\"lazy\" decoding=\"async\" aria-describedby=\"caption-attachment-538\" class=\"size-medium wp-image-538\" title=\"IMG_1630\" src=\"https:\/\/kulturweit.blog\/lukasarenz\/files\/2010\/03\/IMG_1630-300x225.jpg\" alt=\"\" width=\"300\" height=\"225\" srcset=\"https:\/\/kulturweit.blog\/lukasarenz\/files\/2010\/03\/IMG_1630-300x225.jpg 300w, https:\/\/kulturweit.blog\/lukasarenz\/files\/2010\/03\/IMG_1630.jpg 1024w\" sizes=\"(max-width: 300px) 100vw, 300px\" \/><\/a><p id=\"caption-attachment-538\" class=\"wp-caption-text\">Im Angesicht des Esels<\/p><\/div>\n<div id=\"attachment_537\" style=\"width: 310px\" class=\"wp-caption alignleft\"><a href=\"https:\/\/kulturweit.blog\/lukasarenz\/files\/2010\/03\/IMG_3175.jpg\"><img loading=\"lazy\" decoding=\"async\" aria-describedby=\"caption-attachment-537\" class=\"size-medium wp-image-537 \" title=\"IMG_3175\" src=\"https:\/\/kulturweit.blog\/lukasarenz\/files\/2010\/03\/IMG_3175-300x200.jpg\" alt=\"\" width=\"300\" height=\"200\" srcset=\"https:\/\/kulturweit.blog\/lukasarenz\/files\/2010\/03\/IMG_3175-300x200.jpg 300w, https:\/\/kulturweit.blog\/lukasarenz\/files\/2010\/03\/IMG_3175.jpg 1024w\" sizes=\"(max-width: 300px) 100vw, 300px\" \/><\/a><p id=\"caption-attachment-537\" class=\"wp-caption-text\">&quot;The road goes ever on and on...&quot; (c) TS<\/p><\/div>\n<p>Die Nacht verbrachten wir dann im Zelt in einem richtigen Base-Camp. Eine tolle Erfahrung. Beeindruckend: Der Sternenhimmel. Hoch auf dem Berg, ohne Streulicht. Einmalig.<\/p>\n<div id=\"attachment_539\" style=\"width: 310px\" class=\"wp-caption alignright\"><a href=\"https:\/\/kulturweit.blog\/lukasarenz\/files\/2010\/03\/IMG_1659.jpg\"><img loading=\"lazy\" decoding=\"async\" aria-describedby=\"caption-attachment-539\" class=\"size-medium wp-image-539\" title=\"IMG_1659\" src=\"https:\/\/kulturweit.blog\/lukasarenz\/files\/2010\/03\/IMG_1659-300x225.jpg\" alt=\"\" width=\"300\" height=\"225\" srcset=\"https:\/\/kulturweit.blog\/lukasarenz\/files\/2010\/03\/IMG_1659-300x225.jpg 300w, https:\/\/kulturweit.blog\/lukasarenz\/files\/2010\/03\/IMG_1659.jpg 1024w\" sizes=\"(max-width: 300px) 100vw, 300px\" \/><\/a><p id=\"caption-attachment-539\" class=\"wp-caption-text\">Base Camp<\/p><\/div>\n<p>Am n\u00e4chsten Tag ging es fr\u00fch aus den Federn, um den Anstieg zur Plaza Francia auf 4200 Metern in Angriff zu nehmen. Die Luft wurde merklich d\u00fcnner, viel mehr als die H\u00f6henkrankheit machte uns aber die intensive Sonneneinstrahlung zu schaffen.<\/p>\n<div id=\"attachment_540\" style=\"width: 310px\" class=\"wp-caption alignleft\"><a href=\"https:\/\/kulturweit.blog\/lukasarenz\/files\/2010\/03\/IMG_3371.jpg\"><img loading=\"lazy\" decoding=\"async\" aria-describedby=\"caption-attachment-540\" class=\"size-medium wp-image-540 \" src=\"https:\/\/kulturweit.blog\/lukasarenz\/files\/2010\/03\/IMG_3371-300x200.jpg\" alt=\"\" width=\"300\" height=\"200\" srcset=\"https:\/\/kulturweit.blog\/lukasarenz\/files\/2010\/03\/IMG_3371-300x200.jpg 300w, https:\/\/kulturweit.blog\/lukasarenz\/files\/2010\/03\/IMG_3371.jpg 1024w\" sizes=\"(max-width: 300px) 100vw, 300px\" \/><\/a><p id=\"caption-attachment-540\" class=\"wp-caption-text\">Fu\u00dfball auf 4000 Metern H\u00f6he.(c) TS<\/p><\/div>\n<p>Irgendwann waren wir dann endlich an der Plaza Francia.<\/p>\n<p>Hier nahmen wir unseren Mittagssnack ein, direkt unter der Steilwand des Aconcagua. Der Gipfel ganz weit oben zu sehen. Eines Tages schaffe ich es vielleicht noch hoch. Wer wei\u00df.<\/p>\n<div id=\"attachment_542\" style=\"width: 310px\" class=\"wp-caption alignright\"><a href=\"https:\/\/kulturweit.blog\/lukasarenz\/files\/2010\/03\/IMG_3387.jpg\"><img loading=\"lazy\" decoding=\"async\" aria-describedby=\"caption-attachment-542\" class=\"size-medium wp-image-542 \" title=\"IMG_3387\" src=\"https:\/\/kulturweit.blog\/lukasarenz\/files\/2010\/03\/IMG_3387-300x200.jpg\" alt=\"\" width=\"300\" height=\"200\" srcset=\"https:\/\/kulturweit.blog\/lukasarenz\/files\/2010\/03\/IMG_3387-300x200.jpg 300w, https:\/\/kulturweit.blog\/lukasarenz\/files\/2010\/03\/IMG_3387.jpg 1024w\" sizes=\"(max-width: 300px) 100vw, 300px\" \/><\/a><p id=\"caption-attachment-542\" class=\"wp-caption-text\">Der Berg und ich (c) TS<\/p><\/div>\n<div id=\"attachment_543\" style=\"width: 310px\" class=\"wp-caption alignright\"><a href=\"https:\/\/kulturweit.blog\/lukasarenz\/files\/2010\/03\/IMG_3430.jpg\"><img loading=\"lazy\" decoding=\"async\" aria-describedby=\"caption-attachment-543\" class=\"size-medium wp-image-543 \" title=\"IMG_3430\" src=\"https:\/\/kulturweit.blog\/lukasarenz\/files\/2010\/03\/IMG_3430-300x200.jpg\" alt=\"\" width=\"300\" height=\"200\" srcset=\"https:\/\/kulturweit.blog\/lukasarenz\/files\/2010\/03\/IMG_3430-300x200.jpg 300w, https:\/\/kulturweit.blog\/lukasarenz\/files\/2010\/03\/IMG_3430.jpg 1024w\" sizes=\"(max-width: 300px) 100vw, 300px\" \/><\/a><p id=\"caption-attachment-543\" class=\"wp-caption-text\">Plaza Francia (c) TS<\/p><\/div>\n<div id=\"attachment_541\" style=\"width: 310px\" class=\"wp-caption alignleft\"><a href=\"https:\/\/kulturweit.blog\/lukasarenz\/files\/2010\/03\/IMG_3347.jpg\"><img loading=\"lazy\" decoding=\"async\" aria-describedby=\"caption-attachment-541\" class=\"size-medium wp-image-541 \" title=\"IMG_3347\" src=\"https:\/\/kulturweit.blog\/lukasarenz\/files\/2010\/03\/IMG_3347-300x200.jpg\" alt=\"\" width=\"300\" height=\"200\" srcset=\"https:\/\/kulturweit.blog\/lukasarenz\/files\/2010\/03\/IMG_3347-300x200.jpg 300w, https:\/\/kulturweit.blog\/lukasarenz\/files\/2010\/03\/IMG_3347.jpg 1024w\" sizes=\"(max-width: 300px) 100vw, 300px\" \/><\/a><p id=\"caption-attachment-541\" class=\"wp-caption-text\">Gro\u00dfe Steine (c) TS<\/p><\/div>\n","protected":false},"excerpt":{"rendered":"<p>Eindeutig ein H\u00f6hepunkt der Reise. Wortw\u00f6rtlich. Der Aconcagua. 6 962 m H\u00f6he. Nicht nur der h\u00f6chste Berg des amerikanischen Kontinents, sondern auch die h\u00f6chste Erhebung au\u00dferhalb des Himalayas. Eine Gipfelbesteigung h\u00e4tte mich schon gereizt. Mit einer gef\u00fchrten Tour ist das wohl sogar f\u00fcr Laien kein Ding der Unm\u00f6glichkeit. Allerdings ben\u00f6tigt man f\u00fcr den Aufstieg etwa [&hellip;]<\/p>\n","protected":false},"author":73,"featured_media":543,"parent":267,"menu_order":0,"comment_status":"open","ping_status":"open","template":"","meta":{"footnotes":""},"class_list":["post-534","page","type-page","status-publish","hentry"],"amp_enabled":true,"_links":{"self":[{"href":"https:\/\/kulturweit.blog\/lukasarenz\/wp-json\/wp\/v2\/pages\/534"}],"collection":[{"href":"https:\/\/kulturweit.blog\/lukasarenz\/wp-json\/wp\/v2\/pages"}],"about":[{"href":"https:\/\/kulturweit.blog\/lukasarenz\/wp-json\/wp\/v2\/types\/page"}],"author":[{"embeddable":true,"href":"https:\/\/kulturweit.blog\/lukasarenz\/wp-json\/wp\/v2\/users\/73"}],"replies":[{"embeddable":true,"href":"https:\/\/kulturweit.blog\/lukasarenz\/wp-json\/wp\/v2\/comments?post=534"}],"version-history":[{"count":0,"href":"https:\/\/kulturweit.blog\/lukasarenz\/wp-json\/wp\/v2\/pages\/534\/revisions"}],"up":[{"embeddable":true,"href":"https:\/\/kulturweit.blog\/lukasarenz\/wp-json\/wp\/v2\/pages\/267"}],"wp:featuredmedia":[{"embeddable":true,"href":"https:\/\/kulturweit.blog\/lukasarenz\/wp-json\/wp\/v2\/media\/543"}],"wp:attachment":[{"href":"https:\/\/kulturweit.blog\/lukasarenz\/wp-json\/wp\/v2\/media?parent=534"}],"curies":[{"name":"wp","href":"https:\/\/api.w.org\/{rel}","templated":true}]}}