{"id":522,"date":"2010-03-11T00:40:45","date_gmt":"2010-03-11T03:40:45","guid":{"rendered":"https:\/\/kulturweit.blog\/lukasarenz\/?page_id=522"},"modified":"2010-03-11T00:40:45","modified_gmt":"2010-03-11T03:40:45","slug":"maipu","status":"publish","type":"page","link":"https:\/\/kulturweit.blog\/lukasarenz\/%c2%a1dale-dale-argentina\/maipu\/","title":{"rendered":"Maip\u00fa"},"content":{"rendered":"<div id=\"attachment_523\" style=\"width: 310px\" class=\"wp-caption alignleft\"><a href=\"https:\/\/kulturweit.blog\/lukasarenz\/files\/2010\/03\/IMG_3057.jpg\"><img loading=\"lazy\" decoding=\"async\" aria-describedby=\"caption-attachment-523\" class=\"size-medium wp-image-523 \" title=\"IMG_3057\" src=\"https:\/\/kulturweit.blog\/lukasarenz\/files\/2010\/03\/IMG_3057-300x200.jpg\" alt=\"\" width=\"300\" height=\"200\" srcset=\"https:\/\/kulturweit.blog\/lukasarenz\/files\/2010\/03\/IMG_3057-300x200.jpg 300w, https:\/\/kulturweit.blog\/lukasarenz\/files\/2010\/03\/IMG_3057.jpg 1024w\" sizes=\"(max-width: 300px) 100vw, 300px\" \/><\/a><p id=\"caption-attachment-523\" class=\"wp-caption-text\">Vor einem Weinberg (c) Tilo Schmidt<\/p><\/div>\n<p>Mendoza ist aber nicht nur in Argentinien, sondern auch weltweit aus folgendem Grund bekannt:<\/p>\n<p>Wein!<\/p>\n<p>Mendozas Klima ist ein ganz spezielles, welches sich gut f\u00fcr den Weinanbau eignet. Das sich alle Wolken aus dem Westen (vom Pazifik) \u00fcber den Anden abregnen, bleibt Mendoza weitgehend von Niederschl\u00e4gen verschont. Somit ist es dort sehr trocken. Gro\u00dfe Regenf\u00e4lle kurz vor der Weinlese k\u00f6nnen ganze Ernten zunichtemachen. In Mendoza werden die Rebst\u00f6cke kontrolliert bew\u00e4ssert &#8211; mit frischem Wasser aus den mit Schnee bedeckten Anden.<\/p>\n<p>Hohe Tagestemperaturen f\u00f6rdern die Zuckerbildung der Traube. Tiefe Nachttemperaturen die S\u00e4urebildung. Ein besseres Klima f\u00fcr den Weinanbau ist schwer zu finden. Die Qualit\u00e4t der Weine damit beachtlich.<\/p>\n<p>Nun hat sich Mendozas Tourismusbranche etwas Feines ausgedacht: Eine Fahrradtour von Weingut zu Weingut. Von Weinprobe zu Weinprobe. Was will man mehr?<\/p>\n<p>Der Haken daran: Recht viele Touristen. Aber das ist ja immer das typische Paradoxon. Alle Touristen beschweren sich \u00fcber die Touristen. Ich will mich da jetzt mal nicht ausnehmen.<\/p>\n<div id=\"attachment_524\" style=\"width: 310px\" class=\"wp-caption alignleft\"><a href=\"https:\/\/kulturweit.blog\/lukasarenz\/files\/2010\/03\/IMG_1563.jpg\"><img loading=\"lazy\" decoding=\"async\" aria-describedby=\"caption-attachment-524\" class=\"size-medium wp-image-524\" title=\"IMG_1563\" src=\"https:\/\/kulturweit.blog\/lukasarenz\/files\/2010\/03\/IMG_1563-300x225.jpg\" alt=\"\" width=\"300\" height=\"225\" srcset=\"https:\/\/kulturweit.blog\/lukasarenz\/files\/2010\/03\/IMG_1563-300x225.jpg 300w, https:\/\/kulturweit.blog\/lukasarenz\/files\/2010\/03\/IMG_1563.jpg 1024w\" sizes=\"(max-width: 300px) 100vw, 300px\" \/><\/a><p id=\"caption-attachment-524\" class=\"wp-caption-text\">Die Weincrew<\/p><\/div>\n<p>Die gesamte Radtour findet in einem Vorort von Mendoza statt. In Maip\u00fa n\u00e4mlich. Mit dem Franzosen Wilfried hatten wir nat\u00fcrlich einen Experten mit anspruchsvollem Gaumen bei den Degustationen dabei.<\/p>\n<p>Erster Halt war das Weingut <em>Carinae<\/em>. Die Besitzer sind ebenfalls Franzosen, die vor zehn Jahren nach Argentinien kamen und in Mendoza f\u00fcr einen franz\u00f6sischen Energiekonzern arbeiteten. Die Gegend sagte ihnen dann so zu, dass sie beschlossen in Maip\u00fa ein altes Weingut aufzukaufen.<\/p>\n<p>Die Aussage der Touristenf\u00fchrerin beunruhigte uns etwas: &#8222;Bevor sie hier ankamen, hatten sie keine Ahnung wie man Wein macht.&#8220; Na dann. Bonne Chance.<\/p>\n<p>Und tats\u00e4chlich bei der anschlie\u00dfenden Degustation verzog Wilfried nur das Gesicht und bemerkte recht trocken: &#8222;It iis soo baaaad!&#8220; Tats\u00e4chlich hatte auch ich schon wesentlich bessere Weine getrunken. Da m\u00fcssen die Besitzer also noch ein bisschen \u00fcben mit dem Weinmachen. Vielleicht schaue ich in zehn Jahren nochmal vorbei.<\/p>\n<div id=\"attachment_525\" style=\"width: 235px\" class=\"wp-caption alignleft\"><a href=\"https:\/\/kulturweit.blog\/lukasarenz\/files\/2010\/03\/IMG_1552.jpg\"><img loading=\"lazy\" decoding=\"async\" aria-describedby=\"caption-attachment-525\" class=\"size-medium wp-image-525\" title=\"IMG_1552\" src=\"https:\/\/kulturweit.blog\/lukasarenz\/files\/2010\/03\/IMG_1552-225x300.jpg\" alt=\"\" width=\"225\" height=\"300\" srcset=\"https:\/\/kulturweit.blog\/lukasarenz\/files\/2010\/03\/IMG_1552-225x300.jpg 225w, https:\/\/kulturweit.blog\/lukasarenz\/files\/2010\/03\/IMG_1552.jpg 576w\" sizes=\"(max-width: 225px) 100vw, 225px\" \/><\/a><p id=\"caption-attachment-525\" class=\"wp-caption-text\">Das geschulte Auge sollte hier einen Alkoholgehalt von 12,5 % erkennen.<\/p><\/div>\n<div id=\"attachment_526\" style=\"width: 235px\" class=\"wp-caption alignright\"><a href=\"https:\/\/kulturweit.blog\/lukasarenz\/files\/2010\/03\/IMG_1521.jpg\"><img loading=\"lazy\" decoding=\"async\" aria-describedby=\"caption-attachment-526\" class=\"size-medium wp-image-526 \" title=\"IMG_1521\" src=\"https:\/\/kulturweit.blog\/lukasarenz\/files\/2010\/03\/IMG_1521-225x300.jpg\" alt=\"\" width=\"225\" height=\"300\" srcset=\"https:\/\/kulturweit.blog\/lukasarenz\/files\/2010\/03\/IMG_1521-225x300.jpg 225w, https:\/\/kulturweit.blog\/lukasarenz\/files\/2010\/03\/IMG_1521.jpg 576w\" sizes=\"(max-width: 225px) 100vw, 225px\" \/><\/a><p id=\"caption-attachment-526\" class=\"wp-caption-text\">F\u00e4sser<\/p><\/div>\n<p style=\"text-align: center\">\n<p style=\"text-align: left\">So ging es dann von Gut zu Gut. Die Weine wurden zum Gl\u00fcck deutlich besser. Es war unglaublich hei\u00df und unsere Fahrr\u00e4der nicht gerade tourentauglich. Es wurde immer schwerer zu verstehen ob Wilfried mit &#8222;It is so &#8218;aaadd&#8220;\u00a0 &#8222;It is so hot&#8220; oder &#8222;It is so hard&#8220; meinte. Zum Schluss war ihm schlecht. Das war wohl aber eher auf die intensive Sonneneinstahlung als auf \u00fcberm\u00e4\u00dfigen Alkoholgenuss zur\u00fcckzuf\u00fchren .Zum Abschluss noch einen Lik\u00f6r und dann zur\u00fcck nach Mendoza.<\/p>\n<p style=\"text-align: left\">\n<div id=\"attachment_527\" style=\"width: 310px\" class=\"wp-caption aligncenter\"><a href=\"https:\/\/kulturweit.blog\/lukasarenz\/files\/2010\/03\/IMG_1549.jpg\"><img loading=\"lazy\" decoding=\"async\" aria-describedby=\"caption-attachment-527\" class=\"size-medium wp-image-527\" title=\"IMG_1549\" src=\"https:\/\/kulturweit.blog\/lukasarenz\/files\/2010\/03\/IMG_1549-300x225.jpg\" alt=\"\" width=\"300\" height=\"225\" srcset=\"https:\/\/kulturweit.blog\/lukasarenz\/files\/2010\/03\/IMG_1549-300x225.jpg 300w, https:\/\/kulturweit.blog\/lukasarenz\/files\/2010\/03\/IMG_1549.jpg 1024w\" sizes=\"(max-width: 300px) 100vw, 300px\" \/><\/a><p id=\"caption-attachment-527\" class=\"wp-caption-text\">Nicht mein Lieblingswein. Aber sch\u00f6ne Flaschen.<\/p><\/div>\n","protected":false},"excerpt":{"rendered":"<p>Mendoza ist aber nicht nur in Argentinien, sondern auch weltweit aus folgendem Grund bekannt: Wein! Mendozas Klima ist ein ganz spezielles, welches sich gut f\u00fcr den Weinanbau eignet. Das sich alle Wolken aus dem Westen (vom Pazifik) \u00fcber den Anden abregnen, bleibt Mendoza weitgehend von Niederschl\u00e4gen verschont. Somit ist es dort sehr trocken. Gro\u00dfe Regenf\u00e4lle [&hellip;]<\/p>\n","protected":false},"author":73,"featured_media":527,"parent":267,"menu_order":0,"comment_status":"open","ping_status":"open","template":"","meta":{"footnotes":""},"class_list":["post-522","page","type-page","status-publish","hentry"],"amp_enabled":true,"_links":{"self":[{"href":"https:\/\/kulturweit.blog\/lukasarenz\/wp-json\/wp\/v2\/pages\/522"}],"collection":[{"href":"https:\/\/kulturweit.blog\/lukasarenz\/wp-json\/wp\/v2\/pages"}],"about":[{"href":"https:\/\/kulturweit.blog\/lukasarenz\/wp-json\/wp\/v2\/types\/page"}],"author":[{"embeddable":true,"href":"https:\/\/kulturweit.blog\/lukasarenz\/wp-json\/wp\/v2\/users\/73"}],"replies":[{"embeddable":true,"href":"https:\/\/kulturweit.blog\/lukasarenz\/wp-json\/wp\/v2\/comments?post=522"}],"version-history":[{"count":0,"href":"https:\/\/kulturweit.blog\/lukasarenz\/wp-json\/wp\/v2\/pages\/522\/revisions"}],"up":[{"embeddable":true,"href":"https:\/\/kulturweit.blog\/lukasarenz\/wp-json\/wp\/v2\/pages\/267"}],"wp:featuredmedia":[{"embeddable":true,"href":"https:\/\/kulturweit.blog\/lukasarenz\/wp-json\/wp\/v2\/media\/527"}],"wp:attachment":[{"href":"https:\/\/kulturweit.blog\/lukasarenz\/wp-json\/wp\/v2\/media?parent=522"}],"curies":[{"name":"wp","href":"https:\/\/api.w.org\/{rel}","templated":true}]}}