{"id":504,"date":"2010-03-08T00:22:44","date_gmt":"2010-03-08T03:22:44","guid":{"rendered":"https:\/\/kulturweit.blog\/lukasarenz\/?page_id=504"},"modified":"2010-03-08T00:22:44","modified_gmt":"2010-03-08T03:22:44","slug":"mendoza","status":"publish","type":"page","link":"https:\/\/kulturweit.blog\/lukasarenz\/%c2%a1dale-dale-argentina\/mendoza\/","title":{"rendered":"Mendoza"},"content":{"rendered":"<p><a href=\"https:\/\/kulturweit.blog\/lukasarenz\/files\/2010\/03\/Argentiniekarte-Mendoza.jpg\"><img loading=\"lazy\" decoding=\"async\" class=\"alignleft size-medium wp-image-505\" title=\"Argentiniekarte Mendoza\" src=\"https:\/\/kulturweit.blog\/lukasarenz\/files\/2010\/03\/Argentiniekarte-Mendoza-247x300.jpg\" alt=\"\" width=\"247\" height=\"300\" srcset=\"https:\/\/kulturweit.blog\/lukasarenz\/files\/2010\/03\/Argentiniekarte-Mendoza-247x300.jpg 247w, https:\/\/kulturweit.blog\/lukasarenz\/files\/2010\/03\/Argentiniekarte-Mendoza.jpg 619w\" sizes=\"(max-width: 247px) 100vw, 247px\" \/><\/a>N\u00e4chster Stop: Mendoza.<\/p>\n<p>Die 100 000 Einwohner Stadt ist quasi die Pforte zu den h\u00f6chsten Gipfeln der Anden. Darunter der Aconcagua, der mit 6962 Metern der h\u00f6chste Berg des ganzen amerikanischen Kontinents ist.<\/p>\n<p>Hier checkten wir fr\u00fch morgens in unser Hostel ein und hatten somit noch den ganzen Tag zur Erkundung der Stadt.<\/p>\n<div id=\"attachment_511\" style=\"width: 160px\" class=\"wp-caption alignleft\"><a href=\"https:\/\/kulturweit.blog\/lukasarenz\/files\/2010\/03\/IMG_1512.jpg\"><img loading=\"lazy\" decoding=\"async\" aria-describedby=\"caption-attachment-511\" class=\"size-thumbnail wp-image-511 \" title=\"IMG_1512\" src=\"https:\/\/kulturweit.blog\/lukasarenz\/files\/2010\/03\/IMG_1512-150x150.jpg\" alt=\"\" width=\"150\" height=\"150\" \/><\/a><p id=\"caption-attachment-511\" class=\"wp-caption-text\">Eine der vielen Alleen Mendozas<\/p><\/div>\n<div id=\"attachment_506\" style=\"width: 160px\" class=\"wp-caption alignright\"><a href=\"https:\/\/kulturweit.blog\/lukasarenz\/files\/2010\/03\/IMG_1487.jpg\"><img loading=\"lazy\" decoding=\"async\" aria-describedby=\"caption-attachment-506\" class=\"size-thumbnail wp-image-506\" title=\"IMG_1487\" src=\"https:\/\/kulturweit.blog\/lukasarenz\/files\/2010\/03\/IMG_1487-150x150.jpg\" alt=\"\" width=\"150\" height=\"150\" \/><\/a><p id=\"caption-attachment-506\" class=\"wp-caption-text\">Stadtzentrum<\/p><\/div>\n<div id=\"attachment_507\" style=\"width: 160px\" class=\"wp-caption aligncenter\"><a href=\"https:\/\/kulturweit.blog\/lukasarenz\/files\/2010\/03\/IMG_1485.jpg\"><img loading=\"lazy\" decoding=\"async\" aria-describedby=\"caption-attachment-507\" class=\"size-thumbnail wp-image-507 \" title=\"IMG_1485\" src=\"https:\/\/kulturweit.blog\/lukasarenz\/files\/2010\/03\/IMG_1485-150x150.jpg\" alt=\"\" width=\"150\" height=\"150\" \/><\/a><p id=\"caption-attachment-507\" class=\"wp-caption-text\">Gr\u00fcnes Auto, gr\u00fcne B\u00e4ume<\/p><\/div>\n<p>Im Aconcagua-Informationsb\u00fcro lernten wir zwei M\u00e4dchen aus Israel und den Franzosen Wilfried kennen. Zusammen verbrachten wir den Tag im riesigen Stadtpark von Mendoza. Hauptsehensw\u00fcrdigkeit des Parkes ist der <em>Cerro de la Gloria <\/em>mit einem gewaltigen Denkmal an die Befreiungsarmee des General San Mart\u00edn.<\/p>\n<div id=\"attachment_508\" style=\"width: 235px\" class=\"wp-caption alignleft\"><a href=\"https:\/\/kulturweit.blog\/lukasarenz\/files\/2010\/03\/IMG_1488.jpg\"><img loading=\"lazy\" decoding=\"async\" aria-describedby=\"caption-attachment-508\" class=\"size-medium wp-image-508\" title=\"IMG_1488\" src=\"https:\/\/kulturweit.blog\/lukasarenz\/files\/2010\/03\/IMG_1488-225x300.jpg\" alt=\"\" width=\"225\" height=\"300\" srcset=\"https:\/\/kulturweit.blog\/lukasarenz\/files\/2010\/03\/IMG_1488-225x300.jpg 225w, https:\/\/kulturweit.blog\/lukasarenz\/files\/2010\/03\/IMG_1488.jpg 576w\" sizes=\"(max-width: 225px) 100vw, 225px\" \/><\/a><p id=\"caption-attachment-508\" class=\"wp-caption-text\">Harter Aufstieg<\/p><\/div>\n<div id=\"attachment_509\" style=\"width: 310px\" class=\"wp-caption alignright\"><a href=\"https:\/\/kulturweit.blog\/lukasarenz\/files\/2010\/03\/IMG_1511.jpg\"><img loading=\"lazy\" decoding=\"async\" aria-describedby=\"caption-attachment-509\" class=\"size-medium wp-image-509\" title=\"IMG_1511\" src=\"https:\/\/kulturweit.blog\/lukasarenz\/files\/2010\/03\/IMG_1511-300x225.jpg\" alt=\"\" width=\"300\" height=\"225\" srcset=\"https:\/\/kulturweit.blog\/lukasarenz\/files\/2010\/03\/IMG_1511-300x225.jpg 300w, https:\/\/kulturweit.blog\/lukasarenz\/files\/2010\/03\/IMG_1511.jpg 1024w\" sizes=\"(max-width: 300px) 100vw, 300px\" \/><\/a><p id=\"caption-attachment-509\" class=\"wp-caption-text\">Lukas, Tilo, Wilfried vor dem Denkmal<\/p><\/div>\n","protected":false},"excerpt":{"rendered":"<p>N\u00e4chster Stop: Mendoza. Die 100 000 Einwohner Stadt ist quasi die Pforte zu den h\u00f6chsten Gipfeln der Anden. Darunter der Aconcagua, der mit 6962 Metern der h\u00f6chste Berg des ganzen amerikanischen Kontinents ist. Hier checkten wir fr\u00fch morgens in unser Hostel ein und hatten somit noch den ganzen Tag zur Erkundung der Stadt. Im Aconcagua-Informationsb\u00fcro [&hellip;]<\/p>\n","protected":false},"author":73,"featured_media":511,"parent":267,"menu_order":0,"comment_status":"open","ping_status":"open","template":"","meta":{"footnotes":""},"class_list":["post-504","page","type-page","status-publish","hentry"],"amp_enabled":true,"_links":{"self":[{"href":"https:\/\/kulturweit.blog\/lukasarenz\/wp-json\/wp\/v2\/pages\/504"}],"collection":[{"href":"https:\/\/kulturweit.blog\/lukasarenz\/wp-json\/wp\/v2\/pages"}],"about":[{"href":"https:\/\/kulturweit.blog\/lukasarenz\/wp-json\/wp\/v2\/types\/page"}],"author":[{"embeddable":true,"href":"https:\/\/kulturweit.blog\/lukasarenz\/wp-json\/wp\/v2\/users\/73"}],"replies":[{"embeddable":true,"href":"https:\/\/kulturweit.blog\/lukasarenz\/wp-json\/wp\/v2\/comments?post=504"}],"version-history":[{"count":0,"href":"https:\/\/kulturweit.blog\/lukasarenz\/wp-json\/wp\/v2\/pages\/504\/revisions"}],"up":[{"embeddable":true,"href":"https:\/\/kulturweit.blog\/lukasarenz\/wp-json\/wp\/v2\/pages\/267"}],"wp:featuredmedia":[{"embeddable":true,"href":"https:\/\/kulturweit.blog\/lukasarenz\/wp-json\/wp\/v2\/media\/511"}],"wp:attachment":[{"href":"https:\/\/kulturweit.blog\/lukasarenz\/wp-json\/wp\/v2\/media?parent=504"}],"curies":[{"name":"wp","href":"https:\/\/api.w.org\/{rel}","templated":true}]}}