{"id":485,"date":"2010-03-03T00:06:18","date_gmt":"2010-03-03T03:06:18","guid":{"rendered":"https:\/\/kulturweit.blog\/lukasarenz\/?page_id=485"},"modified":"2010-03-03T00:06:18","modified_gmt":"2010-03-03T03:06:18","slug":"parque-nacional-lanin","status":"publish","type":"page","link":"https:\/\/kulturweit.blog\/lukasarenz\/%c2%a1dale-dale-argentina\/parque-nacional-lanin\/","title":{"rendered":"Parque Nacional Lan\u00edn"},"content":{"rendered":"<p>\u00dcber die &#8222;Ruta de los siete lagos&#8220; ging es weiter nach Jun\u00edn de los Andes, wo wir die nacht verbrachten und am n\u00e4chsten Tag in aller Fr\u00fche\u00a0 einen Ausflug in den Parque Nacional Lan\u00edn zu starten.<\/p>\n<div id=\"attachment_486\" style=\"width: 235px\" class=\"wp-caption alignleft\"><a href=\"https:\/\/kulturweit.blog\/lukasarenz\/files\/2010\/03\/Volc\u00e1n.jpg\"><img loading=\"lazy\" decoding=\"async\" aria-describedby=\"caption-attachment-486\" class=\"size-medium wp-image-486\" title=\"Volc\u00e1n\" src=\"https:\/\/kulturweit.blog\/lukasarenz\/files\/2010\/03\/Volc\u00e1n-225x300.jpg\" alt=\"\" width=\"225\" height=\"300\" srcset=\"https:\/\/kulturweit.blog\/lukasarenz\/files\/2010\/03\/Volc\u00e1n-225x300.jpg 225w, https:\/\/kulturweit.blog\/lukasarenz\/files\/2010\/03\/Volc\u00e1n.jpg 576w\" sizes=\"(max-width: 225px) 100vw, 225px\" \/><\/a><p id=\"caption-attachment-486\" class=\"wp-caption-text\">Volc\u00e1n Lan\u00edn<\/p><\/div>\n<p>\u00dcberragt wird der gesamte Tag durch den Volc\u00e1n Lan\u00edn. Ein Musterbeispiel eines Vulkans, mit sch\u00f6ner Schneekuppe.<\/p>\n<div id=\"attachment_487\" style=\"width: 310px\" class=\"wp-caption alignright\"><a href=\"https:\/\/kulturweit.blog\/lukasarenz\/files\/2010\/03\/Seeund-baum.jpg\"><img loading=\"lazy\" decoding=\"async\" aria-describedby=\"caption-attachment-487\" class=\"size-medium wp-image-487\" title=\"Seeund baum\" src=\"https:\/\/kulturweit.blog\/lukasarenz\/files\/2010\/03\/Seeund-baum-300x225.jpg\" alt=\"\" width=\"300\" height=\"225\" srcset=\"https:\/\/kulturweit.blog\/lukasarenz\/files\/2010\/03\/Seeund-baum-300x225.jpg 300w, https:\/\/kulturweit.blog\/lukasarenz\/files\/2010\/03\/Seeund-baum.jpg 1024w\" sizes=\"(max-width: 300px) 100vw, 300px\" \/><\/a><p id=\"caption-attachment-487\" class=\"wp-caption-text\">See und Baum<\/p><\/div>\n<p>Der Himmel wolkenlos und es hatte um die 35\u00b0C. Schatten gab es eine Zeit lang gar nicht.<\/p>\n<p>Ich habe keine Lust zu schreiben, deswegen noch ein paar Bilder.<\/p>\n<div id=\"attachment_489\" style=\"width: 160px\" class=\"wp-caption alignleft\"><a href=\"https:\/\/kulturweit.blog\/lukasarenz\/files\/2010\/03\/Wasserfall.jpg\"><img loading=\"lazy\" decoding=\"async\" aria-describedby=\"caption-attachment-489\" class=\"size-thumbnail wp-image-489\" title=\"Wasserfall\" src=\"https:\/\/kulturweit.blog\/lukasarenz\/files\/2010\/03\/Wasserfall-150x150.jpg\" alt=\"\" width=\"150\" height=\"150\" \/><\/a><p id=\"caption-attachment-489\" class=\"wp-caption-text\">Wasserfall<\/p><\/div>\n<div id=\"attachment_488\" style=\"width: 160px\" class=\"wp-caption aligncenter\"><a href=\"https:\/\/kulturweit.blog\/lukasarenz\/files\/2010\/03\/longroad.jpg\"><img loading=\"lazy\" decoding=\"async\" aria-describedby=\"caption-attachment-488\" class=\"size-thumbnail wp-image-488\" title=\"longroad\" src=\"https:\/\/kulturweit.blog\/lukasarenz\/files\/2010\/03\/longroad-150x150.jpg\" alt=\"\" width=\"150\" height=\"150\" \/><\/a><p id=\"caption-attachment-488\" class=\"wp-caption-text\">On the Road<\/p><\/div>\n","protected":false},"excerpt":{"rendered":"<p>\u00dcber die &#8222;Ruta de los siete lagos&#8220; ging es weiter nach Jun\u00edn de los Andes, wo wir die nacht verbrachten und am n\u00e4chsten Tag in aller Fr\u00fche\u00a0 einen Ausflug in den Parque Nacional Lan\u00edn zu starten. \u00dcberragt wird der gesamte Tag durch den Volc\u00e1n Lan\u00edn. Ein Musterbeispiel eines Vulkans, mit sch\u00f6ner Schneekuppe. Der Himmel wolkenlos [&hellip;]<\/p>\n","protected":false},"author":73,"featured_media":489,"parent":267,"menu_order":0,"comment_status":"open","ping_status":"open","template":"","meta":{"footnotes":""},"class_list":["post-485","page","type-page","status-publish","hentry"],"amp_enabled":true,"_links":{"self":[{"href":"https:\/\/kulturweit.blog\/lukasarenz\/wp-json\/wp\/v2\/pages\/485"}],"collection":[{"href":"https:\/\/kulturweit.blog\/lukasarenz\/wp-json\/wp\/v2\/pages"}],"about":[{"href":"https:\/\/kulturweit.blog\/lukasarenz\/wp-json\/wp\/v2\/types\/page"}],"author":[{"embeddable":true,"href":"https:\/\/kulturweit.blog\/lukasarenz\/wp-json\/wp\/v2\/users\/73"}],"replies":[{"embeddable":true,"href":"https:\/\/kulturweit.blog\/lukasarenz\/wp-json\/wp\/v2\/comments?post=485"}],"version-history":[{"count":1,"href":"https:\/\/kulturweit.blog\/lukasarenz\/wp-json\/wp\/v2\/pages\/485\/revisions"}],"predecessor-version":[{"id":492,"href":"https:\/\/kulturweit.blog\/lukasarenz\/wp-json\/wp\/v2\/pages\/485\/revisions\/492"}],"up":[{"embeddable":true,"href":"https:\/\/kulturweit.blog\/lukasarenz\/wp-json\/wp\/v2\/pages\/267"}],"wp:featuredmedia":[{"embeddable":true,"href":"https:\/\/kulturweit.blog\/lukasarenz\/wp-json\/wp\/v2\/media\/489"}],"wp:attachment":[{"href":"https:\/\/kulturweit.blog\/lukasarenz\/wp-json\/wp\/v2\/media?parent=485"}],"curies":[{"name":"wp","href":"https:\/\/api.w.org\/{rel}","templated":true}]}}