{"id":459,"date":"2010-03-02T00:04:36","date_gmt":"2010-03-02T03:04:36","guid":{"rendered":"https:\/\/kulturweit.blog\/lukasarenz\/?page_id=459"},"modified":"2010-03-02T00:18:37","modified_gmt":"2010-03-02T03:18:37","slug":"bariloche","status":"publish","type":"page","link":"https:\/\/kulturweit.blog\/lukasarenz\/%c2%a1dale-dale-argentina\/bariloche\/","title":{"rendered":"Bariloche"},"content":{"rendered":"<p><a href=\"https:\/\/kulturweit.blog\/lukasarenz\/files\/2010\/03\/Argentiniekarte-Bariloche.jpg\"><img loading=\"lazy\" decoding=\"async\" class=\"alignleft size-medium wp-image-480\" title=\"Argentiniekarte Bariloche\" src=\"https:\/\/kulturweit.blog\/lukasarenz\/files\/2010\/03\/Argentiniekarte-Bariloche-247x300.jpg\" alt=\"\" width=\"247\" height=\"300\" srcset=\"https:\/\/kulturweit.blog\/lukasarenz\/files\/2010\/03\/Argentiniekarte-Bariloche-247x300.jpg 247w, https:\/\/kulturweit.blog\/lukasarenz\/files\/2010\/03\/Argentiniekarte-Bariloche.jpg 619w\" sizes=\"(max-width: 247px) 100vw, 247px\" \/><\/a>Nachdem alle Pannen \u00fcberwunden waren und sogar das Flugzeug p\u00fcnktlich zur\u00fcck nach Buenos Aires abhob, brachen f\u00fcr meine Familie die letzten Tage an. Die letzten Sehensw\u00fcrdigkeiten wurden abgeklappert, dazu das obligatorische kulinarische Programm: Bife de Chorizo in einer Parilla, Eis von Freddo, Kaffee im Richmond und den letzten gemeinsamen Mate. Danach Abschied.<\/p>\n<p>Doch es entstand keine L\u00fccke. Die Verst\u00e4rkung aus Deutschland war bereits eingetroffen: In Form von Tilo (aka TL Shit), einem langj\u00e4hrigem Freund. So musste ich nicht, wie urspr\u00fcnglich von mir angedacht, allein &#8222;Into the Wild&#8220;, sondern hatte einen Reisegef\u00e4hrten (wirklich von Vorteil eine Person zu haben, die auf das Gep\u00e4ck aufpasst, w\u00e4hrend man Mister Villeroy besucht). Zusammen sollten wir die Quest bestreiten.<\/p>\n<p>22 Stunden lang ging es mit dem Bus nach Bariloche. Dort wurden wir erst mal geschockt. K\u00e4ltegeschockt. Von molligen 30\u00b0 C in der Hauptstadt schlitterten wir geradewegs in haarstr\u00e4ubende 5\u00b0C. Nicht so gut, wenn man in T-Shirt und kurzer Hose aus dem Bus steigt. Drei Kilometer qu\u00e4lten wir uns schlotternd vom Busbahnhof ins Stadtzentrum um anschlie\u00dfend vor einem geschlossenem Touristenb\u00fcro zu stehen. Das Stimmungsbarometer sprengte fast die Skala. Irgendwie fanden wir dann trotzdem noch eine andere Touristeninformation, die uns sowohl sagen konnte welchen Bus wir zum Campingplatz zu nehmen h\u00e4tten, als uns auch pr\u00e4zise Inforamtionen zum &#8222;Paso de las nubes&#8220; (Der Wolkenpass), unserem n\u00e4chsten Ausfligsziel zu geben. Bueno. Ging ja noch mal gut.<\/p>\n<div id=\"attachment_466\" style=\"width: 235px\" class=\"wp-caption alignleft\"><a href=\"https:\/\/kulturweit.blog\/lukasarenz\/files\/2010\/03\/Bariloche1.jpg\"><img loading=\"lazy\" decoding=\"async\" aria-describedby=\"caption-attachment-466\" class=\"size-medium wp-image-466\" title=\"Bariloche1\" src=\"https:\/\/kulturweit.blog\/lukasarenz\/files\/2010\/03\/Bariloche1-225x300.jpg\" alt=\"St. Moritz...\" width=\"225\" height=\"300\" srcset=\"https:\/\/kulturweit.blog\/lukasarenz\/files\/2010\/03\/Bariloche1-225x300.jpg 225w, https:\/\/kulturweit.blog\/lukasarenz\/files\/2010\/03\/Bariloche1.jpg 576w\" sizes=\"(max-width: 225px) 100vw, 225px\" \/><\/a><p id=\"caption-attachment-466\" class=\"wp-caption-text\">St. Moritz<\/p><\/div>\n<div id=\"attachment_467\" style=\"width: 310px\" class=\"wp-caption alignright\"><a href=\"https:\/\/kulturweit.blog\/lukasarenz\/files\/2010\/03\/bariloche2.jpg\"><img loading=\"lazy\" decoding=\"async\" aria-describedby=\"caption-attachment-467\" class=\"size-medium wp-image-467\" title=\"bariloche2\" src=\"https:\/\/kulturweit.blog\/lukasarenz\/files\/2010\/03\/bariloche2-300x225.jpg\" alt=\"\" width=\"300\" height=\"225\" srcset=\"https:\/\/kulturweit.blog\/lukasarenz\/files\/2010\/03\/bariloche2-300x225.jpg 300w, https:\/\/kulturweit.blog\/lukasarenz\/files\/2010\/03\/bariloche2.jpg 1024w\" sizes=\"(max-width: 300px) 100vw, 300px\" \/><\/a><p id=\"caption-attachment-467\" class=\"wp-caption-text\">...oder auch Bariloche.<\/p><\/div>\n<p>Der Bus brachte uns zuverl\u00e4ssig vor die Pforte des Campingplatzes, der tats\u00e4chlich &#8222;Selva Negra&#8220;, also &#8222;Schwarzwald&#8220; hie\u00df. Und tats\u00e4chlich f\u00fchlte ich mich eher wie in Bad Rippoldsau, als in Argentinien. Das k\u00f6nnte an den hohen Fichten, sternenloser Nacht und einem einsetztendem Nieselregen gelegen haben&#8230;<\/p>\n<p>Irgendwie \u00fcberlebten wir die Nacht im Zelt. Wir wollten schnell weg, ab in die Berge, k\u00e4lter konnte es ja nicht werden. Komplettes Equipment verstaut und ab in den Bus, der uns in Llao Llao absetzte. Von dort h\u00e4tte unsere F\u00e4hre nach Puerto Blest abfahren sollen. Dort beginnt der &#8222;Paso de las nubes&#8220;. Aus irgendwelchen undurchsischtigen Gr\u00fcnden d\u00fcrfen Passagiere aber nicht in Puerto Blest aussteigen, sondern m\u00fcssen die\u00a0 unversch\u00e4mt teure Rundfahrt zur\u00fcck nach Llao Llao buchen. Aha. Auf jeden Fall mal wieder goldwerte Informationen des Touristenb\u00fcros. Aber so leicht gaben wir nicht auf! Wenn man den &#8222;Paso de las nubes&#8220; nicht von Puerto Blest aus nehmen konnte, dann eben von der anderen Seite. Sprich von Pampa Linda aus.<\/p>\n<p>Wir machten uns zur\u00fcck in die Stadt, um von dort mit einem Bus nach Pampa Linda zu fahren. Leider waren die Busse schon alle weg. Gro\u00dfartig. Bariloche pr\u00e4sentierte sich von seiner Schokoladenseite (<em>hier soll angemerkt sein, dass Bariloche tat\u00e4schlich in ganz Argentinen f\u00fcr seine realtiv gute Schokoladenproduktion bekannt ist<\/em>). Wortspiel, haha.<\/p>\n<p>Dann hatten wir aber wieder Gl\u00fcck. Einer der Kleinbusse, die Toursiten t\u00e4glich von Pampa Linda abholen, fuhr an diesem Tag versp\u00e4tet los. So konnten wir noch mit und hatten eine exklusive Fahrt. Zu zweit mit dem Fahrer in einem 15 Sitzer Bus. Der Chaufeur war dabei sehr freundlich. Er erz\u00e4hlte uns von seinen Reisen in der ganzen Welt und davon stolzer Besitzer eines argentinischen UUUND eines spanischen Passes zu sein. Ein guter Mann.<\/p>\n<p>Pampa Linda liegt ziemlich abgelegen und ist nur durch fiese Schotterstra\u00dfen zu erreichen. Es ist eine winzige Siedlung mit f\u00fcnf H\u00e4usern und zwei Campingpl\u00e4tzen. Startpunkt vieler Wanderungen im Parque Nacional Nahuel Haupi.<\/p>\n<div id=\"attachment_462\" style=\"width: 310px\" class=\"wp-caption alignleft\"><a href=\"https:\/\/kulturweit.blog\/lukasarenz\/files\/2010\/03\/Zelt.jpg\"><img loading=\"lazy\" decoding=\"async\" aria-describedby=\"caption-attachment-462\" class=\"size-medium wp-image-462\" title=\"Zelt\" src=\"https:\/\/kulturweit.blog\/lukasarenz\/files\/2010\/03\/Zelt-300x225.jpg\" alt=\"\" width=\"300\" height=\"225\" srcset=\"https:\/\/kulturweit.blog\/lukasarenz\/files\/2010\/03\/Zelt-300x225.jpg 300w, https:\/\/kulturweit.blog\/lukasarenz\/files\/2010\/03\/Zelt.jpg 1024w\" sizes=\"(max-width: 300px) 100vw, 300px\" \/><\/a><p id=\"caption-attachment-462\" class=\"wp-caption-text\">Trotz allem wahrscheinlich unser sch\u00f6nster Campingplatz. Eigentlich nur eine Wiese.<\/p><\/div>\n<p>Als wir erst einmal oben waren, war das Wetter immer noch extrem schlecht und der Wolkenpass gesperrt. Dass so etwas passieren kann, hatte man uns in Bariloche nat\u00fcrlich nicht mitgeteilt. Dabei war der Pass sicher nicht erst seit einer Stunde gesperrt gewesen. Ein bisschen entt\u00e4sucht schlugen wir unser Lager auf und probierten eine alternative Wanderung, die sich als hervorragend herausstellte.<\/p>\n<p>Die Wanderung f\u00fchrte direkt auf den Monte Tronador (3554m), den h\u00f6chsten Berg der direkten Umgebung, zu. Bekannt ist er nicht nur durch sein drohendes Donnern, sondern auch durch den schwarzen Gletscher, der sich an einem seiner H\u00e4nge hinabschiebt.<\/p>\n<div id=\"attachment_469\" style=\"width: 218px\" class=\"wp-caption alignleft\"><a href=\"https:\/\/kulturweit.blog\/lukasarenz\/files\/2010\/03\/Amphitheater.jpg\"><img loading=\"lazy\" decoding=\"async\" aria-describedby=\"caption-attachment-469\" class=\"size-medium wp-image-469 \" title=\"Amphitheater\" src=\"https:\/\/kulturweit.blog\/lukasarenz\/files\/2010\/03\/Amphitheater-300x225.jpg\" alt=\"\" width=\"208\" height=\"157\" srcset=\"https:\/\/kulturweit.blog\/lukasarenz\/files\/2010\/03\/Amphitheater-300x225.jpg 300w, https:\/\/kulturweit.blog\/lukasarenz\/files\/2010\/03\/Amphitheater.jpg 1024w\" sizes=\"(max-width: 208px) 100vw, 208px\" \/><\/a><p id=\"caption-attachment-469\" class=\"wp-caption-text\">Amphitheater<\/p><\/div>\n<div id=\"attachment_463\" style=\"width: 310px\" class=\"wp-caption alignright\"><a href=\"https:\/\/kulturweit.blog\/lukasarenz\/files\/2010\/03\/Monte-Tronador.jpg\"><img loading=\"lazy\" decoding=\"async\" aria-describedby=\"caption-attachment-463\" class=\"size-medium wp-image-463\" title=\"Monte Tronador\" src=\"https:\/\/kulturweit.blog\/lukasarenz\/files\/2010\/03\/Monte-Tronador-300x225.jpg\" alt=\"\" width=\"300\" height=\"225\" srcset=\"https:\/\/kulturweit.blog\/lukasarenz\/files\/2010\/03\/Monte-Tronador-300x225.jpg 300w, https:\/\/kulturweit.blog\/lukasarenz\/files\/2010\/03\/Monte-Tronador.jpg 1024w\" sizes=\"(max-width: 300px) 100vw, 300px\" \/><\/a><p id=\"caption-attachment-463\" class=\"wp-caption-text\">Monte Tronador<\/p><\/div>\n<div id=\"attachment_464\" style=\"width: 310px\" class=\"wp-caption alignleft\"><a href=\"https:\/\/kulturweit.blog\/lukasarenz\/files\/2010\/03\/Schwarzer-Gletscher.jpg\"><img loading=\"lazy\" decoding=\"async\" aria-describedby=\"caption-attachment-464\" class=\"size-medium wp-image-464 \" title=\"Schwarzer Gletscher\" src=\"https:\/\/kulturweit.blog\/lukasarenz\/files\/2010\/03\/Schwarzer-Gletscher-300x225.jpg\" alt=\"\" width=\"300\" height=\"225\" srcset=\"https:\/\/kulturweit.blog\/lukasarenz\/files\/2010\/03\/Schwarzer-Gletscher-300x225.jpg 300w, https:\/\/kulturweit.blog\/lukasarenz\/files\/2010\/03\/Schwarzer-Gletscher.jpg 1024w\" sizes=\"(max-width: 300px) 100vw, 300px\" \/><\/a><p id=\"caption-attachment-464\" class=\"wp-caption-text\">Schwarzer Gletscher<\/p><\/div>\n<p>Auch reitz das Amphitheater den Einen oder Anderen Wanderfreund.<\/p>\n<p>Am n\u00e4chsten Tag war der &#8222;Wolkenpass&#8220; wieder offen. Jetzt hatten wir aber keine Lust mehr. Stattdessen kletterten wir auf den Gipfel des Hausberges von Pampa Linda, um eine sch\u00f6ne Sicht in das Tal zu genie\u00dfen. Und nicht nur das: Einige Kondore kamen uns fast n\u00e4her, als uns lieb war. Normalerwiese sieht man diese Riesenv\u00f6gel nur aus der Entfernung. Vor unserem Aussichtspunkt schwebte einer in etwa 10 Meter Entfernung vorbei.<\/p>\n<div id=\"attachment_474\" style=\"width: 310px\" class=\"wp-caption alignleft\"><a href=\"https:\/\/kulturweit.blog\/lukasarenz\/files\/2010\/03\/Pampa-Linda.jpg\"><img loading=\"lazy\" decoding=\"async\" aria-describedby=\"caption-attachment-474\" class=\"size-medium wp-image-474\" title=\"Pampa Linda\" src=\"https:\/\/kulturweit.blog\/lukasarenz\/files\/2010\/03\/Pampa-Linda-300x225.jpg\" alt=\"\" width=\"300\" height=\"225\" srcset=\"https:\/\/kulturweit.blog\/lukasarenz\/files\/2010\/03\/Pampa-Linda-300x225.jpg 300w, https:\/\/kulturweit.blog\/lukasarenz\/files\/2010\/03\/Pampa-Linda.jpg 1024w\" sizes=\"(max-width: 300px) 100vw, 300px\" \/><\/a><p id=\"caption-attachment-474\" class=\"wp-caption-text\">Sicht ins Tal<\/p><\/div>\n<div id=\"attachment_475\" style=\"width: 310px\" class=\"wp-caption alignright\"><a href=\"https:\/\/kulturweit.blog\/lukasarenz\/files\/2010\/03\/Kondor.jpg\"><img loading=\"lazy\" decoding=\"async\" aria-describedby=\"caption-attachment-475\" class=\"size-medium wp-image-475 \" title=\"Kondor\" src=\"https:\/\/kulturweit.blog\/lukasarenz\/files\/2010\/03\/Kondor-300x200.jpg\" alt=\"\" width=\"300\" height=\"200\" srcset=\"https:\/\/kulturweit.blog\/lukasarenz\/files\/2010\/03\/Kondor-300x200.jpg 300w, https:\/\/kulturweit.blog\/lukasarenz\/files\/2010\/03\/Kondor.jpg 1024w\" sizes=\"(max-width: 300px) 100vw, 300px\" \/><\/a><p id=\"caption-attachment-475\" class=\"wp-caption-text\">El Condor pasa  (c) Tilo Schmidt<\/p><\/div>\n<p>Am sp\u00e4ten Nachmittag ging es dann zur\u00fcck nach Bariloche. Ein Sonnenuntergang \u00fcber dem See entschuldigte auf jeden Fall die kleinen Scherereien, die uns Bariloche beschert hatte.<\/p>\n<div id=\"attachment_476\" style=\"width: 1034px\" class=\"wp-caption aligncenter\"><a href=\"https:\/\/kulturweit.blog\/lukasarenz\/files\/2010\/03\/Bariloche-Sounter.jpg\"><img loading=\"lazy\" decoding=\"async\" aria-describedby=\"caption-attachment-476\" class=\"size-full wp-image-476\" title=\"Bariloche Sounter\" src=\"https:\/\/kulturweit.blog\/lukasarenz\/files\/2010\/03\/Bariloche-Sounter.jpg\" alt=\"\" width=\"1024\" height=\"768\" srcset=\"https:\/\/kulturweit.blog\/lukasarenz\/files\/2010\/03\/Bariloche-Sounter.jpg 1024w, https:\/\/kulturweit.blog\/lukasarenz\/files\/2010\/03\/Bariloche-Sounter-300x225.jpg 300w\" sizes=\"(max-width: 1024px) 100vw, 1024px\" \/><\/a><p id=\"caption-attachment-476\" class=\"wp-caption-text\">Sonnenuntergang \u00fcber dem Lago Nahuel Huapi<\/p><\/div>\n<p>Zum Schluss m\u00f6chte ich noch auf die Blogs einer Kollegin und eines Kollegen verweisen. Die beiden verbringen ein Jahr in Bariloche.<\/p>\n<p><a href=\"https:\/\/kulturweit.blog\/carlotta\/\" target=\"_blank\">Via Argentina<\/a><\/p>\n<p><a href=\"https:\/\/kulturweit.blog\/timon\/\" target=\"_blank\">Wayfaring Strangers<\/a><\/p>\n","protected":false},"excerpt":{"rendered":"<p>Nachdem alle Pannen \u00fcberwunden waren und sogar das Flugzeug p\u00fcnktlich zur\u00fcck nach Buenos Aires abhob, brachen f\u00fcr meine Familie die letzten Tage an. Die letzten Sehensw\u00fcrdigkeiten wurden abgeklappert, dazu das obligatorische kulinarische Programm: Bife de Chorizo in einer Parilla, Eis von Freddo, Kaffee im Richmond und den letzten gemeinsamen Mate. Danach Abschied. Doch es entstand [&hellip;]<\/p>\n","protected":false},"author":73,"featured_media":480,"parent":267,"menu_order":0,"comment_status":"open","ping_status":"open","template":"","meta":{"footnotes":""},"class_list":["post-459","page","type-page","status-publish","hentry"],"amp_enabled":true,"_links":{"self":[{"href":"https:\/\/kulturweit.blog\/lukasarenz\/wp-json\/wp\/v2\/pages\/459"}],"collection":[{"href":"https:\/\/kulturweit.blog\/lukasarenz\/wp-json\/wp\/v2\/pages"}],"about":[{"href":"https:\/\/kulturweit.blog\/lukasarenz\/wp-json\/wp\/v2\/types\/page"}],"author":[{"embeddable":true,"href":"https:\/\/kulturweit.blog\/lukasarenz\/wp-json\/wp\/v2\/users\/73"}],"replies":[{"embeddable":true,"href":"https:\/\/kulturweit.blog\/lukasarenz\/wp-json\/wp\/v2\/comments?post=459"}],"version-history":[{"count":1,"href":"https:\/\/kulturweit.blog\/lukasarenz\/wp-json\/wp\/v2\/pages\/459\/revisions"}],"predecessor-version":[{"id":483,"href":"https:\/\/kulturweit.blog\/lukasarenz\/wp-json\/wp\/v2\/pages\/459\/revisions\/483"}],"up":[{"embeddable":true,"href":"https:\/\/kulturweit.blog\/lukasarenz\/wp-json\/wp\/v2\/pages\/267"}],"wp:featuredmedia":[{"embeddable":true,"href":"https:\/\/kulturweit.blog\/lukasarenz\/wp-json\/wp\/v2\/media\/480"}],"wp:attachment":[{"href":"https:\/\/kulturweit.blog\/lukasarenz\/wp-json\/wp\/v2\/media?parent=459"}],"curies":[{"name":"wp","href":"https:\/\/api.w.org\/{rel}","templated":true}]}}