{"id":447,"date":"2010-02-28T15:18:44","date_gmt":"2010-02-28T18:18:44","guid":{"rendered":"https:\/\/kulturweit.blog\/lukasarenz\/?page_id=447"},"modified":"2010-02-28T15:18:44","modified_gmt":"2010-02-28T18:18:44","slug":"fitz-roy","status":"publish","type":"page","link":"https:\/\/kulturweit.blog\/lukasarenz\/%c2%a1dale-dale-argentina\/fitz-roy\/","title":{"rendered":"Fitz Roy"},"content":{"rendered":"<p>Zur\u00fcck in El Calafate hatten wir noch zwei Tage zur Verf\u00fcgung, die wir natr\u00fclich nicht ungenutzt verstreichen lassen wollten. Der Plan war fr\u00fch morgens nach El Chalt\u00e9n aufzubrechen und von dort ein bisschen um den ber\u00fchmten Fitz Roy herumzuwandern.<\/p>\n<p>Schon nach etwas 90 Minuten Autofahrt konnte man den Berg in weiter Entfernung deutlich ausmachen.<\/p>\n<div id=\"attachment_448\" style=\"width: 310px\" class=\"wp-caption aligncenter\"><a href=\"https:\/\/kulturweit.blog\/lukasarenz\/files\/2010\/02\/Fitz-Roy.jpg\"><img loading=\"lazy\" decoding=\"async\" aria-describedby=\"caption-attachment-448\" class=\"size-medium wp-image-448\" title=\"Fitz Roy\" src=\"https:\/\/kulturweit.blog\/lukasarenz\/files\/2010\/02\/Fitz-Roy-300x225.jpg\" alt=\"\" width=\"300\" height=\"225\" srcset=\"https:\/\/kulturweit.blog\/lukasarenz\/files\/2010\/02\/Fitz-Roy-300x225.jpg 300w, https:\/\/kulturweit.blog\/lukasarenz\/files\/2010\/02\/Fitz-Roy.jpg 1024w\" sizes=\"(max-width: 300px) 100vw, 300px\" \/><\/a><p id=\"caption-attachment-448\" class=\"wp-caption-text\">Der Fitz Roy. Eine Berglegende.<\/p><\/div>\n<p>Viel n\u00e4her kamen wir dann leider aber auch nicht mehr. Der Grund daf\u00fcr war ein besonders spitzer Stein, der unserem ohnehin schon sehr schlechtem Reifenprofil den Rest gab. Resultat: Plattfu\u00df.<\/p>\n<div id=\"attachment_449\" style=\"width: 160px\" class=\"wp-caption alignleft\"><a href=\"https:\/\/kulturweit.blog\/lukasarenz\/files\/2010\/02\/Panne1.jpg\"><img loading=\"lazy\" decoding=\"async\" aria-describedby=\"caption-attachment-449\" class=\"size-thumbnail wp-image-449\" title=\"Panne1\" src=\"https:\/\/kulturweit.blog\/lukasarenz\/files\/2010\/02\/Panne1-150x150.jpg\" alt=\"Reifenwechsel\" width=\"150\" height=\"150\" \/><\/a><p id=\"caption-attachment-449\" class=\"wp-caption-text\">Reifenwechsel<\/p><\/div>\n<div id=\"attachment_450\" style=\"width: 310px\" class=\"wp-caption alignright\"><a href=\"https:\/\/kulturweit.blog\/lukasarenz\/files\/2010\/02\/panne2.jpg\"><img loading=\"lazy\" decoding=\"async\" aria-describedby=\"caption-attachment-450\" class=\"size-medium wp-image-450\" title=\"panne2\" src=\"https:\/\/kulturweit.blog\/lukasarenz\/files\/2010\/02\/panne2-300x225.jpg\" alt=\"\" width=\"300\" height=\"225\" srcset=\"https:\/\/kulturweit.blog\/lukasarenz\/files\/2010\/02\/panne2-300x225.jpg 300w, https:\/\/kulturweit.blog\/lukasarenz\/files\/2010\/02\/panne2.jpg 1024w\" sizes=\"(max-width: 300px) 100vw, 300px\" \/><\/a><p id=\"caption-attachment-450\" class=\"wp-caption-text\">Ungewollter Stop vor dem Fitz Roy Panorama<\/p><\/div>\n<p>Es half nichts. Der Reifen musste gewechselt werden. Da es auf der Strecke keine Tankstellen oder Werkst\u00e4tten gab, wollten wir kein Risiko eingehen und entschieden uns zur\u00fcck nach El Calafate zu fahren. Das Projekt Fitz Roy war damit gestorben.So was kann eben auch passieren.<\/p>\n<p>Den Nachmittag verbrachten wir dann am Ufer des Lago Argentino. Eine gute Alternative. Ein frischer Wind, ein vorbeitreibender Eisberg, t\u00fcrkisfarbenes Wasser, das in ruhigen Wellen den steinigen Strand besp\u00fclt. Und diese Weiten. Einfach einmalig.<\/p>\n<div id=\"attachment_453\" style=\"width: 310px\" class=\"wp-caption alignright\"><a href=\"https:\/\/kulturweit.blog\/lukasarenz\/files\/2010\/02\/Die-Familie-am-Ufer.jpg\"><img loading=\"lazy\" decoding=\"async\" aria-describedby=\"caption-attachment-453\" class=\"size-medium wp-image-453\" title=\"Die Familie am Ufer\" src=\"https:\/\/kulturweit.blog\/lukasarenz\/files\/2010\/02\/Die-Familie-am-Ufer-300x225.jpg\" alt=\"\" width=\"300\" height=\"225\" srcset=\"https:\/\/kulturweit.blog\/lukasarenz\/files\/2010\/02\/Die-Familie-am-Ufer-300x225.jpg 300w, https:\/\/kulturweit.blog\/lukasarenz\/files\/2010\/02\/Die-Familie-am-Ufer.jpg 1024w\" sizes=\"(max-width: 300px) 100vw, 300px\" \/><\/a><p id=\"caption-attachment-453\" class=\"wp-caption-text\">Familie am Ufer<\/p><\/div>\n<div id=\"attachment_451\" style=\"width: 310px\" class=\"wp-caption alignleft\"><a href=\"https:\/\/kulturweit.blog\/lukasarenz\/files\/2010\/02\/IMG_1229.jpg\"><img loading=\"lazy\" decoding=\"async\" aria-describedby=\"caption-attachment-451\" class=\"size-medium wp-image-451 \" title=\"IMG_1229\" src=\"https:\/\/kulturweit.blog\/lukasarenz\/files\/2010\/02\/IMG_1229-300x225.jpg\" alt=\"\" width=\"300\" height=\"225\" srcset=\"https:\/\/kulturweit.blog\/lukasarenz\/files\/2010\/02\/IMG_1229-300x225.jpg 300w, https:\/\/kulturweit.blog\/lukasarenz\/files\/2010\/02\/IMG_1229.jpg 1024w\" sizes=\"(max-width: 300px) 100vw, 300px\" \/><\/a><p id=\"caption-attachment-451\" class=\"wp-caption-text\">Postkartenmotiv<\/p><\/div>\n","protected":false},"excerpt":{"rendered":"<p>Zur\u00fcck in El Calafate hatten wir noch zwei Tage zur Verf\u00fcgung, die wir natr\u00fclich nicht ungenutzt verstreichen lassen wollten. Der Plan war fr\u00fch morgens nach El Chalt\u00e9n aufzubrechen und von dort ein bisschen um den ber\u00fchmten Fitz Roy herumzuwandern. Schon nach etwas 90 Minuten Autofahrt konnte man den Berg in weiter Entfernung deutlich ausmachen. Viel [&hellip;]<\/p>\n","protected":false},"author":73,"featured_media":453,"parent":267,"menu_order":0,"comment_status":"open","ping_status":"open","template":"","meta":{"footnotes":""},"class_list":["post-447","page","type-page","status-publish","hentry"],"amp_enabled":true,"_links":{"self":[{"href":"https:\/\/kulturweit.blog\/lukasarenz\/wp-json\/wp\/v2\/pages\/447"}],"collection":[{"href":"https:\/\/kulturweit.blog\/lukasarenz\/wp-json\/wp\/v2\/pages"}],"about":[{"href":"https:\/\/kulturweit.blog\/lukasarenz\/wp-json\/wp\/v2\/types\/page"}],"author":[{"embeddable":true,"href":"https:\/\/kulturweit.blog\/lukasarenz\/wp-json\/wp\/v2\/users\/73"}],"replies":[{"embeddable":true,"href":"https:\/\/kulturweit.blog\/lukasarenz\/wp-json\/wp\/v2\/comments?post=447"}],"version-history":[{"count":0,"href":"https:\/\/kulturweit.blog\/lukasarenz\/wp-json\/wp\/v2\/pages\/447\/revisions"}],"up":[{"embeddable":true,"href":"https:\/\/kulturweit.blog\/lukasarenz\/wp-json\/wp\/v2\/pages\/267"}],"wp:featuredmedia":[{"embeddable":true,"href":"https:\/\/kulturweit.blog\/lukasarenz\/wp-json\/wp\/v2\/media\/453"}],"wp:attachment":[{"href":"https:\/\/kulturweit.blog\/lukasarenz\/wp-json\/wp\/v2\/media?parent=447"}],"curies":[{"name":"wp","href":"https:\/\/api.w.org\/{rel}","templated":true}]}}