{"id":440,"date":"2010-02-27T19:57:29","date_gmt":"2010-02-27T22:57:29","guid":{"rendered":"https:\/\/kulturweit.blog\/lukasarenz\/?page_id=440"},"modified":"2010-02-27T20:09:12","modified_gmt":"2010-02-27T23:09:12","slug":"der-kleine-grenzverkehr","status":"publish","type":"page","link":"https:\/\/kulturweit.blog\/lukasarenz\/%c2%a1dale-dale-argentina\/der-kleine-grenzverkehr\/","title":{"rendered":"Der kleine Grenzverkehr"},"content":{"rendered":"<p>Auf dem Weg zur\u00fcck nach Argentinien gab es erst einmal eine b\u00f6se \u00dcberraschung: Streik der Grenzer.<\/p>\n<p>Das hie\u00df dann 3 Stunden warten, bis endlich ein paar Autos passieren durften. Da wird einem ersteinmal bewusst, wie sch\u00f6n es ist in der Schengenzone zu reisen.\u00a0 Irgendwie musste man sich die Zeit vertreiben. Gar nicht mal so einfach in einem Ort, der aus ungef\u00e4hr 20 H\u00e4usern und einer Kirche besteht. Zum Gl\u00fcck gab es das Heimatmuseum, welches in den letzten zwei Jahren sicher von niemandem mehr betreten worden ist. Zurecht wohlbemerkt. Ein wirklich sehr verlassener Flecken Erde. In einem dieser H\u00e4suer sitzt sicher ein Autor und bastelt an einem Welterfolg. Ich bin gespannt.<\/p>\n<div id=\"attachment_441\" style=\"width: 310px\" class=\"wp-caption alignleft\"><a href=\"https:\/\/kulturweit.blog\/lukasarenz\/files\/2010\/02\/Kreplachistan.jpg\"><img loading=\"lazy\" decoding=\"async\" aria-describedby=\"caption-attachment-441\" class=\"size-medium wp-image-441\" title=\"Kreplachistan\" src=\"https:\/\/kulturweit.blog\/lukasarenz\/files\/2010\/02\/Kreplachistan-300x225.jpg\" alt=\"\" width=\"300\" height=\"225\" srcset=\"https:\/\/kulturweit.blog\/lukasarenz\/files\/2010\/02\/Kreplachistan-300x225.jpg 300w, https:\/\/kulturweit.blog\/lukasarenz\/files\/2010\/02\/Kreplachistan.jpg 1024w\" sizes=\"(max-width: 300px) 100vw, 300px\" \/><\/a><p id=\"caption-attachment-441\" class=\"wp-caption-text\">Irgendwo an der Grenze zu Kreplachistan<\/p><\/div>\n<div id=\"attachment_442\" style=\"width: 310px\" class=\"wp-caption alignright\"><a href=\"https:\/\/kulturweit.blog\/lukasarenz\/files\/2010\/02\/kleine-Kirche.jpg\"><img loading=\"lazy\" decoding=\"async\" aria-describedby=\"caption-attachment-442\" class=\"size-medium wp-image-442\" title=\"kleine Kirche\" src=\"https:\/\/kulturweit.blog\/lukasarenz\/files\/2010\/02\/kleine-Kirche-300x225.jpg\" alt=\"\" width=\"300\" height=\"225\" srcset=\"https:\/\/kulturweit.blog\/lukasarenz\/files\/2010\/02\/kleine-Kirche-300x225.jpg 300w, https:\/\/kulturweit.blog\/lukasarenz\/files\/2010\/02\/kleine-Kirche.jpg 1024w\" sizes=\"(max-width: 300px) 100vw, 300px\" \/><\/a><p id=\"caption-attachment-442\" class=\"wp-caption-text\">Das Dorf<\/p><\/div>\n","protected":false},"excerpt":{"rendered":"<p>Auf dem Weg zur\u00fcck nach Argentinien gab es erst einmal eine b\u00f6se \u00dcberraschung: Streik der Grenzer. Das hie\u00df dann 3 Stunden warten, bis endlich ein paar Autos passieren durften. Da wird einem ersteinmal bewusst, wie sch\u00f6n es ist in der Schengenzone zu reisen.\u00a0 Irgendwie musste man sich die Zeit vertreiben. Gar nicht mal so einfach [&hellip;]<\/p>\n","protected":false},"author":73,"featured_media":442,"parent":267,"menu_order":0,"comment_status":"open","ping_status":"open","template":"","meta":{"footnotes":""},"class_list":["post-440","page","type-page","status-publish","hentry"],"amp_enabled":true,"_links":{"self":[{"href":"https:\/\/kulturweit.blog\/lukasarenz\/wp-json\/wp\/v2\/pages\/440"}],"collection":[{"href":"https:\/\/kulturweit.blog\/lukasarenz\/wp-json\/wp\/v2\/pages"}],"about":[{"href":"https:\/\/kulturweit.blog\/lukasarenz\/wp-json\/wp\/v2\/types\/page"}],"author":[{"embeddable":true,"href":"https:\/\/kulturweit.blog\/lukasarenz\/wp-json\/wp\/v2\/users\/73"}],"replies":[{"embeddable":true,"href":"https:\/\/kulturweit.blog\/lukasarenz\/wp-json\/wp\/v2\/comments?post=440"}],"version-history":[{"count":1,"href":"https:\/\/kulturweit.blog\/lukasarenz\/wp-json\/wp\/v2\/pages\/440\/revisions"}],"predecessor-version":[{"id":444,"href":"https:\/\/kulturweit.blog\/lukasarenz\/wp-json\/wp\/v2\/pages\/440\/revisions\/444"}],"up":[{"embeddable":true,"href":"https:\/\/kulturweit.blog\/lukasarenz\/wp-json\/wp\/v2\/pages\/267"}],"wp:featuredmedia":[{"embeddable":true,"href":"https:\/\/kulturweit.blog\/lukasarenz\/wp-json\/wp\/v2\/media\/442"}],"wp:attachment":[{"href":"https:\/\/kulturweit.blog\/lukasarenz\/wp-json\/wp\/v2\/media?parent=440"}],"curies":[{"name":"wp","href":"https:\/\/api.w.org\/{rel}","templated":true}]}}