{"id":413,"date":"2010-02-22T23:23:24","date_gmt":"2010-02-23T02:23:24","guid":{"rendered":"https:\/\/kulturweit.blog\/lukasarenz\/?page_id=413"},"modified":"2010-02-22T23:23:51","modified_gmt":"2010-02-23T02:23:51","slug":"puerto-natalestorres-del-paine","status":"publish","type":"page","link":"https:\/\/kulturweit.blog\/lukasarenz\/%c2%a1dale-dale-argentina\/puerto-natalestorres-del-paine\/","title":{"rendered":"Puerto Natales\/Torres del Paine"},"content":{"rendered":"<p><a href=\"https:\/\/kulturweit.blog\/lukasarenz\/files\/2010\/02\/Puerto-Natales.jpg\"><img loading=\"lazy\" decoding=\"async\" class=\"alignleft size-medium wp-image-414\" title=\"Puerto Natales\" src=\"https:\/\/kulturweit.blog\/lukasarenz\/files\/2010\/02\/Puerto-Natales-247x300.jpg\" alt=\"\" width=\"247\" height=\"300\" srcset=\"https:\/\/kulturweit.blog\/lukasarenz\/files\/2010\/02\/Puerto-Natales-247x300.jpg 247w, https:\/\/kulturweit.blog\/lukasarenz\/files\/2010\/02\/Puerto-Natales.jpg 619w\" sizes=\"(max-width: 247px) 100vw, 247px\" \/><\/a><\/p>\n<p>Mit dem Mietwagen also von El Calafate \u00fcber die Grenze nach Chile. Erstes Ziel und Basislager: Puerto Natales.<\/p>\n<p>Eine Kleinstadt. 19 000 Einwohner. Gelegen am &#8222;\u00daltima Esperanza- Fjord&#8220; (Fjord der letzten Hoffnung), der direkte Verbindung zum Pazifik hat. Hier ist es zwar windig und k\u00fchl, aber auch (mal wieder) wundersch\u00f6n. \u00a1Patagonia, te quiero!<\/p>\n<div id=\"attachment_415\" style=\"width: 310px\" class=\"wp-caption alignright\"><a href=\"https:\/\/kulturweit.blog\/lukasarenz\/files\/2010\/02\/Ultima-Esperanza.jpg\"><img loading=\"lazy\" decoding=\"async\" aria-describedby=\"caption-attachment-415\" class=\"size-medium wp-image-415\" title=\"Ultima Esperanza\" src=\"https:\/\/kulturweit.blog\/lukasarenz\/files\/2010\/02\/Ultima-Esperanza-300x225.jpg\" alt=\"\" width=\"300\" height=\"225\" srcset=\"https:\/\/kulturweit.blog\/lukasarenz\/files\/2010\/02\/Ultima-Esperanza-300x225.jpg 300w, https:\/\/kulturweit.blog\/lukasarenz\/files\/2010\/02\/Ultima-Esperanza.jpg 1024w\" sizes=\"(max-width: 300px) 100vw, 300px\" \/><\/a><p id=\"caption-attachment-415\" class=\"wp-caption-text\">Wo die Hoffnung bald schwindet: \u00daltima-Esperanza-Fjord<\/p><\/div>\n<div id=\"attachment_416\" style=\"width: 160px\" class=\"wp-caption alignleft\"><a href=\"https:\/\/kulturweit.blog\/lukasarenz\/files\/2010\/02\/Puerto-Natales2.jpg\"><img loading=\"lazy\" decoding=\"async\" aria-describedby=\"caption-attachment-416\" class=\"size-thumbnail wp-image-416 \" title=\"Puerto Natales2\" src=\"https:\/\/kulturweit.blog\/lukasarenz\/files\/2010\/02\/Puerto-Natales2-150x150.jpg\" alt=\"\" width=\"150\" height=\"150\" \/><\/a><p id=\"caption-attachment-416\" class=\"wp-caption-text\">Willkommen an der Ostsee: Puerto Natales<\/p><\/div>\n<p>In Chile wird man zu erst einmal von einer W\u00e4hrung \u00fcberrascht, die noch inflation\u00e4rer erscheint, als die argentinische. Ein Hamburger ist f\u00fcr schlappe 2500 Pesos zu erwerben. Ein wahres Schn\u00e4ppchen. Vielleicht h\u00e4tte Eduardo Frei die Stichwahl am 17. Januar gegen Sebasti\u00e1n Pi\u00f1era gewonnen, w\u00e4re er mit dem Motto &#8222;Weg mit den Nullen &#8211; F\u00fcr bessere Politik und eine W\u00e4hrungsreform&#8220; angetreten.\u00a0 Pi\u00f1era kam jedoch auf 52 % der Stimmen und wird am 11. M\u00e4rz die Nachfolge von Pr\u00e4sidentin Michelle Bachelet antreten.<\/p>\n<p>Ansonsten ist Puerto Natales wirklich sehr nett. Eine Fischerstadt mit guter Infrastruktur. Absolut touristentauglich. Diese steigen hier n\u00e4mlich ab, um den nahegelegenen Nationalpark Torres del Paine zu bewundern. Wir machten da keine Ausnahme.<\/p>\n<p>Als wir uns am n\u00e4chsten Tag nach geschlagegen 3 Stunden Anfahrt endlich vor dem Massiv der Torres del Paine aus dem Auto sch\u00e4lten, war uns klar geworden, dass die Informationen der einheimischen Chilenen genausoviel Wert haben wie die Inforamtionen von einheimischen Argentiniern. N\u00e4mlich gar keinen. Weder war die Stra\u00dfe durchgehend geteert, noch ganz ohne Sorgen und Probleme von einem gew\u00f6hnlichen PKW zu befahren.<\/p>\n<p>Immerhin war die Natur die anstrengende Anfahrt alle mal Wert:<\/p>\n<div id=\"attachment_422\" style=\"width: 1034px\" class=\"wp-caption aligncenter\"><a href=\"https:\/\/kulturweit.blog\/lukasarenz\/files\/2010\/02\/panofertig.jpg\"><img loading=\"lazy\" decoding=\"async\" aria-describedby=\"caption-attachment-422\" class=\"size-full wp-image-422\" title=\"panofertig\" src=\"https:\/\/kulturweit.blog\/lukasarenz\/files\/2010\/02\/panofertig.jpg\" alt=\"\" width=\"1024\" height=\"321\" srcset=\"https:\/\/kulturweit.blog\/lukasarenz\/files\/2010\/02\/panofertig.jpg 1024w, https:\/\/kulturweit.blog\/lukasarenz\/files\/2010\/02\/panofertig-300x94.jpg 300w\" sizes=\"(max-width: 1024px) 100vw, 1024px\" \/><\/a><p id=\"caption-attachment-422\" class=\"wp-caption-text\">Die Torres del Paine (In der Mitte)<\/p><\/div>\n<p>Nach einer kleinen Wanderung, bei der wie die Torres leider aus dem Blick verloren, ging es mit dem Auto weiter durch den Park. Geradezu mystisch wird die Landschaft. Seen in T\u00fcrkis, Steppe in gr\u00fcn. Schneebedeckte Bergspitzen. Blauer Himmel. Die Farben sind ungew\u00f6hnlich intensiv und ein entsprechender Lichteinfall gibt dem Ganzen noch eine melancholische Stimmung. Dazu die patagonische Einsamkeit. Ein fast magischer Ort.<\/p>\n<div id=\"attachment_424\" style=\"width: 235px\" class=\"wp-caption alignleft\"><a href=\"https:\/\/kulturweit.blog\/lukasarenz\/files\/2010\/02\/Otro-mundo.jpg\"><img loading=\"lazy\" decoding=\"async\" aria-describedby=\"caption-attachment-424\" class=\"size-medium wp-image-424\" title=\"Otro mundo\" src=\"https:\/\/kulturweit.blog\/lukasarenz\/files\/2010\/02\/Otro-mundo-225x300.jpg\" alt=\"\" width=\"225\" height=\"300\" srcset=\"https:\/\/kulturweit.blog\/lukasarenz\/files\/2010\/02\/Otro-mundo-225x300.jpg 225w, https:\/\/kulturweit.blog\/lukasarenz\/files\/2010\/02\/Otro-mundo.jpg 576w\" sizes=\"(max-width: 225px) 100vw, 225px\" \/><\/a><p id=\"caption-attachment-424\" class=\"wp-caption-text\">Magisch-mystisch<\/p><\/div>\n<div id=\"attachment_425\" style=\"width: 310px\" class=\"wp-caption alignright\"><a href=\"https:\/\/kulturweit.blog\/lukasarenz\/files\/2010\/02\/torres-2.jpg\"><img loading=\"lazy\" decoding=\"async\" aria-describedby=\"caption-attachment-425\" class=\"size-medium wp-image-425 \" title=\"torres 2\" src=\"https:\/\/kulturweit.blog\/lukasarenz\/files\/2010\/02\/torres-2-300x225.jpg\" alt=\"\" width=\"300\" height=\"225\" srcset=\"https:\/\/kulturweit.blog\/lukasarenz\/files\/2010\/02\/torres-2-300x225.jpg 300w, https:\/\/kulturweit.blog\/lukasarenz\/files\/2010\/02\/torres-2.jpg 1024w\" sizes=\"(max-width: 300px) 100vw, 300px\" \/><\/a><p id=\"caption-attachment-425\" class=\"wp-caption-text\">Seen, Steppe, Berge<\/p><\/div>\n<div id=\"attachment_426\" style=\"width: 310px\" class=\"wp-caption alignright\"><a href=\"https:\/\/kulturweit.blog\/lukasarenz\/files\/2010\/02\/Guanako.jpg\"><img loading=\"lazy\" decoding=\"async\" aria-describedby=\"caption-attachment-426\" class=\"size-medium wp-image-426\" title=\"Guanako\" src=\"https:\/\/kulturweit.blog\/lukasarenz\/files\/2010\/02\/Guanako-300x225.jpg\" alt=\"\" width=\"300\" height=\"225\" srcset=\"https:\/\/kulturweit.blog\/lukasarenz\/files\/2010\/02\/Guanako-300x225.jpg 300w, https:\/\/kulturweit.blog\/lukasarenz\/files\/2010\/02\/Guanako.jpg 1024w\" sizes=\"(max-width: 300px) 100vw, 300px\" \/><\/a><p id=\"caption-attachment-426\" class=\"wp-caption-text\">Ein Einheimischer -   Ein Guanako<\/p><\/div>\n<p>Auch der R\u00fcckweg nach Puerto Natales war nicht gerade unkompliziert. Nochmals \u00fcber zwei Stunden \u00fcber Schotter. Am n\u00e4chsten Tag sollte es zur\u00fcck nach El Calafate gehen&#8230;und direkt hinein in das n\u00e4chste Abenteuer.<\/p>\n","protected":false},"excerpt":{"rendered":"<p>Mit dem Mietwagen also von El Calafate \u00fcber die Grenze nach Chile. Erstes Ziel und Basislager: Puerto Natales. Eine Kleinstadt. 19 000 Einwohner. Gelegen am &#8222;\u00daltima Esperanza- Fjord&#8220; (Fjord der letzten Hoffnung), der direkte Verbindung zum Pazifik hat. Hier ist es zwar windig und k\u00fchl, aber auch (mal wieder) wundersch\u00f6n. \u00a1Patagonia, te quiero! In Chile [&hellip;]<\/p>\n","protected":false},"author":73,"featured_media":426,"parent":267,"menu_order":0,"comment_status":"open","ping_status":"open","template":"","meta":{"footnotes":""},"class_list":["post-413","page","type-page","status-publish","hentry"],"amp_enabled":true,"_links":{"self":[{"href":"https:\/\/kulturweit.blog\/lukasarenz\/wp-json\/wp\/v2\/pages\/413"}],"collection":[{"href":"https:\/\/kulturweit.blog\/lukasarenz\/wp-json\/wp\/v2\/pages"}],"about":[{"href":"https:\/\/kulturweit.blog\/lukasarenz\/wp-json\/wp\/v2\/types\/page"}],"author":[{"embeddable":true,"href":"https:\/\/kulturweit.blog\/lukasarenz\/wp-json\/wp\/v2\/users\/73"}],"replies":[{"embeddable":true,"href":"https:\/\/kulturweit.blog\/lukasarenz\/wp-json\/wp\/v2\/comments?post=413"}],"version-history":[{"count":1,"href":"https:\/\/kulturweit.blog\/lukasarenz\/wp-json\/wp\/v2\/pages\/413\/revisions"}],"predecessor-version":[{"id":433,"href":"https:\/\/kulturweit.blog\/lukasarenz\/wp-json\/wp\/v2\/pages\/413\/revisions\/433"}],"up":[{"embeddable":true,"href":"https:\/\/kulturweit.blog\/lukasarenz\/wp-json\/wp\/v2\/pages\/267"}],"wp:featuredmedia":[{"embeddable":true,"href":"https:\/\/kulturweit.blog\/lukasarenz\/wp-json\/wp\/v2\/media\/426"}],"wp:attachment":[{"href":"https:\/\/kulturweit.blog\/lukasarenz\/wp-json\/wp\/v2\/media?parent=413"}],"curies":[{"name":"wp","href":"https:\/\/api.w.org\/{rel}","templated":true}]}}