{"id":342,"date":"2010-02-15T01:30:50","date_gmt":"2010-02-15T04:30:50","guid":{"rendered":"https:\/\/kulturweit.blog\/lukasarenz\/?page_id=342"},"modified":"2010-02-15T01:30:50","modified_gmt":"2010-02-15T04:30:50","slug":"ein-hotdog-unten-am-hafen","status":"publish","type":"page","link":"https:\/\/kulturweit.blog\/lukasarenz\/%c2%a1dale-dale-argentina\/ein-hotdog-unten-am-hafen\/","title":{"rendered":"&#8222;Ein Hotdog unten am Hafen&#8230;"},"content":{"rendered":"<p>&#8230;und vorm Einschlafen schnell noch ein Bier.&#8220;<\/p>\n<p>So singt Sven Regener von Element Of Crime und spiegelt damit so ziemlich den diesj\u00e4hrigen Jahreswechsel 2009\/2010 f\u00fcr mich wieder.<\/p>\n<p>Nach den Wasserf\u00e4llen von Iguaz\u00fa ging es f\u00fcr zwei Tage zur\u00fcck &#8222;nach Hause&#8220; nach Buenos Aires. Da die Innenstadt am 31. Dezember ab Mittag einer Geisterstadt glich, war es quasi unm\u00f6glich ohne Reservierung in einem Restaurant Silvester zu verbringen. So gingen meine Familie und ich hinab zum Hafen, nach Puerto Madero, um dort auf das Neujahrsfuerwerk zu warten. Statt Restaurant dann Pancho (Hotdog) und Bier. Argentinisch-sonderbar aber gut. Besonders das Feuerwerk um Mitternacht.<\/p>\n<div id=\"attachment_343\" style=\"width: 310px\" class=\"wp-caption aligncenter\"><a href=\"https:\/\/kulturweit.blog\/lukasarenz\/files\/2010\/02\/Silvester.jpg\"><img loading=\"lazy\" decoding=\"async\" aria-describedby=\"caption-attachment-343\" class=\"size-medium wp-image-343\" title=\"Silvester\" src=\"https:\/\/kulturweit.blog\/lukasarenz\/files\/2010\/02\/Silvester-300x225.jpg\" alt=\"Feuerwerk in Puerto Madero\" width=\"300\" height=\"225\" srcset=\"https:\/\/kulturweit.blog\/lukasarenz\/files\/2010\/02\/Silvester-300x225.jpg 300w, https:\/\/kulturweit.blog\/lukasarenz\/files\/2010\/02\/Silvester.jpg 1024w\" sizes=\"(max-width: 300px) 100vw, 300px\" \/><\/a><p id=\"caption-attachment-343\" class=\"wp-caption-text\">Silvester in Puerto Madero<\/p><\/div>\n<p style=\"text-align: center\">\n","protected":false},"excerpt":{"rendered":"<p>&#8230;und vorm Einschlafen schnell noch ein Bier.&#8220; So singt Sven Regener von Element Of Crime und spiegelt damit so ziemlich den diesj\u00e4hrigen Jahreswechsel 2009\/2010 f\u00fcr mich wieder. Nach den Wasserf\u00e4llen von Iguaz\u00fa ging es f\u00fcr zwei Tage zur\u00fcck &#8222;nach Hause&#8220; nach Buenos Aires. Da die Innenstadt am 31. Dezember ab Mittag einer Geisterstadt glich, war [&hellip;]<\/p>\n","protected":false},"author":73,"featured_media":343,"parent":267,"menu_order":0,"comment_status":"open","ping_status":"open","template":"","meta":{"footnotes":""},"class_list":["post-342","page","type-page","status-publish","hentry"],"amp_enabled":true,"_links":{"self":[{"href":"https:\/\/kulturweit.blog\/lukasarenz\/wp-json\/wp\/v2\/pages\/342"}],"collection":[{"href":"https:\/\/kulturweit.blog\/lukasarenz\/wp-json\/wp\/v2\/pages"}],"about":[{"href":"https:\/\/kulturweit.blog\/lukasarenz\/wp-json\/wp\/v2\/types\/page"}],"author":[{"embeddable":true,"href":"https:\/\/kulturweit.blog\/lukasarenz\/wp-json\/wp\/v2\/users\/73"}],"replies":[{"embeddable":true,"href":"https:\/\/kulturweit.blog\/lukasarenz\/wp-json\/wp\/v2\/comments?post=342"}],"version-history":[{"count":0,"href":"https:\/\/kulturweit.blog\/lukasarenz\/wp-json\/wp\/v2\/pages\/342\/revisions"}],"up":[{"embeddable":true,"href":"https:\/\/kulturweit.blog\/lukasarenz\/wp-json\/wp\/v2\/pages\/267"}],"wp:featuredmedia":[{"embeddable":true,"href":"https:\/\/kulturweit.blog\/lukasarenz\/wp-json\/wp\/v2\/media\/343"}],"wp:attachment":[{"href":"https:\/\/kulturweit.blog\/lukasarenz\/wp-json\/wp\/v2\/media?parent=342"}],"curies":[{"name":"wp","href":"https:\/\/api.w.org\/{rel}","templated":true}]}}