{"id":275,"date":"2010-02-10T12:00:26","date_gmt":"2010-02-10T15:00:26","guid":{"rendered":"https:\/\/kulturweit.blog\/lukasarenz\/?page_id=275"},"modified":"2010-02-14T22:08:29","modified_gmt":"2010-02-15T01:08:29","slug":"iguazu","status":"publish","type":"page","link":"https:\/\/kulturweit.blog\/lukasarenz\/%c2%a1dale-dale-argentina\/iguazu\/","title":{"rendered":"Iguaz\u00fa"},"content":{"rendered":"<p><a href=\"https:\/\/kulturweit.blog\/lukasarenz\/files\/2010\/02\/Argentiniekarte-Iguazu.jpg\"><img loading=\"lazy\" decoding=\"async\" class=\"alignleft size-medium wp-image-277\" title=\"Argentiniekarte Iguazu\" src=\"https:\/\/kulturweit.blog\/lukasarenz\/files\/2010\/02\/Argentiniekarte-Iguazu-247x300.jpg\" alt=\"\" width=\"247\" height=\"300\" srcset=\"https:\/\/kulturweit.blog\/lukasarenz\/files\/2010\/02\/Argentiniekarte-Iguazu-247x300.jpg 247w, https:\/\/kulturweit.blog\/lukasarenz\/files\/2010\/02\/Argentiniekarte-Iguazu.jpg 619w\" sizes=\"(max-width: 247px) 100vw, 247px\" \/><\/a><\/p>\n<p>Ein Niederschlag von 2000 m\u00b3 pro Sekunde auf einer Gesamtl\u00e4nge von 1320 km ist eine Menge Wasser.<\/p>\n<p>Die Iguaz\u00fa-Wasserf\u00e4lle. Eine der Hauptsehensw\u00fcrdigkeiten des gesamten Kontinents. Eine lange Abbruchkante, die das gesamte Blickfeld einnimmt und Wasser, Wasser, Wasser. Es ist eine Versetzung in eine fantastische, unreale Welt, eingebettet im subtropischen Regenwald.<\/p>\n<p>Iguaz\u00fa sollte also die erste Station der langen Reise sein. Begleitet wurde ich hierbei noch von meiner Familie, die mir p\u00fcnktlich zu Weihnachten einen Besuch abstattete.<\/p>\n<div id=\"attachment_287\" style=\"width: 310px\" class=\"wp-caption alignright\"><a href=\"https:\/\/kulturweit.blog\/lukasarenz\/files\/2010\/02\/IMG_0360.jpg\"><img loading=\"lazy\" decoding=\"async\" aria-describedby=\"caption-attachment-287\" class=\"size-medium wp-image-287\" title=\"Eine riesige  Gischtwolke. Die Wasserf\u00e4lle aus der Luft\" src=\"https:\/\/kulturweit.blog\/lukasarenz\/files\/2010\/02\/IMG_0360-300x225.jpg\" alt=\"\" width=\"300\" height=\"225\" srcset=\"https:\/\/kulturweit.blog\/lukasarenz\/files\/2010\/02\/IMG_0360-300x225.jpg 300w, https:\/\/kulturweit.blog\/lukasarenz\/files\/2010\/02\/IMG_0360.jpg 1024w\" sizes=\"(max-width: 300px) 100vw, 300px\" \/><\/a><p id=\"caption-attachment-287\" class=\"wp-caption-text\">Eine riesige  Gischtwolke. Die Wasserf\u00e4lle aus der Luft<\/p><\/div>\n<p>Mit dem Flugzeug ging es vom Inlandflughafen in Buenos Aires &#8222;Jorge Newbery&#8220; (dt. \u00dcbersetzung: J\u00f6rg Neubeere) direkt nach Puerto Iguaz\u00fa, <span style=\"text-decoration: line-through\">eine kleine Touristenkolonie<\/span> eine Kleinstadt an der Grenze zu Paraguay und Brasilien. Von hier ist es eine etwa halbst\u00fcndige Busfahrt zu den Wasserf\u00e4llen.<\/p>\n<p style=\"text-align: center\">Was soll man von einem Ort schreiben, der eigentlich nur erlebt werden kann? Was berichten von einem riesigen Naturwasserpark, der uns Europ\u00e4er zudem durch eine Artenvielfalt begeistert, die wir h\u00f6chstens aus dem Zoo kennen? Keine leicht Aufgabe. Bilder spiegeln den Eindruck einmal mehr besser wider.<\/p>\n<p>Zwei Tage lie\u00dfen wir uns Zeit f\u00fcr die argentinische Seite des Nationalparks, die durch wesentlich mehr Natur und N\u00e4he zu den Wasserf\u00e4llen reizt, als die kommerziell-touristische brasilianische Seite. Ein paar von r\u00fccksichtlosen Touristen abgef\u00fctterte Nasenb\u00e4ren kreuzen schon am Parkeingang den Weg der Besucher. Selbst die Kapunzineraffen, die nur ab und zu durch die Baumwipfel schwingen werden<\/p>\n<div id=\"attachment_292\" style=\"width: 186px\" class=\"wp-caption alignleft\"><a href=\"https:\/\/kulturweit.blog\/lukasarenz\/files\/2010\/02\/Nasenb\u00e4raction.jpg\"><img loading=\"lazy\" decoding=\"async\" aria-describedby=\"caption-attachment-292\" class=\"size-medium wp-image-292 \" style=\"margin: 1px\" title=\"Nasenb\u00e4raction\" src=\"https:\/\/kulturweit.blog\/lukasarenz\/files\/2010\/02\/Nasenb\u00e4raction-300x225.jpg\" alt=\"Nasenb\u00e4rf\u00fctterung\" width=\"176\" height=\"132\" srcset=\"https:\/\/kulturweit.blog\/lukasarenz\/files\/2010\/02\/Nasenb\u00e4raction-300x225.jpg 300w, https:\/\/kulturweit.blog\/lukasarenz\/files\/2010\/02\/Nasenb\u00e4raction.jpg 1024w\" sizes=\"(max-width: 176px) 100vw, 176px\" \/><\/a><p id=\"caption-attachment-292\" class=\"wp-caption-text\">Nasenb\u00e4rf\u00fctterung<\/p><\/div>\n<p>r\u00fccksichtlos durch Kartoffelchips schmei\u00dfende &#8222;Naturfreunde&#8220; angelockt.<\/p>\n<div id=\"attachment_295\" style=\"width: 235px\" class=\"wp-caption alignright\"><a href=\"https:\/\/kulturweit.blog\/lukasarenz\/files\/2010\/02\/IMG_0426.jpg\"><img loading=\"lazy\" decoding=\"async\" aria-describedby=\"caption-attachment-295\" class=\"size-medium wp-image-295\" title=\"IMG_0426\" src=\"https:\/\/kulturweit.blog\/lukasarenz\/files\/2010\/02\/IMG_0426-225x300.jpg\" alt=\"\" width=\"225\" height=\"300\" srcset=\"https:\/\/kulturweit.blog\/lukasarenz\/files\/2010\/02\/IMG_0426-225x300.jpg 225w, https:\/\/kulturweit.blog\/lukasarenz\/files\/2010\/02\/IMG_0426.jpg 576w\" sizes=\"(max-width: 225px) 100vw, 225px\" \/><\/a><p id=\"caption-attachment-295\" class=\"wp-caption-text\">Wasserkraft<\/p><\/div>\n<p style=\"text-align: center\">Eine fast perverse Ironie in einem Naturschutzgebiet.<\/p>\n<p style=\"text-align: center\">Der beeindruckendeste Part des Parks ist sicherlich der Steg \u00fcber der sogenannten &#8222;Garganta del Diablo&#8220; (Teufelsschlund). Hier st\u00fcrzt das Flusswasser von fast jeder Seite in einen tiefen Abgrund, der durchgehend von einer riesigen Gischtwolke verhangen ist.<\/p>\n<p style=\"text-align: center\">\n<p><a href=\"https:\/\/kulturweit.blog\/lukasarenz\/files\/2010\/02\/Garganta.wmv\">Garganta<\/a><\/p>\n<p style=\"text-align: center\">\n<p style=\"text-align: center\">Auch eine Bootsfahrt direkt unter neben die gewaltigen W\u00e4nde aus Wasser sollte bei keinem Iguaz\u00fabesuch fehlen. Wohl die direkteste Art die unglaubliche Naturgewalt dieses Ortes zu erleben.<\/p>\n<div id=\"attachment_288\" style=\"width: 1034px\" class=\"wp-caption aligncenter\"><a href=\"https:\/\/kulturweit.blog\/lukasarenz\/files\/2010\/02\/Iguaz\u00fa-Brasilia.jpg\"><img loading=\"lazy\" decoding=\"async\" aria-describedby=\"caption-attachment-288\" class=\"size-full wp-image-288 \" title=\"Iguaz\u00fa Brasilia\" src=\"https:\/\/kulturweit.blog\/lukasarenz\/files\/2010\/02\/Iguaz\u00fa-Brasilia.jpg\" alt=\"Panorama der argentinischen Seite von Brasilien\" width=\"1024\" height=\"203\" srcset=\"https:\/\/kulturweit.blog\/lukasarenz\/files\/2010\/02\/Iguaz\u00fa-Brasilia.jpg 1024w, https:\/\/kulturweit.blog\/lukasarenz\/files\/2010\/02\/Iguaz\u00fa-Brasilia-300x59.jpg 300w\" sizes=\"(max-width: 1024px) 100vw, 1024px\" \/><\/a><p id=\"caption-attachment-288\" class=\"wp-caption-text\">Panorama der argentinischen Seite - fotografiert aus Brasilien<\/p><\/div>\n<p>Doch wer die Kaskaden in der Totalen sehen will, sollte auch die brasilianische Seite nicht missen.<\/p>\n<div id=\"attachment_311\" style=\"width: 310px\" class=\"wp-caption alignleft\"><a href=\"https:\/\/kulturweit.blog\/lukasarenz\/files\/2010\/02\/Bootsfahrt.jpg\"><img loading=\"lazy\" decoding=\"async\" aria-describedby=\"caption-attachment-311\" class=\"size-medium wp-image-311\" title=\"Bootsfahrt\" src=\"https:\/\/kulturweit.blog\/lukasarenz\/files\/2010\/02\/Bootsfahrt-300x225.jpg\" alt=\"\" width=\"300\" height=\"225\" srcset=\"https:\/\/kulturweit.blog\/lukasarenz\/files\/2010\/02\/Bootsfahrt-300x225.jpg 300w, https:\/\/kulturweit.blog\/lukasarenz\/files\/2010\/02\/Bootsfahrt.jpg 1024w\" sizes=\"(max-width: 300px) 100vw, 300px\" \/><\/a><p id=\"caption-attachment-311\" class=\"wp-caption-text\">Bootsfahrt<\/p><\/div>\n<div id=\"attachment_312\" style=\"width: 310px\" class=\"wp-caption alignright\"><a href=\"https:\/\/kulturweit.blog\/lukasarenz\/files\/2010\/02\/IMG_0698.jpg\"><img loading=\"lazy\" decoding=\"async\" aria-describedby=\"caption-attachment-312\" class=\"size-medium wp-image-312 \" title=\"IMG_0698\" src=\"https:\/\/kulturweit.blog\/lukasarenz\/files\/2010\/02\/IMG_0698-300x225.jpg\" alt=\"\" width=\"300\" height=\"225\" srcset=\"https:\/\/kulturweit.blog\/lukasarenz\/files\/2010\/02\/IMG_0698-300x225.jpg 300w, https:\/\/kulturweit.blog\/lukasarenz\/files\/2010\/02\/IMG_0698.jpg 1024w\" sizes=\"(max-width: 300px) 100vw, 300px\" \/><\/a><p id=\"caption-attachment-312\" class=\"wp-caption-text\">---<\/p><\/div>\n","protected":false},"excerpt":{"rendered":"<p>Ein Niederschlag von 2000 m\u00b3 pro Sekunde auf einer Gesamtl\u00e4nge von 1320 km ist eine Menge Wasser. Die Iguaz\u00fa-Wasserf\u00e4lle. Eine der Hauptsehensw\u00fcrdigkeiten des gesamten Kontinents. Eine lange Abbruchkante, die das gesamte Blickfeld einnimmt und Wasser, Wasser, Wasser. Es ist eine Versetzung in eine fantastische, unreale Welt, eingebettet im subtropischen Regenwald. Iguaz\u00fa sollte also die erste [&hellip;]<\/p>\n","protected":false},"author":73,"featured_media":313,"parent":267,"menu_order":0,"comment_status":"open","ping_status":"open","template":"","meta":{"footnotes":""},"class_list":["post-275","page","type-page","status-publish","hentry"],"amp_enabled":true,"_links":{"self":[{"href":"https:\/\/kulturweit.blog\/lukasarenz\/wp-json\/wp\/v2\/pages\/275"}],"collection":[{"href":"https:\/\/kulturweit.blog\/lukasarenz\/wp-json\/wp\/v2\/pages"}],"about":[{"href":"https:\/\/kulturweit.blog\/lukasarenz\/wp-json\/wp\/v2\/types\/page"}],"author":[{"embeddable":true,"href":"https:\/\/kulturweit.blog\/lukasarenz\/wp-json\/wp\/v2\/users\/73"}],"replies":[{"embeddable":true,"href":"https:\/\/kulturweit.blog\/lukasarenz\/wp-json\/wp\/v2\/comments?post=275"}],"version-history":[{"count":1,"href":"https:\/\/kulturweit.blog\/lukasarenz\/wp-json\/wp\/v2\/pages\/275\/revisions"}],"predecessor-version":[{"id":321,"href":"https:\/\/kulturweit.blog\/lukasarenz\/wp-json\/wp\/v2\/pages\/275\/revisions\/321"}],"up":[{"embeddable":true,"href":"https:\/\/kulturweit.blog\/lukasarenz\/wp-json\/wp\/v2\/pages\/267"}],"wp:featuredmedia":[{"embeddable":true,"href":"https:\/\/kulturweit.blog\/lukasarenz\/wp-json\/wp\/v2\/media\/313"}],"wp:attachment":[{"href":"https:\/\/kulturweit.blog\/lukasarenz\/wp-json\/wp\/v2\/media?parent=275"}],"curies":[{"name":"wp","href":"https:\/\/api.w.org\/{rel}","templated":true}]}}