{"id":243,"date":"2009-12-21T03:12:49","date_gmt":"2009-12-21T05:12:49","guid":{"rendered":"https:\/\/kulturweit.blog\/lukasarenz\/?page_id=243"},"modified":"2009-12-21T15:53:28","modified_gmt":"2009-12-21T17:53:28","slug":"argentinisch-fur-anfanger","status":"publish","type":"page","link":"https:\/\/kulturweit.blog\/lukasarenz\/argentinisch-fur-anfanger\/","title":{"rendered":"Argentinisch f\u00fcr Anf\u00e4nger"},"content":{"rendered":"<p><strong>A<\/strong>nd\u00e1te:<\/p>\n<p>Hau ab!; <em>vulg.<\/em> Verpiss dich!<\/p>\n<p><strong>A<\/strong>s\u00ed es la vida:<\/p>\n<p>So ist eben das Leben. <em>Wird in jeder Situation benutzt, in der irgendwas schief l\u00e4uft. So kann man auch ganz einfach Verantwortung abschieben.<\/em><\/p>\n<p><strong>B<\/strong>ueno:<\/p>\n<p><em>Je nach Phonetik: <\/em>Gut; macht nichts; BUS VERPASST; Na gut; AUSGERAUBT, kann man eh\u00a0\u00a0 nicht\u00a0 \u00e4ndern, ZERST\u00d6RERISCHES UNWETTER;\u00a0 klasse, ZWEI STUNDEN VERSP\u00c4TUNG; OK;\u00a0 mach dir keine\u00a0 Sorgen;\u00a0 morgen ist alles anders; das regelt sich schon; ALLES WIRD GUT;<\/p>\n<p><strong>B<\/strong>oludo\/a:<\/p>\n<p>Idiot\/in;\u00a0 Alter <em>(in der argentinischen Umgangsspache eine Anredeform, siehe <strong>&#8222;C<\/strong>he Boludo&#8220;)<\/em><\/p>\n<p><strong>C<\/strong>he:<\/p>\n<p>Hey; Du\u00a0 <em>(Che kann man immer mal einbauen wenn man sonst nichts wei\u00df, Cheee)<\/em><\/p>\n<p><strong>C<\/strong>he, Boludo:<\/p>\n<p>Hey, Alter<\/p>\n<p><strong>D<\/strong>ale:<\/p>\n<p><em>Je nach Phonetik:<\/em> Ok; mach schon; komm schon<\/p>\n<p><strong>D<\/strong>espu\u00e9s vemos\/ ma\u00f1ana vemos:<\/p>\n<p>Danach\/morgen sehen wir weiter. <em>Was Du heute kannst besorgen, das verschiebe ruhig auf morgen.<\/em><\/p>\n<p><strong>F<\/strong>laco:<\/p>\n<p>Typ; Kumpel<\/p>\n<p><strong>N<\/strong>o te preocup\u00e9s:<\/p>\n<p>Mach Dir keine Sorgen. <em>Hast Du ein Problem, hast Du mit diesem Satz schon die L\u00f6sung.<\/em><\/p>\n<p><strong>Q<\/strong>ue s\u00e9 yo!<\/p>\n<p>Was wei\u00df ich!<\/p>\n<p><strong>V<\/strong>iste:<\/p>\n<p>Ich hab&#8217;s Dir doch gesagt; ich wusste es doch immer;<\/p>\n<p><strong>Y<\/strong>a est\u00e1:<\/p>\n<p>Und schon alles gekl\u00e4rt. <em>Wird besonders gerne verwendet, wenn eigentlich ein riesen Chaos bevorsteht.<\/em><\/p>\n","protected":false},"excerpt":{"rendered":"<p>And\u00e1te: Hau ab!; vulg. Verpiss dich! As\u00ed es la vida: So ist eben das Leben. Wird in jeder Situation benutzt, in der irgendwas schief l\u00e4uft. So kann man auch ganz einfach Verantwortung abschieben. Bueno: Je nach Phonetik: Gut; macht nichts; BUS VERPASST; Na gut; AUSGERAUBT, kann man eh\u00a0\u00a0 nicht\u00a0 \u00e4ndern, ZERST\u00d6RERISCHES UNWETTER;\u00a0 klasse, ZWEI STUNDEN [&hellip;]<\/p>\n","protected":false},"author":73,"featured_media":0,"parent":0,"menu_order":0,"comment_status":"closed","ping_status":"closed","template":"","meta":{"footnotes":""},"class_list":["post-243","page","type-page","status-publish","hentry"],"amp_enabled":true,"_links":{"self":[{"href":"https:\/\/kulturweit.blog\/lukasarenz\/wp-json\/wp\/v2\/pages\/243"}],"collection":[{"href":"https:\/\/kulturweit.blog\/lukasarenz\/wp-json\/wp\/v2\/pages"}],"about":[{"href":"https:\/\/kulturweit.blog\/lukasarenz\/wp-json\/wp\/v2\/types\/page"}],"author":[{"embeddable":true,"href":"https:\/\/kulturweit.blog\/lukasarenz\/wp-json\/wp\/v2\/users\/73"}],"replies":[{"embeddable":true,"href":"https:\/\/kulturweit.blog\/lukasarenz\/wp-json\/wp\/v2\/comments?post=243"}],"version-history":[{"count":1,"href":"https:\/\/kulturweit.blog\/lukasarenz\/wp-json\/wp\/v2\/pages\/243\/revisions"}],"predecessor-version":[{"id":247,"href":"https:\/\/kulturweit.blog\/lukasarenz\/wp-json\/wp\/v2\/pages\/243\/revisions\/247"}],"wp:attachment":[{"href":"https:\/\/kulturweit.blog\/lukasarenz\/wp-json\/wp\/v2\/media?parent=243"}],"curies":[{"name":"wp","href":"https:\/\/api.w.org\/{rel}","templated":true}]}}