{"id":73,"date":"2023-09-28T19:24:24","date_gmt":"2023-09-28T17:24:24","guid":{"rendered":"https:\/\/kulturweit.blog\/lllublin\/?page_id=73"},"modified":"2023-12-13T17:20:53","modified_gmt":"2023-12-13T16:20:53","slug":"short-stories","status":"publish","type":"page","link":"https:\/\/kulturweit.blog\/lllublin\/short-stories\/","title":{"rendered":"SHORT STORIES"},"content":{"rendered":"<p><a href=\"https:\/\/kulturweit.blog\/lllublin\/2023\/09\/28\/der-oeffentliche-nahverkehr-und-ich\/\">Der \u00f6ffentliche Nahverkehr und ich<\/a><br \/>\n<a href=\"https:\/\/kulturweit.blog\/lllublin\/2023\/12\/13\/einkaufssucht-oder-glueck-im-unglueck\/\">Einkaufssucht oder Gl\u00fcck im Ungl\u00fcck<\/a><\/p>\n","protected":false},"excerpt":{"rendered":"<p>Der \u00f6ffentliche Nahverkehr und ich Einkaufssucht oder Gl\u00fcck im Ungl\u00fcck<\/p>\n","protected":false},"author":3233,"featured_media":0,"parent":0,"menu_order":0,"comment_status":"closed","ping_status":"closed","template":"","meta":{"footnotes":""},"class_list":["post-73","page","type-page","status-publish","hentry"],"amp_enabled":true,"_links":{"self":[{"href":"https:\/\/kulturweit.blog\/lllublin\/wp-json\/wp\/v2\/pages\/73"}],"collection":[{"href":"https:\/\/kulturweit.blog\/lllublin\/wp-json\/wp\/v2\/pages"}],"about":[{"href":"https:\/\/kulturweit.blog\/lllublin\/wp-json\/wp\/v2\/types\/page"}],"author":[{"embeddable":true,"href":"https:\/\/kulturweit.blog\/lllublin\/wp-json\/wp\/v2\/users\/3233"}],"replies":[{"embeddable":true,"href":"https:\/\/kulturweit.blog\/lllublin\/wp-json\/wp\/v2\/comments?post=73"}],"version-history":[{"count":3,"href":"https:\/\/kulturweit.blog\/lllublin\/wp-json\/wp\/v2\/pages\/73\/revisions"}],"predecessor-version":[{"id":121,"href":"https:\/\/kulturweit.blog\/lllublin\/wp-json\/wp\/v2\/pages\/73\/revisions\/121"}],"wp:attachment":[{"href":"https:\/\/kulturweit.blog\/lllublin\/wp-json\/wp\/v2\/media?parent=73"}],"curies":[{"name":"wp","href":"https:\/\/api.w.org\/{rel}","templated":true}]}}