{"id":77,"date":"2019-03-29T07:06:05","date_gmt":"2019-03-29T06:06:05","guid":{"rendered":"https:\/\/kulturweit.blog\/linasblock\/?page_id=77"},"modified":"2019-03-29T07:25:19","modified_gmt":"2019-03-29T06:25:19","slug":"kino-kunst-und-ein-kilo-zitronen","status":"publish","type":"page","link":"https:\/\/kulturweit.blog\/linasblock\/kino-kunst-und-ein-kilo-zitronen\/","title":{"rendered":"Kino, Kunst und ein Kilo Zitronen"},"content":{"rendered":"<p>\u201eWas geht?\u201c begr\u00fc\u00dft mich eine vertraute Stimme in unvertrautem Deutsch auf meinem Handybildschirm. Ich habe dem Fire-Breather diese Verkommenheit der Deutschen Sprache ganz sicher nicht beigebracht! Da er wei\u00df, wie ich zu dieser Slangerei stehe, \u00a0rechtfertigt er seine Begr\u00fc\u00dfung sofort damit, dass mein Viertel nach dem bulgarischen Dichter Geo Milew benannt wurde, was seinen Ohren nach wie Ghetto Milew klinge. Er zeigt auf eine Gr\u00fcnfl\u00e4che auf das Tal unter sich, der Park in dessen N\u00e4he ich wohne. Da meine Ski-Skills so ausgereift sind wie Mangos in Deutschland, habe ich die Einladung zum Wintersport dankend abgelehnt und so ist er allein losgezogen. Niemandem w\u00e4re geholfen, wenn ich als menschliche Lawine ein paar Kinder \u00fcberrolle.<\/p>\n<p><a href=\"https:\/\/kulturweit.blog\/linasblock\/files\/2019\/03\/IMG_0973.jpg\"><img loading=\"lazy\" decoding=\"async\" class=\"wp-image-81 alignright\" src=\"https:\/\/kulturweit.blog\/linasblock\/files\/2019\/03\/IMG_0973-300x200.jpg\" alt=\"\" width=\"324\" height=\"216\" srcset=\"https:\/\/kulturweit.blog\/linasblock\/files\/2019\/03\/IMG_0973-300x200.jpg 300w, https:\/\/kulturweit.blog\/linasblock\/files\/2019\/03\/IMG_0973-768x512.jpg 768w, https:\/\/kulturweit.blog\/linasblock\/files\/2019\/03\/IMG_0973.jpg 1024w, https:\/\/kulturweit.blog\/linasblock\/files\/2019\/03\/IMG_0973-1x1.jpg 1w\" sizes=\"(max-width: 324px) 100vw, 324px\" \/><\/a><\/p>\n<p><a href=\"https:\/\/kulturweit.blog\/linasblock\/files\/2019\/03\/IMG_1647.jpg\"><img loading=\"lazy\" decoding=\"async\" class=\" wp-image-78 alignleft\" src=\"https:\/\/kulturweit.blog\/linasblock\/files\/2019\/03\/IMG_1647-300x200.jpg\" alt=\"\" width=\"258\" height=\"172\" srcset=\"https:\/\/kulturweit.blog\/linasblock\/files\/2019\/03\/IMG_1647-300x200.jpg 300w, https:\/\/kulturweit.blog\/linasblock\/files\/2019\/03\/IMG_1647-768x512.jpg 768w, https:\/\/kulturweit.blog\/linasblock\/files\/2019\/03\/IMG_1647.jpg 1024w, https:\/\/kulturweit.blog\/linasblock\/files\/2019\/03\/IMG_1647-1x1.jpg 1w\" sizes=\"(max-width: 258px) 100vw, 258px\" \/><\/a>Statt Schnee stand bei mir Picknick mit Falafel und Karotten gedippt in Humus auf dem Programm. Die Markthalle habe ich durch Zufall entdeckt, indem ich durch das Fenster des sch\u00f6nen Geb\u00e4udes lugte, an dem ich schon so oft vorbeigegangen bin.<\/p>\n<p>Der Brunnen in der Mitte des gr\u00fcn verdrahteten Geb\u00e4udes, dessen Wasser <a href=\"https:\/\/kulturweit.blog\/linasblock\/files\/2019\/03\/IMG_1653.jpg\"><img loading=\"lazy\" decoding=\"async\" class=\"size-medium wp-image-79 alignright\" src=\"https:\/\/kulturweit.blog\/linasblock\/files\/2019\/03\/IMG_1653-300x200.jpg\" alt=\"\" width=\"300\" height=\"200\" srcset=\"https:\/\/kulturweit.blog\/linasblock\/files\/2019\/03\/IMG_1653-300x200.jpg 300w, https:\/\/kulturweit.blog\/linasblock\/files\/2019\/03\/IMG_1653-768x512.jpg 768w, https:\/\/kulturweit.blog\/linasblock\/files\/2019\/03\/IMG_1653.jpg 1024w, https:\/\/kulturweit.blog\/linasblock\/files\/2019\/03\/IMG_1653-1x1.jpg 1w\" sizes=\"(max-width: 300px) 100vw, 300px\" \/><\/a>buntes Mosaik bedeckt, hat es mir besonders abgetan.<\/p>\n<p>Der Picknickpark war wunderbar belebt. Verschiedene Szenengruppen verbrachten hier ihren Nachmittag. Egal ob Sportler, Musiker, Rentner, Familien, einzelne Spazierg\u00e4nger oder Zuckerwatteesser: jeder konnte hier friedlich seinem Hobby nachgehen.<\/p>\n<p>Der Fire-Breather hatte wohl den Atem der Sonne untersch\u00e4tzt und trat mir am n\u00e4chsten Tag mit roten Wangen entgegen. Ich versprach, keine Witze zu machen, um seine Gesichtsmuskeln zu schonen. Er lachte schmerzlich dar\u00fcber. Erfreut \u00fcber die Tatsache, dass ich noch nicht gefr\u00fchst\u00fcckt hatte, \u00f6ffnete er die T\u00fcr zum n\u00e4chstgelegenen Caf\u00e9 und bestellte zwei <em>Barnitzas<\/em>, typisch bulgarische Bl\u00e4tterteigtaschen gef\u00fcllt mit K\u00e4se oder Spinat, und ein Getr\u00e4nk bestehend aus wei\u00dfer Fl\u00fcssigkeit.<\/p>\n<p>Er warnte mich vor, dass letzteres etwas speziell sei und nicht jeden Geschmack treffe. Neugierig beobachtete er meinen Gesichtsausdruck,\u00a0 w\u00e4hrend ich den ersten Schluck nahm. \u201eAyran\u201c, sagte ich schulterzuckend. Er konnte seine \u00dcberraschung dar\u00fcber, dass ich es kannte, nicht verbergen. Als\u00a0 ich die Augenbraue hob, fiel es ihm wieder ein. \u201eAh stimmt. D\u00f6ner-Kebab:\u00a0 das Nationalgericht der Deutschen!\u201c, sagte er schmunzelnd. W\u00e4hrend wir uns durch die Obst- und Gem\u00fcsest\u00e4nde schl\u00e4ngelten, Gew\u00fcrze und ein Zitronen besorgen, die nur in ganzen Kilos zu kaufen sind, was er einen Verkaufstrick, ich wiederum ein Gl\u00fcck nannte, da ich weder der s\u00fc\u00dfe noch der salzige Typ bin, sondern sich meine Lieblingsgeschmacksrichtung schon immer im Ph-Wert unter 6 befand, fragt er mich, ob ich etwas von Mode verst\u00fcnde. Ich gestand ihm, dass ich seine Ketchup-Senf-Kombination in meinem Blog als ein Fashion-Verbrechen, ja fast schon als einen Fashion-Mord, bezeichnet hatte. Das wollte er \u00e4ndern. Gemeinsam w\u00fchlten wir uns durch Tische und Kleiderstangen in Second-Hand-L\u00e4den.<\/p>\n<p>Meiner Meinung nach passt ein wei\u00dfes Oberteil farblich wunderbar zu seiner braunen Lederjacke. \u201eIch mag wei\u00df nicht\u201c, erwiderte er knapp. Ich versuchte nicht, ihn zu \u00fcberzeugen, immerhin war er nicht meine Ankleidungspuppe. Ratet, wer das Kleidergesch\u00e4ft mit zwei wei\u00dfen T-Shirts verlie\u00df. \u201eIch vertraue dir\u201c, war die Antwort auf meinen \u00fcberraschten Blick.<\/p>\n<p>Ich ergatterte neben einer omigen Hose und einer Decke f\u00fcr mein Wohnungsprojekt\u00a0 noch zwei Jacken, wobei die eine zuvor wohl einem gewissen Herrn Ralph Lauren geh\u00f6rt hatte. Keine Ahnung, wer das ist, anscheinend muss er ein Pferdefreund sein.<\/p>\n<p>Drau\u00dfen nahm ich einen kleinen Zweig von dem noch jungen Rosmarinstrauch, um ihn in meine Flasche zu geben. Wir rochen beide an den Bl\u00e4ttern, schlossen die Augen. \u201eT\u00fcrkei\u201c sagte er. \u201eUnser Garten, meine beste Freundin und Ofengem\u00fcse\u201c sagte ich. So viele Assoziationen zwischen Zitronen und gr\u00fcnen Kr\u00e4utern. Wir hatten kein Messer f\u00fcr die gelben Sch\u00e4tze, also schaute er skeptisch,\u00a0 fasziniert und am\u00fcsiert dabei zu, wie ich eine Zitrusfrucht sch\u00e4lte, die H\u00e4lfte in meinen Mund und die andere in das Glasgef\u00e4\u00df stopfte. Unter Beobachtung der \u201eWasserpolizei\u201c, wie wir die betagte Dame getauft hatte, die auf einer Bank neben dem Trinkbrunnen kritische Kommentare zum verschwenderischen Trinkstil eines kleinen Jungen abgab, f\u00fcllten wir meine Flasche auf.<\/p>\n<p><a href=\"https:\/\/kulturweit.blog\/linasblock\/files\/2019\/03\/film-festival.jpg\"><img loading=\"lazy\" decoding=\"async\" class=\" wp-image-87 alignright\" src=\"https:\/\/kulturweit.blog\/linasblock\/files\/2019\/03\/film-festival-300x288.jpg\" alt=\"\" width=\"281\" height=\"270\" srcset=\"https:\/\/kulturweit.blog\/linasblock\/files\/2019\/03\/film-festival-300x288.jpg 300w, https:\/\/kulturweit.blog\/linasblock\/files\/2019\/03\/film-festival-768x737.jpg 768w, https:\/\/kulturweit.blog\/linasblock\/files\/2019\/03\/film-festival.jpg 1024w, https:\/\/kulturweit.blog\/linasblock\/files\/2019\/03\/film-festival-1x1.jpg 1w\" sizes=\"(max-width: 281px) 100vw, 281px\" \/><\/a>Wir waren sp\u00e4t dran. In Sofia findet diesen Monat das internationale Filmfestival statt, bei dem Streifen aus aller Welt gezeigt werden. Der Film w\u00fcrde schon in wenigen Minuten beginnen. Als wir in der Schlange standen, zweifelte ich daran, dass wir noch Karten bekommen w\u00fcrden. Hinter uns r\u00e4usperte sich ein junger Mann, der uns zwei Tickets entgegenstreckte und knapp erkl\u00e4rte, dass ihm seine Verabredung soeben abgesagt hatte.<\/p>\n<p>Meine Mitkinogucker r\u00e4umte die reichlichen Taschen unserer Eink\u00e4ufe in die linkte Hand und bedankte sich mit einem freundlich-festen H\u00e4ndedruck bei dem soeben Versetzen.\u00a0 \u201eDas passiert, wenn man einfach mit dem Flow geht\u201c, waren seine Worte, als wir den Kinosaal betraten.<\/p>\n<p>\u201eThe Wild Pear Tree\u201c\u00a0 bot uns, w\u00e4hrend wir unsere reingeschmuggelten Snacks mampften, wundervolle Kinematographie mit interessanten Dialogen sowie einem Verschnitt aus Traum und Realit\u00e4t, hat seine Schw\u00e4chen jedoch im fehlenden roten Faden. Rot. W\u00e4re sein Gesicht nicht vom Sonnenbrand gereizt, so h\u00e4tte sp\u00e4testens das Licht des Sonnenuntergangs nach dem Kinobesuch es vorr\u00fcbergehend verf\u00e4rbt. Wir hatten keine funktionierende Kamera, was mich beinahe freute, so konnte man den Moment linsenlos genie\u00dfen.<\/p>\n<p><a href=\"https:\/\/kulturweit.blog\/linasblock\/files\/2019\/03\/IMG_1519.jpg\"><img loading=\"lazy\" decoding=\"async\" class=\"size-medium wp-image-82 alignleft\" src=\"https:\/\/kulturweit.blog\/linasblock\/files\/2019\/03\/IMG_1519-300x200.jpg\" alt=\"\" width=\"300\" height=\"200\" srcset=\"https:\/\/kulturweit.blog\/linasblock\/files\/2019\/03\/IMG_1519-300x200.jpg 300w, https:\/\/kulturweit.blog\/linasblock\/files\/2019\/03\/IMG_1519-768x512.jpg 768w, https:\/\/kulturweit.blog\/linasblock\/files\/2019\/03\/IMG_1519.jpg 1024w, https:\/\/kulturweit.blog\/linasblock\/files\/2019\/03\/IMG_1519-1x1.jpg 1w\" sizes=\"(max-width: 300px) 100vw, 300px\" \/><\/a>Am Abend nahm ich an einer <em>Writing and painting party <\/em>teil, bei der Texte gelesen werden und eine Interpretation gezeichnet werden soll.<\/p>\n<p>Es war toll, mit so vielen kreativen K\u00f6pfen zusammen arbeiten zu d\u00fcrfen. Hier die gezeichnete Auffassung meines Gedichts \u201eStormborn\u201c, das ich vor drei Jahren in Australien geschrieben habe.<\/p>\n<p>&nbsp;<\/p>\n<p><a href=\"https:\/\/kulturweit.blog\/linasblock\/files\/2019\/03\/stormborn.jpg\">\u00a0<img loading=\"lazy\" decoding=\"async\" class=\"size-medium wp-image-80 aligncenter\" src=\"https:\/\/kulturweit.blog\/linasblock\/files\/2019\/03\/stormborn-300x450.jpg\" alt=\"\" width=\"300\" height=\"450\" srcset=\"https:\/\/kulturweit.blog\/linasblock\/files\/2019\/03\/stormborn-300x450.jpg 300w, https:\/\/kulturweit.blog\/linasblock\/files\/2019\/03\/stormborn.jpg 682w, https:\/\/kulturweit.blog\/linasblock\/files\/2019\/03\/stormborn-1x1.jpg 1w\" sizes=\"(max-width: 300px) 100vw, 300px\" \/><\/a>\u00a0\u00a0<a href=\"https:\/\/kulturweit.blog\/linasblock\/files\/2019\/03\/IMG_1528.jpg\"><img loading=\"lazy\" decoding=\"async\" class=\"wp-image-83 aligncenter\" src=\"https:\/\/kulturweit.blog\/linasblock\/files\/2019\/03\/IMG_1528-300x200.jpg\" alt=\"\" width=\"359\" height=\"239\" srcset=\"https:\/\/kulturweit.blog\/linasblock\/files\/2019\/03\/IMG_1528-300x200.jpg 300w, https:\/\/kulturweit.blog\/linasblock\/files\/2019\/03\/IMG_1528-768x512.jpg 768w, https:\/\/kulturweit.blog\/linasblock\/files\/2019\/03\/IMG_1528.jpg 1024w, https:\/\/kulturweit.blog\/linasblock\/files\/2019\/03\/IMG_1528-1x1.jpg 1w\" sizes=\"(max-width: 359px) 100vw, 359px\" \/><\/a><\/p>\n<p><a href=\"https:\/\/kulturweit.blog\/linasblock\/files\/2019\/03\/IMG_1530.jpg\"><img loading=\"lazy\" decoding=\"async\" class=\"wp-image-84 aligncenter\" src=\"https:\/\/kulturweit.blog\/linasblock\/files\/2019\/03\/IMG_1530-300x200.jpg\" alt=\"\" width=\"365\" height=\"243\" srcset=\"https:\/\/kulturweit.blog\/linasblock\/files\/2019\/03\/IMG_1530-300x200.jpg 300w, https:\/\/kulturweit.blog\/linasblock\/files\/2019\/03\/IMG_1530-768x512.jpg 768w, https:\/\/kulturweit.blog\/linasblock\/files\/2019\/03\/IMG_1530.jpg 1024w, https:\/\/kulturweit.blog\/linasblock\/files\/2019\/03\/IMG_1530-1x1.jpg 1w\" sizes=\"(max-width: 365px) 100vw, 365px\" \/><\/a><\/p>\n<p>&nbsp;<\/p>\n","protected":false},"excerpt":{"rendered":"<p>\u201eWas geht?\u201c begr\u00fc\u00dft mich eine vertraute Stimme in unvertrautem Deutsch auf meinem Handybildschirm. Ich habe dem Fire-Breather diese Verkommenheit der Deutschen Sprache ganz sicher nicht beigebracht! Da er wei\u00df, wie ich zu dieser Slangerei stehe, \u00a0rechtfertigt er seine Begr\u00fc\u00dfung sofort damit, dass mein Viertel nach dem bulgarischen Dichter Geo Milew benannt wurde, was seinen Ohren [&hellip;]<\/p>\n","protected":false},"author":2677,"featured_media":91,"parent":0,"menu_order":0,"comment_status":"closed","ping_status":"closed","template":"page-templates\/custom-home-page.php","meta":{"footnotes":""},"class_list":["post-77","page","type-page","status-publish","has-post-thumbnail","hentry"],"amp_enabled":false,"_links":{"self":[{"href":"https:\/\/kulturweit.blog\/linasblock\/wp-json\/wp\/v2\/pages\/77"}],"collection":[{"href":"https:\/\/kulturweit.blog\/linasblock\/wp-json\/wp\/v2\/pages"}],"about":[{"href":"https:\/\/kulturweit.blog\/linasblock\/wp-json\/wp\/v2\/types\/page"}],"author":[{"embeddable":true,"href":"https:\/\/kulturweit.blog\/linasblock\/wp-json\/wp\/v2\/users\/2677"}],"replies":[{"embeddable":true,"href":"https:\/\/kulturweit.blog\/linasblock\/wp-json\/wp\/v2\/comments?post=77"}],"version-history":[{"count":3,"href":"https:\/\/kulturweit.blog\/linasblock\/wp-json\/wp\/v2\/pages\/77\/revisions"}],"predecessor-version":[{"id":92,"href":"https:\/\/kulturweit.blog\/linasblock\/wp-json\/wp\/v2\/pages\/77\/revisions\/92"}],"wp:featuredmedia":[{"embeddable":true,"href":"https:\/\/kulturweit.blog\/linasblock\/wp-json\/wp\/v2\/media\/91"}],"wp:attachment":[{"href":"https:\/\/kulturweit.blog\/linasblock\/wp-json\/wp\/v2\/media?parent=77"}],"curies":[{"name":"wp","href":"https:\/\/api.w.org\/{rel}","templated":true}]}}