{"id":22,"date":"2025-09-16T18:28:00","date_gmt":"2025-09-16T16:28:00","guid":{"rendered":"https:\/\/kulturweit.blog\/lillyjoengelhardt\/?page_id=22"},"modified":"2025-09-17T00:24:22","modified_gmt":"2025-09-16T22:24:22","slug":"bonjour-mes-amis","status":"publish","type":"page","link":"https:\/\/kulturweit.blog\/lillyjoengelhardt\/","title":{"rendered":"bonjour mes amis"},"content":{"rendered":"<p><a href=\"https:\/\/kulturweit.blog\/lillyjoengelhardt\/files\/2025\/09\/4a45cf36-4b87-4c57-a460-44f8587d114b-e1758040762348.jpg\"><img loading=\"lazy\" decoding=\"async\" class=\" wp-image-24 alignleft\" src=\"https:\/\/kulturweit.blog\/lillyjoengelhardt\/files\/2025\/09\/4a45cf36-4b87-4c57-a460-44f8587d114b-e1758040762348-300x294.jpg\" alt=\"\" width=\"261\" height=\"256\" srcset=\"https:\/\/kulturweit.blog\/lillyjoengelhardt\/files\/2025\/09\/4a45cf36-4b87-4c57-a460-44f8587d114b-e1758040762348-300x294.jpg 300w, https:\/\/kulturweit.blog\/lillyjoengelhardt\/files\/2025\/09\/4a45cf36-4b87-4c57-a460-44f8587d114b-e1758040762348-768x753.jpg 768w, https:\/\/kulturweit.blog\/lillyjoengelhardt\/files\/2025\/09\/4a45cf36-4b87-4c57-a460-44f8587d114b-e1758040762348-210x206.jpg 210w, https:\/\/kulturweit.blog\/lillyjoengelhardt\/files\/2025\/09\/4a45cf36-4b87-4c57-a460-44f8587d114b-e1758040762348.jpg 783w\" sizes=\"(max-width: 261px) 100vw, 261px\" \/><\/a><\/p>\n<p>&nbsp;<\/p>\n<p>&nbsp;<\/p>\n<p>&nbsp;<\/p>\n<p>&nbsp;<\/p>\n<p>&nbsp;<\/p>\n<p>&nbsp;<\/p>\n<p style=\"text-align: left\">Huhu f\u00fcr alle, die mich noch nicht kennen: Ich bin Lilly Jo\u2606<\/p>\n<p style=\"text-align: left\">F\u00fcr die n\u00e4chsten 6 Monate entdecke ich die K\u00fcste von Rijeka und absolviere ein FSJ an einem Gymnasium hier in Kroatien. Deshalb lade ich euch alle herzlich ein, an meinem Reisetagebuch teilzuhaben.<\/p>\n<p style=\"text-align: left\">Damit du einen Eindruck erlangen kannst, was dich hier erwartet stelle ich mich ganz kurz vor:<\/p>\n<p style=\"text-align: left\">Ich bin ziemlich chaotisch unterwegs, schreibe gerne poetische Texte und lebe mich auch sonst gern kreativ aus. Falls ich das mal nicht kann schaue ich mir auch gerne Kunst an. Neben der Kunst erf\u00fcllt mich das Reisen und ganz besonders das Meer hat einen Platz in meinem Herz. Ansonsten lache, weine und f\u00fchle ich ganz gerne, hier kannst du sicher auch einen Einblick meiner vielen Emotionen erhaschen.<\/p>\n<p>Vielleicht hat dich das ja \u00fcberzeugt &#8211; bis bald!<\/p>\n<p>(wenn du auf das Men\u00fc oben rechts klickst findest du vielleicht schon neue Beitr\u00e4ge)<\/p>\n<p style=\"text-align: right\">\n","protected":false},"excerpt":{"rendered":"<p>&nbsp; &nbsp; &nbsp; &nbsp; &nbsp; &nbsp; Huhu f\u00fcr alle, die mich noch nicht kennen: Ich bin Lilly Jo\u2606 F\u00fcr die n\u00e4chsten 6 Monate entdecke ich die K\u00fcste von Rijeka und absolviere ein FSJ an einem Gymnasium hier in Kroatien. Deshalb lade ich euch alle herzlich ein, an meinem Reisetagebuch teilzuhaben. Damit du einen Eindruck erlangen &hellip; <a href=\"https:\/\/kulturweit.blog\/lillyjoengelhardt\/\" class=\"more-link\"><span class=\"screen-reader-text\">bonjour mes amis<\/span> weiterlesen<\/a><\/p>\n","protected":false},"author":3357,"featured_media":0,"parent":0,"menu_order":0,"comment_status":"closed","ping_status":"closed","template":"","meta":{"footnotes":""},"class_list":["post-22","page","type-page","status-publish","hentry"],"amp_enabled":false,"_links":{"self":[{"href":"https:\/\/kulturweit.blog\/lillyjoengelhardt\/wp-json\/wp\/v2\/pages\/22"}],"collection":[{"href":"https:\/\/kulturweit.blog\/lillyjoengelhardt\/wp-json\/wp\/v2\/pages"}],"about":[{"href":"https:\/\/kulturweit.blog\/lillyjoengelhardt\/wp-json\/wp\/v2\/types\/page"}],"author":[{"embeddable":true,"href":"https:\/\/kulturweit.blog\/lillyjoengelhardt\/wp-json\/wp\/v2\/users\/3357"}],"replies":[{"embeddable":true,"href":"https:\/\/kulturweit.blog\/lillyjoengelhardt\/wp-json\/wp\/v2\/comments?post=22"}],"version-history":[{"count":4,"href":"https:\/\/kulturweit.blog\/lillyjoengelhardt\/wp-json\/wp\/v2\/pages\/22\/revisions"}],"predecessor-version":[{"id":87,"href":"https:\/\/kulturweit.blog\/lillyjoengelhardt\/wp-json\/wp\/v2\/pages\/22\/revisions\/87"}],"wp:attachment":[{"href":"https:\/\/kulturweit.blog\/lillyjoengelhardt\/wp-json\/wp\/v2\/media?parent=22"}],"curies":[{"name":"wp","href":"https:\/\/api.w.org\/{rel}","templated":true}]}}