{"id":66,"date":"2020-10-28T16:20:28","date_gmt":"2020-10-28T15:20:28","guid":{"rendered":"https:\/\/kulturweit.blog\/lebeninathen\/?page_id=66"},"modified":"2021-04-05T09:29:36","modified_gmt":"2021-04-05T07:29:36","slug":"ueber-mich","status":"publish","type":"page","link":"https:\/\/kulturweit.blog\/lebeninathen\/ueber-mich\/","title":{"rendered":"\u00dcber mich"},"content":{"rendered":"<p><em><a href=\"https:\/\/kulturweit.blog\/lebeninathen\/files\/2021\/04\/WhatsApp-Image-2021-04-05-at-09.46.53.jpeg\"><img loading=\"lazy\" decoding=\"async\" class=\"size-medium wp-image-470 alignleft\" src=\"https:\/\/kulturweit.blog\/lebeninathen\/files\/2021\/04\/WhatsApp-Image-2021-04-05-at-09.46.53-300x400.jpeg\" alt=\"\" width=\"300\" height=\"400\" srcset=\"https:\/\/kulturweit.blog\/lebeninathen\/files\/2021\/04\/WhatsApp-Image-2021-04-05-at-09.46.53-300x400.jpeg 300w, https:\/\/kulturweit.blog\/lebeninathen\/files\/2021\/04\/WhatsApp-Image-2021-04-05-at-09.46.53-1x1.jpeg 1w, https:\/\/kulturweit.blog\/lebeninathen\/files\/2021\/04\/WhatsApp-Image-2021-04-05-at-09.46.53.jpeg 768w\" sizes=\"(max-width: 300px) 100vw, 300px\" \/><\/a><\/em><\/p>\n<p><em>Ein gro\u00dfes Hallo an alle Freunde, Familie und andere Leute, die auf meinen Blog gesto\u00dfen sind. Kurz etwas zu mir:<\/em><\/p>\n<p><em>Ich bin Katharina, 19 Jahre alt und komme aus Baden-W\u00fcrttemberg. Nachdem ich 2020 das Abitur erfolgreich abgeschlossen habe, bin ich auf eine l\u00e4ngere Reise <\/em><em>in das geschichtstr\u00e4chtige Athen gegangen. Ich bin sehr gespannt, was ich in den n\u00e4chsten 11 Monate hier erleben kann und hoffe sehr, dass ich durch die Pandemie auch so lange bleiben kann. Ich werde euch so gut es geht mitnehmen und versuche hier regelm\u00e4\u00dfig Updates hochzuladen.<\/em><\/p>\n<p><em>Viel Spa\u00df mit meinem Blog\u00a0<\/em><\/p>\n<p><em>PS: Auf Instagram gibt es direkt noch mehr Eindr\u00fccke aus meinem Leben: kathaa_01<\/em><\/p>\n<p>&nbsp;<\/p>\n<p>&nbsp;<\/p>\n<p>&nbsp;<\/p>\n<p>&nbsp;<\/p>\n<p>&nbsp;<\/p>\n<p>&nbsp;<\/p>\n<p>&nbsp;<\/p>\n<p>&nbsp;<\/p>\n<p>&nbsp;<\/p>\n","protected":false},"excerpt":{"rendered":"<p>Ein gro\u00dfes Hallo an alle Freunde, Familie und andere Leute, die auf meinen Blog gesto\u00dfen sind. Kurz etwas zu mir: Ich bin Katharina, 19 Jahre alt und komme aus Baden-W\u00fcrttemberg. Nachdem ich 2020 das Abitur erfolgreich abgeschlossen habe, bin ich auf eine l\u00e4ngere Reise in das geschichtstr\u00e4chtige Athen gegangen. Ich bin sehr gespannt, was ich [&hellip;]<\/p>\n","protected":false},"author":2872,"featured_media":0,"parent":0,"menu_order":0,"comment_status":"closed","ping_status":"closed","template":"","meta":{"footnotes":""},"class_list":["post-66","page","type-page","status-publish","hentry"],"amp_enabled":true,"_links":{"self":[{"href":"https:\/\/kulturweit.blog\/lebeninathen\/wp-json\/wp\/v2\/pages\/66"}],"collection":[{"href":"https:\/\/kulturweit.blog\/lebeninathen\/wp-json\/wp\/v2\/pages"}],"about":[{"href":"https:\/\/kulturweit.blog\/lebeninathen\/wp-json\/wp\/v2\/types\/page"}],"author":[{"embeddable":true,"href":"https:\/\/kulturweit.blog\/lebeninathen\/wp-json\/wp\/v2\/users\/2872"}],"replies":[{"embeddable":true,"href":"https:\/\/kulturweit.blog\/lebeninathen\/wp-json\/wp\/v2\/comments?post=66"}],"version-history":[{"count":4,"href":"https:\/\/kulturweit.blog\/lebeninathen\/wp-json\/wp\/v2\/pages\/66\/revisions"}],"predecessor-version":[{"id":472,"href":"https:\/\/kulturweit.blog\/lebeninathen\/wp-json\/wp\/v2\/pages\/66\/revisions\/472"}],"wp:attachment":[{"href":"https:\/\/kulturweit.blog\/lebeninathen\/wp-json\/wp\/v2\/media?parent=66"}],"curies":[{"name":"wp","href":"https:\/\/api.w.org\/{rel}","templated":true}]}}