{"id":603,"date":"2021-07-15T22:34:07","date_gmt":"2021-07-15T20:34:07","guid":{"rendered":"https:\/\/kulturweit.blog\/lebeninathen\/?page_id=603"},"modified":"2021-07-15T22:34:07","modified_gmt":"2021-07-15T20:34:07","slug":"arbeit-in-den-sommerferien","status":"publish","type":"page","link":"https:\/\/kulturweit.blog\/lebeninathen\/arbeit\/arbeit-in-den-sommerferien\/","title":{"rendered":"Arbeit in den Sommerferien"},"content":{"rendered":"<p>15.07.2021<\/p>\n<p>Heute war mein letzter Arbeitstag insgesamt! Ich habe jetzt seit Oktober viel gearbeitet und heute war der letzte Tag. Nach dem die Schule f\u00fcr die Grundsch\u00fcler Ende Juni beendet war, bin ich noch f\u00fcr zwei Wochen in eine Ferienbetreuung an der Deutschen Schule Athen gegangen und war im Kindergarten und der Vorschule eingesetzt.<\/p>\n<p>Heute war es ein bisschen schade, weil es der letzte Tag dort war. Es waren eigentlich nur zwei Wochen, aber doch lernt man viele Leute kennen und man geh\u00f6rt schon nach wenigen Tagen dazu. Ich bin irgendwie froh, dass es nicht l\u00e4nger war, weil man dann einfach keine richtig starke Beziehung aufbauen konnte. Aber eigentlich h\u00e4tte es noch l\u00e4nger sein k\u00f6nnen. Denn es hat sehr viel Spa\u00df gemacht. Am Abend bin ich zwar sehr m\u00fcde ins Bett und der Wecker hat wieder um 6 geklingelt, aber es hat einfach Spa\u00df gemacht und es hat sich gelohnt.<\/p>\n<p>Die Rahmenbedingungen waren n\u00e4mlich schwierig. Ich hatte ein Tag vor meinem ersten Tag die erste Impfung. Zum Gl\u00fcck habe ich mich am n\u00e4chsten Tag gut gef\u00fchlt. Es hatte jeden Tag zwischen 35 und 38 Grad. Ich hatte einen Schulweg von einer Stunde hin und nochmal einer Stunde zur\u00fcck mit mehr oder weniger einer Klimaanlage in der Metro. Man musste sich den ganzen Tag bewegen und viel laufen. Das war schon anstrengend, aber wenn es nicht so sch\u00f6n gewesen w\u00e4re, dann w\u00e4re das wesentlich schlimmer. So hat es sich trotzdem gelohnt.<\/p>\n<p>Heute am letzten Tag war es schade, sich von den Kindern zu verabschieden. Selbst in den zwei Wochen habe ich gemerkt, wie sich manche Kinder ver\u00e4ndert haben. Viele haben diese Woche mehr Deutsch mit mir geredet als letzte Woche. Aber die Kinder kennen einem nat\u00fcrlich nach so kurzer Zeit nicht wirklich und im Kindergarten merken sie nicht, dass man wirklich zum letzten Mal da ist und dann nicht mehr. Aber das ist okay so. Ich freue mich auf den Sommer und vermisse die ganzen Kinder in &#8222;meiner&#8220; Schule und in der &#8222;anderen&#8220; Schule auch schon!<\/p>\n","protected":false},"excerpt":{"rendered":"<p>15.07.2021 Heute war mein letzter Arbeitstag insgesamt! Ich habe jetzt seit Oktober viel gearbeitet und heute war der letzte Tag. Nach dem die Schule f\u00fcr die Grundsch\u00fcler Ende Juni beendet war, bin ich noch f\u00fcr zwei Wochen in eine Ferienbetreuung an der Deutschen Schule Athen gegangen und war im Kindergarten und der Vorschule eingesetzt. Heute [&hellip;]<\/p>\n","protected":false},"author":2872,"featured_media":0,"parent":64,"menu_order":0,"comment_status":"closed","ping_status":"closed","template":"","meta":{"footnotes":""},"class_list":["post-603","page","type-page","status-publish","hentry"],"amp_enabled":true,"_links":{"self":[{"href":"https:\/\/kulturweit.blog\/lebeninathen\/wp-json\/wp\/v2\/pages\/603"}],"collection":[{"href":"https:\/\/kulturweit.blog\/lebeninathen\/wp-json\/wp\/v2\/pages"}],"about":[{"href":"https:\/\/kulturweit.blog\/lebeninathen\/wp-json\/wp\/v2\/types\/page"}],"author":[{"embeddable":true,"href":"https:\/\/kulturweit.blog\/lebeninathen\/wp-json\/wp\/v2\/users\/2872"}],"replies":[{"embeddable":true,"href":"https:\/\/kulturweit.blog\/lebeninathen\/wp-json\/wp\/v2\/comments?post=603"}],"version-history":[{"count":1,"href":"https:\/\/kulturweit.blog\/lebeninathen\/wp-json\/wp\/v2\/pages\/603\/revisions"}],"predecessor-version":[{"id":604,"href":"https:\/\/kulturweit.blog\/lebeninathen\/wp-json\/wp\/v2\/pages\/603\/revisions\/604"}],"up":[{"embeddable":true,"href":"https:\/\/kulturweit.blog\/lebeninathen\/wp-json\/wp\/v2\/pages\/64"}],"wp:attachment":[{"href":"https:\/\/kulturweit.blog\/lebeninathen\/wp-json\/wp\/v2\/media?parent=603"}],"curies":[{"name":"wp","href":"https:\/\/api.w.org\/{rel}","templated":true}]}}