{"id":590,"date":"2021-07-07T18:51:05","date_gmt":"2021-07-07T16:51:05","guid":{"rendered":"https:\/\/kulturweit.blog\/lebeninathen\/?page_id=590"},"modified":"2021-07-07T18:51:31","modified_gmt":"2021-07-07T16:51:31","slug":"patras","status":"publish","type":"page","link":"https:\/\/kulturweit.blog\/lebeninathen\/freizeit\/patras\/","title":{"rendered":"Patras"},"content":{"rendered":"<p><strong>Patras &#8211; die drittgr\u00f6\u00dfte Stadt in Griechenland\u00a0 \u00a0 \u00a0 \u00a0 \u00a0 \u00a0 \u00a0 \u00a0 \u00a0 \u00a0 \u00a0 \u00a0 \u00a0 \u00a0 \u00a0 \u00a0 \u00a0 \u00a0 \u00a0 \u00a0 \u00a0 \u00a0 \u00a0 \u00a0 \u00a0 \u00a0 \u00a0 \u00a0 \u00a0 \u00a0 \u00a0 \u00a0 \u00a0 \u00a0 \u00a0 \u00a0 7.07.2021<\/strong><\/p>\n<p>Nach dem Trip nach Kefalonia bin ich mit der F\u00e4hre nach Patras gefahren. Patras ist eine wichtige Hafenstadt auf der Peleponnes, einer Halbinsel und liegt westlich von Athen. Die Stadt ist f\u00fcr griechische Verh\u00e4ltnisse sehr gro\u00df, da es nur wenige gro\u00dfe St\u00e4dte gibt. Die Stadt an sich ist nicht so beeindruckend, es gibt sehr viele Kirchen, viele H\u00fcgel (wie in jedem Teil von Griechenland) und in der N\u00e4he eine sehr sch\u00f6ne Br\u00fccke.<\/p>\n<p>Patras liegt im Norden der Peleponnes am Meer. Die Rio-Andirrio-Br\u00fccke ist eine Verbindung zwischen der Peleponnes und dem griechischem Festland. Die St\u00e4dte Rio (nur ein paar Kilometer von Patras entfernt) und Andirrio werden dadurch verbunden. Die Br\u00fccke ist fast 3 km lang und f\u00fchrt zum gr\u00f6\u00dften Teil \u00fcber dem Meer entlang. An dem Tag, an dem ich dort war, gab es meterhohe Wellen und das Schwimmen im Meer hat sehr viel Spa\u00df gemacht, auch wenn es nicht ungef\u00e4hrlich war.<\/p>\n<p>Viel machen kann man in Patras nicht, aber auch nur am Hafen sitzen, in den vielen guten Restaurants essen oder sich eine der erstaunlichen Kirchen anzuschauen ist auch schon sehr cool. Auf dem Bild sieht man die\u00a0Agios Andreas Kirche.<\/p>\n<p>Viel mehr gibt es eigentlich auch nicht zu sagen<\/p>\n<p><a href=\"https:\/\/kulturweit.blog\/lebeninathen\/files\/2021\/07\/WhatsApp-Image-2021-07-05-at-21.36.37-2.jpeg\"><img loading=\"lazy\" decoding=\"async\" class=\"alignnone size-medium wp-image-591\" src=\"https:\/\/kulturweit.blog\/lebeninathen\/files\/2021\/07\/WhatsApp-Image-2021-07-05-at-21.36.37-2-300x225.jpeg\" alt=\"\" width=\"300\" height=\"225\" srcset=\"https:\/\/kulturweit.blog\/lebeninathen\/files\/2021\/07\/WhatsApp-Image-2021-07-05-at-21.36.37-2-300x225.jpeg 300w, https:\/\/kulturweit.blog\/lebeninathen\/files\/2021\/07\/WhatsApp-Image-2021-07-05-at-21.36.37-2-768x577.jpeg 768w, https:\/\/kulturweit.blog\/lebeninathen\/files\/2021\/07\/WhatsApp-Image-2021-07-05-at-21.36.37-2-1x1.jpeg 1w, https:\/\/kulturweit.blog\/lebeninathen\/files\/2021\/07\/WhatsApp-Image-2021-07-05-at-21.36.37-2.jpeg 1024w\" sizes=\"(max-width: 300px) 100vw, 300px\" \/><\/a> <a href=\"https:\/\/kulturweit.blog\/lebeninathen\/files\/2021\/07\/WhatsApp-Image-2021-07-05-at-21.36.37.jpeg\"><img loading=\"lazy\" decoding=\"async\" class=\"alignnone size-medium wp-image-592\" src=\"https:\/\/kulturweit.blog\/lebeninathen\/files\/2021\/07\/WhatsApp-Image-2021-07-05-at-21.36.37-300x225.jpeg\" alt=\"\" width=\"300\" height=\"225\" srcset=\"https:\/\/kulturweit.blog\/lebeninathen\/files\/2021\/07\/WhatsApp-Image-2021-07-05-at-21.36.37-300x225.jpeg 300w, https:\/\/kulturweit.blog\/lebeninathen\/files\/2021\/07\/WhatsApp-Image-2021-07-05-at-21.36.37-768x577.jpeg 768w, https:\/\/kulturweit.blog\/lebeninathen\/files\/2021\/07\/WhatsApp-Image-2021-07-05-at-21.36.37-1x1.jpeg 1w, https:\/\/kulturweit.blog\/lebeninathen\/files\/2021\/07\/WhatsApp-Image-2021-07-05-at-21.36.37.jpeg 1024w\" sizes=\"(max-width: 300px) 100vw, 300px\" \/><\/a><\/p>\n","protected":false},"excerpt":{"rendered":"<p>Patras &#8211; die drittgr\u00f6\u00dfte Stadt in Griechenland\u00a0 \u00a0 \u00a0 \u00a0 \u00a0 \u00a0 \u00a0 \u00a0 \u00a0 \u00a0 \u00a0 \u00a0 \u00a0 \u00a0 \u00a0 \u00a0 \u00a0 \u00a0 \u00a0 \u00a0 \u00a0 \u00a0 \u00a0 \u00a0 \u00a0 \u00a0 \u00a0 \u00a0 \u00a0 \u00a0 \u00a0 \u00a0 \u00a0 \u00a0 \u00a0 \u00a0 7.07.2021 Nach dem Trip nach Kefalonia bin ich mit der F\u00e4hre nach Patras [&hellip;]<\/p>\n","protected":false},"author":2872,"featured_media":0,"parent":11,"menu_order":0,"comment_status":"closed","ping_status":"closed","template":"","meta":{"footnotes":""},"class_list":["post-590","page","type-page","status-publish","hentry"],"amp_enabled":true,"_links":{"self":[{"href":"https:\/\/kulturweit.blog\/lebeninathen\/wp-json\/wp\/v2\/pages\/590"}],"collection":[{"href":"https:\/\/kulturweit.blog\/lebeninathen\/wp-json\/wp\/v2\/pages"}],"about":[{"href":"https:\/\/kulturweit.blog\/lebeninathen\/wp-json\/wp\/v2\/types\/page"}],"author":[{"embeddable":true,"href":"https:\/\/kulturweit.blog\/lebeninathen\/wp-json\/wp\/v2\/users\/2872"}],"replies":[{"embeddable":true,"href":"https:\/\/kulturweit.blog\/lebeninathen\/wp-json\/wp\/v2\/comments?post=590"}],"version-history":[{"count":2,"href":"https:\/\/kulturweit.blog\/lebeninathen\/wp-json\/wp\/v2\/pages\/590\/revisions"}],"predecessor-version":[{"id":594,"href":"https:\/\/kulturweit.blog\/lebeninathen\/wp-json\/wp\/v2\/pages\/590\/revisions\/594"}],"up":[{"embeddable":true,"href":"https:\/\/kulturweit.blog\/lebeninathen\/wp-json\/wp\/v2\/pages\/11"}],"wp:attachment":[{"href":"https:\/\/kulturweit.blog\/lebeninathen\/wp-json\/wp\/v2\/media?parent=590"}],"curies":[{"name":"wp","href":"https:\/\/api.w.org\/{rel}","templated":true}]}}