{"id":584,"date":"2021-07-07T16:16:57","date_gmt":"2021-07-07T14:16:57","guid":{"rendered":"https:\/\/kulturweit.blog\/lebeninathen\/?page_id=584"},"modified":"2021-07-07T18:35:52","modified_gmt":"2021-07-07T16:35:52","slug":"kefalonia","status":"publish","type":"page","link":"https:\/\/kulturweit.blog\/lebeninathen\/freizeit\/kefalonia\/","title":{"rendered":"Kefalonia"},"content":{"rendered":"<p>7.07.2021<\/p>\n<p>Was f\u00fcr eine sch\u00f6ne Insel! Heute m\u00f6chte ich ein bisschen meine letzte Reise beschreiben. Vor zwei Tagen bin ich von einem Trip auf die Insel Kefalonia zur\u00fcckgekommen. Sie liegt im Ionischen Meer und westlich vom Festland. Von der Halbinsel Peleponnes, die westlich von Athen liegt kommt man mit der F\u00e4hre schnell nach Kefalonia.<\/p>\n<p>Ich bin zusammen mit meiner Mutter von Athen mit dem Bus nach Kyllini gefahren und dann mit der F\u00e4hre r\u00fcber nach Poros. Das ist die schnellste F\u00e4hrverbindung. Da wir aber direkt in die gr\u00f6\u00dfte Stadt wollten, ging es noch weiter mit dem Bus in die Hauptstadt Argostoli. Das war dann von Athen weit, aber hat sich definitiv gelohnt.<\/p>\n<p>Wir waren erst in Argostoli, dann ging es weiter nach Agia Efimia und nach Sami. Von dort aus haben wir uns drei Tage einen Roller gemietet und sind um die Insel herum gefahren. Besonders Assos, ein kleines Dorf auf der Insel war total sch\u00f6n. Aber auch die Str\u00e4nde. Es gibt so viele hellblaue Str\u00e4nde mit wei\u00dfen Steinen. Dadurch, dass die Insel sehr bergig ist, kann man viele von ihnen von oben sehen. Es gibt sehr viele B\u00e4ume, W\u00e4lder und viele Str\u00e4nde. Die Insel ist nicht so sehr bewohnt, auch nicht so touristisch. Das ist mit Corona super und im Gegensatz zur Gro\u00dfstadt Athen auch sch\u00f6n.<\/p>\n<p><a href=\"https:\/\/kulturweit.blog\/lebeninathen\/files\/2021\/07\/WhatsApp-Image-2021-07-03-at-10.20.02.jpeg\"><img loading=\"lazy\" decoding=\"async\" class=\"alignnone size-medium wp-image-585\" src=\"https:\/\/kulturweit.blog\/lebeninathen\/files\/2021\/07\/WhatsApp-Image-2021-07-03-at-10.20.02-300x399.jpeg\" alt=\"\" width=\"300\" height=\"399\" srcset=\"https:\/\/kulturweit.blog\/lebeninathen\/files\/2021\/07\/WhatsApp-Image-2021-07-03-at-10.20.02-300x399.jpeg 300w, https:\/\/kulturweit.blog\/lebeninathen\/files\/2021\/07\/WhatsApp-Image-2021-07-03-at-10.20.02-1x1.jpeg 1w, https:\/\/kulturweit.blog\/lebeninathen\/files\/2021\/07\/WhatsApp-Image-2021-07-03-at-10.20.02.jpeg 769w\" sizes=\"(max-width: 300px) 100vw, 300px\" \/><\/a><a href=\"https:\/\/kulturweit.blog\/lebeninathen\/files\/2021\/07\/WhatsApp-Image-2021-07-05-at-21.36.38-2.jpeg\"><img loading=\"lazy\" decoding=\"async\" class=\"alignnone size-medium wp-image-586\" src=\"https:\/\/kulturweit.blog\/lebeninathen\/files\/2021\/07\/WhatsApp-Image-2021-07-05-at-21.36.38-2-300x399.jpeg\" alt=\"\" width=\"300\" height=\"399\" srcset=\"https:\/\/kulturweit.blog\/lebeninathen\/files\/2021\/07\/WhatsApp-Image-2021-07-05-at-21.36.38-2-300x399.jpeg 300w, https:\/\/kulturweit.blog\/lebeninathen\/files\/2021\/07\/WhatsApp-Image-2021-07-05-at-21.36.38-2-1x1.jpeg 1w, https:\/\/kulturweit.blog\/lebeninathen\/files\/2021\/07\/WhatsApp-Image-2021-07-05-at-21.36.38-2.jpeg 769w\" sizes=\"(max-width: 300px) 100vw, 300px\" \/><\/a><\/p>\n<p>Die D\u00f6rfer und kleineren St\u00e4dte auf der Insel waren super sch\u00f6n. Sami oder Agia Efimia haben ihren ganz eigenen Charm. Alle haben einen Hafen und ein paar sch\u00f6ne Restaurants am Meer. Wir waren auch noch in Fiskardo, einem kleinen Ort im Norden der Insel. Auch in dieser Richtung gibt es super sch\u00f6ne Str\u00e4nde und Berge.<\/p>\n<p><a href=\"https:\/\/kulturweit.blog\/lebeninathen\/files\/2021\/07\/WhatsApp-Image-2021-07-02-at-16.49.34.jpeg\"><img loading=\"lazy\" decoding=\"async\" class=\"alignnone size-medium wp-image-587\" src=\"https:\/\/kulturweit.blog\/lebeninathen\/files\/2021\/07\/WhatsApp-Image-2021-07-02-at-16.49.34-300x399.jpeg\" alt=\"\" width=\"300\" height=\"399\" srcset=\"https:\/\/kulturweit.blog\/lebeninathen\/files\/2021\/07\/WhatsApp-Image-2021-07-02-at-16.49.34-300x399.jpeg 300w, https:\/\/kulturweit.blog\/lebeninathen\/files\/2021\/07\/WhatsApp-Image-2021-07-02-at-16.49.34-1x1.jpeg 1w, https:\/\/kulturweit.blog\/lebeninathen\/files\/2021\/07\/WhatsApp-Image-2021-07-02-at-16.49.34.jpeg 769w\" sizes=\"(max-width: 300px) 100vw, 300px\" \/><\/a><\/p>\n<p>Ansonsten waren wir noch in einer Tropfsteinh\u00f6hle und einem See in einer H\u00f6hle. Das war sehr interessant und sehr k\u00fchl im Vergleich zu oben. Die Insel ist echt super sch\u00f6n und da reichen nicht ein oder zwei Tage, um sie zu sehen. Wir waren insgesamt etwa 5 Tage dort. Zur\u00fcck sind wir dann aber anders gefahren, von Sami auf die Peloponnes nach Patras. Denn auf der Insel voranzukommen ist ohne Auto oder Roller super schwer. Es gibt kaum \u00f6ffentliche Verkehrsmittel au\u00dfer alle paar Tage ein Bus um eine Uhrzeit. Mit einem Roller kann man sehr weit fahren und viel sch\u00f6nes sehen!<\/p>\n","protected":false},"excerpt":{"rendered":"<p>7.07.2021 Was f\u00fcr eine sch\u00f6ne Insel! Heute m\u00f6chte ich ein bisschen meine letzte Reise beschreiben. Vor zwei Tagen bin ich von einem Trip auf die Insel Kefalonia zur\u00fcckgekommen. Sie liegt im Ionischen Meer und westlich vom Festland. Von der Halbinsel Peleponnes, die westlich von Athen liegt kommt man mit der F\u00e4hre schnell nach Kefalonia. Ich [&hellip;]<\/p>\n","protected":false},"author":2872,"featured_media":0,"parent":11,"menu_order":0,"comment_status":"closed","ping_status":"closed","template":"","meta":{"footnotes":""},"class_list":["post-584","page","type-page","status-publish","hentry"],"amp_enabled":true,"_links":{"self":[{"href":"https:\/\/kulturweit.blog\/lebeninathen\/wp-json\/wp\/v2\/pages\/584"}],"collection":[{"href":"https:\/\/kulturweit.blog\/lebeninathen\/wp-json\/wp\/v2\/pages"}],"about":[{"href":"https:\/\/kulturweit.blog\/lebeninathen\/wp-json\/wp\/v2\/types\/page"}],"author":[{"embeddable":true,"href":"https:\/\/kulturweit.blog\/lebeninathen\/wp-json\/wp\/v2\/users\/2872"}],"replies":[{"embeddable":true,"href":"https:\/\/kulturweit.blog\/lebeninathen\/wp-json\/wp\/v2\/comments?post=584"}],"version-history":[{"count":2,"href":"https:\/\/kulturweit.blog\/lebeninathen\/wp-json\/wp\/v2\/pages\/584\/revisions"}],"predecessor-version":[{"id":589,"href":"https:\/\/kulturweit.blog\/lebeninathen\/wp-json\/wp\/v2\/pages\/584\/revisions\/589"}],"up":[{"embeddable":true,"href":"https:\/\/kulturweit.blog\/lebeninathen\/wp-json\/wp\/v2\/pages\/11"}],"wp:attachment":[{"href":"https:\/\/kulturweit.blog\/lebeninathen\/wp-json\/wp\/v2\/media?parent=584"}],"curies":[{"name":"wp","href":"https:\/\/api.w.org\/{rel}","templated":true}]}}