{"id":569,"date":"2021-06-22T16:07:10","date_gmt":"2021-06-22T14:07:10","guid":{"rendered":"https:\/\/kulturweit.blog\/lebeninathen\/?page_id=569"},"modified":"2021-06-22T16:07:49","modified_gmt":"2021-06-22T14:07:49","slug":"thessaloniki","status":"publish","type":"page","link":"https:\/\/kulturweit.blog\/lebeninathen\/freizeit\/thessaloniki\/","title":{"rendered":"Thessaloniki"},"content":{"rendered":"<p>Herzlich Willkommen zu einem neuen Post! Letzte Woche gab es ein verl\u00e4ngertes Wochenende und deshalb bin ich mit meinen zwei Mitbewohnerinnen mit dem Zug nach Thessaloniki gefahren. Wir sind am Samstag Morgen los und haben mit dem Zug etwa 4 1\/2 Stunden gebraucht. Der Zug war \u00e4hnlich wie ein IC in Deutschland, auch wenn es nicht so geregelt war. Die Tickets kauft man erst am Bahnhof und dann stellt man sich irgendwo am Bahnhof hin. Wenn der Zug kommt, rennen alle von der einen auf die andere Seite, weil der Wagon mit den Sitzpl\u00e4tzen auf der anderen Seite ist. Das ist nat\u00fcrlich auch nirgends angeschrieben. Das war schon komisch zu sehen.<\/p>\n<p>Die Zugfahrt von S\u00fcd-Griechenland nach Nord-Griechenland war super sch\u00f6n. Man sieht ganz viel Natur, viele Berge (auch den h\u00f6chsten Berg von Griechenland, den Olymp mit etwa 3000 Meter H\u00f6he) und Wiesen. Das ist etwas ganz anderes als die Gro\u00dfstadt Athen und Umgebung. Au\u00dferdem sind die W\u00e4lder und Wiesen weiter im Norden nicht mehr so ausgetrocknet. Das ist in Athen schon sehr krass!<\/p>\n<p>Wir verbrachten den Samstag und Sonntag in Thessaloniki und fuhren am Montag wieder zur\u00fcck. Wir haben die Stadt angeschaut, den Hafen und das Meer, den Wei\u00dfen Turm, die vielen Kirchen und die Fu\u00dfg\u00e4ngerzonen. Thessaloniki macht auch mich einen total sch\u00f6nen Eindruck. \u00c4hnlich wie Athen ist es eine gro\u00dfe Stadt mit etwa 1 Million Einwohner (und damit die zweitgr\u00f6\u00dfte Stadt Griechenlands). Man merkt aber, dass sie kleiner ist. Das Meer ist direkt neben der Stadt, es ist ein bisschen ruhiger und kleiner als Athen.<\/p>\n<p>Besonders am Abend kann man den Sonnenuntergang vom Hafen sehen und bestaunen. Da es aber am Tag sehr warm war und wir ein bisschen m\u00fcde von der Woche waren, haben wir nicht so viel gemacht und mehr entspannt. Das Wetter war auch sehr warm und dann konnte man nicht immer viel laufen. Ausruhen ist auch okay.<\/p>\n<p>Mir hat die Stadt super gefallen. Nach vielen Monaten in Athen war es sehr sch\u00f6n auch Thessaloniki zu sehen. Im Sommer werden wir aber wohl nochmal nach Thessaloniki gehen.<\/p>\n<p>&nbsp;<\/p>\n<p><a href=\"https:\/\/kulturweit.blog\/lebeninathen\/files\/2021\/06\/WhatsApp-Image-2021-06-22-at-16.51.01-1.jpeg\"><img loading=\"lazy\" decoding=\"async\" class=\"alignnone size-medium wp-image-572\" src=\"https:\/\/kulturweit.blog\/lebeninathen\/files\/2021\/06\/WhatsApp-Image-2021-06-22-at-16.51.01-1-300x225.jpeg\" alt=\"\" width=\"300\" height=\"225\" srcset=\"https:\/\/kulturweit.blog\/lebeninathen\/files\/2021\/06\/WhatsApp-Image-2021-06-22-at-16.51.01-1-300x225.jpeg 300w, https:\/\/kulturweit.blog\/lebeninathen\/files\/2021\/06\/WhatsApp-Image-2021-06-22-at-16.51.01-1-768x577.jpeg 768w, https:\/\/kulturweit.blog\/lebeninathen\/files\/2021\/06\/WhatsApp-Image-2021-06-22-at-16.51.01-1-1x1.jpeg 1w, https:\/\/kulturweit.blog\/lebeninathen\/files\/2021\/06\/WhatsApp-Image-2021-06-22-at-16.51.01-1.jpeg 1024w\" sizes=\"(max-width: 300px) 100vw, 300px\" \/><\/a><\/p>\n<p><a href=\"https:\/\/kulturweit.blog\/lebeninathen\/files\/2021\/06\/WhatsApp-Image-2021-06-22-at-16.51.00-1.jpeg\"><img loading=\"lazy\" decoding=\"async\" class=\"alignnone size-medium wp-image-570\" src=\"https:\/\/kulturweit.blog\/lebeninathen\/files\/2021\/06\/WhatsApp-Image-2021-06-22-at-16.51.00-1-300x225.jpeg\" alt=\"\" width=\"300\" height=\"225\" srcset=\"https:\/\/kulturweit.blog\/lebeninathen\/files\/2021\/06\/WhatsApp-Image-2021-06-22-at-16.51.00-1-300x225.jpeg 300w, https:\/\/kulturweit.blog\/lebeninathen\/files\/2021\/06\/WhatsApp-Image-2021-06-22-at-16.51.00-1-768x577.jpeg 768w, https:\/\/kulturweit.blog\/lebeninathen\/files\/2021\/06\/WhatsApp-Image-2021-06-22-at-16.51.00-1-1x1.jpeg 1w, https:\/\/kulturweit.blog\/lebeninathen\/files\/2021\/06\/WhatsApp-Image-2021-06-22-at-16.51.00-1.jpeg 1024w\" sizes=\"(max-width: 300px) 100vw, 300px\" \/><\/a><\/p>\n<p><a href=\"https:\/\/kulturweit.blog\/lebeninathen\/files\/2021\/06\/WhatsApp-Image-2021-06-22-at-16.51.00.jpeg\"><img loading=\"lazy\" decoding=\"async\" class=\"alignnone size-medium wp-image-571\" src=\"https:\/\/kulturweit.blog\/lebeninathen\/files\/2021\/06\/WhatsApp-Image-2021-06-22-at-16.51.00-300x225.jpeg\" alt=\"\" width=\"300\" height=\"225\" srcset=\"https:\/\/kulturweit.blog\/lebeninathen\/files\/2021\/06\/WhatsApp-Image-2021-06-22-at-16.51.00-300x225.jpeg 300w, https:\/\/kulturweit.blog\/lebeninathen\/files\/2021\/06\/WhatsApp-Image-2021-06-22-at-16.51.00-768x577.jpeg 768w, https:\/\/kulturweit.blog\/lebeninathen\/files\/2021\/06\/WhatsApp-Image-2021-06-22-at-16.51.00-1x1.jpeg 1w, https:\/\/kulturweit.blog\/lebeninathen\/files\/2021\/06\/WhatsApp-Image-2021-06-22-at-16.51.00.jpeg 1024w\" sizes=\"(max-width: 300px) 100vw, 300px\" \/><\/a><\/p>\n<p><a href=\"https:\/\/kulturweit.blog\/lebeninathen\/files\/2021\/06\/WhatsApp-Image-2021-06-22-at-16.51.01-4.jpeg\"><img loading=\"lazy\" decoding=\"async\" class=\"alignnone size-medium wp-image-575\" src=\"https:\/\/kulturweit.blog\/lebeninathen\/files\/2021\/06\/WhatsApp-Image-2021-06-22-at-16.51.01-4-300x399.jpeg\" alt=\"\" width=\"300\" height=\"399\" srcset=\"https:\/\/kulturweit.blog\/lebeninathen\/files\/2021\/06\/WhatsApp-Image-2021-06-22-at-16.51.01-4-300x399.jpeg 300w, https:\/\/kulturweit.blog\/lebeninathen\/files\/2021\/06\/WhatsApp-Image-2021-06-22-at-16.51.01-4-1x1.jpeg 1w, https:\/\/kulturweit.blog\/lebeninathen\/files\/2021\/06\/WhatsApp-Image-2021-06-22-at-16.51.01-4.jpeg 769w\" sizes=\"(max-width: 300px) 100vw, 300px\" \/><\/a><\/p>\n","protected":false},"excerpt":{"rendered":"<p>Herzlich Willkommen zu einem neuen Post! Letzte Woche gab es ein verl\u00e4ngertes Wochenende und deshalb bin ich mit meinen zwei Mitbewohnerinnen mit dem Zug nach Thessaloniki gefahren. Wir sind am Samstag Morgen los und haben mit dem Zug etwa 4 1\/2 Stunden gebraucht. Der Zug war \u00e4hnlich wie ein IC in Deutschland, auch wenn es [&hellip;]<\/p>\n","protected":false},"author":2872,"featured_media":0,"parent":11,"menu_order":0,"comment_status":"closed","ping_status":"closed","template":"","meta":{"footnotes":""},"class_list":["post-569","page","type-page","status-publish","hentry"],"amp_enabled":true,"_links":{"self":[{"href":"https:\/\/kulturweit.blog\/lebeninathen\/wp-json\/wp\/v2\/pages\/569"}],"collection":[{"href":"https:\/\/kulturweit.blog\/lebeninathen\/wp-json\/wp\/v2\/pages"}],"about":[{"href":"https:\/\/kulturweit.blog\/lebeninathen\/wp-json\/wp\/v2\/types\/page"}],"author":[{"embeddable":true,"href":"https:\/\/kulturweit.blog\/lebeninathen\/wp-json\/wp\/v2\/users\/2872"}],"replies":[{"embeddable":true,"href":"https:\/\/kulturweit.blog\/lebeninathen\/wp-json\/wp\/v2\/comments?post=569"}],"version-history":[{"count":2,"href":"https:\/\/kulturweit.blog\/lebeninathen\/wp-json\/wp\/v2\/pages\/569\/revisions"}],"predecessor-version":[{"id":578,"href":"https:\/\/kulturweit.blog\/lebeninathen\/wp-json\/wp\/v2\/pages\/569\/revisions\/578"}],"up":[{"embeddable":true,"href":"https:\/\/kulturweit.blog\/lebeninathen\/wp-json\/wp\/v2\/pages\/11"}],"wp:attachment":[{"href":"https:\/\/kulturweit.blog\/lebeninathen\/wp-json\/wp\/v2\/media?parent=569"}],"curies":[{"name":"wp","href":"https:\/\/api.w.org\/{rel}","templated":true}]}}