{"id":563,"date":"2021-06-22T15:48:58","date_gmt":"2021-06-22T13:48:58","guid":{"rendered":"https:\/\/kulturweit.blog\/lebeninathen\/?page_id=563"},"modified":"2021-06-22T15:50:02","modified_gmt":"2021-06-22T13:50:02","slug":"poros","status":"publish","type":"page","link":"https:\/\/kulturweit.blog\/lebeninathen\/freizeit\/poros\/","title":{"rendered":"Poros"},"content":{"rendered":"<p>Herzlich Willkommen zu einem neuen Blogpost! Am Sonntag, den 13. Juni war ich zusammen mit einer Freundin aus Deutschland auf einer Insel in der N\u00e4he von Athen. Die Insel hei\u00dft Poros, ist klein und liegt im Saronischen Golf. Das Besondere an Poros ist, dass die Insel nur 300 Meter von dem Ort Galatas, welcher auf der Peleponnes liegt, entfernt ist.<\/p>\n<p>Mit der Schnellf\u00e4hre braucht man nur etwa 1 Stunde von Athen aus. Mit einer langsameren F\u00e4hre etwa 3 Stunden. Die Insel ist auf jeden Fall sehenswert. Auch wenn wir nur zu Fu\u00df unterwegs waren, haben wir zwei H\u00fcgel besichtigt und hatten sehr sch\u00f6ne Aussichten auf das Meer und die Stadt auf der Peleponnes. Die H\u00e4user sind niedlich und auf einem H\u00fcgel steht ein Glockenturm, den man auf dem Bild sieht.<\/p>\n<p>Wir waren baden, haben nat\u00fcrlich auch etwas Sonnenbrand bekommen und in einem Restaurant gegessen. Es gibt viele Restaurants mit vielen Leckereien. Der Hafen mit der Altstadt ist super sch\u00f6n und wir sind dort etwas spaziert. Die Insel ist eine der sch\u00f6neren in der N\u00e4he von Athen und das lohnt sich f\u00fcr einen Tagesausflug, auch wenn man noch l\u00e4nger Zeit dort verbringen k\u00f6nnte.<\/p>\n<p><a href=\"https:\/\/kulturweit.blog\/lebeninathen\/files\/2021\/06\/WhatsApp-Image-2021-06-18-at-08.43.35-16.jpeg\"><img loading=\"lazy\" decoding=\"async\" class=\"alignnone size-medium wp-image-564\" src=\"https:\/\/kulturweit.blog\/lebeninathen\/files\/2021\/06\/WhatsApp-Image-2021-06-18-at-08.43.35-16-300x400.jpeg\" alt=\"\" width=\"300\" height=\"400\" srcset=\"https:\/\/kulturweit.blog\/lebeninathen\/files\/2021\/06\/WhatsApp-Image-2021-06-18-at-08.43.35-16-300x400.jpeg 300w, https:\/\/kulturweit.blog\/lebeninathen\/files\/2021\/06\/WhatsApp-Image-2021-06-18-at-08.43.35-16-1x1.jpeg 1w, https:\/\/kulturweit.blog\/lebeninathen\/files\/2021\/06\/WhatsApp-Image-2021-06-18-at-08.43.35-16.jpeg 768w\" sizes=\"(max-width: 300px) 100vw, 300px\" \/><\/a><\/p>\n<p><a href=\"https:\/\/kulturweit.blog\/lebeninathen\/files\/2021\/06\/WhatsApp-Image-2021-06-18-at-08.43.35-26.jpeg\"><img loading=\"lazy\" decoding=\"async\" class=\"alignnone size-medium wp-image-566\" src=\"https:\/\/kulturweit.blog\/lebeninathen\/files\/2021\/06\/WhatsApp-Image-2021-06-18-at-08.43.35-26-300x225.jpeg\" alt=\"\" width=\"300\" height=\"225\" srcset=\"https:\/\/kulturweit.blog\/lebeninathen\/files\/2021\/06\/WhatsApp-Image-2021-06-18-at-08.43.35-26-300x225.jpeg 300w, https:\/\/kulturweit.blog\/lebeninathen\/files\/2021\/06\/WhatsApp-Image-2021-06-18-at-08.43.35-26-768x576.jpeg 768w, https:\/\/kulturweit.blog\/lebeninathen\/files\/2021\/06\/WhatsApp-Image-2021-06-18-at-08.43.35-26-1x1.jpeg 1w, https:\/\/kulturweit.blog\/lebeninathen\/files\/2021\/06\/WhatsApp-Image-2021-06-18-at-08.43.35-26.jpeg 1024w\" sizes=\"(max-width: 300px) 100vw, 300px\" \/><\/a><\/p>\n<p><a href=\"https:\/\/kulturweit.blog\/lebeninathen\/files\/2021\/06\/WhatsApp-Image-2021-06-18-at-08.43.35-17.jpeg\"><img loading=\"lazy\" decoding=\"async\" class=\"alignnone size-medium wp-image-565\" src=\"https:\/\/kulturweit.blog\/lebeninathen\/files\/2021\/06\/WhatsApp-Image-2021-06-18-at-08.43.35-17-300x225.jpeg\" alt=\"\" width=\"300\" height=\"225\" srcset=\"https:\/\/kulturweit.blog\/lebeninathen\/files\/2021\/06\/WhatsApp-Image-2021-06-18-at-08.43.35-17-300x225.jpeg 300w, https:\/\/kulturweit.blog\/lebeninathen\/files\/2021\/06\/WhatsApp-Image-2021-06-18-at-08.43.35-17-768x576.jpeg 768w, https:\/\/kulturweit.blog\/lebeninathen\/files\/2021\/06\/WhatsApp-Image-2021-06-18-at-08.43.35-17-1x1.jpeg 1w, https:\/\/kulturweit.blog\/lebeninathen\/files\/2021\/06\/WhatsApp-Image-2021-06-18-at-08.43.35-17.jpeg 1024w\" sizes=\"(max-width: 300px) 100vw, 300px\" \/><\/a><\/p>\n<p>&nbsp;<\/p>\n","protected":false},"excerpt":{"rendered":"<p>Herzlich Willkommen zu einem neuen Blogpost! Am Sonntag, den 13. Juni war ich zusammen mit einer Freundin aus Deutschland auf einer Insel in der N\u00e4he von Athen. Die Insel hei\u00dft Poros, ist klein und liegt im Saronischen Golf. Das Besondere an Poros ist, dass die Insel nur 300 Meter von dem Ort Galatas, welcher auf [&hellip;]<\/p>\n","protected":false},"author":2872,"featured_media":0,"parent":11,"menu_order":0,"comment_status":"closed","ping_status":"closed","template":"","meta":{"footnotes":""},"class_list":["post-563","page","type-page","status-publish","hentry"],"amp_enabled":true,"_links":{"self":[{"href":"https:\/\/kulturweit.blog\/lebeninathen\/wp-json\/wp\/v2\/pages\/563"}],"collection":[{"href":"https:\/\/kulturweit.blog\/lebeninathen\/wp-json\/wp\/v2\/pages"}],"about":[{"href":"https:\/\/kulturweit.blog\/lebeninathen\/wp-json\/wp\/v2\/types\/page"}],"author":[{"embeddable":true,"href":"https:\/\/kulturweit.blog\/lebeninathen\/wp-json\/wp\/v2\/users\/2872"}],"replies":[{"embeddable":true,"href":"https:\/\/kulturweit.blog\/lebeninathen\/wp-json\/wp\/v2\/comments?post=563"}],"version-history":[{"count":2,"href":"https:\/\/kulturweit.blog\/lebeninathen\/wp-json\/wp\/v2\/pages\/563\/revisions"}],"predecessor-version":[{"id":568,"href":"https:\/\/kulturweit.blog\/lebeninathen\/wp-json\/wp\/v2\/pages\/563\/revisions\/568"}],"up":[{"embeddable":true,"href":"https:\/\/kulturweit.blog\/lebeninathen\/wp-json\/wp\/v2\/pages\/11"}],"wp:attachment":[{"href":"https:\/\/kulturweit.blog\/lebeninathen\/wp-json\/wp\/v2\/media?parent=563"}],"curies":[{"name":"wp","href":"https:\/\/api.w.org\/{rel}","templated":true}]}}