{"id":552,"date":"2021-06-03T17:48:08","date_gmt":"2021-06-03T15:48:08","guid":{"rendered":"https:\/\/kulturweit.blog\/lebeninathen\/?page_id=552"},"modified":"2021-06-22T16:09:04","modified_gmt":"2021-06-22T14:09:04","slug":"kap-sunion","status":"publish","type":"page","link":"https:\/\/kulturweit.blog\/lebeninathen\/freizeit\/kap-sunion\/","title":{"rendered":"Kap Sunion"},"content":{"rendered":"<p><a href=\"https:\/\/kulturweit.blog\/lebeninathen\/files\/2021\/06\/WhatsApp-Image-2021-05-30-at-16.34.15-1.jpeg\"><img loading=\"lazy\" decoding=\"async\" class=\"alignnone size-medium wp-image-553\" src=\"https:\/\/kulturweit.blog\/lebeninathen\/files\/2021\/06\/WhatsApp-Image-2021-05-30-at-16.34.15-1-300x225.jpeg\" alt=\"\" width=\"300\" height=\"225\" srcset=\"https:\/\/kulturweit.blog\/lebeninathen\/files\/2021\/06\/WhatsApp-Image-2021-05-30-at-16.34.15-1-300x225.jpeg 300w, https:\/\/kulturweit.blog\/lebeninathen\/files\/2021\/06\/WhatsApp-Image-2021-05-30-at-16.34.15-1-768x577.jpeg 768w, https:\/\/kulturweit.blog\/lebeninathen\/files\/2021\/06\/WhatsApp-Image-2021-05-30-at-16.34.15-1-1x1.jpeg 1w, https:\/\/kulturweit.blog\/lebeninathen\/files\/2021\/06\/WhatsApp-Image-2021-05-30-at-16.34.15-1.jpeg 1024w\" sizes=\"(max-width: 300px) 100vw, 300px\" \/><\/a> <a href=\"https:\/\/kulturweit.blog\/lebeninathen\/files\/2021\/06\/WhatsApp-Image-2021-05-30-at-16.34.16-1.jpeg\"><img loading=\"lazy\" decoding=\"async\" class=\"alignnone size-medium wp-image-554\" src=\"https:\/\/kulturweit.blog\/lebeninathen\/files\/2021\/06\/WhatsApp-Image-2021-05-30-at-16.34.16-1-300x225.jpeg\" alt=\"\" width=\"300\" height=\"225\" srcset=\"https:\/\/kulturweit.blog\/lebeninathen\/files\/2021\/06\/WhatsApp-Image-2021-05-30-at-16.34.16-1-300x225.jpeg 300w, https:\/\/kulturweit.blog\/lebeninathen\/files\/2021\/06\/WhatsApp-Image-2021-05-30-at-16.34.16-1-768x577.jpeg 768w, https:\/\/kulturweit.blog\/lebeninathen\/files\/2021\/06\/WhatsApp-Image-2021-05-30-at-16.34.16-1-1x1.jpeg 1w, https:\/\/kulturweit.blog\/lebeninathen\/files\/2021\/06\/WhatsApp-Image-2021-05-30-at-16.34.16-1.jpeg 1024w\" sizes=\"(max-width: 300px) 100vw, 300px\" \/><\/a> <a href=\"https:\/\/kulturweit.blog\/lebeninathen\/files\/2021\/06\/WhatsApp-Image-2021-05-30-at-16.34.16.jpeg\"><img loading=\"lazy\" decoding=\"async\" class=\"alignnone size-medium wp-image-555\" src=\"https:\/\/kulturweit.blog\/lebeninathen\/files\/2021\/06\/WhatsApp-Image-2021-05-30-at-16.34.16-300x225.jpeg\" alt=\"\" width=\"300\" height=\"225\" srcset=\"https:\/\/kulturweit.blog\/lebeninathen\/files\/2021\/06\/WhatsApp-Image-2021-05-30-at-16.34.16-300x225.jpeg 300w, https:\/\/kulturweit.blog\/lebeninathen\/files\/2021\/06\/WhatsApp-Image-2021-05-30-at-16.34.16-768x577.jpeg 768w, https:\/\/kulturweit.blog\/lebeninathen\/files\/2021\/06\/WhatsApp-Image-2021-05-30-at-16.34.16-1x1.jpeg 1w, https:\/\/kulturweit.blog\/lebeninathen\/files\/2021\/06\/WhatsApp-Image-2021-05-30-at-16.34.16.jpeg 1024w\" sizes=\"(max-width: 300px) 100vw, 300px\" \/><\/a><\/p>\n<p>WOW! Die Bilder sprechen schon f\u00fcr sich oder? Am Samstag, den 29. Mai war ich mit meiner Mitbewohnerin, meinem Bruder und seiner Freundin in Sunion, am Kap Sunion. Das liegt an der s\u00fcdlichsten Spitze von Attika. Bekannt in der Ort vor allem durch den Marmortempel des Gottes Poseidon. Es ist etwa 70 km von Athen entfernt und wir haben den Ort mit einem Bus von Athen erreicht. Die Fahrt ist etwas ungem\u00fctlich, durch viele Kurven und dauert sehr lange. Nach etwa 2 Stunden erreicht man den Tempel dann und der Ausblick dort oben ist super sch\u00f6n. Man hat einen Panoramablick \u00fcber das Meer und die Berge drum herum. Der Ort ist definitiv etwas besonderes, da in der N\u00e4he nur wenige H\u00e4user sind und von der Hauptstadt Athen nichts mehr zu sp\u00fcren ist. Es ist einfach eine wundersch\u00f6ne Landschaft mit einem sehr alten Tempel. Er wurde im 5. Jahrhundert vor Christus gebaut und ist bis heute noch standhaft, auch wenn einige S\u00e4ulen fehlen.<\/p>\n<p>Wir waren anschlie\u00dfend schwimmen und noch etwas essen. Die Busse fahren leider nicht so g\u00fcnstig, sodass man nicht so lange dort bleiben kann. Aber f\u00fcr einige Stunden ist es das auf jeden Fall wert und kann man schon machen. Da das Wetter an diesem Tag mal wieder traumhaft sch\u00f6n war, hatte man so sch\u00f6ne Blicke.<\/p>\n","protected":false},"excerpt":{"rendered":"<p>WOW! Die Bilder sprechen schon f\u00fcr sich oder? Am Samstag, den 29. Mai war ich mit meiner Mitbewohnerin, meinem Bruder und seiner Freundin in Sunion, am Kap Sunion. Das liegt an der s\u00fcdlichsten Spitze von Attika. Bekannt in der Ort vor allem durch den Marmortempel des Gottes Poseidon. Es ist etwa 70 km von Athen [&hellip;]<\/p>\n","protected":false},"author":2872,"featured_media":0,"parent":11,"menu_order":0,"comment_status":"closed","ping_status":"closed","template":"","meta":{"footnotes":""},"class_list":["post-552","page","type-page","status-publish","hentry"],"amp_enabled":true,"_links":{"self":[{"href":"https:\/\/kulturweit.blog\/lebeninathen\/wp-json\/wp\/v2\/pages\/552"}],"collection":[{"href":"https:\/\/kulturweit.blog\/lebeninathen\/wp-json\/wp\/v2\/pages"}],"about":[{"href":"https:\/\/kulturweit.blog\/lebeninathen\/wp-json\/wp\/v2\/types\/page"}],"author":[{"embeddable":true,"href":"https:\/\/kulturweit.blog\/lebeninathen\/wp-json\/wp\/v2\/users\/2872"}],"replies":[{"embeddable":true,"href":"https:\/\/kulturweit.blog\/lebeninathen\/wp-json\/wp\/v2\/comments?post=552"}],"version-history":[{"count":2,"href":"https:\/\/kulturweit.blog\/lebeninathen\/wp-json\/wp\/v2\/pages\/552\/revisions"}],"predecessor-version":[{"id":579,"href":"https:\/\/kulturweit.blog\/lebeninathen\/wp-json\/wp\/v2\/pages\/552\/revisions\/579"}],"up":[{"embeddable":true,"href":"https:\/\/kulturweit.blog\/lebeninathen\/wp-json\/wp\/v2\/pages\/11"}],"wp:attachment":[{"href":"https:\/\/kulturweit.blog\/lebeninathen\/wp-json\/wp\/v2\/media?parent=552"}],"curies":[{"name":"wp","href":"https:\/\/api.w.org\/{rel}","templated":true}]}}