{"id":541,"date":"2021-05-20T13:51:01","date_gmt":"2021-05-20T11:51:01","guid":{"rendered":"https:\/\/kulturweit.blog\/lebeninathen\/?page_id=541"},"modified":"2021-05-20T14:26:58","modified_gmt":"2021-05-20T12:26:58","slug":"back-to-school","status":"publish","type":"page","link":"https:\/\/kulturweit.blog\/lebeninathen\/arbeit\/back-to-school\/","title":{"rendered":"Schul\u00f6ffnung im Mai"},"content":{"rendered":"<p><em>6.15: &#8222;Muss ich jetzt wirklich aufstehen&#8220; &#8222;Ja, mach schon, die Schule wartet&#8220;\u00a0 \u00a0 \u00a0 \u00a0 \u00a0 \u00a0 \u00a0 \u00a0 \u00a0 \u00a0 \u00a0 \u00a0 \u00a0 \u00a0 \u00a0 \u00a0 \u00a020. Mai 2021<\/em><\/p>\n<p>Es ist zwar noch t\u00e4glich ein Kampf so fr\u00fch aus dem Bett zu kommen, aber es lohnt sich auf jeden Fall. Dadurch, dass ich einen langen Schulweg habe (fast eine Stunde) muss ich relativ fr\u00fch aufstehen. Nach den letzten Monaten ist das nicht so leicht. Eigentlich mag ich es fr\u00fch aufzustehen, aber es dauert einfach extrem lange, bis man sich daran gew\u00f6hnt.<\/p>\n<p>Kommen wir zur Schule: Ich bin super gl\u00fccklich, die Kleinen wieder zu sehen. Jetzt sind schon wieder fast 2 Wochen vorbei. Das ging so schnell! Ich kenne jetzt alle Sch\u00fcler und die Kinder im Kindergarten. So langsam mache ich viel mit Ihnen und baue eine Beziehung auf. Es ist so schade, dass das durch Corona bisher fast unm\u00f6glich war. Wenn ich daran denke, dass das Schuljahr in wenigen Wochen vorbeigeht, bin ich traurig, dass ich nicht mehr Zeit in der Schule verbringen konnte. Online war echt nicht einfach und oft nervig.<\/p>\n<p>Die Drittkl\u00e4ssler haben mich gestern auch schon gefragt, ob ich n\u00e4chstes Schuljahr wieder komme. Sch\u00f6n w\u00e4re das, aber das geht leider nicht. Daf\u00fcr habe ich jetzt noch ein paar Wochen Zeit. Die muss ich auf jeden Fall nutzen.<\/p>\n<p>Die Kinder sind jetzt mittlerweile auch so, dass sie mich kennen und der Unterricht viel Spa\u00df macht. Einzelne Klassen freuen sich immer so sehr, wenn ich da bin. Viele wollen mich dann umarmen, aber das geht nat\u00fcrlich nicht. Ich lese Texte oder Vokabeln vor, bespreche manchmal Aufgaben oder helfe bei der m\u00fcndlichen Kommunikation. Das macht auch echt Spa\u00df.<\/p>\n<p>Ich kenne auch mittlerweile andere Lehrer, die kein Deutsch unterrichten. Das ist aber zum Teil schwer, da viele nur Griechisch reden und wir da keine M\u00f6glichkeit haben, uns zu unterhalten. Mit manchen dann auf Englisch oder leichte griechische Formulierungen.<\/p>\n<p>Aber an sich ist das echt so cool, wieder in die Schule zu gehen. Es ist ungewohnt nach 3 Monaten Pause, aber die zwei Wochen waren bisher echt total toll. Ich bin gespannt, wie die letzten 5 Wochen sind und freue mich auf die Zeit!<\/p>\n","protected":false},"excerpt":{"rendered":"<p>6.15: &#8222;Muss ich jetzt wirklich aufstehen&#8220; &#8222;Ja, mach schon, die Schule wartet&#8220;\u00a0 \u00a0 \u00a0 \u00a0 \u00a0 \u00a0 \u00a0 \u00a0 \u00a0 \u00a0 \u00a0 \u00a0 \u00a0 \u00a0 \u00a0 \u00a0 \u00a020. Mai 2021 Es ist zwar noch t\u00e4glich ein Kampf so fr\u00fch aus dem Bett zu kommen, aber es lohnt sich auf jeden Fall. Dadurch, dass ich einen [&hellip;]<\/p>\n","protected":false},"author":2872,"featured_media":0,"parent":64,"menu_order":0,"comment_status":"closed","ping_status":"closed","template":"","meta":{"footnotes":""},"class_list":["post-541","page","type-page","status-publish","hentry"],"amp_enabled":true,"_links":{"self":[{"href":"https:\/\/kulturweit.blog\/lebeninathen\/wp-json\/wp\/v2\/pages\/541"}],"collection":[{"href":"https:\/\/kulturweit.blog\/lebeninathen\/wp-json\/wp\/v2\/pages"}],"about":[{"href":"https:\/\/kulturweit.blog\/lebeninathen\/wp-json\/wp\/v2\/types\/page"}],"author":[{"embeddable":true,"href":"https:\/\/kulturweit.blog\/lebeninathen\/wp-json\/wp\/v2\/users\/2872"}],"replies":[{"embeddable":true,"href":"https:\/\/kulturweit.blog\/lebeninathen\/wp-json\/wp\/v2\/comments?post=541"}],"version-history":[{"count":3,"href":"https:\/\/kulturweit.blog\/lebeninathen\/wp-json\/wp\/v2\/pages\/541\/revisions"}],"predecessor-version":[{"id":548,"href":"https:\/\/kulturweit.blog\/lebeninathen\/wp-json\/wp\/v2\/pages\/541\/revisions\/548"}],"up":[{"embeddable":true,"href":"https:\/\/kulturweit.blog\/lebeninathen\/wp-json\/wp\/v2\/pages\/64"}],"wp:attachment":[{"href":"https:\/\/kulturweit.blog\/lebeninathen\/wp-json\/wp\/v2\/media?parent=541"}],"curies":[{"name":"wp","href":"https:\/\/api.w.org\/{rel}","templated":true}]}}