{"id":501,"date":"2021-04-10T10:26:25","date_gmt":"2021-04-10T08:26:25","guid":{"rendered":"https:\/\/kulturweit.blog\/lebeninathen\/?page_id=501"},"modified":"2021-04-22T10:41:01","modified_gmt":"2021-04-22T08:41:01","slug":"artemida-artemis","status":"publish","type":"page","link":"https:\/\/kulturweit.blog\/lebeninathen\/freizeit\/artemida-artemis\/","title":{"rendered":"Artemida\/Artemis"},"content":{"rendered":"<p>Hallo,\u00a0 \u00a0 \u00a0 \u00a0 \u00a0 \u00a0 \u00a0 \u00a0 \u00a0 \u00a0 \u00a0 \u00a0 \u00a0 \u00a0 \u00a0 \u00a0 \u00a0 \u00a0 \u00a0 \u00a0 \u00a0 \u00a0 \u00a0 \u00a0 \u00a0 \u00a0 \u00a0 \u00a0 \u00a0 \u00a0 \u00a0 \u00a0 \u00a0 \u00a0 \u00a0 \u00a0 \u00a0 \u00a0 \u00a0 \u00a0 \u00a0 \u00a0 \u00a0 \u00a0 \u00a0 \u00a0 \u00a0 \u00a0 \u00a0 \u00a0 \u00a0 \u00a0 \u00a0<em style=\"font-family: 'Open Sans', sans-serif;font-size: 14px;font-weight: 400\">\u00a0 \u00a0 10. April<\/em><span style=\"font-size: 14px\">\u00a0 \u00a0 \u00a0<\/span><\/p>\n<p>Heute m\u00f6chte ich einen kurzen Bericht zu Artemis (in Deutsch: Artemida) schreiben. Ein paar Freiwillige und ich sind heute nach Artemida gefahren, das ist mit dem Bus etwa 2 Stunden von Athen entfernt, liegt aber immer noch im Gebiet Attika. Diese kleine Stadt liegt im Osten von Attika und auch am Meer, aber im Osten am Meer, w\u00e4hrend man von Athen direkt viel schnell im S\u00fcd-Westen ans Meer gelangt. In Artemida war der Strand aber viel sch\u00f6ner als an den Str\u00e4nden in der N\u00e4he von Athen. Das Wasser war viel klarer, der Sand war weicher und es war traumhaft. An diesem Tag hatte es nur etwa 15 Grad und wir dachten uns, dass wir keine Sonnencreme brauchen. Denn in den letzten Monaten (im Winter!) war es meistens auch so warm und da haben wir nie Sonnencreme gebraucht. Abends war es definitiv eine schlechte Entscheidung, weil wir komplett rot waren und unsere Gesichter gl\u00fchten. Ja, schon im April haben wir die Sonne untersch\u00e4tzt, denn sie hat eine andere St\u00e4rke als im Dezember oder Januar, auch wenn es nicht w\u00e4rmer ist. Aber daraus haben wir gelernt und das sollte nicht mehr so schnell passieren.<\/p>\n<p>Die Busse nach Artemida waren nicht so bequem und die Fahrt holprig, aber am Ende hatten wir so einen sch\u00f6nen Blick und da haben sich die zwei Stunden Fahrt gelohnt!<\/p>\n<p>Liebe Gr\u00fc\u00dfe, Katharina<\/p>\n<p>&nbsp;<\/p>\n<p><a href=\"https:\/\/kulturweit.blog\/lebeninathen\/files\/2021\/04\/WhatsApp-Image-2021-04-22-at-11.29.12.jpeg\"><img loading=\"lazy\" decoding=\"async\" class=\"alignnone size-medium wp-image-502\" src=\"https:\/\/kulturweit.blog\/lebeninathen\/files\/2021\/04\/WhatsApp-Image-2021-04-22-at-11.29.12-300x577.jpeg\" alt=\"\" width=\"300\" height=\"577\" srcset=\"https:\/\/kulturweit.blog\/lebeninathen\/files\/2021\/04\/WhatsApp-Image-2021-04-22-at-11.29.12-300x577.jpeg 300w, https:\/\/kulturweit.blog\/lebeninathen\/files\/2021\/04\/WhatsApp-Image-2021-04-22-at-11.29.12-1x1.jpeg 1w, https:\/\/kulturweit.blog\/lebeninathen\/files\/2021\/04\/WhatsApp-Image-2021-04-22-at-11.29.12.jpeg 532w\" sizes=\"(max-width: 300px) 100vw, 300px\" \/><\/a><\/p>\n","protected":false},"excerpt":{"rendered":"<p>Hallo,\u00a0 \u00a0 \u00a0 \u00a0 \u00a0 \u00a0 \u00a0 \u00a0 \u00a0 \u00a0 \u00a0 \u00a0 \u00a0 \u00a0 \u00a0 \u00a0 \u00a0 \u00a0 \u00a0 \u00a0 \u00a0 \u00a0 \u00a0 \u00a0 \u00a0 \u00a0 \u00a0 \u00a0 \u00a0 \u00a0 \u00a0 \u00a0 \u00a0 \u00a0 \u00a0 \u00a0 \u00a0 \u00a0 \u00a0 \u00a0 \u00a0 \u00a0 \u00a0 \u00a0 \u00a0 \u00a0 \u00a0 \u00a0 \u00a0 \u00a0 \u00a0 \u00a0 \u00a0\u00a0 \u00a0 10. [&hellip;]<\/p>\n","protected":false},"author":2872,"featured_media":0,"parent":11,"menu_order":0,"comment_status":"closed","ping_status":"closed","template":"","meta":{"footnotes":""},"class_list":["post-501","page","type-page","status-publish","hentry"],"amp_enabled":true,"_links":{"self":[{"href":"https:\/\/kulturweit.blog\/lebeninathen\/wp-json\/wp\/v2\/pages\/501"}],"collection":[{"href":"https:\/\/kulturweit.blog\/lebeninathen\/wp-json\/wp\/v2\/pages"}],"about":[{"href":"https:\/\/kulturweit.blog\/lebeninathen\/wp-json\/wp\/v2\/types\/page"}],"author":[{"embeddable":true,"href":"https:\/\/kulturweit.blog\/lebeninathen\/wp-json\/wp\/v2\/users\/2872"}],"replies":[{"embeddable":true,"href":"https:\/\/kulturweit.blog\/lebeninathen\/wp-json\/wp\/v2\/comments?post=501"}],"version-history":[{"count":2,"href":"https:\/\/kulturweit.blog\/lebeninathen\/wp-json\/wp\/v2\/pages\/501\/revisions"}],"predecessor-version":[{"id":504,"href":"https:\/\/kulturweit.blog\/lebeninathen\/wp-json\/wp\/v2\/pages\/501\/revisions\/504"}],"up":[{"embeddable":true,"href":"https:\/\/kulturweit.blog\/lebeninathen\/wp-json\/wp\/v2\/pages\/11"}],"wp:attachment":[{"href":"https:\/\/kulturweit.blog\/lebeninathen\/wp-json\/wp\/v2\/media?parent=501"}],"curies":[{"name":"wp","href":"https:\/\/api.w.org\/{rel}","templated":true}]}}