{"id":473,"date":"2021-04-15T11:03:03","date_gmt":"2021-04-15T09:03:03","guid":{"rendered":"https:\/\/kulturweit.blog\/lebeninathen\/?page_id=473"},"modified":"2021-04-15T11:06:13","modified_gmt":"2021-04-15T09:06:13","slug":"online-unterricht-3","status":"publish","type":"page","link":"https:\/\/kulturweit.blog\/lebeninathen\/arbeit\/online-unterricht-3\/","title":{"rendered":"Online-Unterricht #3"},"content":{"rendered":"<p>\u0393\u03b5\u03b9\u03b1 \u03c3\u03b1\u03c2\u00a0 \u00a0 \u00a0 \u00a0 \u00a0 \u00a0 \u00a0 \u00a0 \u00a0 \u00a0 \u00a0 \u00a0 \u00a0 \u00a0 \u00a0 \u00a0 \u00a0 \u00a0 \u00a0 \u00a0 \u00a0 \u00a0 \u00a0 \u00a0 \u00a0 \u00a0 \u00a0 \u00a0 \u00a0 \u00a0 \u00a0 \u00a0 \u00a0 \u00a0 \u00a0 \u00a0 \u00a0 \u00a0 \u00a0 \u00a0 \u00a0 \u00a0 \u00a0 \u00a0 \u00a0 \u00a0 \u00a0 \u00a0 \u00a0 \u00a0 \u00a0 \u00a0 \u00a0 \u00a0 \u00a0 \u00a0 \u00a0 \u00a0 <em>\u00a0 \u00a0 \u00a0 \u00a0 \u00a0 \u00a0 \u00a0 \u00a0 \u00a0 \u00a0 \u00a015. April 2021<\/em><\/p>\n<p>Heute m\u00f6chte ich wieder etwas zum Online-Unterricht schreiben. Der letzte Blog-Eintrag zum Online-Unterricht war Anfang M\u00e4rz. Seit dem sind schon wieder fast 6 Wochen vergangen. Ich habe nochmal gelesen, was ich vor 6 Wochen geschrieben habe. \u201eDamals\u201c war eigentlich alles gut und ich habe mich gefreut, dass ich mal wieder ein bisschen entspannen kann und gleichzeitig viele Sachen erleben. Ich habe viele kleine Ausfl\u00fcge gemacht und das war auch gut so.<\/p>\n<p>Zurzeit gibt es H\u00f6hen und Tiefen. Vor zwei Tagen war der Tag richtig gut und ich konnte von den deutschen Ferien erz\u00e4hlen.\u00a0 Ich habe mich gefreut, dass ich mehr machen und den Kindern etwas vermitteln kann. Gestern und heute war es dann eher wieder schlechter und ich hatte das Gef\u00fchl, dass ich nichts machen kann. Dazu kommt noch, dass ich auch gerne an meinem Handy bin und das nicht lassen kann. Denn meistens habe ich hin und wieder Stellen und kann etwas sagen, aber ansonsten bin ich still. Da ist das Handy nat\u00fcrlich reizvoll, um sich abzulenken. Wenn ich mich einbringen kann, dann freue ich mich und gebe mir M\u00fche, aber manchmal bin ich abends m\u00fcde und nicht so motiviert, denn viel Zeit vor dem Bildschirm zu verbringen macht nun mal weniger Spa\u00df als in der Pr\u00e4senzphase.<\/p>\n<p>Wahrscheinlich wird das jetzt auch das Ende des Online-Unterricht sein (momentan sieht es so aus). Diese Woche und n\u00e4chste Woche noch, dann sind in Griechenland Osterferien. Nach den Ferien werden die Schulen h\u00f6chstwahrscheinlich noch kurz ge\u00f6ffnet, bis dann Mitte \u2013 Ende Juni die Sommerferien beginnen.<\/p>\n<p>Die ersten Wochen im Online-Unterricht sind meistens auch sehr entspannt und es ist wieder etwas anderes. Nicht fr\u00fch aufstehen, keine Anstrengung, aufstehen wann man will, Zeit f\u00fcr kochen und Ausfl\u00fcge. Aber irgendwann w\u00fcnsche ich mir dann einfach, wieder die Kinder sehen zu k\u00f6nnen und raus zu gehen. In echt ist es ein anderes Gef\u00fchl und lieber viel Stress und m\u00fcde sein, daf\u00fcr aber viel erleben.<\/p>\n<p>Zum anderen bin ich jetzt ein bisschen in einer Routine nach 2 Monaten. Jetzt ist es normal im Home-Office zu sein und nicht in die Schule zu gehen. Ich habe mich mehr daran gew\u00f6hnt und wei\u00df, dass es nun mal so ist. Im November war es manchmal schrecklich zu wissen, dass heute wieder alles online ist. Aber irgendwann gew\u00f6hnt man sich daran. Heute ist es so, dass wenn ich hin und wieder in der 1. und 2. Klasse bin, dass ich mich so freue und es egal ist, ob es online ist oder nicht. Dann freue ich mich einfach die Kinder zu sehen.<\/p>\n<p>Es kommt also vor allem auf die Tage an, an manchen ist es super und ich f\u00fchle mich hilfreich und an anderen wiederum nicht. Aber insgesamt ist es schon okay und wenn die Schulen im Mai \u00f6ffnen, dann bin ich so froh, wieder in die Schule gehen zu k\u00f6nnen, bevor das Schuljahr endet. Denn sollte die Schule dann nicht \u00f6ffnen (\u00fcberhaupt nicht mehr), dann w\u00e4re ich mehr als traurig.<\/p>\n","protected":false},"excerpt":{"rendered":"<p>\u0393\u03b5\u03b9\u03b1 \u03c3\u03b1\u03c2\u00a0 \u00a0 \u00a0 \u00a0 \u00a0 \u00a0 \u00a0 \u00a0 \u00a0 \u00a0 \u00a0 \u00a0 \u00a0 \u00a0 \u00a0 \u00a0 \u00a0 \u00a0 \u00a0 \u00a0 \u00a0 \u00a0 \u00a0 \u00a0 \u00a0 \u00a0 \u00a0 \u00a0 \u00a0 \u00a0 \u00a0 \u00a0 \u00a0 \u00a0 \u00a0 \u00a0 \u00a0 \u00a0 \u00a0 \u00a0 \u00a0 \u00a0 \u00a0 \u00a0 \u00a0 \u00a0 \u00a0 \u00a0 \u00a0 \u00a0 \u00a0 \u00a0 \u00a0 \u00a0 [&hellip;]<\/p>\n","protected":false},"author":2872,"featured_media":0,"parent":64,"menu_order":0,"comment_status":"closed","ping_status":"closed","template":"","meta":{"footnotes":""},"class_list":["post-473","page","type-page","status-publish","hentry"],"amp_enabled":true,"_links":{"self":[{"href":"https:\/\/kulturweit.blog\/lebeninathen\/wp-json\/wp\/v2\/pages\/473"}],"collection":[{"href":"https:\/\/kulturweit.blog\/lebeninathen\/wp-json\/wp\/v2\/pages"}],"about":[{"href":"https:\/\/kulturweit.blog\/lebeninathen\/wp-json\/wp\/v2\/types\/page"}],"author":[{"embeddable":true,"href":"https:\/\/kulturweit.blog\/lebeninathen\/wp-json\/wp\/v2\/users\/2872"}],"replies":[{"embeddable":true,"href":"https:\/\/kulturweit.blog\/lebeninathen\/wp-json\/wp\/v2\/comments?post=473"}],"version-history":[{"count":3,"href":"https:\/\/kulturweit.blog\/lebeninathen\/wp-json\/wp\/v2\/pages\/473\/revisions"}],"predecessor-version":[{"id":477,"href":"https:\/\/kulturweit.blog\/lebeninathen\/wp-json\/wp\/v2\/pages\/473\/revisions\/477"}],"up":[{"embeddable":true,"href":"https:\/\/kulturweit.blog\/lebeninathen\/wp-json\/wp\/v2\/pages\/64"}],"wp:attachment":[{"href":"https:\/\/kulturweit.blog\/lebeninathen\/wp-json\/wp\/v2\/media?parent=473"}],"curies":[{"name":"wp","href":"https:\/\/api.w.org\/{rel}","templated":true}]}}