{"id":465,"date":"2021-04-02T09:08:46","date_gmt":"2021-04-02T07:08:46","guid":{"rendered":"https:\/\/kulturweit.blog\/lebeninathen\/?page_id=465"},"modified":"2021-04-02T09:08:46","modified_gmt":"2021-04-02T07:08:46","slug":"30-stunden-griechisch","status":"publish","type":"page","link":"https:\/\/kulturweit.blog\/lebeninathen\/griechisch-lernen\/30-stunden-griechisch\/","title":{"rendered":"30 Stunden Griechisch"},"content":{"rendered":"<p>Hallo,\u00a0 \u00a0 \u00a0 \u00a0 \u00a0 \u00a0 \u00a0 \u00a0 \u00a0 \u00a0 \u00a0 \u00a0 \u00a0 \u00a0 \u00a0 \u00a0 \u00a0 \u00a0 \u00a0 \u00a0 \u00a0 \u00a0 \u00a0 \u00a0 \u00a0 \u00a0 \u00a0 \u00a0 \u00a0 \u00a0 \u00a0 \u00a0 \u00a0 \u00a0 \u00a0 \u00a0 \u00a0 \u00a0 \u00a0 \u00a0 \u00a0 \u00a0 \u00a0 \u00a0 \u00a0 \u00a0 \u00a0 \u00a0 \u00a0 \u00a0 \u00a0 \u00a0 \u00a0 \u00a0 \u00a0 \u00a0 \u00a0 \u00a0 \u00a0 \u00a0 \u00a0 \u00a0 2. April 2021<\/p>\n<p>Sehr schnell gingen die n\u00e4chsten Stunden los und wir haben uns mit \u201e\u03a0\u03bf\u03b9\u03bf, \u03c0\u03bf\u03b9\u03b1\u201c besch\u00e4ftigt. Das bedeutet \u201ewer\u201c auf Deutsch. Immer wenn man eine Frage mit \u201ewer\u201c stellt, muss man \u201e\u03a0\u03bf\u03b9\u03bf\u201c angleichen, je nachdem ob es m\u00e4nnlich, weiblich oder neutral ist. Das haben wir dann auch mit Substantiven gemacht, die auch immer angeglichen werden m\u00fcssen. Das ist gar nicht leicht, da es je nach Endung anders gemacht werden muss und es gibt insgesamt acht verschiedene Endungen wie z.B. (\u03b7, \u03b9, \u03bf, \u03ae\u03c2, \u2026). Da muss man also immer dran denken, wenn es um mehrere Geschwister, mehrere Studenten, usw. geht.<\/p>\n<p>Dann gibt es auch noch Ausnahmen was die Zahlen betrifft. Drei hei\u00dft \u201e\u03c4\u03c1\u03af\u03b1\u201c, aber \u201edrei Frauen\u201c hei\u00dfen nicht \u201e\u03c4\u03c1\u03af\u03b1 \u03b3\u03c5\u03bd\u03b1\u03af\u03ba\u03b5\u03c2\u201c sondern \u201e\u03c4\u03c1\u03b5\u03b9\u03c2 \u03b3\u03c5\u03bd\u03b1\u03af\u03ba\u03b5\u03c2\u201c. Das ist bei 1,3 und 4 so und wieder eine Ausnahme, die man lernen muss.<\/p>\n<p>Wir haben als n\u00e4chstes die Personalpronomen in Akkusativ gelernt, also \u201emich, dich, ihn, sie, es, unser, euer, sie,\u2026\u201c und die Possessivpronomen \u201emein, dein, sein, ihr, sein, unser, euer, ihre\u201c. Dazu mussten wir viele \u00dcbungen machen, um das Ganze auch anwenden zu k\u00f6nnen. Das ist nicht so leicht, besonders wenn man nicht alles Vokabular beherrscht.<\/p>\n<p>Anschlie\u00dfend haben wir das Kapitel 3 abgehackt und es ging weiter mit dem vierten und dem Bestellen von Kaffee. Wir haben einen Text zum Bestellen gelesen und uns eine Kaffeekarte angeschaut. Wir haben gelernt zu sagen, was es kostet und die Preise zu verstehen (die Griechen sagen einhalb zu 1,5 Euro). Hier ein Beispiel: 2,50 = <span style=\"color: #0000ff\">\u03b4\u03cd\u03bf \u03b5\u03c5\u03c1\u03ce \u03ba\u03b1\u03b9 \u03c0\u03b5\u03bd\u03ae\u03bd\u03c4\u03b1 \u03bb\u03ad\u03c0\u03c4\u03b1 = \u0394\u03c5\u03cc\u03bc\u03b9\u03c3\u03b9 \u03b5\u03c5\u03c1\u03ce (duo efro ke peninta lepta = duomisi efro)<\/span><\/p>\n<p>Beim Bestellen haben wir uns auch gleich die Adjektive angeschaut, wie diese angeglichen werden. Im Griechischen muss jedes Adjektiv an das entsprechende Nomen angeglichen werden. Wir haben neue Adjektive wie gut, b\u00f6se, sch\u00f6n, h\u00e4sslich, dick, d\u00fcnn, kalt, warm,\u2026. gelernt.<\/p>\n<p>Da die Griechen Kaffee besonders m\u00f6gen, muss man hier nat\u00fcrlich auch wissen, was es f\u00fcr verschiedene Kaffees gibt. Es gibt Kaffee mit einem L\u00f6ffel Zucker, mit zwei L\u00f6ffel und komplett ohne Zucker. Also ohne Zucker = <span style=\"color: #0000ff\">\u03c3\u03ba\u03ad\u03c4\u03bf\u03c2 (sketos)<\/span>\u00a0 1 L\u00f6ffel Zucker = <span style=\"color: #0000ff\">\u03bc\u03ad\u03c4\u03c1\u03b9\u03bf\u03c2 (metrios)<\/span>\u00a0 2 L\u00f6ffel Zucker = <span style=\"color: #0000ff\">\u03b3\u03bb\u03c5\u03ba\u03cc\u03c2 (glikos)<\/span><\/p>\n<p>Wenn wir schon beim Kaffee sind. Hier gibt es noch andere Kaffee`s, die man bestellen kann. Zum Beispiel einen Caf\u00e9 frapp\u00e9, ein Kaltgetr\u00e4nk mit Eisw\u00fcrfeln als Erfrischung oder einen Griechischen Kaffee (\u03b5\u03bb\u03bb\u03b7\u03bd\u03b9\u03ba\u03cc \u03ba\u03b1\u03c6\u03ad), einem ungefilterten schwarzen Kaffee.<\/p>\n<p>Auch die Zahlen haben wir dann behandelt. Die Zahlen bis 100 haben wir schon in den Stunden zuvor behandelt, jetzt kamen die Zahlen von 100 bis 1.000.000.000 dran. An sich sind die Zahlen nicht schwer, man sagt bei 190 <span style=\"color: #0000ff\">\u03b5\u03ba\u03b1\u03c4\u03cc\u03bd (\u03b5\u03ba\u03b1\u03c4\u03cc<\/span> ist hundert) und macht noch 90 dazu also <span style=\"color: #0000ff\">\u03b5\u03bd\u03b5\u03bd\u03ae\u03bd\u03c4\u03b1<\/span> =<span style=\"color: #0000ff\"> \u03b5\u03ba\u03b1\u03c4\u03cc\u03bd \u03b5\u03bd\u03b5\u03bd\u03ae\u03bd\u03c4\u03b1<\/span> <span style=\"color: #0000ff\">(ekaton eneninta)<\/span>. Ab 200 muss man die Zahlen jedoch lernen, da kommt immer ein \u201e\u03ba\u03cc\u03c3\u03b9\u03b1\u201c dazu. Zum Beispiel 300 = <span style=\"color: #0000ff\">\u03c4\u03c1\u03b9\u03b1\u03ba\u03cc\u03c3\u03b9\u03b1 (triakosia)<\/span>. Ab 200 muss man die Zahlen allerdings deklinieren, wie alles andere auch und das ist echt schwer. Wenn man die aktuelle Jahreszahl schreib muss, dann geht das so: <span style=\"color: #0000ff\">\u03b4\u03cd\u03bf \u03c7\u03b9\u03bb\u03b9\u03ac\u03b4\u03b5\u03c2 \u03b5\u03af\u03ba\u03bf\u03c3\u03b9 \u03ad\u03bd\u03b1 (duo xiliades ikosi ena)<\/span> (zwei, tausend, zwanzig, eins) und das alles aneinander f\u00fcgen. Eigentlich nicht so schwer.<\/p>\n<p>Als n\u00e4chstes gibt es um den Komperativ mit \u201e\u03c0\u03b9\u03bf\u201c, der Kaffee ist teurer als das Wasser (<span style=\"color: #0000ff\">\u039f \u03ba\u03b1\u03c6\u03ad\u03c2 \u03b5\u03af\u03bd\u03b1\u03b9 \u03c0\u03b9\u03bf \u03b1\u03ba\u03c1\u03b9\u03b2\u03cc\u03c2 \u03b1\u03c0\u03bf \u03c4\u03bf \u03bd\u03b5\u03c1\u03cc., o kafes ina pio akribos apo to nero<\/span>). Wir konnten auch sagen, dass unserer Meinung nach der Kaffee in Deutschland teurer ist als in Griechenland, usw\u2026<\/p>\n<p>Schlie\u00dflich haben wir uns mit einer richtigen Speisekarte besch\u00e4ftigt. Von der Vorspeise \u00fcber Salate, Eintopf, Nudeln, Gegrilltes, Meeresfr\u00fcchte, Fisch, S\u00fc\u00dfes bis zu Getr\u00e4nken was alles dabei. Alles hat nat\u00fcrlich einen Griechischen Namen und w\u00fcrden wir im Restaurant nicht verstehen. Es gibt viele Fleisch und Fischgerichte, aber auch viele verschiedene Salate und Gem\u00fcse. Da die Restaurant allerdings seit November geschlossen sind, k\u00f6nnen wir alles gelernte leider nicht anwenden.<\/p>\n<p>Da haben wir au\u00dferdem gelernt zu sagen, dass wir etwas m\u00f6gen, also in der Einzahl \u201e<span style=\"color: #0000ff\">\u03bc\u03bf\u03c5 \u03b1\u03c1\u03ad\u03c3\u03b5\u03b9 (mou aresi) <\/span>\u201c oder in der Mehrzahl <span style=\"color: #0000ff\">\u201e\u03bc\u03bf\u03c5 \u03b1\u03c1\u03ad\u03c3\u03bf\u03c5\u03bd\u201c (mou aresoun)<\/span> Wir konnten S\u00e4tze damit bilden, was wir gerne in unserer Freizeit machen, also zum Beispiel tanzen, laufen, Volleyball spielen, usw\u2026<\/p>\n<p>Am Ende kann ich noch nicht so viel, wie ich eigentlich wollte. Ich muss mir alles nochmal genau anschauen und noch viel lernen, um das alles auch im Alltag umsetzen zu k\u00f6nnen. Die Grundlage ist aber schon mal da und da bin ich sehr zufrieden damit. Das waren die 30 Stunden und damit ist unser Pflichtunterricht zu Ende. Vielleicht geht es bald auch noch weiter, da werde ich nat\u00fcrlich auch hier weiterschreiben.<\/p>\n","protected":false},"excerpt":{"rendered":"<p>Hallo,\u00a0 \u00a0 \u00a0 \u00a0 \u00a0 \u00a0 \u00a0 \u00a0 \u00a0 \u00a0 \u00a0 \u00a0 \u00a0 \u00a0 \u00a0 \u00a0 \u00a0 \u00a0 \u00a0 \u00a0 \u00a0 \u00a0 \u00a0 \u00a0 \u00a0 \u00a0 \u00a0 \u00a0 \u00a0 \u00a0 \u00a0 \u00a0 \u00a0 \u00a0 \u00a0 \u00a0 \u00a0 \u00a0 \u00a0 \u00a0 \u00a0 \u00a0 \u00a0 \u00a0 \u00a0 \u00a0 \u00a0 \u00a0 \u00a0 \u00a0 \u00a0 \u00a0 \u00a0 \u00a0 \u00a0 [&hellip;]<\/p>\n","protected":false},"author":2872,"featured_media":0,"parent":68,"menu_order":0,"comment_status":"closed","ping_status":"closed","template":"","meta":{"footnotes":""},"class_list":["post-465","page","type-page","status-publish","hentry"],"amp_enabled":true,"_links":{"self":[{"href":"https:\/\/kulturweit.blog\/lebeninathen\/wp-json\/wp\/v2\/pages\/465"}],"collection":[{"href":"https:\/\/kulturweit.blog\/lebeninathen\/wp-json\/wp\/v2\/pages"}],"about":[{"href":"https:\/\/kulturweit.blog\/lebeninathen\/wp-json\/wp\/v2\/types\/page"}],"author":[{"embeddable":true,"href":"https:\/\/kulturweit.blog\/lebeninathen\/wp-json\/wp\/v2\/users\/2872"}],"replies":[{"embeddable":true,"href":"https:\/\/kulturweit.blog\/lebeninathen\/wp-json\/wp\/v2\/comments?post=465"}],"version-history":[{"count":1,"href":"https:\/\/kulturweit.blog\/lebeninathen\/wp-json\/wp\/v2\/pages\/465\/revisions"}],"predecessor-version":[{"id":466,"href":"https:\/\/kulturweit.blog\/lebeninathen\/wp-json\/wp\/v2\/pages\/465\/revisions\/466"}],"up":[{"embeddable":true,"href":"https:\/\/kulturweit.blog\/lebeninathen\/wp-json\/wp\/v2\/pages\/68"}],"wp:attachment":[{"href":"https:\/\/kulturweit.blog\/lebeninathen\/wp-json\/wp\/v2\/media?parent=465"}],"curies":[{"name":"wp","href":"https:\/\/api.w.org\/{rel}","templated":true}]}}