{"id":392,"date":"2021-03-08T09:49:59","date_gmt":"2021-03-08T08:49:59","guid":{"rendered":"https:\/\/kulturweit.blog\/lebeninathen\/?page_id=392"},"modified":"2021-03-08T09:59:25","modified_gmt":"2021-03-08T08:59:25","slug":"online-unterricht-2","status":"publish","type":"page","link":"https:\/\/kulturweit.blog\/lebeninathen\/arbeit\/online-unterricht-2\/","title":{"rendered":"Online-Unterricht #2"},"content":{"rendered":"<p>Hallo,\u00a0 \u00a0 \u00a0 \u00a0 \u00a0 \u00a0 \u00a0 \u00a0 \u00a0 \u00a0 \u00a0 \u00a0 \u00a0 \u00a0 \u00a0 \u00a0 \u00a0 \u00a0 \u00a0 \u00a0 \u00a0 \u00a0 \u00a0 \u00a0 \u00a0 \u00a0 \u00a0 \u00a0 \u00a0 \u00a0 \u00a0 \u00a0 \u00a0 \u00a0 \u00a0 \u00a0 \u00a0 \u00a0 \u00a0 \u00a0 \u00a0 \u00a0 \u00a0 \u00a0 \u00a0 \u00a0 \u00a0 \u00a0 \u00a0 \u00a0 \u00a0 \u00a0 \u00a0 \u00a0 \u00a0 \u00a0 \u00a0 \u00a0 \u00a0 \u00a0 \u00a0 \u00a0 \u00a0 \u00a0 \u00a0 \u00a0 \u00a0 \u00a0 \u00a0 \u00a0 \u00a0<em>8. M\u00e4rz 2021<\/em><\/p>\n<p>Seit fast schon 4 Wochen findet wieder Online-Unterricht statt. Die Schulen sind seit dem 11. Februar geschlossen und die Wiederaufnahme des Pr\u00e4senzunterrichts dauert wohl noch etwas. Die Zahlen in Griechenland steigen und steigen. Vor einigen Tagen wurden neue Regeln verk\u00fcndet und nach diesen darf man kaum noch etwas machen. Man darf zum Einkaufen und zur Bank nur noch 2 km mit Verkehrsmitteln zur\u00fccklegen. Wenn man sich sportlich bet\u00e4tigt, darf man das nur noch zu Fu\u00df oder mit dem Fahrrad und mit keinen \u00f6ffentlichen Verkehrsmitteln.<\/p>\n<p>Jetzt soll es aber um die Schule gehen. Die letzten Tage in der Schule waren so sch\u00f6n und ich habe mich zum ersten Mal so richtig wohl gef\u00fchlt. Denn ich war endlich mal einige Wochen am St\u00fcck in der Schule. Vom 11. Januar bis 10. Februar (davon war aber noch eine Woche die Online Seminarwoche). Ich habe die Sch\u00fcler besser kennengelernt und im Unterricht besser mitgeholfen.<\/p>\n<p>Jetzt ist schon l\u00e4nger wieder Online-Unterricht und ich habe zwei Online Stunden pro Tag, die erst nach 17:00 beginnen. Dieses Mal ist es aber f\u00fcr mich einfacher, nicht in der Langeweile zu versinken. Ich fahre Fahrrad, spaziere, gehe joggen oder gehe ans Meer. Daher habe ich immer etwas zu tun. Ansonsten treffen wir Freiwilligen uns relativ oft und machen etwas zusammen. Jeder hat zu einer anderen Zeit Unterricht, aber wir alle haben mehr Freizeit als normal. Freitags haben wir seit einigen Wochen selbstst\u00e4ndig ein internationales Projekt und sind den ganzen Tag besch\u00e4ftigt.<\/p>\n<p>Im Online-Unterricht ist es immer noch nicht so leicht, sich einzubinden. Ich lese manchmal etwas vor, meistens bespreche ich mit den Sch\u00fclern eine Aufgabe oder gebe ihnen bei Ihren Vortr\u00e4gen f\u00fcr die B1 Pr\u00fcfungen im M\u00e4rz Tipps, das ist unterschiedlich. Ich kann online mehr machen als noch im November, aber trotzdem macht es noch immer nicht so viel Spa\u00df. Ich will einfach wieder in die Schule gehen. Die Tage sind relativ entspannt, aber dennoch bin ich hier um in die Schule zu gehen und nicht nur zuhause zu sein. Ich hoffe, dass die Schulen zumindest im April wieder \u00f6ffnen, denn so viel Zeit in der Schule bleibt nicht mehr. Ende April sind zwei Wochen Ferien und Mitte Juni beginnen hier die Sommerferien.<\/p>\n<p>Bis dann, Katharina<\/p>\n","protected":false},"excerpt":{"rendered":"<p>Hallo,\u00a0 \u00a0 \u00a0 \u00a0 \u00a0 \u00a0 \u00a0 \u00a0 \u00a0 \u00a0 \u00a0 \u00a0 \u00a0 \u00a0 \u00a0 \u00a0 \u00a0 \u00a0 \u00a0 \u00a0 \u00a0 \u00a0 \u00a0 \u00a0 \u00a0 \u00a0 \u00a0 \u00a0 \u00a0 \u00a0 \u00a0 \u00a0 \u00a0 \u00a0 \u00a0 \u00a0 \u00a0 \u00a0 \u00a0 \u00a0 \u00a0 \u00a0 \u00a0 \u00a0 \u00a0 \u00a0 \u00a0 \u00a0 \u00a0 \u00a0 \u00a0 \u00a0 \u00a0 \u00a0 \u00a0 [&hellip;]<\/p>\n","protected":false},"author":2872,"featured_media":0,"parent":64,"menu_order":0,"comment_status":"closed","ping_status":"closed","template":"","meta":{"footnotes":""},"class_list":["post-392","page","type-page","status-publish","hentry"],"amp_enabled":true,"_links":{"self":[{"href":"https:\/\/kulturweit.blog\/lebeninathen\/wp-json\/wp\/v2\/pages\/392"}],"collection":[{"href":"https:\/\/kulturweit.blog\/lebeninathen\/wp-json\/wp\/v2\/pages"}],"about":[{"href":"https:\/\/kulturweit.blog\/lebeninathen\/wp-json\/wp\/v2\/types\/page"}],"author":[{"embeddable":true,"href":"https:\/\/kulturweit.blog\/lebeninathen\/wp-json\/wp\/v2\/users\/2872"}],"replies":[{"embeddable":true,"href":"https:\/\/kulturweit.blog\/lebeninathen\/wp-json\/wp\/v2\/comments?post=392"}],"version-history":[{"count":3,"href":"https:\/\/kulturweit.blog\/lebeninathen\/wp-json\/wp\/v2\/pages\/392\/revisions"}],"predecessor-version":[{"id":410,"href":"https:\/\/kulturweit.blog\/lebeninathen\/wp-json\/wp\/v2\/pages\/392\/revisions\/410"}],"up":[{"embeddable":true,"href":"https:\/\/kulturweit.blog\/lebeninathen\/wp-json\/wp\/v2\/pages\/64"}],"wp:attachment":[{"href":"https:\/\/kulturweit.blog\/lebeninathen\/wp-json\/wp\/v2\/media?parent=392"}],"curies":[{"name":"wp","href":"https:\/\/api.w.org\/{rel}","templated":true}]}}