{"id":382,"date":"2021-02-26T20:37:36","date_gmt":"2021-02-26T19:37:36","guid":{"rendered":"https:\/\/kulturweit.blog\/lebeninathen\/?page_id=382"},"modified":"2021-04-22T10:57:34","modified_gmt":"2021-04-22T08:57:34","slug":"sonniger-februar-am-meer","status":"publish","type":"page","link":"https:\/\/kulturweit.blog\/lebeninathen\/freizeit\/sonniger-februar-am-meer\/","title":{"rendered":"Voula und Areopag"},"content":{"rendered":"<p>Hallo,\u00a0 \u00a0 \u00a0 \u00a0 \u00a0 \u00a0 \u00a0 \u00a0 \u00a0 \u00a0 \u00a0 \u00a0 \u00a0 \u00a0 \u00a0 \u00a0 \u00a0 \u00a0 \u00a0 \u00a0 \u00a0 \u00a0 \u00a0 \u00a0 \u00a0 \u00a0 \u00a0 \u00a0 \u00a0 \u00a0 \u00a0 \u00a0 \u00a0 \u00a0 \u00a0 \u00a0 \u00a0 \u00a0 \u00a0 \u00a0 \u00a0 \u00a0 \u00a0 \u00a0 \u00a0 \u00a0 \u00a0 \u00a0 \u00a0 \u00a0 \u00a0 \u00a0 \u00a0 \u00a0 \u00a0 \u00a0 \u00a0 \u00a0 \u00a0 \u00a0 \u00a0 \u00a0 \u00a0 \u00a0 \u00a0 <em>\u00a026. Februar 2021<\/em><\/p>\n<p>kurz vor Ende des Monats Februar melde ich mich wieder. Nach dem kurzen K\u00e4lteeinbruch mit Schnee letzte Woche ist das Wetter sehr fr\u00fchlingshaft geworden und es scheint durchg\u00e4ngig die Sonne. Deshalb verbringe ich viel Zeit am Meer. Manchmal jogge ich ans Meer (das ist keine 5 km von meiner Wohnung entfernt), fahre ich mit der Metro oder mit dem Fahrrad am Meer entlang. Es hat eigentlich durchg\u00e4ngig 20 Grad und es f\u00fchlt sich schon etwas sommerlich an.<\/p>\n<p>Zurzeit findet weiterhin Online-Unterricht statt, deshalb habe ich viel Zeit, um ans Meer zu fahren oder einfach in Athen spazieren zu gehen. Vor einigen Tagen zum Beispiel bin ich wieder auf den Philopappos gelaufen und danach auf den\u00a0Areopag. An einem anderen Tag habe ich eine kurze Fahrradtour mit einer anderen Freiwilligen zum Jachthafen gemacht oder bin mit ihr bis ans Meer joggen gewesen. An einem anderen Tag haben wir das sch\u00f6ne Wetter beim Panathinaiko-Stadion genossen.<\/p>\n<p>Hier sind einige Eindrucke vom Meer in Athen. Das ist noch nicht weit au\u00dferhalb der Stadt, es gibt noch sch\u00f6nere Str\u00e4nde und Pl\u00e4tze weiter au\u00dferhalb.<\/p>\n<p><a href=\"https:\/\/kulturweit.blog\/lebeninathen\/files\/2021\/02\/WhatsApp-Image-2021-02-26-at-21.17.57.jpeg\"><img loading=\"lazy\" decoding=\"async\" class=\"alignnone size-medium wp-image-386\" src=\"https:\/\/kulturweit.blog\/lebeninathen\/files\/2021\/02\/WhatsApp-Image-2021-02-26-at-21.17.57-300x225.jpeg\" alt=\"\" width=\"300\" height=\"225\" srcset=\"https:\/\/kulturweit.blog\/lebeninathen\/files\/2021\/02\/WhatsApp-Image-2021-02-26-at-21.17.57-300x225.jpeg 300w, https:\/\/kulturweit.blog\/lebeninathen\/files\/2021\/02\/WhatsApp-Image-2021-02-26-at-21.17.57-768x577.jpeg 768w, https:\/\/kulturweit.blog\/lebeninathen\/files\/2021\/02\/WhatsApp-Image-2021-02-26-at-21.17.57-1x1.jpeg 1w, https:\/\/kulturweit.blog\/lebeninathen\/files\/2021\/02\/WhatsApp-Image-2021-02-26-at-21.17.57.jpeg 1024w\" sizes=\"(max-width: 300px) 100vw, 300px\" \/><\/a> <a href=\"https:\/\/kulturweit.blog\/lebeninathen\/files\/2021\/02\/WhatsApp-Image-2021-02-26-at-21.17.02.jpeg\"><img loading=\"lazy\" decoding=\"async\" class=\"alignnone size-medium wp-image-387\" src=\"https:\/\/kulturweit.blog\/lebeninathen\/files\/2021\/02\/WhatsApp-Image-2021-02-26-at-21.17.02-300x225.jpeg\" alt=\"\" width=\"300\" height=\"225\" srcset=\"https:\/\/kulturweit.blog\/lebeninathen\/files\/2021\/02\/WhatsApp-Image-2021-02-26-at-21.17.02-300x225.jpeg 300w, https:\/\/kulturweit.blog\/lebeninathen\/files\/2021\/02\/WhatsApp-Image-2021-02-26-at-21.17.02-768x577.jpeg 768w, https:\/\/kulturweit.blog\/lebeninathen\/files\/2021\/02\/WhatsApp-Image-2021-02-26-at-21.17.02-1x1.jpeg 1w, https:\/\/kulturweit.blog\/lebeninathen\/files\/2021\/02\/WhatsApp-Image-2021-02-26-at-21.17.02.jpeg 1024w\" sizes=\"(max-width: 300px) 100vw, 300px\" \/><\/a> <a href=\"https:\/\/kulturweit.blog\/lebeninathen\/files\/2021\/02\/WhatsApp-Image-2021-02-26-at-21.16.50.jpeg\"><img loading=\"lazy\" decoding=\"async\" class=\"alignnone wp-image-388\" src=\"https:\/\/kulturweit.blog\/lebeninathen\/files\/2021\/02\/WhatsApp-Image-2021-02-26-at-21.16.50-300x400.jpeg\" alt=\"\" width=\"169\" height=\"225\" srcset=\"https:\/\/kulturweit.blog\/lebeninathen\/files\/2021\/02\/WhatsApp-Image-2021-02-26-at-21.16.50-300x400.jpeg 300w, https:\/\/kulturweit.blog\/lebeninathen\/files\/2021\/02\/WhatsApp-Image-2021-02-26-at-21.16.50-769x1024.jpeg 769w, https:\/\/kulturweit.blog\/lebeninathen\/files\/2021\/02\/WhatsApp-Image-2021-02-26-at-21.16.50-768x1023.jpeg 768w, https:\/\/kulturweit.blog\/lebeninathen\/files\/2021\/02\/WhatsApp-Image-2021-02-26-at-21.16.50-1153x1536.jpeg 1153w, https:\/\/kulturweit.blog\/lebeninathen\/files\/2021\/02\/WhatsApp-Image-2021-02-26-at-21.16.50-1x1.jpeg 1w, https:\/\/kulturweit.blog\/lebeninathen\/files\/2021\/02\/WhatsApp-Image-2021-02-26-at-21.16.50.jpeg 1201w\" sizes=\"(max-width: 169px) 100vw, 169px\" \/><\/a><\/p>\n<p>Hier ist ein Bild aus Voula, das ist weiter au\u00dferhalb von Athen. Wir sind einfach mit der Tram etwas entlang des Meeres gefahren.<\/p>\n<p><a href=\"https:\/\/kulturweit.blog\/lebeninathen\/files\/2021\/02\/WhatsApp-Image-2021-02-26-at-21.18.21.jpeg\"><img loading=\"lazy\" decoding=\"async\" class=\"alignnone size-medium wp-image-384\" src=\"https:\/\/kulturweit.blog\/lebeninathen\/files\/2021\/02\/WhatsApp-Image-2021-02-26-at-21.18.21-300x225.jpeg\" alt=\"\" width=\"300\" height=\"225\" srcset=\"https:\/\/kulturweit.blog\/lebeninathen\/files\/2021\/02\/WhatsApp-Image-2021-02-26-at-21.18.21-300x225.jpeg 300w, https:\/\/kulturweit.blog\/lebeninathen\/files\/2021\/02\/WhatsApp-Image-2021-02-26-at-21.18.21-768x577.jpeg 768w, https:\/\/kulturweit.blog\/lebeninathen\/files\/2021\/02\/WhatsApp-Image-2021-02-26-at-21.18.21-1x1.jpeg 1w, https:\/\/kulturweit.blog\/lebeninathen\/files\/2021\/02\/WhatsApp-Image-2021-02-26-at-21.18.21.jpeg 1024w\" sizes=\"(max-width: 300px) 100vw, 300px\" \/><\/a><\/p>\n<p><a href=\"https:\/\/kulturweit.blog\/lebeninathen\/files\/2021\/02\/WhatsApp-Image-2021-02-26-at-21.24.08.jpeg\"><img loading=\"lazy\" decoding=\"async\" class=\"alignnone size-medium wp-image-383\" src=\"https:\/\/kulturweit.blog\/lebeninathen\/files\/2021\/02\/WhatsApp-Image-2021-02-26-at-21.24.08-300x225.jpeg\" alt=\"\" width=\"300\" height=\"225\" srcset=\"https:\/\/kulturweit.blog\/lebeninathen\/files\/2021\/02\/WhatsApp-Image-2021-02-26-at-21.24.08-300x225.jpeg 300w, https:\/\/kulturweit.blog\/lebeninathen\/files\/2021\/02\/WhatsApp-Image-2021-02-26-at-21.24.08-768x577.jpeg 768w, https:\/\/kulturweit.blog\/lebeninathen\/files\/2021\/02\/WhatsApp-Image-2021-02-26-at-21.24.08-1x1.jpeg 1w, https:\/\/kulturweit.blog\/lebeninathen\/files\/2021\/02\/WhatsApp-Image-2021-02-26-at-21.24.08.jpeg 1024w\" sizes=\"(max-width: 300px) 100vw, 300px\" \/><\/a><\/p>\n<p>Aber auch in Athen, vom Areopag aus, sieht es traumhaft aus. Ich genie\u00dfe das sch\u00f6ne Wetter sehr, weil es noch sehr angenehm ist. Das wird es im Hochsommer definitiv nicht mehr sein. Bald wieder auch wieder die Schule losgehen (wahrscheinlich?), dann werde ich nicht mehr viel Zeit haben wie jetzt, um ans Meer zu fahren oder in Athen spazieren zu gehen. Bei den Bildern konnte ich mich einfach nicht entscheiden, deswegen sind es so viele geworden.<\/p>\n<p>Bis bald, Katharina<\/p>\n<p><span lang=\"el\">\u039a\u03b1\u03bb\u03b7\u03bd\u03c5\u03c7\u03c4\u03b1 \ud83d\ude42<\/span><\/p>\n<p>&nbsp;<\/p>\n","protected":false},"excerpt":{"rendered":"<p>Hallo,\u00a0 \u00a0 \u00a0 \u00a0 \u00a0 \u00a0 \u00a0 \u00a0 \u00a0 \u00a0 \u00a0 \u00a0 \u00a0 \u00a0 \u00a0 \u00a0 \u00a0 \u00a0 \u00a0 \u00a0 \u00a0 \u00a0 \u00a0 \u00a0 \u00a0 \u00a0 \u00a0 \u00a0 \u00a0 \u00a0 \u00a0 \u00a0 \u00a0 \u00a0 \u00a0 \u00a0 \u00a0 \u00a0 \u00a0 \u00a0 \u00a0 \u00a0 \u00a0 \u00a0 \u00a0 \u00a0 \u00a0 \u00a0 \u00a0 \u00a0 \u00a0 \u00a0 \u00a0 \u00a0 \u00a0 [&hellip;]<\/p>\n","protected":false},"author":2872,"featured_media":0,"parent":11,"menu_order":0,"comment_status":"closed","ping_status":"closed","template":"","meta":{"footnotes":""},"class_list":["post-382","page","type-page","status-publish","hentry"],"amp_enabled":true,"_links":{"self":[{"href":"https:\/\/kulturweit.blog\/lebeninathen\/wp-json\/wp\/v2\/pages\/382"}],"collection":[{"href":"https:\/\/kulturweit.blog\/lebeninathen\/wp-json\/wp\/v2\/pages"}],"about":[{"href":"https:\/\/kulturweit.blog\/lebeninathen\/wp-json\/wp\/v2\/types\/page"}],"author":[{"embeddable":true,"href":"https:\/\/kulturweit.blog\/lebeninathen\/wp-json\/wp\/v2\/users\/2872"}],"replies":[{"embeddable":true,"href":"https:\/\/kulturweit.blog\/lebeninathen\/wp-json\/wp\/v2\/comments?post=382"}],"version-history":[{"count":3,"href":"https:\/\/kulturweit.blog\/lebeninathen\/wp-json\/wp\/v2\/pages\/382\/revisions"}],"predecessor-version":[{"id":512,"href":"https:\/\/kulturweit.blog\/lebeninathen\/wp-json\/wp\/v2\/pages\/382\/revisions\/512"}],"up":[{"embeddable":true,"href":"https:\/\/kulturweit.blog\/lebeninathen\/wp-json\/wp\/v2\/pages\/11"}],"wp:attachment":[{"href":"https:\/\/kulturweit.blog\/lebeninathen\/wp-json\/wp\/v2\/media?parent=382"}],"curies":[{"name":"wp","href":"https:\/\/api.w.org\/{rel}","templated":true}]}}