{"id":367,"date":"2021-02-16T17:20:14","date_gmt":"2021-02-16T16:20:14","guid":{"rendered":"https:\/\/kulturweit.blog\/lebeninathen\/?page_id=367"},"modified":"2021-06-22T16:10:00","modified_gmt":"2021-06-22T14:10:00","slug":"schnee-in-athen","status":"publish","type":"page","link":"https:\/\/kulturweit.blog\/lebeninathen\/freizeit\/schnee-in-athen\/","title":{"rendered":"Schnee in Athen !!"},"content":{"rendered":"<p>Hallo\u00a0 \u00a0 \u00a0 \u00a0 \u00a0 \u00a0 \u00a0 \u00a0 \u00a0 \u00a0 \u00a0 \u00a0 \u00a0 \u00a0 \u00a0 \u00a0 \u00a0 \u00a0 \u00a0 \u00a0 \u00a0 \u00a0 \u00a0 \u00a0 \u00a0 \u00a0 \u00a0 \u00a0 \u00a0 \u00a0 \u00a0 \u00a0 \u00a0 \u00a0 \u00a0 \u00a0 \u00a0 \u00a0 \u00a0 \u00a0 \u00a0 \u00a0 \u00a0 \u00a0 \u00a0 \u00a0 \u00a0 \u00a0 \u00a0 \u00a0 \u00a0 \u00a0 \u00a0 \u00a0 \u00a0 \u00a0 \u00a0 \u00a0 \u00a0 \u00a0 \u00a0 \u00a0 \u00a0<em> \u00a0 \u00a016. Februar 2021<\/em><\/p>\n<p>Heute Morgen als ich aufgewacht bin, habe ich als erstes aus dem Fenster geschaut und Schnee gesehen. Ich habe schon geh\u00f6rt, dass es schneien soll, allerdings habe ich das bis heute Morgen nicht geglaubt. Kalt ist es schon seit ein paar Tagen. Heute Morgen lag schon einiges an Schnee. Ich wollte dann direkt mit der Metro noch etwas in den Norden fahren, um noch mehr Schnee zu sehen. Die Metro neben meiner Wohnung ist heute Morgen leider nicht gefahren, weil ein bisschen Schnee lag. Deshalb sind alle Busse und die eine Metro ausgefallen. Ich bin dann die Stadt gelaufen, zu den zwei anderen Metrolinien, die unterirdisch sind. Sie fahren zum Gl\u00fcck ganz normal.<\/p>\n<div id=\"attachment_368\" style=\"width: 310px\" class=\"wp-caption alignnone\"><a href=\"https:\/\/kulturweit.blog\/lebeninathen\/files\/2021\/02\/WhatsApp-Image-2021-02-16-at-17.50.21-2.jpeg\"><img loading=\"lazy\" decoding=\"async\" aria-describedby=\"caption-attachment-368\" class=\"wp-image-368 size-medium\" src=\"https:\/\/kulturweit.blog\/lebeninathen\/files\/2021\/02\/WhatsApp-Image-2021-02-16-at-17.50.21-2-300x399.jpeg\" alt=\"\" width=\"300\" height=\"399\" srcset=\"https:\/\/kulturweit.blog\/lebeninathen\/files\/2021\/02\/WhatsApp-Image-2021-02-16-at-17.50.21-2-300x399.jpeg 300w, https:\/\/kulturweit.blog\/lebeninathen\/files\/2021\/02\/WhatsApp-Image-2021-02-16-at-17.50.21-2-1x1.jpeg 1w, https:\/\/kulturweit.blog\/lebeninathen\/files\/2021\/02\/WhatsApp-Image-2021-02-16-at-17.50.21-2.jpeg 769w\" sizes=\"(max-width: 300px) 100vw, 300px\" \/><\/a><p id=\"caption-attachment-368\" class=\"wp-caption-text\">Schnee in der Innenstadt<\/p><\/div>\n<p>Ich habe mich mit einer anderen Freiwilligen in der Stadt getroffen und wir sind mit der Metro in den Norden von Athen gefahren. Dort hatte es noch viel mehr Schnee als in der Stadt selbst. Wir sind durch die Stra\u00dfen gelaufen und haben den vielen Schnee bewundert. Das hat Spa\u00df gemacht. Es hat immer weiter geschneit und hatte etwa 0 Grad. Da es in den letzten Wochen immer so warm war, hat sich das viel k\u00e4lter angef\u00fchlt und ich war nach einer Zeit so durchgefroren.<\/p>\n<p>Dass es sogar in der Stadt Schnee hat ist definitiv nicht normal und so viel hat es auch schon seit 12 Jahren nicht mehr geschneit. Ich freue mich nat\u00fcrlich, dass es genau in diesem Jahr so viel geschneit hat und ich das mitbekommen konnte. In der Stadt war man leicht \u00fcberfordert, manche spritzen den Schnee von ihrem Grundst\u00fcck mit Wasser (?!!), andere mit einer Gartenschaufel, andere fahren schon mit Schneeketten rum, um mit den Sommerreifen voranzukommen.<\/p>\n<p>Hier sind einige Schneebilder \ud83d\ude42<\/p>\n<p><a href=\"https:\/\/kulturweit.blog\/lebeninathen\/files\/2021\/02\/WhatsApp-Image-2021-02-16-at-17.50.21-1.jpeg\"><img loading=\"lazy\" decoding=\"async\" class=\"alignnone size-medium wp-image-369\" src=\"https:\/\/kulturweit.blog\/lebeninathen\/files\/2021\/02\/WhatsApp-Image-2021-02-16-at-17.50.21-1-300x399.jpeg\" alt=\"\" width=\"300\" height=\"399\" srcset=\"https:\/\/kulturweit.blog\/lebeninathen\/files\/2021\/02\/WhatsApp-Image-2021-02-16-at-17.50.21-1-300x399.jpeg 300w, https:\/\/kulturweit.blog\/lebeninathen\/files\/2021\/02\/WhatsApp-Image-2021-02-16-at-17.50.21-1-1x1.jpeg 1w, https:\/\/kulturweit.blog\/lebeninathen\/files\/2021\/02\/WhatsApp-Image-2021-02-16-at-17.50.21-1.jpeg 769w\" sizes=\"(max-width: 300px) 100vw, 300px\" \/><\/a> <a href=\"https:\/\/kulturweit.blog\/lebeninathen\/files\/2021\/02\/WhatsApp-Image-2021-02-16-at-17.50.20-1.jpeg\"><img loading=\"lazy\" decoding=\"async\" class=\"alignnone size-medium wp-image-372\" src=\"https:\/\/kulturweit.blog\/lebeninathen\/files\/2021\/02\/WhatsApp-Image-2021-02-16-at-17.50.20-1-300x399.jpeg\" alt=\"\" width=\"300\" height=\"399\" srcset=\"https:\/\/kulturweit.blog\/lebeninathen\/files\/2021\/02\/WhatsApp-Image-2021-02-16-at-17.50.20-1-300x399.jpeg 300w, https:\/\/kulturweit.blog\/lebeninathen\/files\/2021\/02\/WhatsApp-Image-2021-02-16-at-17.50.20-1-1x1.jpeg 1w, https:\/\/kulturweit.blog\/lebeninathen\/files\/2021\/02\/WhatsApp-Image-2021-02-16-at-17.50.20-1.jpeg 769w\" sizes=\"(max-width: 300px) 100vw, 300px\" \/><\/a><a href=\"https:\/\/kulturweit.blog\/lebeninathen\/files\/2021\/02\/WhatsApp-Image-2021-02-16-at-17.50.20.jpeg\"><img loading=\"lazy\" decoding=\"async\" class=\"alignnone wp-image-373\" src=\"https:\/\/kulturweit.blog\/lebeninathen\/files\/2021\/02\/WhatsApp-Image-2021-02-16-at-17.50.20-300x225.jpeg\" alt=\"\" width=\"529\" height=\"397\" srcset=\"https:\/\/kulturweit.blog\/lebeninathen\/files\/2021\/02\/WhatsApp-Image-2021-02-16-at-17.50.20-300x225.jpeg 300w, https:\/\/kulturweit.blog\/lebeninathen\/files\/2021\/02\/WhatsApp-Image-2021-02-16-at-17.50.20-768x577.jpeg 768w, https:\/\/kulturweit.blog\/lebeninathen\/files\/2021\/02\/WhatsApp-Image-2021-02-16-at-17.50.20-1x1.jpeg 1w, https:\/\/kulturweit.blog\/lebeninathen\/files\/2021\/02\/WhatsApp-Image-2021-02-16-at-17.50.20.jpeg 1024w\" sizes=\"(max-width: 529px) 100vw, 529px\" \/><\/a><\/p>\n<p><a href=\"https:\/\/kulturweit.blog\/lebeninathen\/files\/2021\/02\/WhatsApp-Image-2021-02-16-at-17.50.21.jpeg\"><img loading=\"lazy\" decoding=\"async\" class=\"alignnone size-medium wp-image-370\" src=\"https:\/\/kulturweit.blog\/lebeninathen\/files\/2021\/02\/WhatsApp-Image-2021-02-16-at-17.50.21-300x399.jpeg\" alt=\"\" width=\"300\" height=\"399\" srcset=\"https:\/\/kulturweit.blog\/lebeninathen\/files\/2021\/02\/WhatsApp-Image-2021-02-16-at-17.50.21-300x399.jpeg 300w, https:\/\/kulturweit.blog\/lebeninathen\/files\/2021\/02\/WhatsApp-Image-2021-02-16-at-17.50.21-1x1.jpeg 1w, https:\/\/kulturweit.blog\/lebeninathen\/files\/2021\/02\/WhatsApp-Image-2021-02-16-at-17.50.21.jpeg 769w\" sizes=\"(max-width: 300px) 100vw, 300px\" \/><\/a><a href=\"https:\/\/kulturweit.blog\/lebeninathen\/files\/2021\/02\/WhatsApp-Image-2021-02-16-at-13.16.07.jpeg\"><img loading=\"lazy\" decoding=\"async\" class=\"alignnone size-medium wp-image-375\" src=\"https:\/\/kulturweit.blog\/lebeninathen\/files\/2021\/02\/WhatsApp-Image-2021-02-16-at-13.16.07-300x399.jpeg\" alt=\"\" width=\"300\" height=\"399\" srcset=\"https:\/\/kulturweit.blog\/lebeninathen\/files\/2021\/02\/WhatsApp-Image-2021-02-16-at-13.16.07-300x399.jpeg 300w, https:\/\/kulturweit.blog\/lebeninathen\/files\/2021\/02\/WhatsApp-Image-2021-02-16-at-13.16.07-1x1.jpeg 1w, https:\/\/kulturweit.blog\/lebeninathen\/files\/2021\/02\/WhatsApp-Image-2021-02-16-at-13.16.07.jpeg 769w\" sizes=\"(max-width: 300px) 100vw, 300px\" \/><\/a><\/p>\n","protected":false},"excerpt":{"rendered":"<p>Hallo\u00a0 \u00a0 \u00a0 \u00a0 \u00a0 \u00a0 \u00a0 \u00a0 \u00a0 \u00a0 \u00a0 \u00a0 \u00a0 \u00a0 \u00a0 \u00a0 \u00a0 \u00a0 \u00a0 \u00a0 \u00a0 \u00a0 \u00a0 \u00a0 \u00a0 \u00a0 \u00a0 \u00a0 \u00a0 \u00a0 \u00a0 \u00a0 \u00a0 \u00a0 \u00a0 \u00a0 \u00a0 \u00a0 \u00a0 \u00a0 \u00a0 \u00a0 \u00a0 \u00a0 \u00a0 \u00a0 \u00a0 \u00a0 \u00a0 \u00a0 \u00a0 \u00a0 \u00a0 \u00a0 \u00a0 [&hellip;]<\/p>\n","protected":false},"author":2872,"featured_media":0,"parent":11,"menu_order":0,"comment_status":"closed","ping_status":"closed","template":"","meta":{"footnotes":""},"class_list":["post-367","page","type-page","status-publish","hentry"],"amp_enabled":true,"_links":{"self":[{"href":"https:\/\/kulturweit.blog\/lebeninathen\/wp-json\/wp\/v2\/pages\/367"}],"collection":[{"href":"https:\/\/kulturweit.blog\/lebeninathen\/wp-json\/wp\/v2\/pages"}],"about":[{"href":"https:\/\/kulturweit.blog\/lebeninathen\/wp-json\/wp\/v2\/types\/page"}],"author":[{"embeddable":true,"href":"https:\/\/kulturweit.blog\/lebeninathen\/wp-json\/wp\/v2\/users\/2872"}],"replies":[{"embeddable":true,"href":"https:\/\/kulturweit.blog\/lebeninathen\/wp-json\/wp\/v2\/comments?post=367"}],"version-history":[{"count":4,"href":"https:\/\/kulturweit.blog\/lebeninathen\/wp-json\/wp\/v2\/pages\/367\/revisions"}],"predecessor-version":[{"id":581,"href":"https:\/\/kulturweit.blog\/lebeninathen\/wp-json\/wp\/v2\/pages\/367\/revisions\/581"}],"up":[{"embeddable":true,"href":"https:\/\/kulturweit.blog\/lebeninathen\/wp-json\/wp\/v2\/pages\/11"}],"wp:attachment":[{"href":"https:\/\/kulturweit.blog\/lebeninathen\/wp-json\/wp\/v2\/media?parent=367"}],"curies":[{"name":"wp","href":"https:\/\/api.w.org\/{rel}","templated":true}]}}