{"id":353,"date":"2021-02-06T18:03:19","date_gmt":"2021-02-06T17:03:19","guid":{"rendered":"https:\/\/kulturweit.blog\/lebeninathen\/?page_id=353"},"modified":"2021-03-08T10:01:49","modified_gmt":"2021-03-08T09:01:49","slug":"kurzfristige-entscheidungen","status":"publish","type":"page","link":"https:\/\/kulturweit.blog\/lebeninathen\/schwierigkeiten\/kurzfristige-entscheidungen\/","title":{"rendered":"Kurzfristige Entscheidungen"},"content":{"rendered":"<p>Hallo,\u00a0 \u00a0 \u00a0 \u00a0 \u00a0 \u00a0 \u00a0 \u00a0 \u00a0 \u00a0 \u00a0 \u00a0 \u00a0 \u00a0 \u00a0 \u00a0 \u00a0 \u00a0 \u00a0 \u00a0 \u00a0 \u00a0 \u00a0 \u00a0 \u00a0 \u00a0 \u00a0 \u00a0 \u00a0 \u00a0 \u00a0 \u00a0 \u00a0 \u00a0 \u00a0 \u00a0 \u00a0 \u00a0 \u00a0 \u00a0 \u00a0 \u00a0 \u00a0 \u00a0 \u00a0 \u00a0 \u00a0 \u00a0 \u00a0 \u00a0 \u00a0 \u00a0 \u00a0 \u00a0 \u00a0 \u00a0 \u00a0 \u00a0 \u00a0 \u00a0 \u00a0 \u00a0 \u00a0 \u00a0 \u00a0 \u00a0 \u00a0 \u00a0 \u00a0 \u00a0 <em>\u00a06. Februar 2021<\/em><\/p>\n<p>heute m\u00f6chte ich diese Seite wieder etwas f\u00fcllen. Es geht um das Thema Corona und der Umgang der griechischen Regierung. Aus Deutschland kenne ich, dass alles relativ fr\u00fch angek\u00fcndigt wird (eine oder zwei Wochen vorher) und man sich dann darauf einstellen kann. In Griechenland ist das leider nicht so. Bei den ersten Schulschlie\u00dfungen im November habe ich am Mittwochabend von Ger\u00fcchten geh\u00f6rt, dass es ab Samstag einen kompletten Lockdown gibt. Am Donnerstag wurde es in der Schule best\u00e4tigt, dass es als wahrscheinlich gilt. Doch noch war nichts offiziell. Erst am Freitag wurde dann verk\u00fcndet, dass der Lockdown am Samstag beginnt. Also hatte man einen Tag zur Vorbereitung. Die Schulen waren dann das restliche Jahr zu. Das ist sogar noch viel. Ende Januar hat der Einzelhandel f\u00fcr 1 \u00bd Wochen ge\u00f6ffnet. Ich wollte am Samstag noch in die Stadt gehen und etwas besorgen. Am Samstagmorgen habe ich online gelesen, dass die L\u00e4den ab heute zu sind (nur noch Click und Collect, vorher anrufen und abholen).<\/p>\n<p>Zurzeit ist das auch leider nicht besser. Am Mittwochabend gab es erste Ger\u00fcchte und in der Schule hie\u00df es am Donnerstag auch, dass der Lockdown versch\u00e4rft wird und die Schulen wahrscheinlich bald schlie\u00dfen m\u00fcssen. Am Freitag hie\u00df es dann, dass f\u00fcr mehr als eine Woche eine Ausgangssperre am Wochenende um 18 Uhr gilt. Freitagabend wurde das offiziell und Samstagabend trat es in Kraft. Das ist nat\u00fcrlich sehr fr\u00fch, besonders weil es sp\u00e4ter dunkel wird und das Wetter zurzeit so sch\u00f6n ist. Wie lange die Schulen noch offen bleiben ist auch unklar, da sich die Infektionszahlen zurzeit stark erh\u00f6ht haben.<\/p>\n<p>Klar kann man verstehen, dass man durch die Pandemie sehr kurzfristig handeln muss. Das m\u00fcssen in diesen Zeiten viele L\u00e4nder machen. Trotzdem w\u00e4re es sch\u00f6n, wenn man ein bisschen besser vorgewarnt ist, damit man sich noch notwendige Sachen kaufen kann, die man in den n\u00e4chsten Wochen braucht. Ich hoffe sehr, dass sich die Zahlen bald wieder stabilisieren und die Schulen weiterhin offen bleiben, ansonsten w\u00fcrde ich wieder in einen langweiligen Alltag abrutschen.<\/p>\n<p>Bis bald, Katharina<\/p>\n","protected":false},"excerpt":{"rendered":"<p>Hallo,\u00a0 \u00a0 \u00a0 \u00a0 \u00a0 \u00a0 \u00a0 \u00a0 \u00a0 \u00a0 \u00a0 \u00a0 \u00a0 \u00a0 \u00a0 \u00a0 \u00a0 \u00a0 \u00a0 \u00a0 \u00a0 \u00a0 \u00a0 \u00a0 \u00a0 \u00a0 \u00a0 \u00a0 \u00a0 \u00a0 \u00a0 \u00a0 \u00a0 \u00a0 \u00a0 \u00a0 \u00a0 \u00a0 \u00a0 \u00a0 \u00a0 \u00a0 \u00a0 \u00a0 \u00a0 \u00a0 \u00a0 \u00a0 \u00a0 \u00a0 \u00a0 \u00a0 \u00a0 \u00a0 \u00a0 [&hellip;]<\/p>\n","protected":false},"author":2872,"featured_media":0,"parent":236,"menu_order":0,"comment_status":"closed","ping_status":"closed","template":"","meta":{"footnotes":""},"class_list":["post-353","page","type-page","status-publish","hentry"],"amp_enabled":true,"_links":{"self":[{"href":"https:\/\/kulturweit.blog\/lebeninathen\/wp-json\/wp\/v2\/pages\/353"}],"collection":[{"href":"https:\/\/kulturweit.blog\/lebeninathen\/wp-json\/wp\/v2\/pages"}],"about":[{"href":"https:\/\/kulturweit.blog\/lebeninathen\/wp-json\/wp\/v2\/types\/page"}],"author":[{"embeddable":true,"href":"https:\/\/kulturweit.blog\/lebeninathen\/wp-json\/wp\/v2\/users\/2872"}],"replies":[{"embeddable":true,"href":"https:\/\/kulturweit.blog\/lebeninathen\/wp-json\/wp\/v2\/comments?post=353"}],"version-history":[{"count":3,"href":"https:\/\/kulturweit.blog\/lebeninathen\/wp-json\/wp\/v2\/pages\/353\/revisions"}],"predecessor-version":[{"id":413,"href":"https:\/\/kulturweit.blog\/lebeninathen\/wp-json\/wp\/v2\/pages\/353\/revisions\/413"}],"up":[{"embeddable":true,"href":"https:\/\/kulturweit.blog\/lebeninathen\/wp-json\/wp\/v2\/pages\/236"}],"wp:attachment":[{"href":"https:\/\/kulturweit.blog\/lebeninathen\/wp-json\/wp\/v2\/media?parent=353"}],"curies":[{"name":"wp","href":"https:\/\/api.w.org\/{rel}","templated":true}]}}