{"id":348,"date":"2021-02-03T15:13:01","date_gmt":"2021-02-03T14:13:01","guid":{"rendered":"https:\/\/kulturweit.blog\/lebeninathen\/?page_id=348"},"modified":"2021-03-08T10:08:50","modified_gmt":"2021-03-08T09:08:50","slug":"olympia-sportzentrum","status":"publish","type":"page","link":"https:\/\/kulturweit.blog\/lebeninathen\/freizeit\/olympia-sportzentrum\/","title":{"rendered":"Olympia Sportzentrum"},"content":{"rendered":"<p>Hallo\u00a0 \u00a0 \u00a0 \u00a0 \u00a0 \u00a0 \u00a0 \u00a0 \u00a0 \u00a0 \u00a0 \u00a0 \u00a0 \u00a0 \u00a0 \u00a0 \u00a0 \u00a0 \u00a0 \u00a0 \u00a0 \u00a0 \u00a0 \u00a0 \u00a0 \u00a0 \u00a0 \u00a0 \u00a0 \u00a0 \u00a0 \u00a0 \u00a0 \u00a0 \u00a0 \u00a0 \u00a0 \u00a0 \u00a0 \u00a0 \u00a0 \u00a0 \u00a0 \u00a0 \u00a0 \u00a0 \u00a0 \u00a0 \u00a0 \u00a0 \u00a0 \u00a0 \u00a0 \u00a0 \u00a0 \u00a0 \u00a0 \u00a0 \u00a0 \u00a0 \u00a0 \u00a0 \u00a0 \u00a0 \u00a0 \u00a0 \u00a0 \u00a0 \u00a0 3. Februar 2021<\/p>\n<p>heute m\u00f6chte ich etwas zu meinem letzten Wochenende schreiben. Am Samstag bin ich mit den anderen Freiwilligen in den Norden von Athen gefahren. Wir haben das Olympische Sportzentrum von Athen besucht. Daf\u00fcr sind wir bis nach Irini gefahren, eine Metrostation, die nebenan liegt. Zuerst kommt man an diesen gro\u00dfen Stahlb\u00f6gen vorbei. Man sieht sie schon von weitem. An diesem Tag hat sogar das Wetter gepasst und deshalb sieht es auf dem Foto noch sch\u00f6ner aus. Diese B\u00f6gen sind unglaublich gro\u00df und mehrere hundert Meter lang. Das sieht echt klasse aus, f\u00fcr mehr als das Aussehen sind sie aber wohl kaum da.<\/p>\n<p><a href=\"https:\/\/kulturweit.blog\/lebeninathen\/files\/2021\/02\/WhatsApp-Image-2021-02-02-at-20.43.25.jpeg\"><img loading=\"lazy\" decoding=\"async\" class=\"alignnone size-medium wp-image-340\" src=\"https:\/\/kulturweit.blog\/lebeninathen\/files\/2021\/02\/WhatsApp-Image-2021-02-02-at-20.43.25-300x399.jpeg\" alt=\"\" width=\"300\" height=\"399\" srcset=\"https:\/\/kulturweit.blog\/lebeninathen\/files\/2021\/02\/WhatsApp-Image-2021-02-02-at-20.43.25-300x399.jpeg 300w, https:\/\/kulturweit.blog\/lebeninathen\/files\/2021\/02\/WhatsApp-Image-2021-02-02-at-20.43.25-1x1.jpeg 1w, https:\/\/kulturweit.blog\/lebeninathen\/files\/2021\/02\/WhatsApp-Image-2021-02-02-at-20.43.25.jpeg 769w\" sizes=\"(max-width: 300px) 100vw, 300px\" \/><\/a><\/p>\n<p>Weiter geht es zu mehreren Geb\u00e4uden. Eines davon ist das Olympiastadion. Es wurde 1979 entworfen und danach bei gro\u00dfen Meisterschaften genutzt. Es wurde au\u00dferdem das Olympische Velodrom gebaut, welches eine Radrennbahn ist, das Olympische Wassersportzentrum, das Olympische Hallensportzentrum und das Olympische Tenniszentrum. Die wichtigsten Spiele in diesem Komplex waren die Olympischen Spiele im Jahr 2004. Diese ganzen Geb\u00e4ude werden teils heute noch benutzt aber teils nicht mehr. F\u00fcr die Olympischen Spiele wurden sie vor allem gebaut und diese sind nun schon 17 Jahre her. Der ganze Komplex ist beeindruckend, sollte aber nicht nur gut aussehen und weiterhin benutzt werden, nicht nur f\u00fcr ein gro\u00dfes Ereignis.<\/p>\n<div id=\"attachment_349\" style=\"width: 310px\" class=\"wp-caption alignnone\"><a href=\"https:\/\/kulturweit.blog\/lebeninathen\/files\/2021\/02\/WhatsApp-Image-2021-02-03-at-16.05.40-1.jpeg\"><img loading=\"lazy\" decoding=\"async\" aria-describedby=\"caption-attachment-349\" class=\"wp-image-349 size-medium\" src=\"https:\/\/kulturweit.blog\/lebeninathen\/files\/2021\/02\/WhatsApp-Image-2021-02-03-at-16.05.40-1-300x225.jpeg\" alt=\"\" width=\"300\" height=\"225\" srcset=\"https:\/\/kulturweit.blog\/lebeninathen\/files\/2021\/02\/WhatsApp-Image-2021-02-03-at-16.05.40-1-300x225.jpeg 300w, https:\/\/kulturweit.blog\/lebeninathen\/files\/2021\/02\/WhatsApp-Image-2021-02-03-at-16.05.40-1-768x577.jpeg 768w, https:\/\/kulturweit.blog\/lebeninathen\/files\/2021\/02\/WhatsApp-Image-2021-02-03-at-16.05.40-1-1x1.jpeg 1w, https:\/\/kulturweit.blog\/lebeninathen\/files\/2021\/02\/WhatsApp-Image-2021-02-03-at-16.05.40-1.jpeg 1024w\" sizes=\"(max-width: 300px) 100vw, 300px\" \/><\/a><p id=\"caption-attachment-349\" class=\"wp-caption-text\">Olympiastadion<\/p><\/div>\n<div id=\"attachment_350\" style=\"width: 310px\" class=\"wp-caption alignnone\"><a href=\"https:\/\/kulturweit.blog\/lebeninathen\/files\/2021\/02\/WhatsApp-Image-2021-02-03-at-16.05.40.jpeg\"><img loading=\"lazy\" decoding=\"async\" aria-describedby=\"caption-attachment-350\" class=\"wp-image-350 size-medium\" src=\"https:\/\/kulturweit.blog\/lebeninathen\/files\/2021\/02\/WhatsApp-Image-2021-02-03-at-16.05.40-300x399.jpeg\" alt=\"\" width=\"300\" height=\"399\" srcset=\"https:\/\/kulturweit.blog\/lebeninathen\/files\/2021\/02\/WhatsApp-Image-2021-02-03-at-16.05.40-300x399.jpeg 300w, https:\/\/kulturweit.blog\/lebeninathen\/files\/2021\/02\/WhatsApp-Image-2021-02-03-at-16.05.40-1x1.jpeg 1w, https:\/\/kulturweit.blog\/lebeninathen\/files\/2021\/02\/WhatsApp-Image-2021-02-03-at-16.05.40.jpeg 769w\" sizes=\"(max-width: 300px) 100vw, 300px\" \/><\/a><p id=\"caption-attachment-350\" class=\"wp-caption-text\">Schwimmbecken au\u00dfen<\/p><\/div>\n<p>Liebe Gr\u00fc\u00dfe, Katharina<\/p>\n","protected":false},"excerpt":{"rendered":"<p>Hallo\u00a0 \u00a0 \u00a0 \u00a0 \u00a0 \u00a0 \u00a0 \u00a0 \u00a0 \u00a0 \u00a0 \u00a0 \u00a0 \u00a0 \u00a0 \u00a0 \u00a0 \u00a0 \u00a0 \u00a0 \u00a0 \u00a0 \u00a0 \u00a0 \u00a0 \u00a0 \u00a0 \u00a0 \u00a0 \u00a0 \u00a0 \u00a0 \u00a0 \u00a0 \u00a0 \u00a0 \u00a0 \u00a0 \u00a0 \u00a0 \u00a0 \u00a0 \u00a0 \u00a0 \u00a0 \u00a0 \u00a0 \u00a0 \u00a0 \u00a0 \u00a0 \u00a0 \u00a0 \u00a0 \u00a0 [&hellip;]<\/p>\n","protected":false},"author":2872,"featured_media":0,"parent":11,"menu_order":0,"comment_status":"closed","ping_status":"closed","template":"","meta":{"footnotes":""},"class_list":["post-348","page","type-page","status-publish","hentry"],"amp_enabled":true,"_links":{"self":[{"href":"https:\/\/kulturweit.blog\/lebeninathen\/wp-json\/wp\/v2\/pages\/348"}],"collection":[{"href":"https:\/\/kulturweit.blog\/lebeninathen\/wp-json\/wp\/v2\/pages"}],"about":[{"href":"https:\/\/kulturweit.blog\/lebeninathen\/wp-json\/wp\/v2\/types\/page"}],"author":[{"embeddable":true,"href":"https:\/\/kulturweit.blog\/lebeninathen\/wp-json\/wp\/v2\/users\/2872"}],"replies":[{"embeddable":true,"href":"https:\/\/kulturweit.blog\/lebeninathen\/wp-json\/wp\/v2\/comments?post=348"}],"version-history":[{"count":3,"href":"https:\/\/kulturweit.blog\/lebeninathen\/wp-json\/wp\/v2\/pages\/348\/revisions"}],"predecessor-version":[{"id":432,"href":"https:\/\/kulturweit.blog\/lebeninathen\/wp-json\/wp\/v2\/pages\/348\/revisions\/432"}],"up":[{"embeddable":true,"href":"https:\/\/kulturweit.blog\/lebeninathen\/wp-json\/wp\/v2\/pages\/11"}],"wp:attachment":[{"href":"https:\/\/kulturweit.blog\/lebeninathen\/wp-json\/wp\/v2\/media?parent=348"}],"curies":[{"name":"wp","href":"https:\/\/api.w.org\/{rel}","templated":true}]}}