{"id":311,"date":"2021-01-16T11:00:07","date_gmt":"2021-01-16T10:00:07","guid":{"rendered":"https:\/\/kulturweit.blog\/lebeninathen\/?page_id=311"},"modified":"2021-04-22T10:59:04","modified_gmt":"2021-04-22T08:59:04","slug":"praesenzunterricht-nach-zwei-monaten","status":"publish","type":"page","link":"https:\/\/kulturweit.blog\/lebeninathen\/arbeit\/praesenzunterricht-nach-zwei-monaten\/","title":{"rendered":"Pr\u00e4senzunterricht!"},"content":{"rendered":"<p><span lang=\"el\">\u039a\u03b1\u03bb\u03b7\u03bc\u03ad\u03c1\u03b1 zu einem neuen Blogeintrag,\u00a0 \u00a0 \u00a0 \u00a0 \u00a0 \u00a0 \u00a0 \u00a0 \u00a0 \u00a0 \u00a0 \u00a0 \u00a0 \u00a0 \u00a0 \u00a0 \u00a0 \u00a0 \u00a0 \u00a0 \u00a0 \u00a0 \u00a0 \u00a0 \u00a0 \u00a0 \u00a0 \u00a0 \u00a0 \u00a0 \u00a0 \u00a0 \u00a0 \u00a0 \u00a0 \u00a0 \u00a0 \u00a0 \u00a0 \u00a0 \u00a0<em>\u00a0 \u00a016. Januar 2021<\/em><\/span><\/p>\n<p>Heute ist Samstagmorgen und drau\u00dfen regnet es. In dieser Woche ist die Temperatur von Montag 23 Grad bis heute am Samstag auf 5 Grad (gerade) gesunken. Am Anfang der Woche war also dementsprechend noch sehr gutes Wetter. Jetzt soll es mehr regnen und die Temperaturen sollen noch ein paar Tage so kalt bleiben, bis es n\u00e4chste Woche wieder Richtung 20 Grad geht. Genug vom Wetter. In diesem Eintrag soll es um die Schule gehen.<\/p>\n<p>Das letzte Mal in der Schule war am 12. November. Danach ging es, wie ich euch in den letzten Blogeintr\u00e4gen berichtet habe, weiter mit Online Unterricht. Dementsprechend bin ich am 11. Januar sehr gl\u00fccklich dar\u00fcber, wieder in die Schule gefahren. Diese erste Woche war sehr sch\u00f6n und es hat wieder viel mehr Spa\u00df gemacht als online.<\/p>\n<p>Da die Schulen schon viel l\u00e4nger als in Deutschland geschlossen hatten (Oberstufe seit 9. November und jetzt immer noch Online), hat die Regierung endlich beschlossen, dass zumindest Kindergarten und Grundschulen wieder \u00f6ffnen. Vorab kann man sagen, dass es als wahrscheinlich gilt, dass diese Schularten bald wieder schlie\u00dfen. Vielleicht auch nicht, das wei\u00df man bisher noch nicht sicher. So lange die Schule offen ist, freue ich mich darauf, wieder hingehen zu d\u00fcrfen.<\/p>\n<p>Es ging also am Montag um 8:15 wieder los und ich habe die 6. und 5. Klasse besucht. An diesem Tag habe ich au\u00dferdem noch den Kindergarten besucht und auch noch ein bisschen Freizeit gehabt, um mich mit dem Griechisch lernen zu besch\u00e4ftigen. Die Kinder haben sich sehr gefreut, wieder in die Schule gehen zu d\u00fcrfen und wie die griechische Traditionen besagen, gab es einen Neujahrskuchen. Jeder Lehrer hat ein St\u00fcck von diesem bekommen. In einem St\u00fcck ist eine M\u00fcnze versteckt, wer sie findet, hat in diesem Jahr viel Gl\u00fcck und bekommt ein Geschenk. Ich hatte die M\u00fcnze nicht, der Kuchen war allerdings sehr lecker. Man wurde an diesem Tag feierlich von jedem so begr\u00fc\u00dft: \u039a\u03b1\u03bb\u03b7 \u03c7\u03c1\u03bf\u03bd\u03b9\u03b1! (Frohes neues Jahr).<\/p>\n<p>Auch die n\u00e4chsten Tage vergingen sehr schnell. Ich war in einigen Unterrichtsstunden in jeder Klasse und dem Kindergarten dabei. Ich las viele Texte vor, manchmal machte ich selbst einige Aufgaben mit den Kindern oder korrigierte die Sch\u00fcler auf ihren Arbeitsbl\u00e4ttern oder m\u00fcndlich. Die Kinder waren sehr aufgeweckt und viele freuten sich sehr mich wieder zu sehen.<\/p>\n<p>Die erste Woche war sehr sch\u00f6n und ich hoffe, dass noch viele weitere Wochen im Pr\u00e4senzunterricht folgen werden und nicht, wie bef\u00fcrchtet, dass die Grundschulen bald wieder schlie\u00dfen m\u00fcssen.<\/p>\n<p>Liebe Gr\u00fc\u00dfe, Katharina<\/p>\n","protected":false},"excerpt":{"rendered":"<p>\u039a\u03b1\u03bb\u03b7\u03bc\u03ad\u03c1\u03b1 zu einem neuen Blogeintrag,\u00a0 \u00a0 \u00a0 \u00a0 \u00a0 \u00a0 \u00a0 \u00a0 \u00a0 \u00a0 \u00a0 \u00a0 \u00a0 \u00a0 \u00a0 \u00a0 \u00a0 \u00a0 \u00a0 \u00a0 \u00a0 \u00a0 \u00a0 \u00a0 \u00a0 \u00a0 \u00a0 \u00a0 \u00a0 \u00a0 \u00a0 \u00a0 \u00a0 \u00a0 \u00a0 \u00a0 \u00a0 \u00a0 \u00a0 \u00a0 \u00a0\u00a0 \u00a016. Januar 2021 Heute ist Samstagmorgen und drau\u00dfen regnet es. [&hellip;]<\/p>\n","protected":false},"author":2872,"featured_media":0,"parent":64,"menu_order":0,"comment_status":"closed","ping_status":"closed","template":"","meta":{"footnotes":""},"class_list":["post-311","page","type-page","status-publish","hentry"],"amp_enabled":true,"_links":{"self":[{"href":"https:\/\/kulturweit.blog\/lebeninathen\/wp-json\/wp\/v2\/pages\/311"}],"collection":[{"href":"https:\/\/kulturweit.blog\/lebeninathen\/wp-json\/wp\/v2\/pages"}],"about":[{"href":"https:\/\/kulturweit.blog\/lebeninathen\/wp-json\/wp\/v2\/types\/page"}],"author":[{"embeddable":true,"href":"https:\/\/kulturweit.blog\/lebeninathen\/wp-json\/wp\/v2\/users\/2872"}],"replies":[{"embeddable":true,"href":"https:\/\/kulturweit.blog\/lebeninathen\/wp-json\/wp\/v2\/comments?post=311"}],"version-history":[{"count":3,"href":"https:\/\/kulturweit.blog\/lebeninathen\/wp-json\/wp\/v2\/pages\/311\/revisions"}],"predecessor-version":[{"id":515,"href":"https:\/\/kulturweit.blog\/lebeninathen\/wp-json\/wp\/v2\/pages\/311\/revisions\/515"}],"up":[{"embeddable":true,"href":"https:\/\/kulturweit.blog\/lebeninathen\/wp-json\/wp\/v2\/pages\/64"}],"wp:attachment":[{"href":"https:\/\/kulturweit.blog\/lebeninathen\/wp-json\/wp\/v2\/media?parent=311"}],"curies":[{"name":"wp","href":"https:\/\/api.w.org\/{rel}","templated":true}]}}