{"id":298,"date":"2021-01-06T10:38:03","date_gmt":"2021-01-06T09:38:03","guid":{"rendered":"https:\/\/kulturweit.blog\/lebeninathen\/?page_id=298"},"modified":"2021-04-22T10:58:30","modified_gmt":"2021-04-22T08:58:30","slug":"ymittos-hymettos","status":"publish","type":"page","link":"https:\/\/kulturweit.blog\/lebeninathen\/freizeit\/ymittos-hymettos\/","title":{"rendered":"Ymittos"},"content":{"rendered":"<p>Hallo, heute gibt es schon wieder einen Beitrag. Zurzeit passiert so viel!!\u00a0 \u00a0 \u00a0 <em>6. Januar 2021<\/em><\/p>\n<p>Gestern, ab 5.1.21, bin ich mit den anderen Freiwilligen auf den Ymittos (oder auch Hymettos) gewandert. Das ist ein Berg, der etwa 10 km s\u00fcd\u00f6stlich von der Stadt Athen liegt. Er ist bis zu 1026 Meter hoch und liegt auch im Gebiet Attika. Die Wege sind leider nicht immer besonders gut, meistens steil und steinig. Es gibt auch eine gro\u00dfe Stra\u00dfe bis ganz nach oben. Da wir kein Auto haben, sind wir mit der Metro und dem Bus bis an den Waldrand gefahren und von dort nach oben gelaufen. Nach oben waren es 700 H\u00f6henmeter und 6 km. Es war sehr anstrengend und nicht leicht, da man auch sehr schnell abgerutscht ist. Oben angekommen konnten wir die Landschaft genie\u00dfen. Zum einen konnte man ganz Athen sehen, zum Hafen Pir\u00e4us und auch die Vororte von Athen. Auf der anderen Seite des Berges konnte man sogar den Flughafen und das Meer auf dieser Seite sehen. Es war aber auch relativ windig auf \u00fcber 1000 Meter H\u00f6he, auch wenn die Sonne geschienen hat. Das Wetter war f\u00fcr diesen Ausflug ein Traum. Nach oben war es sogar eher zu warm und T-Shirt Wetter. Der Abstieg war daf\u00fcr relativ schwierig, da wir einen k\u00fcrzeren Weg gelaufen sind. Das waren etwa 5 km und zum Teil sehr steil. Wir waren auch den ganzen Tag unterwegs und waren erst wieder unten, als es wieder dunkel geworden ist. Daran merkt man schon, dass die Sonne schon sehr fr\u00fch untergeht und es eben kein Sommer mehr ist. BIs zur Bushaltestelle sind wir an diesem Tag insgesamt 16 km gelaufen. Das war schon sehr viel.<\/p>\n<p>PS:\u00a0Ab Montag \u00f6ffnen endlich wieder Kindergarten und Grundschulen, die seit dem 16. November geschlossen hatten.<\/p>\n<p>Bis zum n\u00e4chsten Mal.<\/p>\n<p>Liebe Gr\u00fc\u00dfe, Katharina<\/p>\n<div id=\"attachment_303\" style=\"width: 310px\" class=\"wp-caption alignnone\"><a href=\"https:\/\/kulturweit.blog\/lebeninathen\/files\/2021\/01\/WhatsApp-Image-2021-01-06-at-11.16.51-1.jpeg\"><img loading=\"lazy\" decoding=\"async\" aria-describedby=\"caption-attachment-303\" class=\"wp-image-303 size-medium\" src=\"https:\/\/kulturweit.blog\/lebeninathen\/files\/2021\/01\/WhatsApp-Image-2021-01-06-at-11.16.51-1-300x225.jpeg\" alt=\"\" width=\"300\" height=\"225\" srcset=\"https:\/\/kulturweit.blog\/lebeninathen\/files\/2021\/01\/WhatsApp-Image-2021-01-06-at-11.16.51-1-300x225.jpeg 300w, https:\/\/kulturweit.blog\/lebeninathen\/files\/2021\/01\/WhatsApp-Image-2021-01-06-at-11.16.51-1-768x576.jpeg 768w, https:\/\/kulturweit.blog\/lebeninathen\/files\/2021\/01\/WhatsApp-Image-2021-01-06-at-11.16.51-1-1x1.jpeg 1w, https:\/\/kulturweit.blog\/lebeninathen\/files\/2021\/01\/WhatsApp-Image-2021-01-06-at-11.16.51-1.jpeg 1024w\" sizes=\"(max-width: 300px) 100vw, 300px\" \/><\/a><p id=\"caption-attachment-303\" class=\"wp-caption-text\">Ausblick von ganz oben<\/p><\/div>\n<div id=\"attachment_301\" style=\"width: 310px\" class=\"wp-caption alignnone\"><a href=\"https:\/\/kulturweit.blog\/lebeninathen\/files\/2021\/01\/WhatsApp-Image-2021-01-06-at-11.18.37.jpeg\"><img loading=\"lazy\" decoding=\"async\" aria-describedby=\"caption-attachment-301\" class=\"wp-image-301 size-medium\" src=\"https:\/\/kulturweit.blog\/lebeninathen\/files\/2021\/01\/WhatsApp-Image-2021-01-06-at-11.18.37-300x225.jpeg\" alt=\"\" width=\"300\" height=\"225\" srcset=\"https:\/\/kulturweit.blog\/lebeninathen\/files\/2021\/01\/WhatsApp-Image-2021-01-06-at-11.18.37-300x225.jpeg 300w, https:\/\/kulturweit.blog\/lebeninathen\/files\/2021\/01\/WhatsApp-Image-2021-01-06-at-11.18.37-768x577.jpeg 768w, https:\/\/kulturweit.blog\/lebeninathen\/files\/2021\/01\/WhatsApp-Image-2021-01-06-at-11.18.37-1x1.jpeg 1w, https:\/\/kulturweit.blog\/lebeninathen\/files\/2021\/01\/WhatsApp-Image-2021-01-06-at-11.18.37.jpeg 1024w\" sizes=\"(max-width: 300px) 100vw, 300px\" \/><\/a><p id=\"caption-attachment-301\" class=\"wp-caption-text\">B\u00e4ume<\/p><\/div>\n<div id=\"attachment_299\" style=\"width: 310px\" class=\"wp-caption alignnone\"><a href=\"https:\/\/kulturweit.blog\/lebeninathen\/files\/2021\/01\/WhatsApp-Image-2021-01-05-at-19.18.46.jpeg\"><img loading=\"lazy\" decoding=\"async\" aria-describedby=\"caption-attachment-299\" class=\"wp-image-299 size-medium\" src=\"https:\/\/kulturweit.blog\/lebeninathen\/files\/2021\/01\/WhatsApp-Image-2021-01-05-at-19.18.46-300x400.jpeg\" alt=\"\" width=\"300\" height=\"400\" srcset=\"https:\/\/kulturweit.blog\/lebeninathen\/files\/2021\/01\/WhatsApp-Image-2021-01-05-at-19.18.46-300x400.jpeg 300w, https:\/\/kulturweit.blog\/lebeninathen\/files\/2021\/01\/WhatsApp-Image-2021-01-05-at-19.18.46-1x1.jpeg 1w, https:\/\/kulturweit.blog\/lebeninathen\/files\/2021\/01\/WhatsApp-Image-2021-01-05-at-19.18.46.jpeg 768w\" sizes=\"(max-width: 300px) 100vw, 300px\" \/><\/a><p id=\"caption-attachment-299\" class=\"wp-caption-text\">Me<\/p><\/div>\n","protected":false},"excerpt":{"rendered":"<p>Hallo, heute gibt es schon wieder einen Beitrag. Zurzeit passiert so viel!!\u00a0 \u00a0 \u00a0 6. Januar 2021 Gestern, ab 5.1.21, bin ich mit den anderen Freiwilligen auf den Ymittos (oder auch Hymettos) gewandert. Das ist ein Berg, der etwa 10 km s\u00fcd\u00f6stlich von der Stadt Athen liegt. Er ist bis zu 1026 Meter hoch und [&hellip;]<\/p>\n","protected":false},"author":2872,"featured_media":0,"parent":11,"menu_order":0,"comment_status":"closed","ping_status":"closed","template":"","meta":{"footnotes":""},"class_list":["post-298","page","type-page","status-publish","hentry"],"amp_enabled":true,"_links":{"self":[{"href":"https:\/\/kulturweit.blog\/lebeninathen\/wp-json\/wp\/v2\/pages\/298"}],"collection":[{"href":"https:\/\/kulturweit.blog\/lebeninathen\/wp-json\/wp\/v2\/pages"}],"about":[{"href":"https:\/\/kulturweit.blog\/lebeninathen\/wp-json\/wp\/v2\/types\/page"}],"author":[{"embeddable":true,"href":"https:\/\/kulturweit.blog\/lebeninathen\/wp-json\/wp\/v2\/users\/2872"}],"replies":[{"embeddable":true,"href":"https:\/\/kulturweit.blog\/lebeninathen\/wp-json\/wp\/v2\/comments?post=298"}],"version-history":[{"count":3,"href":"https:\/\/kulturweit.blog\/lebeninathen\/wp-json\/wp\/v2\/pages\/298\/revisions"}],"predecessor-version":[{"id":514,"href":"https:\/\/kulturweit.blog\/lebeninathen\/wp-json\/wp\/v2\/pages\/298\/revisions\/514"}],"up":[{"embeddable":true,"href":"https:\/\/kulturweit.blog\/lebeninathen\/wp-json\/wp\/v2\/pages\/11"}],"wp:attachment":[{"href":"https:\/\/kulturweit.blog\/lebeninathen\/wp-json\/wp\/v2\/media?parent=298"}],"curies":[{"name":"wp","href":"https:\/\/api.w.org\/{rel}","templated":true}]}}