{"id":286,"date":"2020-10-25T15:13:23","date_gmt":"2020-10-25T14:13:23","guid":{"rendered":"https:\/\/kulturweit.blog\/lebeninathen\/?page_id=286"},"modified":"2021-04-22T10:25:29","modified_gmt":"2021-04-22T08:25:29","slug":"viele-kleine-ausfluege-in-den-ersten-tagen","status":"publish","type":"page","link":"https:\/\/kulturweit.blog\/lebeninathen\/freizeit\/viele-kleine-ausfluege-in-den-ersten-tagen\/","title":{"rendered":"Ymittos, \u00c4gina und Lykabettos"},"content":{"rendered":"<p>\u03ba\u03b1\u03bb\u03b7\u03c3\u03c0\u03ad\u03c1\u03b1 (kalispera)\u00a0 \u00a0 \u00a0 \u00a0 \u00a0 \u00a0 \u00a0 \u00a0 \u00a0 \u00a0 \u00a0 \u00a0 \u00a0 \u00a0 \u00a0 \u00a0 \u00a0 \u00a0 \u00a0 \u00a0 \u00a0 \u00a0 \u00a0 \u00a0 \u00a0 \u00a0 \u00a0 \u00a0 \u00a0 \u00a0 \u00a0 \u00a0 \u00a0 \u00a0 \u00a0 \u00a0 \u00a0 \u00a0 \u00a0 \u00a0 \u00a0 \u00a0 \u00a0 \u00a0 \u00a0 \u00a0 \u00a0 \u00a0 \u00a0 \u00a0 \u00a0 \u00a0 \u00a0 \u00a0 \u00a0 \u00a0 \u00a0 \u00a0<em>\u00a0 25. Oktober 2020<\/em><\/p>\n<p>heute Abend melde ich wieder. Mittlerweile sind 2 Wochen hier in Athen vergangen. Besonders am letzten Wochenende konnte wir (Kultis in Athen) uns viel ansehen.<\/p>\n<p>Am Freitag sind wir in den Bergen gewandert. Genauer gesagt ging es am Berg <strong>&#8222;Ymittos&#8220;<\/strong> entlang, nicht ganz nach oben, was viel zu weit gewesen w\u00e4re, aber schon einige H\u00f6henmeter nach oben. Von oben hatten wir dann einen Blick \u00fcber ganz Athen bis zum Hafen Pir\u00e4us und dem Meer. Dort oben hat man gesehen wie gro\u00df die Stadt ist. Man hatte einen Blick von dem n\u00f6rdlichen Teil von Athen, wo auch meine Schule liegt bis zum Hafen. \u00dcber 30 km Sicht mit blauem Himmel und Sonne.<\/p>\n<p><a href=\"https:\/\/kulturweit.blog\/lebeninathen\/files\/2020\/10\/WhatsApp-Image-2020-10-27-at-09.56.24-e1603788840268.jpeg\"><img loading=\"lazy\" decoding=\"async\" class=\"wp-image-24 aligncenter\" src=\"https:\/\/kulturweit.blog\/lebeninathen\/files\/2020\/10\/WhatsApp-Image-2020-10-27-at-09.56.24-e1603788840268-300x417.jpeg\" alt=\"\" width=\"313\" height=\"435\" srcset=\"https:\/\/kulturweit.blog\/lebeninathen\/files\/2020\/10\/WhatsApp-Image-2020-10-27-at-09.56.24-e1603788840268-300x417.jpeg 300w, https:\/\/kulturweit.blog\/lebeninathen\/files\/2020\/10\/WhatsApp-Image-2020-10-27-at-09.56.24-e1603788840268-624x868.jpeg 624w, https:\/\/kulturweit.blog\/lebeninathen\/files\/2020\/10\/WhatsApp-Image-2020-10-27-at-09.56.24-e1603788840268.jpeg 732w\" sizes=\"(max-width: 313px) 100vw, 313px\" \/><\/a><\/p>\n<p>Am Samstag ging es dann das erste Mal ans Meer und direkt auf eine Insel. Sie hei\u00dft <strong>\u00c4gina<\/strong> und liegt nur 25 km s\u00fcdwestlich von Athen, mit der F\u00e4hre in etwas mehr als einer Stunde zu erreichen. Auch am Samstag war das Wetter traumhaft sch\u00f6n und somit konnten wir sogar noch im Meer baden. Bei angenehmen 25 Grad haben wir auch eine Fahrradtour an der Insel entlang gemacht. Auf der Karte sieht sie sehr klein aus, in echt kann man die Insel mit dem Fahrrad nicht umrunden. Der Ausblick war aber auch so sch\u00f6n und die Insel war nicht so voll. Abends haben wir von der F\u00e4hre aus den Sonnenuntergang gesehen.<\/p>\n<div id=\"attachment_26\" style=\"width: 310px\" class=\"wp-caption aligncenter\"><a href=\"https:\/\/kulturweit.blog\/lebeninathen\/files\/2020\/10\/WhatsApp-Image-2020-10-27-at-09.57.16.jpeg\"><img loading=\"lazy\" decoding=\"async\" aria-describedby=\"caption-attachment-26\" class=\"wp-image-26 size-medium\" src=\"https:\/\/kulturweit.blog\/lebeninathen\/files\/2020\/10\/WhatsApp-Image-2020-10-27-at-09.57.16-300x225.jpeg\" alt=\"\" width=\"300\" height=\"225\" srcset=\"https:\/\/kulturweit.blog\/lebeninathen\/files\/2020\/10\/WhatsApp-Image-2020-10-27-at-09.57.16-300x225.jpeg 300w, https:\/\/kulturweit.blog\/lebeninathen\/files\/2020\/10\/WhatsApp-Image-2020-10-27-at-09.57.16-768x577.jpeg 768w, https:\/\/kulturweit.blog\/lebeninathen\/files\/2020\/10\/WhatsApp-Image-2020-10-27-at-09.57.16-624x469.jpeg 624w, https:\/\/kulturweit.blog\/lebeninathen\/files\/2020\/10\/WhatsApp-Image-2020-10-27-at-09.57.16.jpeg 1024w\" sizes=\"(max-width: 300px) 100vw, 300px\" \/><\/a><p id=\"caption-attachment-26\" class=\"wp-caption-text\">\u00c4gina<\/p><\/div>\n<div id=\"attachment_25\" style=\"width: 310px\" class=\"wp-caption aligncenter\"><a href=\"https:\/\/kulturweit.blog\/lebeninathen\/files\/2020\/10\/WhatsApp-Image-2020-10-27-at-09.57.15.jpeg\"><img loading=\"lazy\" decoding=\"async\" aria-describedby=\"caption-attachment-25\" class=\"wp-image-25 size-medium\" src=\"https:\/\/kulturweit.blog\/lebeninathen\/files\/2020\/10\/WhatsApp-Image-2020-10-27-at-09.57.15-300x225.jpeg\" alt=\"\" width=\"300\" height=\"225\" srcset=\"https:\/\/kulturweit.blog\/lebeninathen\/files\/2020\/10\/WhatsApp-Image-2020-10-27-at-09.57.15-300x225.jpeg 300w, https:\/\/kulturweit.blog\/lebeninathen\/files\/2020\/10\/WhatsApp-Image-2020-10-27-at-09.57.15-768x577.jpeg 768w, https:\/\/kulturweit.blog\/lebeninathen\/files\/2020\/10\/WhatsApp-Image-2020-10-27-at-09.57.15-624x469.jpeg 624w, https:\/\/kulturweit.blog\/lebeninathen\/files\/2020\/10\/WhatsApp-Image-2020-10-27-at-09.57.15.jpeg 1024w\" sizes=\"(max-width: 300px) 100vw, 300px\" \/><\/a><p id=\"caption-attachment-25\" class=\"wp-caption-text\">Port of \u00c4gina<\/p><\/div>\n<p>Heute ging es dann weiter mit dem n\u00e4chsten Ausflug auf einen kleinen H\u00fcgel, der <strong>Lykabettus<\/strong> hei\u00dft. Es gibt eine Bahn, mit der man hochfahren kann, die allerdings nur ein paar hundert Meter lang ist und sich dementsprechend nicht wirklich lohnt. N\u00e4chstes Mal definitiv zu Fu\u00df. Da oben ist auch eine kleine, wei\u00dfe Kirche, die einfach niedlich aussieht. Das Wetter war zwar sch\u00f6n aber etwas bew\u00f6lkt und trotzdem Ende Oktober noch sehr warm (23\/24 Grad).<\/p>\n<div id=\"attachment_29\" style=\"width: 310px\" class=\"wp-caption aligncenter\"><a href=\"https:\/\/kulturweit.blog\/lebeninathen\/files\/2020\/10\/WhatsApp-Image-2020-10-27-at-17.33.20.jpeg\"><img loading=\"lazy\" decoding=\"async\" aria-describedby=\"caption-attachment-29\" class=\"wp-image-29 size-medium\" src=\"https:\/\/kulturweit.blog\/lebeninathen\/files\/2020\/10\/WhatsApp-Image-2020-10-27-at-17.33.20-300x225.jpeg\" alt=\"\" width=\"300\" height=\"225\" srcset=\"https:\/\/kulturweit.blog\/lebeninathen\/files\/2020\/10\/WhatsApp-Image-2020-10-27-at-17.33.20-300x225.jpeg 300w, https:\/\/kulturweit.blog\/lebeninathen\/files\/2020\/10\/WhatsApp-Image-2020-10-27-at-17.33.20-768x577.jpeg 768w, https:\/\/kulturweit.blog\/lebeninathen\/files\/2020\/10\/WhatsApp-Image-2020-10-27-at-17.33.20-624x469.jpeg 624w, https:\/\/kulturweit.blog\/lebeninathen\/files\/2020\/10\/WhatsApp-Image-2020-10-27-at-17.33.20.jpeg 1024w\" sizes=\"(max-width: 300px) 100vw, 300px\" \/><\/a><p id=\"caption-attachment-29\" class=\"wp-caption-text\">Lykabettus<\/p><\/div>\n<div id=\"attachment_30\" style=\"width: 310px\" class=\"wp-caption aligncenter\"><a href=\"https:\/\/kulturweit.blog\/lebeninathen\/files\/2020\/10\/WhatsApp-Image-2020-10-27-at-17.41.15.jpeg\"><img loading=\"lazy\" decoding=\"async\" aria-describedby=\"caption-attachment-30\" class=\"wp-image-30 size-medium\" src=\"https:\/\/kulturweit.blog\/lebeninathen\/files\/2020\/10\/WhatsApp-Image-2020-10-27-at-17.41.15-300x225.jpeg\" alt=\"\" width=\"300\" height=\"225\" srcset=\"https:\/\/kulturweit.blog\/lebeninathen\/files\/2020\/10\/WhatsApp-Image-2020-10-27-at-17.41.15-300x225.jpeg 300w, https:\/\/kulturweit.blog\/lebeninathen\/files\/2020\/10\/WhatsApp-Image-2020-10-27-at-17.41.15-768x577.jpeg 768w, https:\/\/kulturweit.blog\/lebeninathen\/files\/2020\/10\/WhatsApp-Image-2020-10-27-at-17.41.15-624x469.jpeg 624w, https:\/\/kulturweit.blog\/lebeninathen\/files\/2020\/10\/WhatsApp-Image-2020-10-27-at-17.41.15.jpeg 1024w\" sizes=\"(max-width: 300px) 100vw, 300px\" \/><\/a><p id=\"caption-attachment-30\" class=\"wp-caption-text\">Church of St. George<\/p><\/div>\n<p><em>F\u00fcr die ersten zwei Wochen habe ich schon viel von Athen gesehen. Ich hoffe, dass sich die Corona-Lage nicht verschlimmert, da es seit dem Wochenende Ausganssperren nachts und verst\u00e4rkte Maskenpflicht gibt.\u00a0<\/em><\/p>\n<p>Bis zum n\u00e4chsten Mal, Katharina<\/p>\n","protected":false},"excerpt":{"rendered":"<p>\u03ba\u03b1\u03bb\u03b7\u03c3\u03c0\u03ad\u03c1\u03b1 (kalispera)\u00a0 \u00a0 \u00a0 \u00a0 \u00a0 \u00a0 \u00a0 \u00a0 \u00a0 \u00a0 \u00a0 \u00a0 \u00a0 \u00a0 \u00a0 \u00a0 \u00a0 \u00a0 \u00a0 \u00a0 \u00a0 \u00a0 \u00a0 \u00a0 \u00a0 \u00a0 \u00a0 \u00a0 \u00a0 \u00a0 \u00a0 \u00a0 \u00a0 \u00a0 \u00a0 \u00a0 \u00a0 \u00a0 \u00a0 \u00a0 \u00a0 \u00a0 \u00a0 \u00a0 \u00a0 \u00a0 \u00a0 \u00a0 \u00a0 \u00a0 \u00a0 \u00a0 \u00a0 \u00a0 [&hellip;]<\/p>\n","protected":false},"author":2872,"featured_media":0,"parent":11,"menu_order":0,"comment_status":"closed","ping_status":"closed","template":"","meta":{"footnotes":""},"class_list":["post-286","page","type-page","status-publish","hentry"],"amp_enabled":true,"_links":{"self":[{"href":"https:\/\/kulturweit.blog\/lebeninathen\/wp-json\/wp\/v2\/pages\/286"}],"collection":[{"href":"https:\/\/kulturweit.blog\/lebeninathen\/wp-json\/wp\/v2\/pages"}],"about":[{"href":"https:\/\/kulturweit.blog\/lebeninathen\/wp-json\/wp\/v2\/types\/page"}],"author":[{"embeddable":true,"href":"https:\/\/kulturweit.blog\/lebeninathen\/wp-json\/wp\/v2\/users\/2872"}],"replies":[{"embeddable":true,"href":"https:\/\/kulturweit.blog\/lebeninathen\/wp-json\/wp\/v2\/comments?post=286"}],"version-history":[{"count":3,"href":"https:\/\/kulturweit.blog\/lebeninathen\/wp-json\/wp\/v2\/pages\/286\/revisions"}],"predecessor-version":[{"id":500,"href":"https:\/\/kulturweit.blog\/lebeninathen\/wp-json\/wp\/v2\/pages\/286\/revisions\/500"}],"up":[{"embeddable":true,"href":"https:\/\/kulturweit.blog\/lebeninathen\/wp-json\/wp\/v2\/pages\/11"}],"wp:attachment":[{"href":"https:\/\/kulturweit.blog\/lebeninathen\/wp-json\/wp\/v2\/media?parent=286"}],"curies":[{"name":"wp","href":"https:\/\/api.w.org\/{rel}","templated":true}]}}