{"id":281,"date":"2020-12-31T15:04:49","date_gmt":"2020-12-31T14:04:49","guid":{"rendered":"https:\/\/kulturweit.blog\/lebeninathen\/?page_id=281"},"modified":"2021-03-08T10:02:29","modified_gmt":"2021-03-08T09:02:29","slug":"englisch","status":"publish","type":"page","link":"https:\/\/kulturweit.blog\/lebeninathen\/schwierigkeiten\/englisch\/","title":{"rendered":"Sprachbarrieren"},"content":{"rendered":"<p><span lang=\"el\">\u0393\u03b5\u03b9\u03b1 \u03c3\u03b1\u03c2,\u00a0 \u00a0 \u00a0 \u00a0 \u00a0 \u00a0 \u00a0 \u00a0 \u00a0 \u00a0 \u00a0 \u00a0 \u00a0 \u00a0 \u00a0 \u00a0 \u00a0 \u00a0 \u00a0 \u00a0 \u00a0 \u00a0 \u00a0 \u00a0 \u00a0 \u00a0 \u00a0 \u00a0 \u00a0 \u00a0 \u00a0 \u00a0 \u00a0 \u00a0 \u00a0 \u00a0 \u00a0 \u00a0 \u00a0 \u00a0 \u00a0 \u00a0 \u00a0 \u00a0 \u00a0 \u00a0 \u00a0 \u00a0 \u00a0 \u00a0 \u00a0 \u00a0 \u00a0 \u00a0 \u00a0 \u00a0 \u00a0 \u00a0 \u00a0 \u00a0 \u00a0 \u00a0 \u00a0 \u00a0 \u00a0 \u00a0 \u00a0<em>\u00a0 \u00a0 31. Dezember 2020<\/em><\/span><\/p>\n<p>Kurz vor Beginn des n\u00e4chsten Jahres melde ich mich noch einmal und m\u00f6chte euch etwas zu den Schwierigkeiten erz\u00e4hlen, die man hat, wenn man in Griechenland lebt. Heute geht es um das Thema Sprachbarrieren. Die meisten Griechen sprechen entweder kein oder nur sehr schlecht Englisch. Nat\u00fcrlich gibt es einige Ausnahmen, die gut Englisch reden, aber besonders \u00e4ltere Griechen k\u00f6nnen kein Wort sprechen. Das ist in Deutschland wahrscheinlich auch bei vielen \u00e4lteren Menschen vertreten, aber f\u00e4llt hier auch deutlich auf.<\/p>\n<p>Im Supermarkt beispielsweise ist es sehr schwer nachzufragen, ob das jetzt Backpulver oder Vanillezucker ist, wenn im ganzen Supermarkt nur wenige Mitarbeiter Englisch reden. Sie versuchen immer, dir zu helfen aber manchmal ist die Sprachbarriere einfach zu gro\u00df. So haben wir schon Vanillezucker anstatt Backpulver gekauft oder H\u00fchnersuppe anstatt Bratensauce.<\/p>\n<p>Ansonsten ist es schwer im Haus nach dem Schl\u00fcssel f\u00fcr die Dachterrasse zu fragen, wenn der Hausmeister nur Griechisch spricht oder in der Schule nur Griechen im Schulgeb\u00e4ude herum laufen und viele davon nicht Deutsch oder Englisch sprechen. Meistens muss dann ein \u00dcbersetzer her, eine Lehrerin oder ein Lehrer, die\/der beides spricht, besonders bei technischen Fragen.<\/p>\n<p>Am Ende kommt man mit Englisch oder Griechischen Grundlagen gut durch den Alltag, manchmal nur mit H\u00e4nden und F\u00fc\u00dfen, aber bisher hat es immer geklappt.<\/p>\n<p>Ich w\u00fcnsche euch einen guten Rusch ins neue Jahr, Katharina<\/p>\n","protected":false},"excerpt":{"rendered":"<p>\u0393\u03b5\u03b9\u03b1 \u03c3\u03b1\u03c2,\u00a0 \u00a0 \u00a0 \u00a0 \u00a0 \u00a0 \u00a0 \u00a0 \u00a0 \u00a0 \u00a0 \u00a0 \u00a0 \u00a0 \u00a0 \u00a0 \u00a0 \u00a0 \u00a0 \u00a0 \u00a0 \u00a0 \u00a0 \u00a0 \u00a0 \u00a0 \u00a0 \u00a0 \u00a0 \u00a0 \u00a0 \u00a0 \u00a0 \u00a0 \u00a0 \u00a0 \u00a0 \u00a0 \u00a0 \u00a0 \u00a0 \u00a0 \u00a0 \u00a0 \u00a0 \u00a0 \u00a0 \u00a0 \u00a0 \u00a0 \u00a0 \u00a0 \u00a0 \u00a0 [&hellip;]<\/p>\n","protected":false},"author":2872,"featured_media":0,"parent":236,"menu_order":0,"comment_status":"closed","ping_status":"closed","template":"","meta":{"footnotes":""},"class_list":["post-281","page","type-page","status-publish","hentry"],"amp_enabled":true,"_links":{"self":[{"href":"https:\/\/kulturweit.blog\/lebeninathen\/wp-json\/wp\/v2\/pages\/281"}],"collection":[{"href":"https:\/\/kulturweit.blog\/lebeninathen\/wp-json\/wp\/v2\/pages"}],"about":[{"href":"https:\/\/kulturweit.blog\/lebeninathen\/wp-json\/wp\/v2\/types\/page"}],"author":[{"embeddable":true,"href":"https:\/\/kulturweit.blog\/lebeninathen\/wp-json\/wp\/v2\/users\/2872"}],"replies":[{"embeddable":true,"href":"https:\/\/kulturweit.blog\/lebeninathen\/wp-json\/wp\/v2\/comments?post=281"}],"version-history":[{"count":3,"href":"https:\/\/kulturweit.blog\/lebeninathen\/wp-json\/wp\/v2\/pages\/281\/revisions"}],"predecessor-version":[{"id":415,"href":"https:\/\/kulturweit.blog\/lebeninathen\/wp-json\/wp\/v2\/pages\/281\/revisions\/415"}],"up":[{"embeddable":true,"href":"https:\/\/kulturweit.blog\/lebeninathen\/wp-json\/wp\/v2\/pages\/236"}],"wp:attachment":[{"href":"https:\/\/kulturweit.blog\/lebeninathen\/wp-json\/wp\/v2\/media?parent=281"}],"curies":[{"name":"wp","href":"https:\/\/api.w.org\/{rel}","templated":true}]}}