{"id":270,"date":"2020-12-30T19:45:44","date_gmt":"2020-12-30T18:45:44","guid":{"rendered":"https:\/\/kulturweit.blog\/lebeninathen\/?page_id=270"},"modified":"2021-04-22T10:58:01","modified_gmt":"2021-04-22T08:58:01","slug":"weihnachten-am-meer","status":"publish","type":"page","link":"https:\/\/kulturweit.blog\/lebeninathen\/freizeit\/weihnachten-am-meer\/","title":{"rendered":"VOULIAGMENI"},"content":{"rendered":"<p>Hallo\u00a0 \u00a0 \u00a0 \u00a0 \u00a0 \u00a0 \u00a0 \u00a0 \u00a0 \u00a0 \u00a0 \u00a0 \u00a0 \u00a0 \u00a0 \u00a0 \u00a0 \u00a0 \u00a0 \u00a0 \u00a0 \u00a0 \u00a0 \u00a0 \u00a0 \u00a0 \u00a0 \u00a0 \u00a0 \u00a0 \u00a0 \u00a0 \u00a0 \u00a0 \u00a0 \u00a0 \u00a0 \u00a0 \u00a0 \u00a0 \u00a0 \u00a0 \u00a0 \u00a0 \u00a0 \u00a0 \u00a0 \u00a0 \u00a0 \u00a0 \u00a0 \u00a0 \u00a0 \u00a0 \u00a0 \u00a0 \u00a0 \u00a0 \u00a0 \u00a0 \u00a0<em>\u00a0 \u00a0 \u00a0 \u00a030. Dezember 2020<\/em><\/p>\n<p>Diesmal melde ich mich einige Tage nach Weihnachten wieder. Bald ist das Jahr 2020 vorbei. Ich habe die letzten Tage von 2020 mit den anderen Freiwilligen am Meer in der N\u00e4he von Athen genossen. Das war definitiv ein anderes Weihnachten wie alle zuvor, das war aber echt sch\u00f6n so. Das Wetter war traumhaft sch\u00f6n und so konnten wir baden gehen und uns sogar in der Sonnen trocknen und sonnen lassen. Ich habe sogar ein bisschen Sonnenbrand im Gesicht bekommen, obwohl die Temperaturen h\u00f6chstens bei 17-19 Grad waren. Selbst Ende Dezember strahlt die Sonne teils noch stark, auch wenn sie nat\u00fcrlich sehr fr\u00fch untergeht. Die wenigen Stunden, die man hat, kann man aber noch sch\u00f6n genie\u00dfen. Hier sind zwei Bilder mit dem wundersch\u00f6nen Sonnenuntergang in Vouliagmeni. Das ist so nah an Athen, dass man abends die Helligkeit der Stadt am Himmel sehen kann, zum anderen ist es aber sehr ruhig und man kann die Sonne anders als in der Gro\u00dfstadt genie\u00dfen. Mit Corona war es auch entspannt nur wenigen Menschen zu begegnen.<\/p>\n<p>&nbsp;<\/p>\n<p><a href=\"https:\/\/kulturweit.blog\/lebeninathen\/files\/2020\/12\/WhatsApp-Image-2020-12-30-at-20.32.55-3.jpeg\"><img loading=\"lazy\" decoding=\"async\" class=\"alignnone size-medium wp-image-271\" src=\"https:\/\/kulturweit.blog\/lebeninathen\/files\/2020\/12\/WhatsApp-Image-2020-12-30-at-20.32.55-3-300x225.jpeg\" alt=\"\" width=\"300\" height=\"225\" srcset=\"https:\/\/kulturweit.blog\/lebeninathen\/files\/2020\/12\/WhatsApp-Image-2020-12-30-at-20.32.55-3-300x225.jpeg 300w, https:\/\/kulturweit.blog\/lebeninathen\/files\/2020\/12\/WhatsApp-Image-2020-12-30-at-20.32.55-3-1024x768.jpeg 1024w, https:\/\/kulturweit.blog\/lebeninathen\/files\/2020\/12\/WhatsApp-Image-2020-12-30-at-20.32.55-3-768x576.jpeg 768w, https:\/\/kulturweit.blog\/lebeninathen\/files\/2020\/12\/WhatsApp-Image-2020-12-30-at-20.32.55-3-1536x1152.jpeg 1536w, https:\/\/kulturweit.blog\/lebeninathen\/files\/2020\/12\/WhatsApp-Image-2020-12-30-at-20.32.55-3-1x1.jpeg 1w, https:\/\/kulturweit.blog\/lebeninathen\/files\/2020\/12\/WhatsApp-Image-2020-12-30-at-20.32.55-3.jpeg 1600w\" sizes=\"(max-width: 300px) 100vw, 300px\" \/><\/a> <a href=\"https:\/\/kulturweit.blog\/lebeninathen\/files\/2020\/12\/WhatsApp-Image-2020-12-30-at-20.32.55-6.jpeg\"><img loading=\"lazy\" decoding=\"async\" class=\"alignnone size-medium wp-image-272\" src=\"https:\/\/kulturweit.blog\/lebeninathen\/files\/2020\/12\/WhatsApp-Image-2020-12-30-at-20.32.55-6-300x225.jpeg\" alt=\"\" width=\"300\" height=\"225\" srcset=\"https:\/\/kulturweit.blog\/lebeninathen\/files\/2020\/12\/WhatsApp-Image-2020-12-30-at-20.32.55-6-300x225.jpeg 300w, https:\/\/kulturweit.blog\/lebeninathen\/files\/2020\/12\/WhatsApp-Image-2020-12-30-at-20.32.55-6-768x576.jpeg 768w, https:\/\/kulturweit.blog\/lebeninathen\/files\/2020\/12\/WhatsApp-Image-2020-12-30-at-20.32.55-6-1x1.jpeg 1w, https:\/\/kulturweit.blog\/lebeninathen\/files\/2020\/12\/WhatsApp-Image-2020-12-30-at-20.32.55-6.jpeg 1024w\" sizes=\"(max-width: 300px) 100vw, 300px\" \/><\/a><\/p>\n<p>Wenn man die Bilder sieht, denkt man nicht, dass diese an Weihnachten entstanden sind. Da denkt man eher an Fr\u00fchling oder Sommer. Es soll aber auch noch k\u00e4lter werden, im Januar und Februar. Mal schauen, ob das auch so stimmt. Denn bisher ist immer noch nicht so ganz der Winter angekommen. Au\u00dfer etwas mehr Regen und nicht mehr so sonniges Wetter wie noch im Oktober.<\/p>\n<p>&nbsp;<\/p>\n<p><a href=\"https:\/\/kulturweit.blog\/lebeninathen\/files\/2020\/12\/WhatsApp-Image-2020-12-30-at-20.32.55-5.jpeg\"><img loading=\"lazy\" decoding=\"async\" class=\"alignnone size-medium wp-image-273\" src=\"https:\/\/kulturweit.blog\/lebeninathen\/files\/2020\/12\/WhatsApp-Image-2020-12-30-at-20.32.55-5-300x400.jpeg\" alt=\"\" width=\"300\" height=\"400\" srcset=\"https:\/\/kulturweit.blog\/lebeninathen\/files\/2020\/12\/WhatsApp-Image-2020-12-30-at-20.32.55-5-300x400.jpeg 300w, https:\/\/kulturweit.blog\/lebeninathen\/files\/2020\/12\/WhatsApp-Image-2020-12-30-at-20.32.55-5-1x1.jpeg 1w, https:\/\/kulturweit.blog\/lebeninathen\/files\/2020\/12\/WhatsApp-Image-2020-12-30-at-20.32.55-5.jpeg 768w\" sizes=\"(max-width: 300px) 100vw, 300px\" \/><\/a><\/p>\n<p>Ich hoffe ihr hattet ein sch\u00f6nes Weihnachten trotz Corona (auf griechisch w\u00fcnscht man: \u039a\u03b1\u03bb\u03ac \u03a7\u03c1\u03b9\u03c3\u03c4\u03bf\u03cd\u03b3\u03b5\u03bd\u03bd\u03b1!). Guten Rutsch ins neue Jahr \ud83d\ude42<\/p>\n<p>Katharina<\/p>\n","protected":false},"excerpt":{"rendered":"<p>Hallo\u00a0 \u00a0 \u00a0 \u00a0 \u00a0 \u00a0 \u00a0 \u00a0 \u00a0 \u00a0 \u00a0 \u00a0 \u00a0 \u00a0 \u00a0 \u00a0 \u00a0 \u00a0 \u00a0 \u00a0 \u00a0 \u00a0 \u00a0 \u00a0 \u00a0 \u00a0 \u00a0 \u00a0 \u00a0 \u00a0 \u00a0 \u00a0 \u00a0 \u00a0 \u00a0 \u00a0 \u00a0 \u00a0 \u00a0 \u00a0 \u00a0 \u00a0 \u00a0 \u00a0 \u00a0 \u00a0 \u00a0 \u00a0 \u00a0 \u00a0 \u00a0 \u00a0 \u00a0 \u00a0 \u00a0 [&hellip;]<\/p>\n","protected":false},"author":2872,"featured_media":0,"parent":11,"menu_order":0,"comment_status":"closed","ping_status":"closed","template":"","meta":{"footnotes":""},"class_list":["post-270","page","type-page","status-publish","hentry"],"amp_enabled":true,"_links":{"self":[{"href":"https:\/\/kulturweit.blog\/lebeninathen\/wp-json\/wp\/v2\/pages\/270"}],"collection":[{"href":"https:\/\/kulturweit.blog\/lebeninathen\/wp-json\/wp\/v2\/pages"}],"about":[{"href":"https:\/\/kulturweit.blog\/lebeninathen\/wp-json\/wp\/v2\/types\/page"}],"author":[{"embeddable":true,"href":"https:\/\/kulturweit.blog\/lebeninathen\/wp-json\/wp\/v2\/users\/2872"}],"replies":[{"embeddable":true,"href":"https:\/\/kulturweit.blog\/lebeninathen\/wp-json\/wp\/v2\/comments?post=270"}],"version-history":[{"count":3,"href":"https:\/\/kulturweit.blog\/lebeninathen\/wp-json\/wp\/v2\/pages\/270\/revisions"}],"predecessor-version":[{"id":513,"href":"https:\/\/kulturweit.blog\/lebeninathen\/wp-json\/wp\/v2\/pages\/270\/revisions\/513"}],"up":[{"embeddable":true,"href":"https:\/\/kulturweit.blog\/lebeninathen\/wp-json\/wp\/v2\/pages\/11"}],"wp:attachment":[{"href":"https:\/\/kulturweit.blog\/lebeninathen\/wp-json\/wp\/v2\/media?parent=270"}],"curies":[{"name":"wp","href":"https:\/\/api.w.org\/{rel}","templated":true}]}}