{"id":251,"date":"2020-11-14T11:41:04","date_gmt":"2020-11-14T10:41:04","guid":{"rendered":"https:\/\/kulturweit.blog\/lebeninathen\/?page_id=251"},"modified":"2021-03-08T09:56:54","modified_gmt":"2021-03-08T08:56:54","slug":"erste-wochen-an-meiner-schule","status":"publish","type":"page","link":"https:\/\/kulturweit.blog\/lebeninathen\/arbeit\/erste-wochen-an-meiner-schule\/","title":{"rendered":"Erste Schulwochen"},"content":{"rendered":"<p>Hallo aus Athen\u00a0 \u00a0 \u00a0 \u00a0 \u00a0 \u00a0 \u00a0 \u00a0 \u00a0 \u00a0 \u00a0 \u00a0 \u00a0 \u00a0 \u00a0 \u00a0 \u00a0 \u00a0 \u00a0 \u00a0 \u00a0 \u00a0 \u00a0 \u00a0 \u00a0 \u00a0 <em>\u00a0 \u00a0 \u00a0 \u00a0 \u00a0 \u00a0 \u00a0 \u00a0 \u00a0 \u00a0 \u00a0 \u00a0 \u00a0 \u00a0 \u00a0 \u00a0 \u00a0 \u00a0 \u00a0 \u00a0 \u00a0 \u00a0 \u00a0 \u00a0 \u00a0 \u00a0 \u00a0 \u00a0 \u00a0 \u00a0 \u00a0 \u00a0 \u00a0 14. November 2020<\/em><\/p>\n<p>Hier kommt der erste Post zu meiner Arbeit! Es interessiert bestimmt viele, wie meine Arbeit hier in Athen aussieht. Erstmal ein paar allgemeine Informationen zu meiner Schule: Sie liegt in einem Vorort von Athen, in Kifissia. Der Weg dorthin dauert relativ lange, da meine Wohnung auf der anderen Seite von Athen mehr in Richtung Hafen liegt. So ist es pro Tag jeweils eine Stunde Hin- und R\u00fcckfahrt. Da die Metro aber direkt bis Kifissia durchf\u00e4hrt, ist dies nicht schlimm.<\/p>\n<p>Die Schule besteht aus Kindergarten und Grundschule, die in Griechenland aber bis zur 6. Klasse geht. Sie ist so klein, dass es nur eine Klasse pro Stufe gibt und eine Kindergartengruppe. Das hei\u00dft, dass das Schulgeb\u00e4ude sehr klein ist. Dadurch kennt jeder jeden und das Klima ist sehr angenehm. Zurzeit sind es um die 80 Sch\u00fclerinnen und Sch\u00fcler. Diese lernen jeden Tag Deutsch in verschiedenen Stundenanzahlen, die je nach Klasse zunehmen. Im Unterschied zu einer Deutschen Schule haben sie alle F\u00e4cher auf Griechisch au\u00dfer dem Deutschunterricht. Es gibt drei Lehrerinnen, die den Sch\u00fclern Deutsch beibringen.<\/p>\n<p>Ich helfe den Lehrern in jeder Klasse und bin im Laufe der Woche in Klasse 1 bis Klasse 6 eingeteilt. Meine Aufgaben an der Schule sind so, dass ich den Lehrern im Unterricht helfe, den Unterricht aber nie leite. Ich lese oft Texte vor, helfe den Sch\u00fclern bei Problemen und schaue einfach, ob alles stimmt. Manchmal spreche ich mit den Sch\u00fclern und stelle ihnen Fragen, um die m\u00fcndliche Kommunikation zu verbessern. Zweimal pro Woche bin ich au\u00dferdem im Kindergarten eingesetzt, wo ich mit den Kindern etwas Deutsch spreche. Die Schule ist sehr traditionell, das habe ich bereits im November am\u00a0 Martinstag gesehen, der richtig sch\u00f6n mit einem kleinen Laternenumzug im Schulhaus gefeiert wurde.<\/p>\n<p>Nach dem Unterricht habe ich auch immer Zeit um mir eigene Ideen zu \u00fcberlegen und sie dann umzusetzen. Manchmal kann ich diese Zeit auch nutzen, um mein Griechisch aufzubessern.<\/p>\n<p><em>Da ich bisher nur etwa 2 Wochen an der Schule war, obwohl ich schon 4 Wochen in Athen bin, kann ich nur \u00fcber meine Aufgaben in dieser Zeit sprechen. Das wird sich in den n\u00e4chsten Wochen wahrscheinlich noch \u00e4ndern. Ich bin gespannt und freue mich auf alles was kommt!\u00a0<\/em><\/p>\n<p>Liebe Gr\u00fc\u00dfe aus dem sonnigen Athen, Katharina<\/p>\n<div id=\"attachment_144\" style=\"width: 310px\" class=\"wp-caption alignnone\"><a href=\"https:\/\/kulturweit.blog\/lebeninathen\/files\/2020\/11\/WhatsApp-Image-2020-11-14-at-13.50.44.jpeg\"><img loading=\"lazy\" decoding=\"async\" aria-describedby=\"caption-attachment-144\" class=\"wp-image-144 size-medium\" src=\"https:\/\/kulturweit.blog\/lebeninathen\/files\/2020\/11\/WhatsApp-Image-2020-11-14-at-13.50.44-300x225.jpeg\" alt=\"\" width=\"300\" height=\"225\" srcset=\"https:\/\/kulturweit.blog\/lebeninathen\/files\/2020\/11\/WhatsApp-Image-2020-11-14-at-13.50.44-300x225.jpeg 300w, https:\/\/kulturweit.blog\/lebeninathen\/files\/2020\/11\/WhatsApp-Image-2020-11-14-at-13.50.44-768x577.jpeg 768w, https:\/\/kulturweit.blog\/lebeninathen\/files\/2020\/11\/WhatsApp-Image-2020-11-14-at-13.50.44.jpeg 1024w\" sizes=\"(max-width: 300px) 100vw, 300px\" \/><\/a><p id=\"caption-attachment-144\" class=\"wp-caption-text\">Meine Schule<\/p><\/div>\n","protected":false},"excerpt":{"rendered":"<p>Hallo aus Athen\u00a0 \u00a0 \u00a0 \u00a0 \u00a0 \u00a0 \u00a0 \u00a0 \u00a0 \u00a0 \u00a0 \u00a0 \u00a0 \u00a0 \u00a0 \u00a0 \u00a0 \u00a0 \u00a0 \u00a0 \u00a0 \u00a0 \u00a0 \u00a0 \u00a0 \u00a0 \u00a0 \u00a0 \u00a0 \u00a0 \u00a0 \u00a0 \u00a0 \u00a0 \u00a0 \u00a0 \u00a0 \u00a0 \u00a0 \u00a0 \u00a0 \u00a0 \u00a0 \u00a0 \u00a0 \u00a0 \u00a0 \u00a0 \u00a0 \u00a0 \u00a0 \u00a0 \u00a0 [&hellip;]<\/p>\n","protected":false},"author":2872,"featured_media":0,"parent":64,"menu_order":0,"comment_status":"closed","ping_status":"closed","template":"","meta":{"footnotes":""},"class_list":["post-251","page","type-page","status-publish","hentry"],"amp_enabled":true,"_links":{"self":[{"href":"https:\/\/kulturweit.blog\/lebeninathen\/wp-json\/wp\/v2\/pages\/251"}],"collection":[{"href":"https:\/\/kulturweit.blog\/lebeninathen\/wp-json\/wp\/v2\/pages"}],"about":[{"href":"https:\/\/kulturweit.blog\/lebeninathen\/wp-json\/wp\/v2\/types\/page"}],"author":[{"embeddable":true,"href":"https:\/\/kulturweit.blog\/lebeninathen\/wp-json\/wp\/v2\/users\/2872"}],"replies":[{"embeddable":true,"href":"https:\/\/kulturweit.blog\/lebeninathen\/wp-json\/wp\/v2\/comments?post=251"}],"version-history":[{"count":3,"href":"https:\/\/kulturweit.blog\/lebeninathen\/wp-json\/wp\/v2\/pages\/251\/revisions"}],"predecessor-version":[{"id":402,"href":"https:\/\/kulturweit.blog\/lebeninathen\/wp-json\/wp\/v2\/pages\/251\/revisions\/402"}],"up":[{"embeddable":true,"href":"https:\/\/kulturweit.blog\/lebeninathen\/wp-json\/wp\/v2\/pages\/64"}],"wp:attachment":[{"href":"https:\/\/kulturweit.blog\/lebeninathen\/wp-json\/wp\/v2\/media?parent=251"}],"curies":[{"name":"wp","href":"https:\/\/api.w.org\/{rel}","templated":true}]}}