{"id":221,"date":"2020-11-04T17:04:24","date_gmt":"2020-11-04T16:04:24","guid":{"rendered":"https:\/\/kulturweit.blog\/lebeninathen\/?page_id=221"},"modified":"2021-07-07T18:52:20","modified_gmt":"2021-07-07T16:52:20","slug":"das-wahrzeichen-athens","status":"publish","type":"page","link":"https:\/\/kulturweit.blog\/lebeninathen\/freizeit\/das-wahrzeichen-athens\/","title":{"rendered":"Akropolis"},"content":{"rendered":"<p>\u0393\u03b5\u03b9\u03b1 \u03c3\u03b1\u03c2\u00a0 \u00a0 \u00a0 \u00a0 \u00a0 \u00a0 \u00a0 \u00a0 \u00a0 \u00a0 \u00a0 \u00a0 \u00a0 \u00a0 \u00a0 \u00a0 \u00a0 \u00a0 \u00a0 \u00a0 \u00a0 \u00a0 \u00a0 \u00a0 \u00a0 \u00a0 \u00a0 \u00a0 \u00a0 \u00a0 \u00a0 \u00a0 \u00a0 \u00a0 \u00a0 \u00a0 \u00a0 \u00a0 \u00a0 \u00a0 \u00a0 \u00a0 \u00a0 \u00a0 \u00a0 \u00a0 \u00a0 \u00a0 \u00a0 \u00a0 \u00a0 \u00a0 \u00a0 \u00a0 \u00a0 \u00a0 \u00a0 \u00a0 \u00a0<em> 1. November 2020<\/em><\/p>\n<p>Heute melde ich mich wieder. Die letzten Tage sind sehr schnell vergangen. Besonders ein Erlebnis ist aber noch sehr pr\u00e4sent geblieben, der Ausflug zur Akropolis am Sonntag.\u00a0 Mit der Metro kann man an der Station <strong>&#8222;Acropoli&#8220;<\/strong> aussteigen und von dort den restlichen Weg zu Fu\u00df zur\u00fccklegen. Von unten sieht die Akropolis sehr weit weg aus, der Weg scheint lange. Je weiter man nach oben kommt desto mehr merkt man, dass es doch nicht so anstrengend ist, w\u00e4re da nicht die Maske&#8230;<\/p>\n<p>Auch im November ist noch sehr viel los gewesen, was wahrscheinlich einfach daran lag, dass es kostenfreien Eintritt gab (jeden ersten Sonntag im Monat). So war das Erlebnis leider voll mit hunderten Touristen, die \u00fcberall Bilder geschossen haben (ich aber auch).<\/p>\n<div id=\"attachment_104\" style=\"width: 310px\" class=\"wp-caption alignnone\"><a href=\"https:\/\/kulturweit.blog\/lebeninathen\/files\/2020\/11\/WhatsApp-Image-2020-11-03-at-16.44.09.jpeg\"><img loading=\"lazy\" decoding=\"async\" aria-describedby=\"caption-attachment-104\" class=\"wp-image-104 size-medium\" src=\"https:\/\/kulturweit.blog\/lebeninathen\/files\/2020\/11\/WhatsApp-Image-2020-11-03-at-16.44.09-300x200.jpeg\" alt=\"\" width=\"300\" height=\"200\" srcset=\"https:\/\/kulturweit.blog\/lebeninathen\/files\/2020\/11\/WhatsApp-Image-2020-11-03-at-16.44.09-300x200.jpeg 300w, https:\/\/kulturweit.blog\/lebeninathen\/files\/2020\/11\/WhatsApp-Image-2020-11-03-at-16.44.09-768x512.jpeg 768w, https:\/\/kulturweit.blog\/lebeninathen\/files\/2020\/11\/WhatsApp-Image-2020-11-03-at-16.44.09.jpeg 1024w\" sizes=\"(max-width: 300px) 100vw, 300px\" \/><\/a><p id=\"caption-attachment-104\" class=\"wp-caption-text\">Akropolis nahe<\/p><\/div>\n<div id=\"attachment_105\" style=\"width: 310px\" class=\"wp-caption alignnone\"><a href=\"https:\/\/kulturweit.blog\/lebeninathen\/files\/2020\/11\/WhatsApp-Image-2020-11-03-at-16.44.20-1.jpeg\"><img loading=\"lazy\" decoding=\"async\" aria-describedby=\"caption-attachment-105\" class=\"wp-image-105 size-medium\" src=\"https:\/\/kulturweit.blog\/lebeninathen\/files\/2020\/11\/WhatsApp-Image-2020-11-03-at-16.44.20-1-300x200.jpeg\" alt=\"\" width=\"300\" height=\"200\" srcset=\"https:\/\/kulturweit.blog\/lebeninathen\/files\/2020\/11\/WhatsApp-Image-2020-11-03-at-16.44.20-1-300x200.jpeg 300w, https:\/\/kulturweit.blog\/lebeninathen\/files\/2020\/11\/WhatsApp-Image-2020-11-03-at-16.44.20-1-1024x682.jpeg 1024w, https:\/\/kulturweit.blog\/lebeninathen\/files\/2020\/11\/WhatsApp-Image-2020-11-03-at-16.44.20-1-768x512.jpeg 768w, https:\/\/kulturweit.blog\/lebeninathen\/files\/2020\/11\/WhatsApp-Image-2020-11-03-at-16.44.20-1-1536x1023.jpeg 1536w, https:\/\/kulturweit.blog\/lebeninathen\/files\/2020\/11\/WhatsApp-Image-2020-11-03-at-16.44.20-1.jpeg 1600w\" sizes=\"(max-width: 300px) 100vw, 300px\" \/><\/a><p id=\"caption-attachment-105\" class=\"wp-caption-text\">Ausblick und griechische Flagge<\/p><\/div>\n<p>Kommt man schlie\u00dflich an der Akropolis vorbei, kann man erst verstehen wie gro\u00df sie eigentlich ist. So viel Geschichte vieler Jahrhunderte steckt hinter dem imposanten Geb\u00e4ude. Dies hat nat\u00fcrlich auch viele Spuren hinterlassen, die man auf Bildern erst auf den zweiten Blick sehen kann.<\/p>\n<p>Die Akropolis hat ihren Platz auf einem hohe gelegenen H\u00fcgel, der von der ganzen Stadt aus zu bestaunen ist. Es gibt aber auch noch weitere beeindruckende Bauwerke zu bestaunen wie das Dionysos Theater oder das Parthenon (und noch viele mehr). Auf dem gesamten Weg von der Metro bis zur Akropolis kann man sich viele antike Bauwerke anschauen.<\/p>\n<p>Au\u00dferdem hat man von oben eine beeindruckende Aussicht wie von jedem H\u00fcgel in ganz Athen. Man sieht die verschiedenen H\u00fcgel wie der Lykabettus, Philopappus oder der Botanische Garten mit dem Regierungsgeb\u00e4ude nebenan. Verschiedene Stadtteile wie Plaka oder Anafiotika, das Meer oder auch kleine Inseln.<\/p>\n<p>Wie auf den Bildern zu sehen ist war das Wetter diesmal nicht sonnig sondern sehr stark bew\u00f6lkt. Es kam aber auch zwischendurch die Sonne, trotzdem hat man in den letzten Tagen gemerkt, dass der Herbst so langsam kommt. Die Temperaturen steigen nicht mehr \u00fcber 22 Grad und durch den Wind ist es oft relativ frisch.<\/p>\n<p>Mittlerweile hat auch der Griechisch-Kurs begonnen, der Tagesablauf mit Schule wird normaler. Dazu gibt es aber bald mehr auf den anderen Seiten also klickt euch gerne mal durch wenn die Seiten mehr gef\u00fcllt sind (dauert noch ein bisschen).<\/p>\n<p><em>PS: Noch ein kurzes Corona-Update: Nach der versch\u00e4rften Maskenpflicht im Freien und der Sperrstunde nachts haben heute Bars, Restaurants, Gyms,&#8230; alle geschlossen. Es sieht mit den Einschr\u00e4nkungen \u00e4hnlich aus wie in Deutschland.<\/em><\/p>\n<div id=\"attachment_107\" style=\"width: 310px\" class=\"wp-caption alignnone\"><a href=\"https:\/\/kulturweit.blog\/lebeninathen\/files\/2020\/11\/WhatsApp-Image-2020-11-03-at-16.44.11.jpeg\"><img loading=\"lazy\" decoding=\"async\" aria-describedby=\"caption-attachment-107\" class=\"wp-image-107 size-medium\" src=\"https:\/\/kulturweit.blog\/lebeninathen\/files\/2020\/11\/WhatsApp-Image-2020-11-03-at-16.44.11-300x200.jpeg\" alt=\"\" width=\"300\" height=\"200\" srcset=\"https:\/\/kulturweit.blog\/lebeninathen\/files\/2020\/11\/WhatsApp-Image-2020-11-03-at-16.44.11-300x200.jpeg 300w, https:\/\/kulturweit.blog\/lebeninathen\/files\/2020\/11\/WhatsApp-Image-2020-11-03-at-16.44.11-768x512.jpeg 768w, https:\/\/kulturweit.blog\/lebeninathen\/files\/2020\/11\/WhatsApp-Image-2020-11-03-at-16.44.11.jpeg 1024w\" sizes=\"(max-width: 300px) 100vw, 300px\" \/><\/a><p id=\"caption-attachment-107\" class=\"wp-caption-text\">Aussicht von der Akropolis<\/p><\/div>\n<div id=\"attachment_108\" style=\"width: 310px\" class=\"wp-caption alignnone\"><a href=\"https:\/\/kulturweit.blog\/lebeninathen\/files\/2020\/11\/WhatsApp-Image-2020-11-03-at-16.44.18-1.jpeg\"><img loading=\"lazy\" decoding=\"async\" aria-describedby=\"caption-attachment-108\" class=\"wp-image-108 size-medium\" src=\"https:\/\/kulturweit.blog\/lebeninathen\/files\/2020\/11\/WhatsApp-Image-2020-11-03-at-16.44.18-1-300x200.jpeg\" alt=\"\" width=\"300\" height=\"200\" srcset=\"https:\/\/kulturweit.blog\/lebeninathen\/files\/2020\/11\/WhatsApp-Image-2020-11-03-at-16.44.18-1-300x200.jpeg 300w, https:\/\/kulturweit.blog\/lebeninathen\/files\/2020\/11\/WhatsApp-Image-2020-11-03-at-16.44.18-1-768x512.jpeg 768w, https:\/\/kulturweit.blog\/lebeninathen\/files\/2020\/11\/WhatsApp-Image-2020-11-03-at-16.44.18-1.jpeg 1024w\" sizes=\"(max-width: 300px) 100vw, 300px\" \/><\/a><p id=\"caption-attachment-108\" class=\"wp-caption-text\">Akropolis<\/p><\/div>\n<p>Liebe Gr\u00fc\u00dfe und bis zum n\u00e4chsten Mal, Katharina<\/p>\n<p>&nbsp;<\/p>\n<p><em>Nachtrag, 4 &#8211; und 12. April:\u00a0 Im April hatte die Apropolis endlich wieder ge\u00f6ffnet und wir sind gleich wieder hingegangen. Beide Male war das Wetter super sch\u00f6n und auch viel besser als noch im November. Blauer Himmel und traumhaftes Wetter. Dieses Mal gab es auch so gut wie keine Touristen und es war sehr leer dort oben, das war auch richtig toll.<\/em><\/p>\n<p><a href=\"https:\/\/kulturweit.blog\/lebeninathen\/files\/2021\/04\/WhatsApp-Image-2021-04-05-at-09.46.53.jpeg\"><img loading=\"lazy\" decoding=\"async\" class=\"alignnone wp-image-470\" src=\"https:\/\/kulturweit.blog\/lebeninathen\/files\/2021\/04\/WhatsApp-Image-2021-04-05-at-09.46.53-300x400.jpeg\" alt=\"\" width=\"192\" height=\"256\" srcset=\"https:\/\/kulturweit.blog\/lebeninathen\/files\/2021\/04\/WhatsApp-Image-2021-04-05-at-09.46.53-300x400.jpeg 300w, https:\/\/kulturweit.blog\/lebeninathen\/files\/2021\/04\/WhatsApp-Image-2021-04-05-at-09.46.53-1x1.jpeg 1w, https:\/\/kulturweit.blog\/lebeninathen\/files\/2021\/04\/WhatsApp-Image-2021-04-05-at-09.46.53.jpeg 768w\" sizes=\"(max-width: 192px) 100vw, 192px\" \/><\/a> <a href=\"https:\/\/kulturweit.blog\/lebeninathen\/files\/2021\/04\/WhatsApp-Image-2021-04-22-at-11.27.53.jpeg\"><img loading=\"lazy\" decoding=\"async\" class=\"alignnone wp-image-505\" src=\"https:\/\/kulturweit.blog\/lebeninathen\/files\/2021\/04\/WhatsApp-Image-2021-04-22-at-11.27.53-300x225.jpeg\" alt=\"\" width=\"339\" height=\"254\" srcset=\"https:\/\/kulturweit.blog\/lebeninathen\/files\/2021\/04\/WhatsApp-Image-2021-04-22-at-11.27.53-300x225.jpeg 300w, https:\/\/kulturweit.blog\/lebeninathen\/files\/2021\/04\/WhatsApp-Image-2021-04-22-at-11.27.53-768x577.jpeg 768w, https:\/\/kulturweit.blog\/lebeninathen\/files\/2021\/04\/WhatsApp-Image-2021-04-22-at-11.27.53-1x1.jpeg 1w, https:\/\/kulturweit.blog\/lebeninathen\/files\/2021\/04\/WhatsApp-Image-2021-04-22-at-11.27.53.jpeg 1024w\" sizes=\"(max-width: 339px) 100vw, 339px\" \/><\/a><\/p>\n","protected":false},"excerpt":{"rendered":"<p>\u0393\u03b5\u03b9\u03b1 \u03c3\u03b1\u03c2\u00a0 \u00a0 \u00a0 \u00a0 \u00a0 \u00a0 \u00a0 \u00a0 \u00a0 \u00a0 \u00a0 \u00a0 \u00a0 \u00a0 \u00a0 \u00a0 \u00a0 \u00a0 \u00a0 \u00a0 \u00a0 \u00a0 \u00a0 \u00a0 \u00a0 \u00a0 \u00a0 \u00a0 \u00a0 \u00a0 \u00a0 \u00a0 \u00a0 \u00a0 \u00a0 \u00a0 \u00a0 \u00a0 \u00a0 \u00a0 \u00a0 \u00a0 \u00a0 \u00a0 \u00a0 \u00a0 \u00a0 \u00a0 \u00a0 \u00a0 \u00a0 \u00a0 \u00a0 \u00a0 [&hellip;]<\/p>\n","protected":false},"author":2872,"featured_media":0,"parent":11,"menu_order":0,"comment_status":"closed","ping_status":"closed","template":"","meta":{"footnotes":""},"class_list":["post-221","page","type-page","status-publish","hentry"],"amp_enabled":true,"_links":{"self":[{"href":"https:\/\/kulturweit.blog\/lebeninathen\/wp-json\/wp\/v2\/pages\/221"}],"collection":[{"href":"https:\/\/kulturweit.blog\/lebeninathen\/wp-json\/wp\/v2\/pages"}],"about":[{"href":"https:\/\/kulturweit.blog\/lebeninathen\/wp-json\/wp\/v2\/types\/page"}],"author":[{"embeddable":true,"href":"https:\/\/kulturweit.blog\/lebeninathen\/wp-json\/wp\/v2\/users\/2872"}],"replies":[{"embeddable":true,"href":"https:\/\/kulturweit.blog\/lebeninathen\/wp-json\/wp\/v2\/comments?post=221"}],"version-history":[{"count":3,"href":"https:\/\/kulturweit.blog\/lebeninathen\/wp-json\/wp\/v2\/pages\/221\/revisions"}],"predecessor-version":[{"id":595,"href":"https:\/\/kulturweit.blog\/lebeninathen\/wp-json\/wp\/v2\/pages\/221\/revisions\/595"}],"up":[{"embeddable":true,"href":"https:\/\/kulturweit.blog\/lebeninathen\/wp-json\/wp\/v2\/pages\/11"}],"wp:attachment":[{"href":"https:\/\/kulturweit.blog\/lebeninathen\/wp-json\/wp\/v2\/media?parent=221"}],"curies":[{"name":"wp","href":"https:\/\/api.w.org\/{rel}","templated":true}]}}