{"id":219,"date":"2020-11-22T19:01:42","date_gmt":"2020-11-22T18:01:42","guid":{"rendered":"https:\/\/kulturweit.blog\/lebeninathen\/?page_id=219"},"modified":"2021-04-22T10:23:16","modified_gmt":"2021-04-22T08:23:16","slug":"philopappushuegel-der-winter-naht","status":"publish","type":"page","link":"https:\/\/kulturweit.blog\/lebeninathen\/freizeit\/philopappushuegel-der-winter-naht\/","title":{"rendered":"Philopappou-H\u00fcgel"},"content":{"rendered":"<p>\u039a\u03b1\u03bb\u03b7\u03c3\u03c0\u03ad\u03c1\u03b1\u00a0 \u00a0 \u00a0 \u00a0 \u00a0 \u00a0 \u00a0 \u00a0 \u00a0 \u00a0 \u00a0 \u00a0 \u00a0 \u00a0 \u00a0 \u00a0 \u00a0 \u00a0 \u00a0 \u00a0 \u00a0 \u00a0 \u00a0 \u00a0 \u00a0 \u00a0 \u00a0 \u00a0 \u00a0 \u00a0 \u00a0 \u00a0 \u00a0 \u00a0 \u00a0 \u00a0 \u00a0 \u00a0 \u00a0 \u00a0 \u00a0 \u00a0 \u00a0 \u00a0 \u00a0 \u00a0 \u00a0 \u00a0 \u00a0 \u00a0 \u00a0 \u00a0 \u00a0 \u00a0 \u00a0 \u00a0 \u00a0 \u00a0 \u00a0 \u00a0 \u00a0 \u00a0 \u00a0 \u00a0<em> \u00a0 22. November 2020<\/em><\/p>\n<p><span style=\"font-size: 14px\">Guten Abend aus Athen, heute melde ich mich mit einem Eintrag \u00fcber einen kleinen Ausflug w\u00e4hrend des Lockdowns wieder. <\/span><span style=\"font-size: 14px\">Seit 2 Wochen gibt es nun einen sehr strengen Lockdown mit nur noch wenigen Freiheiten. Eine der Freiheiten ist zum Gl\u00fcck geblieben, <\/span><\/p>\n<p><span style=\"font-size: 14px\">so dass man mit einem ausgef\u00fclltem Formular spazieren gehen darf. Da hat sich der Philopappou-H\u00fcgel angeboten, da er zu Fu\u00df nur etwa 20 Minuten entfernt liegt.<\/span><\/p>\n<p>Der H\u00fcgel steht gegen\u00fcber der Akropolis und hat auf dem Gipfel ein Monument, welches 114 und 119 n. Chr. errichtet und nach dem Prinzen und Wohlt\u00e4ter Philopappou benannt wurde. Es ist einer der besten Aussichtspunkte der ganzen Stadt, man hat einen atemberaubenden Blick auf die ganze Stadt, den Hafen Pir\u00e4us und die Akropolis. Wenn das Wetter noch besser ist, kann man sogar schon die ersten Inseln im Meer sehen.<\/p>\n<p>Heute war es leider sehr bew\u00f6lkt und durch einen starken Wind frisch. W\u00e4hrend es in Deutschland Temperaturen um den Gefrierpunkt hat, sind es hier immer noch um die 15 Grad am Tag. Durch den sehr starken Wind f\u00fchlt es sich definitiv nicht so an. Man friert trotzdem, obwohl es eigentlich nicht wirklich kalt ist. In ein paar Tagen soll es aber auch wieder ein bisschen w\u00e4rmer werden, vielleicht scheint dann auch wieder die Sonne.<\/p>\n<div id=\"attachment_185\" style=\"width: 310px\" class=\"wp-caption alignnone\"><a href=\"https:\/\/kulturweit.blog\/lebeninathen\/files\/2020\/11\/WhatsApp-Image-2020-11-22-at-16.48.03.jpeg\"><img loading=\"lazy\" decoding=\"async\" aria-describedby=\"caption-attachment-185\" class=\"wp-image-185 size-medium\" src=\"https:\/\/kulturweit.blog\/lebeninathen\/files\/2020\/11\/WhatsApp-Image-2020-11-22-at-16.48.03-300x225.jpeg\" alt=\"\" width=\"300\" height=\"225\" srcset=\"https:\/\/kulturweit.blog\/lebeninathen\/files\/2020\/11\/WhatsApp-Image-2020-11-22-at-16.48.03-300x225.jpeg 300w, https:\/\/kulturweit.blog\/lebeninathen\/files\/2020\/11\/WhatsApp-Image-2020-11-22-at-16.48.03-768x577.jpeg 768w, https:\/\/kulturweit.blog\/lebeninathen\/files\/2020\/11\/WhatsApp-Image-2020-11-22-at-16.48.03-1x1.jpeg 1w, https:\/\/kulturweit.blog\/lebeninathen\/files\/2020\/11\/WhatsApp-Image-2020-11-22-at-16.48.03.jpeg 1024w\" sizes=\"(max-width: 300px) 100vw, 300px\" \/><\/a><p id=\"caption-attachment-185\" class=\"wp-caption-text\">Blick zur Akropolis<\/p><\/div>\n<p>&nbsp;<\/p>\n<div id=\"attachment_186\" style=\"width: 310px\" class=\"wp-caption alignnone\"><a href=\"https:\/\/kulturweit.blog\/lebeninathen\/files\/2020\/11\/WhatsApp-Image-2020-11-22-at-16.48.24.jpeg\"><img loading=\"lazy\" decoding=\"async\" aria-describedby=\"caption-attachment-186\" class=\"wp-image-186 size-medium\" src=\"https:\/\/kulturweit.blog\/lebeninathen\/files\/2020\/11\/WhatsApp-Image-2020-11-22-at-16.48.24-300x225.jpeg\" alt=\"\" width=\"300\" height=\"225\" srcset=\"https:\/\/kulturweit.blog\/lebeninathen\/files\/2020\/11\/WhatsApp-Image-2020-11-22-at-16.48.24-300x225.jpeg 300w, https:\/\/kulturweit.blog\/lebeninathen\/files\/2020\/11\/WhatsApp-Image-2020-11-22-at-16.48.24-768x577.jpeg 768w, https:\/\/kulturweit.blog\/lebeninathen\/files\/2020\/11\/WhatsApp-Image-2020-11-22-at-16.48.24-1x1.jpeg 1w, https:\/\/kulturweit.blog\/lebeninathen\/files\/2020\/11\/WhatsApp-Image-2020-11-22-at-16.48.24.jpeg 1024w\" sizes=\"(max-width: 300px) 100vw, 300px\" \/><\/a><p id=\"caption-attachment-186\" class=\"wp-caption-text\">Blick \u00fcber die Stadt<\/p><\/div>\n<p>Man kann auch \u00fcberall Bilder machen und trotzdem sieht jedes anders aus. Ich werde auf jeden Fall wieder kommen, wenn das Wetter sch\u00f6ner ist, dann ist der Panorama Blick noch sch\u00f6ner. Dadurch, dass meine Wohnung nicht weit entfernt ist, kann man das w\u00e4hrend des Lockdowns auch gerne wiederholen. Ansonsten wird es manchmal schon langweilig, wenn nichts ansteht und auch noch nicht viel Arbeit f\u00fcr die Schule Online da ist. Ich werde euch auf dem Laufenden halten und w\u00fcnsche euch eine sch\u00f6ne n\u00e4chste Woche.<\/p>\n<p>Liebe Gr\u00fc\u00dfe, Katharina<\/p>\n<div id=\"attachment_181\" style=\"width: 310px\" class=\"wp-caption alignnone\"><a href=\"https:\/\/kulturweit.blog\/lebeninathen\/files\/2020\/11\/WhatsApp-Image-2020-11-22-at-15.01.04.jpeg\"><img loading=\"lazy\" decoding=\"async\" aria-describedby=\"caption-attachment-181\" class=\"wp-image-181 size-medium\" src=\"https:\/\/kulturweit.blog\/lebeninathen\/files\/2020\/11\/WhatsApp-Image-2020-11-22-at-15.01.04-300x399.jpeg\" alt=\"\" width=\"300\" height=\"399\" srcset=\"https:\/\/kulturweit.blog\/lebeninathen\/files\/2020\/11\/WhatsApp-Image-2020-11-22-at-15.01.04-300x399.jpeg 300w, https:\/\/kulturweit.blog\/lebeninathen\/files\/2020\/11\/WhatsApp-Image-2020-11-22-at-15.01.04-1x1.jpeg 1w, https:\/\/kulturweit.blog\/lebeninathen\/files\/2020\/11\/WhatsApp-Image-2020-11-22-at-15.01.04.jpeg 769w\" sizes=\"(max-width: 300px) 100vw, 300px\" \/><\/a><p id=\"caption-attachment-181\" class=\"wp-caption-text\">Blick zur Akropolis<\/p><\/div>\n<p>Nachtrag 26. November: Nur vier Tage sp\u00e4ter war ich nochmal auf dem Philopappou-H\u00fcgel und das Wetter war einfach traumhaft. Die Sonne hat geschienen und der Himmel war komplett blau. Da war es dort oben nochmal viel sch\u00f6ner als ein paar Tage zuvor. Bei gutem Wetter ist es echt ein Traum und das werde ich definitiv \u00f6fters machen. Bis bald \ud83d\ude42<\/p>\n<p><a href=\"https:\/\/kulturweit.blog\/lebeninathen\/files\/2021\/04\/WhatsApp-Image-2021-01-06-at-13.12.08-3.jpeg\"><img loading=\"lazy\" decoding=\"async\" class=\"alignnone size-medium wp-image-494\" src=\"https:\/\/kulturweit.blog\/lebeninathen\/files\/2021\/04\/WhatsApp-Image-2021-01-06-at-13.12.08-3-300x225.jpeg\" alt=\"\" width=\"300\" height=\"225\" srcset=\"https:\/\/kulturweit.blog\/lebeninathen\/files\/2021\/04\/WhatsApp-Image-2021-01-06-at-13.12.08-3-300x225.jpeg 300w, https:\/\/kulturweit.blog\/lebeninathen\/files\/2021\/04\/WhatsApp-Image-2021-01-06-at-13.12.08-3-768x577.jpeg 768w, https:\/\/kulturweit.blog\/lebeninathen\/files\/2021\/04\/WhatsApp-Image-2021-01-06-at-13.12.08-3-1x1.jpeg 1w, https:\/\/kulturweit.blog\/lebeninathen\/files\/2021\/04\/WhatsApp-Image-2021-01-06-at-13.12.08-3.jpeg 1024w\" sizes=\"(max-width: 300px) 100vw, 300px\" \/><\/a> <a href=\"https:\/\/kulturweit.blog\/lebeninathen\/files\/2021\/04\/WhatsApp-Image-2021-01-06-at-13.12.08-2.jpeg\"><img loading=\"lazy\" decoding=\"async\" class=\"alignnone size-medium wp-image-495\" src=\"https:\/\/kulturweit.blog\/lebeninathen\/files\/2021\/04\/WhatsApp-Image-2021-01-06-at-13.12.08-2-300x225.jpeg\" alt=\"\" width=\"300\" height=\"225\" srcset=\"https:\/\/kulturweit.blog\/lebeninathen\/files\/2021\/04\/WhatsApp-Image-2021-01-06-at-13.12.08-2-300x225.jpeg 300w, https:\/\/kulturweit.blog\/lebeninathen\/files\/2021\/04\/WhatsApp-Image-2021-01-06-at-13.12.08-2-768x577.jpeg 768w, https:\/\/kulturweit.blog\/lebeninathen\/files\/2021\/04\/WhatsApp-Image-2021-01-06-at-13.12.08-2-1x1.jpeg 1w, https:\/\/kulturweit.blog\/lebeninathen\/files\/2021\/04\/WhatsApp-Image-2021-01-06-at-13.12.08-2.jpeg 1024w\" sizes=\"(max-width: 300px) 100vw, 300px\" \/><\/a><\/p>\n","protected":false},"excerpt":{"rendered":"<p>\u039a\u03b1\u03bb\u03b7\u03c3\u03c0\u03ad\u03c1\u03b1\u00a0 \u00a0 \u00a0 \u00a0 \u00a0 \u00a0 \u00a0 \u00a0 \u00a0 \u00a0 \u00a0 \u00a0 \u00a0 \u00a0 \u00a0 \u00a0 \u00a0 \u00a0 \u00a0 \u00a0 \u00a0 \u00a0 \u00a0 \u00a0 \u00a0 \u00a0 \u00a0 \u00a0 \u00a0 \u00a0 \u00a0 \u00a0 \u00a0 \u00a0 \u00a0 \u00a0 \u00a0 \u00a0 \u00a0 \u00a0 \u00a0 \u00a0 \u00a0 \u00a0 \u00a0 \u00a0 \u00a0 \u00a0 \u00a0 \u00a0 \u00a0 \u00a0 \u00a0 \u00a0 \u00a0 [&hellip;]<\/p>\n","protected":false},"author":2872,"featured_media":0,"parent":11,"menu_order":0,"comment_status":"closed","ping_status":"closed","template":"","meta":{"footnotes":""},"class_list":["post-219","page","type-page","status-publish","hentry"],"amp_enabled":true,"_links":{"self":[{"href":"https:\/\/kulturweit.blog\/lebeninathen\/wp-json\/wp\/v2\/pages\/219"}],"collection":[{"href":"https:\/\/kulturweit.blog\/lebeninathen\/wp-json\/wp\/v2\/pages"}],"about":[{"href":"https:\/\/kulturweit.blog\/lebeninathen\/wp-json\/wp\/v2\/types\/page"}],"author":[{"embeddable":true,"href":"https:\/\/kulturweit.blog\/lebeninathen\/wp-json\/wp\/v2\/users\/2872"}],"replies":[{"embeddable":true,"href":"https:\/\/kulturweit.blog\/lebeninathen\/wp-json\/wp\/v2\/comments?post=219"}],"version-history":[{"count":3,"href":"https:\/\/kulturweit.blog\/lebeninathen\/wp-json\/wp\/v2\/pages\/219\/revisions"}],"predecessor-version":[{"id":496,"href":"https:\/\/kulturweit.blog\/lebeninathen\/wp-json\/wp\/v2\/pages\/219\/revisions\/496"}],"up":[{"embeddable":true,"href":"https:\/\/kulturweit.blog\/lebeninathen\/wp-json\/wp\/v2\/pages\/11"}],"wp:attachment":[{"href":"https:\/\/kulturweit.blog\/lebeninathen\/wp-json\/wp\/v2\/media?parent=219"}],"curies":[{"name":"wp","href":"https:\/\/api.w.org\/{rel}","templated":true}]}}