{"id":73,"date":"2013-04-01T13:36:06","date_gmt":"2013-04-01T11:36:06","guid":{"rendered":"https:\/\/kulturweit.blog\/landimfernenosten\/?page_id=73"},"modified":"2013-06-06T23:38:22","modified_gmt":"2013-06-06T15:38:22","slug":"nairamdal","status":"publish","type":"page","link":"https:\/\/kulturweit.blog\/landimfernenosten\/reisen\/nairamdal\/","title":{"rendered":"Nairamdal (26. &#8211; 30.03.)"},"content":{"rendered":"<p>Zum ersten Mal sollte ich nun also einen Einblick in das echte Land bekommen. Endlich.<\/p>\n<p>Ihr fragt euch vielleicht warum Ulaanbaatar nicht zur &#8222;echten&#8220; Mongolei geh\u00f6ren sollte. Nat\u00fcrlich tut es das, aber die Mongolen sind ein Nomadenvolk, also nie f\u00fcr l\u00e4ngere Zeit an einem Ort sesshaft. Au\u00dfer in der Hauptstadt. Aber das noch nicht lange. Viele begr\u00fcnden damit auch das chaotische Leben hier. Die Mongolen seien nicht daf\u00fcr geschaffen, lange an einem Ort zu bleiben und sich an diesem gem\u00fctlich einzurichten. Und vor allem seien sie es nicht gewohnt in einer Stadt mit vielen anderen Menschen zusammen zu wohnen. Deshalb spiegle Ulaanbaatar nicht das wirkliche Leben in diesem Land wieder..<\/p>\n<p>Am Dienstagmorgen versammelte sich also die gesamte Goethe Schule, um mit Polizeibegleitung nach Nairamdal (mongolisch f\u00fcr Freundschaft) &#8211; einem Feriencamp f\u00fcr Kinder, zu fahren. Die Fahrt dauerte nur eine halbe Stunde und schon waren wir weit weg von dem L\u00e4rm und Smog der Hauptstadt.<\/p>\n<p>Die erste \u00dcberraschung erwartete mich schon kurz nach der Ankunft. Ich war nicht, wie urspr\u00fcnglich geplant nur mit den anderen Deutschlehrerinnen auf einem Zimmer, sondern mit 7 weiteren Lehrerinnen der Schule. Ich bezog ein 10-Man(n)-Zimmer. Nach anf\u00e4nglicher Panik fand ich es aber dann doch recht sch\u00f6n. So lernte ich auch die anderen besser kennen, jedenfalls soweit es ohne Verst\u00e4ndigung durch Sprache m\u00f6glich war. Sofort richteten sich die Lehrerinnen h\u00e4uslich ein und begannen sich zu unterhalten und zu kichern. Was sich in den n\u00e4chsten Tagen auch nicht \u00e4ndern sollte..Einige von ihnen verfielen der Kartenspielsucht und machten w\u00e4hrend der Zeit dort eigentlich nichts anderes. Denn die Kinder wurden von Trainern des Ferienlagers betreut. Die Lehrer fungierten nur als Aufsichtspersonen.<\/p>\n<p>Die Deutschlehrer mussten an den Vormittagen noch einige Sch\u00fcler auf eine anstehende Deutschpr\u00fcfung vorbereiten. Und dabei konnte ich auch helfen. Ich besprach mit den Sch\u00fclern Themen wie Miley Cyrus, Basketball und Twilight. Nat\u00fcrlich erschien die H\u00e4lfte der Sch\u00fcler zu sp\u00e4t oder gar nicht, weil die anderen Besch\u00e4ftigungsm\u00f6glichkeiten weit aus spannender f\u00fcr sie waren.<\/p>\n<p>Nachmittags erkundete ich die Umgebung und wagte mich sogar an einem Tag auf einen Miniberg neben der Anlage. Der Ausblick war echt toll. Die Berge und H\u00fcgel um mich rum hatten eine sehr beruhigende Wirkung. Am meisten genoss ich w\u00e4hrend der Zeit aber die Ger\u00e4uschkulisse. Stille. Endlich mal kein Gehupe der Autofaher oder Geschreie der Busticketverk\u00e4ufer.<\/p>\n<p>Abends fand im &#8222;Kinosaal&#8220;, einem Geb\u00e4ude neben dem Haupthaus, immer so etwas wie ein Kulturprogramm statt. Am ersten Abend gab es dort einen feierlichen Empfang. Die mongolische Hymne wurde gespielt, wo ausnahmslos alle Kinder mitsangen und die Hand aufs Herz legten. Danach wurde die Fahne des Ferienlagers gehisst und es erklang die Hymne des Camps, die auch fast alle Kinder auswendig konnten. Am Donnerstagabend waren die Lehrer an der Reihe das Programm zu gestalten. Die Deutschsektion entschied sich f\u00fcr Tokio Hotel und mir wurde hinterher durch diverse Gratulanten best\u00e4tigt, dass ich meine Sache gut gemacht hatte. Leider, leider gibt es noch keine Bilder von dem Auftritt. Sp\u00e4ter h\u00fcpfte ich noch als eines der Spice Girls \u00fcber die B\u00fchne. Erinnerungen werden wach..:) Au\u00dferdem gab es am ersten und letzten Abend eine Disco f\u00fcr die Kinder, inklusive Gangnam-Style und Harlem Shake. Da die Kinder um 22Uhr im Bett liegen mussten, waren auch wir dann in unserem M\u00e4dchen-Zimmer. Aber das Schlafen lie\u00df bei uns lange auf sich warten. Alle Lehrer hatten f\u00fcr die feucht-fr\u00f6hlichen N\u00e4chte vorgesorgt. Und als die Vorr\u00e4te aufgebraucht waren, wurden kurzerhand Freunde aus der Stadt animiert um die Reserven aufzuf\u00fcllen. Ein Spa\u00df f\u00fcr mich die Mongolen erneut in Feierlaune zu erleben. Nach dem dritten Abend in Gesellschaft von 15 ausgelassen feiernden Mongolen, wollte ich dann aber doch einfach nur noch meine Ruhe. Und vor allem kein lautes und unverst\u00e4ndliches Gebrabbel um mich rum.<\/p>\n<p>&nbsp;<\/p>\n<p>Abgesehen vom Essen (wirklich nicht gut, am letzen Abend gab es Pferdefleisch) und den kurzen N\u00e4chten, war es ein sehr sch\u00f6ner Aufenthalt auf dem Land. Obwohl es noch nicht das echte, echte Landleben war, haben mir die Weite und die klare Luft doch einen kleinen Eindruck davon vermittelt.<\/p>\n\n\t\t<style type=\"text\/css\">\n\t\t\t#gallery-1 {\n\t\t\t\tmargin: auto;\n\t\t\t}\n\t\t\t#gallery-1 .gallery-item {\n\t\t\t\tfloat: left;\n\t\t\t\tmargin-top: 10px;\n\t\t\t\ttext-align: center;\n\t\t\t\twidth: 33%;\n\t\t\t}\n\t\t\t#gallery-1 img {\n\t\t\t\tborder: 2px solid #cfcfcf;\n\t\t\t}\n\t\t\t#gallery-1 .gallery-caption {\n\t\t\t\tmargin-left: 0;\n\t\t\t}\n\t\t\t\/* see gallery_shortcode() in wp-includes\/media.php *\/\n\t\t<\/style>\n\t\t<div id='gallery-1' class='gallery galleryid-73 gallery-columns-3 gallery-size-thumbnail'><dl class='gallery-item'>\n\t\t\t<dt class='gallery-icon landscape'>\n\t\t\t\t<a href='https:\/\/kulturweit.blog\/landimfernenosten\/reisen\/nairamdal\/dscf2072\/'><img loading=\"lazy\" decoding=\"async\" width=\"150\" height=\"150\" src=\"https:\/\/kulturweit.blog\/landimfernenosten\/files\/2013\/04\/DSCF2072-150x150.jpg\" class=\"attachment-thumbnail size-thumbnail\" alt=\"\" \/><\/a>\n\t\t\t<\/dt><\/dl><dl class='gallery-item'>\n\t\t\t<dt class='gallery-icon landscape'>\n\t\t\t\t<a href='https:\/\/kulturweit.blog\/landimfernenosten\/reisen\/nairamdal\/dscf2150\/'><img loading=\"lazy\" decoding=\"async\" width=\"150\" height=\"150\" src=\"https:\/\/kulturweit.blog\/landimfernenosten\/files\/2013\/04\/DSCF2150-150x150.jpg\" class=\"attachment-thumbnail size-thumbnail\" alt=\"\" \/><\/a>\n\t\t\t<\/dt><\/dl><dl class='gallery-item'>\n\t\t\t<dt class='gallery-icon landscape'>\n\t\t\t\t<a href='https:\/\/kulturweit.blog\/landimfernenosten\/reisen\/nairamdal\/dscf2152\/'><img loading=\"lazy\" decoding=\"async\" width=\"150\" height=\"150\" src=\"https:\/\/kulturweit.blog\/landimfernenosten\/files\/2013\/04\/DSCF2152-150x150.jpg\" class=\"attachment-thumbnail size-thumbnail\" alt=\"\" \/><\/a>\n\t\t\t<\/dt><\/dl><br style=\"clear: both\" \/><dl class='gallery-item'>\n\t\t\t<dt class='gallery-icon landscape'>\n\t\t\t\t<a href='https:\/\/kulturweit.blog\/landimfernenosten\/reisen\/nairamdal\/dscf2154\/'><img loading=\"lazy\" decoding=\"async\" width=\"150\" height=\"150\" src=\"https:\/\/kulturweit.blog\/landimfernenosten\/files\/2013\/04\/DSCF2154-150x150.jpg\" class=\"attachment-thumbnail size-thumbnail\" alt=\"\" \/><\/a>\n\t\t\t<\/dt><\/dl><dl class='gallery-item'>\n\t\t\t<dt class='gallery-icon landscape'>\n\t\t\t\t<a href='https:\/\/kulturweit.blog\/landimfernenosten\/reisen\/nairamdal\/dscf2160\/'><img loading=\"lazy\" decoding=\"async\" width=\"150\" height=\"150\" src=\"https:\/\/kulturweit.blog\/landimfernenosten\/files\/2013\/04\/DSCF2160-150x150.jpg\" class=\"attachment-thumbnail size-thumbnail\" alt=\"\" \/><\/a>\n\t\t\t<\/dt><\/dl><dl class='gallery-item'>\n\t\t\t<dt class='gallery-icon landscape'>\n\t\t\t\t<a href='https:\/\/kulturweit.blog\/landimfernenosten\/reisen\/nairamdal\/dscf2167\/'><img loading=\"lazy\" decoding=\"async\" width=\"150\" height=\"150\" src=\"https:\/\/kulturweit.blog\/landimfernenosten\/files\/2013\/04\/DSCF2167-150x150.jpg\" class=\"attachment-thumbnail size-thumbnail\" alt=\"\" \/><\/a>\n\t\t\t<\/dt><\/dl><br style=\"clear: both\" \/><dl class='gallery-item'>\n\t\t\t<dt class='gallery-icon landscape'>\n\t\t\t\t<a href='https:\/\/kulturweit.blog\/landimfernenosten\/reisen\/nairamdal\/dscf2173\/'><img loading=\"lazy\" decoding=\"async\" width=\"150\" height=\"150\" src=\"https:\/\/kulturweit.blog\/landimfernenosten\/files\/2013\/04\/DSCF2173-150x150.jpg\" class=\"attachment-thumbnail size-thumbnail\" alt=\"\" \/><\/a>\n\t\t\t<\/dt><\/dl><dl class='gallery-item'>\n\t\t\t<dt class='gallery-icon landscape'>\n\t\t\t\t<a href='https:\/\/kulturweit.blog\/landimfernenosten\/reisen\/nairamdal\/dscf2077\/'><img loading=\"lazy\" decoding=\"async\" width=\"150\" height=\"150\" src=\"https:\/\/kulturweit.blog\/landimfernenosten\/files\/2013\/04\/DSCF2077-e1364825561257-150x150.jpg\" class=\"attachment-thumbnail size-thumbnail\" alt=\"\" \/><\/a>\n\t\t\t<\/dt><\/dl><dl class='gallery-item'>\n\t\t\t<dt class='gallery-icon landscape'>\n\t\t\t\t<a href='https:\/\/kulturweit.blog\/landimfernenosten\/reisen\/nairamdal\/dscf2206\/'><img loading=\"lazy\" decoding=\"async\" width=\"150\" height=\"150\" src=\"https:\/\/kulturweit.blog\/landimfernenosten\/files\/2013\/04\/DSCF2206-150x150.jpg\" class=\"attachment-thumbnail size-thumbnail\" alt=\"\" \/><\/a>\n\t\t\t<\/dt><\/dl><br style=\"clear: both\" \/><dl class='gallery-item'>\n\t\t\t<dt class='gallery-icon landscape'>\n\t\t\t\t<a href='https:\/\/kulturweit.blog\/landimfernenosten\/reisen\/nairamdal\/dscf2076\/'><img loading=\"lazy\" decoding=\"async\" width=\"150\" height=\"150\" src=\"https:\/\/kulturweit.blog\/landimfernenosten\/files\/2013\/04\/DSCF2076-150x150.jpg\" class=\"attachment-thumbnail size-thumbnail\" alt=\"\" \/><\/a>\n\t\t\t<\/dt><\/dl><dl class='gallery-item'>\n\t\t\t<dt class='gallery-icon landscape'>\n\t\t\t\t<a href='https:\/\/kulturweit.blog\/landimfernenosten\/reisen\/nairamdal\/dscf2205\/'><img loading=\"lazy\" decoding=\"async\" width=\"150\" height=\"150\" src=\"https:\/\/kulturweit.blog\/landimfernenosten\/files\/2013\/04\/DSCF2205-150x150.jpg\" class=\"attachment-thumbnail size-thumbnail\" alt=\"\" \/><\/a>\n\t\t\t<\/dt><\/dl><dl class='gallery-item'>\n\t\t\t<dt class='gallery-icon landscape'>\n\t\t\t\t<a href='https:\/\/kulturweit.blog\/landimfernenosten\/reisen\/nairamdal\/dscf2221\/'><img loading=\"lazy\" decoding=\"async\" width=\"150\" height=\"150\" src=\"https:\/\/kulturweit.blog\/landimfernenosten\/files\/2013\/04\/DSCF2221-150x150.jpg\" class=\"attachment-thumbnail size-thumbnail\" alt=\"\" \/><\/a>\n\t\t\t<\/dt><\/dl><br style=\"clear: both\" \/><dl class='gallery-item'>\n\t\t\t<dt class='gallery-icon landscape'>\n\t\t\t\t<a href='https:\/\/kulturweit.blog\/landimfernenosten\/reisen\/nairamdal\/dscf2244\/'><img loading=\"lazy\" decoding=\"async\" width=\"150\" height=\"150\" src=\"https:\/\/kulturweit.blog\/landimfernenosten\/files\/2013\/04\/DSCF2244-150x150.jpg\" class=\"attachment-thumbnail size-thumbnail\" alt=\"\" \/><\/a>\n\t\t\t<\/dt><\/dl><dl class='gallery-item'>\n\t\t\t<dt class='gallery-icon landscape'>\n\t\t\t\t<a href='https:\/\/kulturweit.blog\/landimfernenosten\/reisen\/nairamdal\/dscf2246\/'><img loading=\"lazy\" decoding=\"async\" width=\"150\" height=\"150\" src=\"https:\/\/kulturweit.blog\/landimfernenosten\/files\/2013\/04\/DSCF2246-150x150.jpg\" class=\"attachment-thumbnail size-thumbnail\" alt=\"\" \/><\/a>\n\t\t\t<\/dt><\/dl><dl class='gallery-item'>\n\t\t\t<dt class='gallery-icon landscape'>\n\t\t\t\t<a href='https:\/\/kulturweit.blog\/landimfernenosten\/reisen\/nairamdal\/dscf2272-kopie1\/'><img loading=\"lazy\" decoding=\"async\" width=\"150\" height=\"150\" src=\"https:\/\/kulturweit.blog\/landimfernenosten\/files\/2013\/04\/DSCF2272-Kopie1-150x150.jpg\" class=\"attachment-thumbnail size-thumbnail\" alt=\"\" \/><\/a>\n\t\t\t<\/dt><\/dl><br style=\"clear: both\" \/><dl class='gallery-item'>\n\t\t\t<dt class='gallery-icon landscape'>\n\t\t\t\t<a href='https:\/\/kulturweit.blog\/landimfernenosten\/reisen\/nairamdal\/dscf2095\/'><img loading=\"lazy\" decoding=\"async\" width=\"150\" height=\"150\" src=\"https:\/\/kulturweit.blog\/landimfernenosten\/files\/2013\/04\/DSCF2095-150x150.jpg\" class=\"attachment-thumbnail size-thumbnail\" alt=\"\" \/><\/a>\n\t\t\t<\/dt><\/dl><dl class='gallery-item'>\n\t\t\t<dt class='gallery-icon landscape'>\n\t\t\t\t<a href='https:\/\/kulturweit.blog\/landimfernenosten\/reisen\/nairamdal\/dscf2102\/'><img loading=\"lazy\" decoding=\"async\" width=\"150\" height=\"150\" src=\"https:\/\/kulturweit.blog\/landimfernenosten\/files\/2013\/04\/DSCF2102-150x150.jpg\" class=\"attachment-thumbnail size-thumbnail\" alt=\"\" \/><\/a>\n\t\t\t<\/dt><\/dl><dl class='gallery-item'>\n\t\t\t<dt class='gallery-icon landscape'>\n\t\t\t\t<a href='https:\/\/kulturweit.blog\/landimfernenosten\/reisen\/nairamdal\/dscf2186\/'><img loading=\"lazy\" decoding=\"async\" width=\"150\" height=\"150\" src=\"https:\/\/kulturweit.blog\/landimfernenosten\/files\/2013\/04\/DSCF2186-150x150.jpg\" class=\"attachment-thumbnail size-thumbnail\" alt=\"\" \/><\/a>\n\t\t\t<\/dt><\/dl><br style=\"clear: both\" \/><dl class='gallery-item'>\n\t\t\t<dt class='gallery-icon landscape'>\n\t\t\t\t<a href='https:\/\/kulturweit.blog\/landimfernenosten\/reisen\/nairamdal\/dscf2248\/'><img loading=\"lazy\" decoding=\"async\" width=\"150\" height=\"150\" src=\"https:\/\/kulturweit.blog\/landimfernenosten\/files\/2013\/04\/DSCF2248-150x150.jpg\" class=\"attachment-thumbnail size-thumbnail\" alt=\"\" \/><\/a>\n\t\t\t<\/dt><\/dl><dl class='gallery-item'>\n\t\t\t<dt class='gallery-icon landscape'>\n\t\t\t\t<a href='https:\/\/kulturweit.blog\/landimfernenosten\/reisen\/nairamdal\/dscf2267\/'><img loading=\"lazy\" decoding=\"async\" width=\"150\" height=\"150\" src=\"https:\/\/kulturweit.blog\/landimfernenosten\/files\/2013\/04\/DSCF2267-150x150.jpg\" class=\"attachment-thumbnail size-thumbnail\" alt=\"\" \/><\/a>\n\t\t\t<\/dt><\/dl>\n\t\t\t<br style='clear: both' \/>\n\t\t<\/div>\n\n","protected":false},"excerpt":{"rendered":"<p>Zum ersten Mal sollte ich nun also einen Einblick in das echte Land bekommen. Endlich. Ihr fragt euch vielleicht warum Ulaanbaatar nicht zur &#8222;echten&#8220; Mongolei geh\u00f6ren sollte. Nat\u00fcrlich tut es das, aber die Mongolen sind ein Nomadenvolk, also nie f\u00fcr l\u00e4ngere Zeit an einem Ort sesshaft. Au\u00dfer in der Hauptstadt. Aber das noch nicht lange. [&hellip;]<\/p>\n","protected":false},"author":1104,"featured_media":79,"parent":254,"menu_order":0,"comment_status":"open","ping_status":"open","template":"","meta":{"footnotes":""},"class_list":["post-73","page","type-page","status-publish","has-post-thumbnail","hentry"],"amp_enabled":true,"_links":{"self":[{"href":"https:\/\/kulturweit.blog\/landimfernenosten\/wp-json\/wp\/v2\/pages\/73"}],"collection":[{"href":"https:\/\/kulturweit.blog\/landimfernenosten\/wp-json\/wp\/v2\/pages"}],"about":[{"href":"https:\/\/kulturweit.blog\/landimfernenosten\/wp-json\/wp\/v2\/types\/page"}],"author":[{"embeddable":true,"href":"https:\/\/kulturweit.blog\/landimfernenosten\/wp-json\/wp\/v2\/users\/1104"}],"replies":[{"embeddable":true,"href":"https:\/\/kulturweit.blog\/landimfernenosten\/wp-json\/wp\/v2\/comments?post=73"}],"version-history":[{"count":1,"href":"https:\/\/kulturweit.blog\/landimfernenosten\/wp-json\/wp\/v2\/pages\/73\/revisions"}],"predecessor-version":[{"id":95,"href":"https:\/\/kulturweit.blog\/landimfernenosten\/wp-json\/wp\/v2\/pages\/73\/revisions\/95"}],"up":[{"embeddable":true,"href":"https:\/\/kulturweit.blog\/landimfernenosten\/wp-json\/wp\/v2\/pages\/254"}],"wp:featuredmedia":[{"embeddable":true,"href":"https:\/\/kulturweit.blog\/landimfernenosten\/wp-json\/wp\/v2\/media\/79"}],"wp:attachment":[{"href":"https:\/\/kulturweit.blog\/landimfernenosten\/wp-json\/wp\/v2\/media?parent=73"}],"curies":[{"name":"wp","href":"https:\/\/api.w.org\/{rel}","templated":true}]}}