{"id":374,"date":"2013-06-16T22:59:36","date_gmt":"2013-06-16T14:59:36","guid":{"rendered":"https:\/\/kulturweit.blog\/landimfernenosten\/?page_id=374"},"modified":"2013-07-02T21:55:45","modified_gmt":"2013-07-02T13:55:45","slug":"fahrt-nach-erdenet-9-11-06","status":"publish","type":"page","link":"https:\/\/kulturweit.blog\/landimfernenosten\/reisen\/fahrt-nach-erdenet-9-11-06\/","title":{"rendered":"Fahrt nach Erdenet (9. &#8211; 11.06.)"},"content":{"rendered":"\n\t\t<style type=\"text\/css\">\n\t\t\t#gallery-1 {\n\t\t\t\tmargin: auto;\n\t\t\t}\n\t\t\t#gallery-1 .gallery-item {\n\t\t\t\tfloat: left;\n\t\t\t\tmargin-top: 10px;\n\t\t\t\ttext-align: center;\n\t\t\t\twidth: 50%;\n\t\t\t}\n\t\t\t#gallery-1 img {\n\t\t\t\tborder: 2px solid #cfcfcf;\n\t\t\t}\n\t\t\t#gallery-1 .gallery-caption {\n\t\t\t\tmargin-left: 0;\n\t\t\t}\n\t\t\t\/* see gallery_shortcode() in wp-includes\/media.php *\/\n\t\t<\/style>\n\t\t<div id='gallery-1' class='gallery galleryid-374 gallery-columns-2 gallery-size-thumbnail'><dl class='gallery-item'>\n\t\t\t<dt class='gallery-icon portrait'>\n\t\t\t\t<a href='https:\/\/kulturweit.blog\/landimfernenosten\/reisen\/fahrt-nach-erdenet-9-11-06\/dscf3285\/'><img loading=\"lazy\" decoding=\"async\" width=\"150\" height=\"150\" src=\"https:\/\/kulturweit.blog\/landimfernenosten\/files\/2013\/06\/DSCF3285-150x150.jpg\" class=\"attachment-thumbnail size-thumbnail\" alt=\"\" \/><\/a>\n\t\t\t<\/dt><\/dl><dl class='gallery-item'>\n\t\t\t<dt class='gallery-icon portrait'>\n\t\t\t\t<a href='https:\/\/kulturweit.blog\/landimfernenosten\/reisen\/fahrt-nach-erdenet-9-11-06\/dscf3284\/'><img loading=\"lazy\" decoding=\"async\" width=\"150\" height=\"150\" src=\"https:\/\/kulturweit.blog\/landimfernenosten\/files\/2013\/06\/DSCF3284-150x150.jpg\" class=\"attachment-thumbnail size-thumbnail\" alt=\"\" \/><\/a>\n\t\t\t<\/dt><\/dl><br style=\"clear: both\" \/>\n\t\t<\/div>\n\n<p>Als wichtigen beruflichen Aufenthalt getarnt, ging es am Sonntag f\u00fcr mich und zwei andere deutsche M\u00e4dels mit dem Zfa Berater und seiner Frau nach Erdenet, eine kleine Stadt nordwestlich von Ulaanbaatar. Und zwar mit dem Zug!! Abends um 19.30Uhr versammelten wir uns auf dem Bahnhof und machten es uns (die drei deutschen M\u00e4dels) eine Stunde sp\u00e4ter in unserem vierer Coup\u00e9 gem\u00fctlich. Es war zwar etwas eng mit den vier Betten und dem Tisch, aber kuschlig. Da wir anscheinend alle dachten wir w\u00fcrden w\u00e4hrend der 12h Zugfahrt verhungern, hatten wir alle riesige Fresspakete mitgebracht, die dann sogar noch die R\u00fcckfahrt \u00fcberlebten.. So waren wir also die meiste Zeit der Zugfahrt mit Essen und aus dem Fenster schauen besch\u00e4ftigt. Die Landschaft war wundersch\u00f6n. \u00dcberall kleine H\u00fcgel, Schaf- und Ziegenherden und alles war mit einem satten Gr\u00fcn getr\u00e4nkt.<\/p>\n<p>Wie zu erwarten, bekamen wir Gesellschaft von einem aufgeschlossenen Mongolen. Er bekam das vierte Bett in unserem Abteil. Bepackt mit einem kleinen Rucksack und einer Einkaufst\u00fcte setzte er sich zu uns. Der Inhalt seines Gep\u00e4cks bestand gef\u00fchlt nur aus Alkohol und Keksen. Kurz nachdem sich der Zug in Bewegung setzte, hatter er auch schon die Vodkaflasche ge\u00f6ffnet und seinen Plastikbecher halb gef\u00fcllt. Wir kamen nicht drum herum auch mitzutrinken, denn solch eine Einladung abzulehnen, ist in der Mongolei sehr unh\u00f6flich. Unsere Ausrede, dass wir alle schwanger seien, brachten wir dann aus mangelnder Glaubw\u00fcrdigkeit doch nicht an. Aber zu viert war die Flasche schnell geleert, vor allem weil wir dem Mongolen heimlich Vodka von den eigenen Bechern einschenkten. Mit ihm danach die Flasche Whiskey zu trinken, lehnten wir dann aber doch h\u00f6flich ab.<\/p>\n<p>So tuckelte der Zug also gem\u00e4chlich vor sich hin und machte uns das Einschlafen leicht. Jedoch nur bis sich der Mongole sp\u00e4ter auch hinlegte und mit dem Schnarchen begann..<\/p>\n<p>Am n\u00e4chsten Morgen um 6.00Uhr wurden wir von den Zugbegleitern geweckt um uns f\u00fcr die Ankunft in Erdenet bereit zu machen. Am Bahnhof wartete ein Lehrer der Schule, die wir heute besuchen sollten, um uns zur Schule zu bringen. Denn der Grund unseres Besuchs war die Auswahl von zwei Deutschlehrern, die ab n\u00e4chstem Schuljahr dort mit dem Deutschunterricht beginnen werden. Urspr\u00fcnglich sollten wir auch schon Sch\u00fcler ausw\u00e4hlen, die sich daf\u00fcr eignen, aber da diese sich weigerten im Juni noch zum Unterricht zu erscheinen, wurde das Auswahlverfahren auf den August verlegt. Nachdem die erste Bewerbungsrunde vorbei war, wurde unsere Hilfe nicht mehr gebraucht und wir verbrachten die restliche Zeit unseres Aufenthalts um die Stadt zu erkunden. Im Gegensatz zu Ulaanbaatar sieht es in Erdenet viel gr\u00fcner aus. Die Stra\u00dfen sind von B\u00e4umen geziert und es gibt sogar einen winzigen Park mit einem Springbrunnen. Au\u00dferdem ist das Leben dort etwas entspannter. Ich hatte nicht den Eindruck, dass die Leute st\u00e4ndig nur von einem Ort zum anderen hetzen. Die Luft ist nicht so staub- und smogbelastet und die Autos hielten sogar, als wir die Stra\u00dfe \u00fcberquerten!! Erdenet ist mit 100.000 Einwohnern die drittgr\u00f6\u00dfte Stadt der Mongolei. Sie wurde erst in den 1970er Jahren f\u00fcr die Mitarbeiter der nahe gelegenen Kupfermine (laut Wikipedia die viertgr\u00f6\u00dfte Kupfermine der Welt!) gegr\u00fcndet. Aufgrund der Arbeit in der Mine zog es auch viele Russen nach Erdenet, wodurch das Stadtbild dementsprechend gepr\u00e4gt wurde.<\/p>\n<p>Da die Stadt schnell besichtigt ist, wanderten wir auch auf zwei der H\u00fcgel herum, die die Stadt umgeben. Die Aussicht und das Wetter waren toll, es duftete nach Blumen und ich hatte das erste mal das Gef\u00fchl ein St\u00fcck der &#8222;wirklichen&#8220; Mongolei kennenzulernen.<\/p>\n\n\t\t<style type=\"text\/css\">\n\t\t\t#gallery-2 {\n\t\t\t\tmargin: auto;\n\t\t\t}\n\t\t\t#gallery-2 .gallery-item {\n\t\t\t\tfloat: left;\n\t\t\t\tmargin-top: 10px;\n\t\t\t\ttext-align: center;\n\t\t\t\twidth: 33%;\n\t\t\t}\n\t\t\t#gallery-2 img {\n\t\t\t\tborder: 2px solid #cfcfcf;\n\t\t\t}\n\t\t\t#gallery-2 .gallery-caption {\n\t\t\t\tmargin-left: 0;\n\t\t\t}\n\t\t\t\/* see gallery_shortcode() in wp-includes\/media.php *\/\n\t\t<\/style>\n\t\t<div id='gallery-2' class='gallery galleryid-374 gallery-columns-3 gallery-size-thumbnail'><dl class='gallery-item'>\n\t\t\t<dt class='gallery-icon landscape'>\n\t\t\t\t<a href='https:\/\/kulturweit.blog\/landimfernenosten\/reisen\/fahrt-nach-erdenet-9-11-06\/dscf3220\/'><img loading=\"lazy\" decoding=\"async\" width=\"150\" height=\"150\" src=\"https:\/\/kulturweit.blog\/landimfernenosten\/files\/2013\/06\/DSCF3220-150x150.jpg\" class=\"attachment-thumbnail size-thumbnail\" alt=\"\" \/><\/a>\n\t\t\t<\/dt><\/dl><dl class='gallery-item'>\n\t\t\t<dt class='gallery-icon landscape'>\n\t\t\t\t<a href='https:\/\/kulturweit.blog\/landimfernenosten\/reisen\/fahrt-nach-erdenet-9-11-06\/dscf3223\/'><img loading=\"lazy\" decoding=\"async\" width=\"150\" height=\"150\" src=\"https:\/\/kulturweit.blog\/landimfernenosten\/files\/2013\/06\/DSCF3223-150x150.jpg\" class=\"attachment-thumbnail size-thumbnail\" alt=\"\" \/><\/a>\n\t\t\t<\/dt><\/dl><dl class='gallery-item'>\n\t\t\t<dt class='gallery-icon landscape'>\n\t\t\t\t<a href='https:\/\/kulturweit.blog\/landimfernenosten\/reisen\/fahrt-nach-erdenet-9-11-06\/dscf3227\/'><img loading=\"lazy\" decoding=\"async\" width=\"150\" height=\"150\" src=\"https:\/\/kulturweit.blog\/landimfernenosten\/files\/2013\/06\/DSCF3227-150x150.jpg\" class=\"attachment-thumbnail size-thumbnail\" alt=\"\" \/><\/a>\n\t\t\t<\/dt><\/dl><br style=\"clear: both\" \/><dl class='gallery-item'>\n\t\t\t<dt class='gallery-icon portrait'>\n\t\t\t\t<a href='https:\/\/kulturweit.blog\/landimfernenosten\/reisen\/fahrt-nach-erdenet-9-11-06\/dscf3234\/'><img loading=\"lazy\" decoding=\"async\" width=\"150\" height=\"150\" src=\"https:\/\/kulturweit.blog\/landimfernenosten\/files\/2013\/06\/DSCF3234-150x150.jpg\" class=\"attachment-thumbnail size-thumbnail\" alt=\"\" \/><\/a>\n\t\t\t<\/dt><\/dl><dl class='gallery-item'>\n\t\t\t<dt class='gallery-icon landscape'>\n\t\t\t\t<a href='https:\/\/kulturweit.blog\/landimfernenosten\/reisen\/fahrt-nach-erdenet-9-11-06\/dscf3235\/'><img loading=\"lazy\" decoding=\"async\" width=\"150\" height=\"150\" src=\"https:\/\/kulturweit.blog\/landimfernenosten\/files\/2013\/06\/DSCF3235-150x150.jpg\" class=\"attachment-thumbnail size-thumbnail\" alt=\"\" \/><\/a>\n\t\t\t<\/dt><\/dl><dl class='gallery-item'>\n\t\t\t<dt class='gallery-icon portrait'>\n\t\t\t\t<a href='https:\/\/kulturweit.blog\/landimfernenosten\/reisen\/fahrt-nach-erdenet-9-11-06\/dscf3247\/'><img loading=\"lazy\" decoding=\"async\" width=\"150\" height=\"150\" src=\"https:\/\/kulturweit.blog\/landimfernenosten\/files\/2013\/06\/DSCF3247-150x150.jpg\" class=\"attachment-thumbnail size-thumbnail\" alt=\"\" \/><\/a>\n\t\t\t<\/dt><\/dl><br style=\"clear: both\" \/><dl class='gallery-item'>\n\t\t\t<dt class='gallery-icon portrait'>\n\t\t\t\t<a href='https:\/\/kulturweit.blog\/landimfernenosten\/reisen\/fahrt-nach-erdenet-9-11-06\/dscf3255\/'><img loading=\"lazy\" decoding=\"async\" width=\"150\" height=\"150\" src=\"https:\/\/kulturweit.blog\/landimfernenosten\/files\/2013\/06\/DSCF3255-150x150.jpg\" class=\"attachment-thumbnail size-thumbnail\" alt=\"\" \/><\/a>\n\t\t\t<\/dt><\/dl><dl class='gallery-item'>\n\t\t\t<dt class='gallery-icon portrait'>\n\t\t\t\t<a href='https:\/\/kulturweit.blog\/landimfernenosten\/reisen\/fahrt-nach-erdenet-9-11-06\/dscf3277\/'><img loading=\"lazy\" decoding=\"async\" width=\"150\" height=\"150\" src=\"https:\/\/kulturweit.blog\/landimfernenosten\/files\/2013\/06\/DSCF3277-150x150.jpg\" class=\"attachment-thumbnail size-thumbnail\" alt=\"\" \/><\/a>\n\t\t\t<\/dt><\/dl><dl class='gallery-item'>\n\t\t\t<dt class='gallery-icon landscape'>\n\t\t\t\t<a href='https:\/\/kulturweit.blog\/landimfernenosten\/reisen\/fahrt-nach-erdenet-9-11-06\/dscf3257\/'><img loading=\"lazy\" decoding=\"async\" width=\"150\" height=\"150\" src=\"https:\/\/kulturweit.blog\/landimfernenosten\/files\/2013\/06\/DSCF3257-150x150.jpg\" class=\"attachment-thumbnail size-thumbnail\" alt=\"\" \/><\/a>\n\t\t\t<\/dt><\/dl><br style=\"clear: both\" \/><dl class='gallery-item'>\n\t\t\t<dt class='gallery-icon landscape'>\n\t\t\t\t<a href='https:\/\/kulturweit.blog\/landimfernenosten\/reisen\/fahrt-nach-erdenet-9-11-06\/dscf3262\/'><img loading=\"lazy\" decoding=\"async\" width=\"150\" height=\"150\" src=\"https:\/\/kulturweit.blog\/landimfernenosten\/files\/2013\/06\/DSCF3262-150x150.jpg\" class=\"attachment-thumbnail size-thumbnail\" alt=\"\" \/><\/a>\n\t\t\t<\/dt><\/dl><dl class='gallery-item'>\n\t\t\t<dt class='gallery-icon landscape'>\n\t\t\t\t<a href='https:\/\/kulturweit.blog\/landimfernenosten\/reisen\/fahrt-nach-erdenet-9-11-06\/dscf3266\/'><img loading=\"lazy\" decoding=\"async\" width=\"150\" height=\"150\" src=\"https:\/\/kulturweit.blog\/landimfernenosten\/files\/2013\/06\/DSCF3266-150x150.jpg\" class=\"attachment-thumbnail size-thumbnail\" alt=\"\" \/><\/a>\n\t\t\t<\/dt><\/dl><dl class='gallery-item'>\n\t\t\t<dt class='gallery-icon landscape'>\n\t\t\t\t<a href='https:\/\/kulturweit.blog\/landimfernenosten\/reisen\/fahrt-nach-erdenet-9-11-06\/dscf3273\/'><img loading=\"lazy\" decoding=\"async\" width=\"150\" height=\"150\" src=\"https:\/\/kulturweit.blog\/landimfernenosten\/files\/2013\/06\/DSCF3273-150x150.jpg\" class=\"attachment-thumbnail size-thumbnail\" alt=\"\" \/><\/a>\n\t\t\t<\/dt><\/dl><br style=\"clear: both\" \/>\n\t\t<\/div>\n\n<p>Mit einem Sonnenbrand der sich sehen lassen kann, verlie\u00dfen wir am n\u00e4chsten Abend wieder diese Idylle. Aber nat\u00fcrlich nicht ohne Komplikationen.<\/p>\n<p>1. Leichtsinnig lie\u00dfen wir unser Gep\u00e4ck nach dem Auschecken im Hotel in einem Partyraum. Die Mitarbeiterin, die gerade Dienst hatte, schloss den Raum f\u00fcr uns sogar ab. Leider war sie &#8211; als wir sp\u00e4ter zur\u00fcckkehrten, um die Sachen zu holen &#8211; nicht mehr im Hotel. Den einzigen Schl\u00fcssel hatte sie mitgenommen und wir standen ohne Gep\u00e4ck da. Nach einigem Hin und Her und ein paar Telefonaten kam sie dann zum Gl\u00fcck kurz reingeschneit, schloss den Raum auf und verschwand wieder.<\/p>\n<p>2. Dann baten wir die netten und zuvorkommenden (haha) Empfangsdamen uns ein Taxi zum Bahnhof zu bestellen. Diese witterten da anscheinend ein gutes Gesch\u00e4ft und vermittelten uns an einen Kumpel, der uns wohl f\u00fcr lau zum Bahnhof fahren w\u00fcrde. Am Bahnhof angekommen, verlangte er zu unserer \u00dcberraschung dann doch ziemlich viel Geld von uns. Klar, dass wir ihm das nicht geben wollten, weil es nicht abgesprochen war. Darauf reagierte er aber nicht so nett und wir diskutierten nicht lang mit ihm.<\/p>\n<p>3. Endlich im Zug, sogar mit einem recht zur\u00fcckhaltenden Mongolen als Abteilnachbarn, gerieten wir erneut in die Klemme. Wir bekamen die T\u00fcr unseres Abteils nicht mehr auf. Nat\u00fcrlich war unser m\u00e4nnlicher Begleiter in diesem Moment nicht in der N\u00e4he, also h\u00e4mmerten wir wie wild gegen die T\u00fcr um aus dieser misslichen Lage befreit zu werden. Es dauerte eine ganze Weile bis jemand unser Klopfen und die Hilferufe ernst nahm. Zwei Mongolen halfen uns schlussendlich, verstehen konnten sie das Problem aber nicht. Bei ihnen lie\u00df sich die T\u00fcr ganz einfach \u00f6ffnen. Auch nach mehrmaligem \u00dcben schafften wir es nicht allein die T\u00fcr aufzumachen und schlossen sie die restliche Zugfahrt einfach nicht mehr zu. Sicher ist sicher.<\/p>\n<p>Ohne weitere Zwischenf\u00e4lle kamen wir am n\u00e4chsten Morgen wieder in Ulaanbaatar an.<\/p>\n","protected":false},"excerpt":{"rendered":"<p>Als wichtigen beruflichen Aufenthalt getarnt, ging es am Sonntag f\u00fcr mich und zwei andere deutsche M\u00e4dels mit dem Zfa Berater und seiner Frau nach Erdenet, eine kleine Stadt nordwestlich von Ulaanbaatar. Und zwar mit dem Zug!! Abends um 19.30Uhr versammelten wir uns auf dem Bahnhof und machten es uns (die drei deutschen M\u00e4dels) eine Stunde [&hellip;]<\/p>\n","protected":false},"author":1104,"featured_media":390,"parent":254,"menu_order":3,"comment_status":"open","ping_status":"open","template":"","meta":{"footnotes":""},"class_list":["post-374","page","type-page","status-publish","has-post-thumbnail","hentry"],"amp_enabled":true,"_links":{"self":[{"href":"https:\/\/kulturweit.blog\/landimfernenosten\/wp-json\/wp\/v2\/pages\/374"}],"collection":[{"href":"https:\/\/kulturweit.blog\/landimfernenosten\/wp-json\/wp\/v2\/pages"}],"about":[{"href":"https:\/\/kulturweit.blog\/landimfernenosten\/wp-json\/wp\/v2\/types\/page"}],"author":[{"embeddable":true,"href":"https:\/\/kulturweit.blog\/landimfernenosten\/wp-json\/wp\/v2\/users\/1104"}],"replies":[{"embeddable":true,"href":"https:\/\/kulturweit.blog\/landimfernenosten\/wp-json\/wp\/v2\/comments?post=374"}],"version-history":[{"count":1,"href":"https:\/\/kulturweit.blog\/landimfernenosten\/wp-json\/wp\/v2\/pages\/374\/revisions"}],"predecessor-version":[{"id":392,"href":"https:\/\/kulturweit.blog\/landimfernenosten\/wp-json\/wp\/v2\/pages\/374\/revisions\/392"}],"up":[{"embeddable":true,"href":"https:\/\/kulturweit.blog\/landimfernenosten\/wp-json\/wp\/v2\/pages\/254"}],"wp:featuredmedia":[{"embeddable":true,"href":"https:\/\/kulturweit.blog\/landimfernenosten\/wp-json\/wp\/v2\/media\/390"}],"wp:attachment":[{"href":"https:\/\/kulturweit.blog\/landimfernenosten\/wp-json\/wp\/v2\/media?parent=374"}],"curies":[{"name":"wp","href":"https:\/\/api.w.org\/{rel}","templated":true}]}}