{"id":265,"date":"2013-06-06T23:45:39","date_gmt":"2013-06-06T15:45:39","guid":{"rendered":"https:\/\/kulturweit.blog\/landimfernenosten\/?page_id=265"},"modified":"2013-07-02T21:54:57","modified_gmt":"2013-07-02T13:54:57","slug":"fremde-welten","status":"publish","type":"page","link":"https:\/\/kulturweit.blog\/landimfernenosten\/reisen\/fremde-welten\/","title":{"rendered":"Fremde Welten (24.05. &#8211; 03.06.)"},"content":{"rendered":"<p>Ende Mai verlie\u00df ich das erste Mal seit langer Zeit meine neue Heimat um zum Zwischenseminar nach Hangzhou, China zu fliegen. Doch erst einmal landete ich in Shanghai um dort das Wochenende vor dem Seminar mit anderen Freiwilligen zu verbringen. Und ich muss sagen, ich bin total begeistert. Von Shanghai. Von Hangzhou. Von China. Ich wei\u00df nicht, was ich genau \u00fcber China dachte, bevor ich in dieses Land reiste, aber dass es so sch\u00f6n ist, h\u00e4tte ich nicht gedacht. Ich glaube, das liegt vor allem an der kargen Umgebung, in der ich im Moment lebe. So lange schon hatte ich kein Gr\u00fcn mehr gesehen. Und in China ist es einfach \u00fcberall gr\u00fcn oder zumindest in den Gebieten, die ich bereist habe. Es war f\u00fcr mich wie das Eintauchen in eine andere Welt. Kein Staub, kein Stau (obwohl die St\u00e4dte bis zu 10x so gro\u00df sind wie Ulaanbaatar!!!), kein L\u00e4rm und so viele B\u00e4ume, Blumen und Gr\u00fcnfl\u00e4chen. Einfach nur wunderbar. Und was sich alles in diesen Parks und auf den Stra\u00dfen abspielt. Herrlich. Die \u00e4lteren M\u00e4nner sitzen zusammen und spielen Karten, die Frauen singen oder tanzen gemeinsam und die Kinder laufen in Hosen rum, die zwischen den Beinen ein riesiges Loch haben. Das macht die Windel \u00fcberfl\u00fcssig..<\/p>\n<p>&nbsp;<\/p>\n<p>In Shanghai verbrachten wir die Tage mit Sightseeing und Essen. Schon vor meiner Reise gaben mir die Lehrer an meiner Schule den Tipp viel Obst zu essen, da in China die Auswahl viel gr\u00f6\u00dfer sei, als in der Mongolei. Und das stimmte wirklich. An jeder Ecke gab es Obst- und Gem\u00fcsel\u00e4den. Viele Obstsorten hatte ich vorher noch nie gesehen und die Namen konnte ich mir auch nicht merken. Aber lecker wars.<\/p>\n\n\t\t<style type=\"text\/css\">\n\t\t\t#gallery-1 {\n\t\t\t\tmargin: auto;\n\t\t\t}\n\t\t\t#gallery-1 .gallery-item {\n\t\t\t\tfloat: left;\n\t\t\t\tmargin-top: 10px;\n\t\t\t\ttext-align: center;\n\t\t\t\twidth: 33%;\n\t\t\t}\n\t\t\t#gallery-1 img {\n\t\t\t\tborder: 2px solid #cfcfcf;\n\t\t\t}\n\t\t\t#gallery-1 .gallery-caption {\n\t\t\t\tmargin-left: 0;\n\t\t\t}\n\t\t\t\/* see gallery_shortcode() in wp-includes\/media.php *\/\n\t\t<\/style>\n\t\t<div id='gallery-1' class='gallery galleryid-265 gallery-columns-3 gallery-size-thumbnail'><dl class='gallery-item'>\n\t\t\t<dt class='gallery-icon landscape'>\n\t\t\t\t<a href='https:\/\/kulturweit.blog\/landimfernenosten\/reisen\/fremde-welten\/dscf2770\/'><img loading=\"lazy\" decoding=\"async\" width=\"150\" height=\"150\" src=\"https:\/\/kulturweit.blog\/landimfernenosten\/files\/2013\/06\/DSCF2770-150x150.jpg\" class=\"attachment-thumbnail size-thumbnail\" alt=\"\" \/><\/a>\n\t\t\t<\/dt><\/dl><dl class='gallery-item'>\n\t\t\t<dt class='gallery-icon portrait'>\n\t\t\t\t<a href='https:\/\/kulturweit.blog\/landimfernenosten\/reisen\/fremde-welten\/dscf2758\/'><img loading=\"lazy\" decoding=\"async\" width=\"150\" height=\"150\" src=\"https:\/\/kulturweit.blog\/landimfernenosten\/files\/2013\/06\/DSCF2758-150x150.jpg\" class=\"attachment-thumbnail size-thumbnail\" alt=\"\" \/><\/a>\n\t\t\t<\/dt><\/dl><dl class='gallery-item'>\n\t\t\t<dt class='gallery-icon landscape'>\n\t\t\t\t<a href='https:\/\/kulturweit.blog\/landimfernenosten\/reisen\/fremde-welten\/dscf2639\/'><img loading=\"lazy\" decoding=\"async\" width=\"150\" height=\"150\" src=\"https:\/\/kulturweit.blog\/landimfernenosten\/files\/2013\/06\/DSCF2639-150x150.jpg\" class=\"attachment-thumbnail size-thumbnail\" alt=\"\" \/><\/a>\n\t\t\t<\/dt><\/dl><br style=\"clear: both\" \/><dl class='gallery-item'>\n\t\t\t<dt class='gallery-icon landscape'>\n\t\t\t\t<a href='https:\/\/kulturweit.blog\/landimfernenosten\/reisen\/fremde-welten\/dscf2615\/'><img loading=\"lazy\" decoding=\"async\" width=\"150\" height=\"150\" src=\"https:\/\/kulturweit.blog\/landimfernenosten\/files\/2013\/06\/DSCF2615-150x150.jpg\" class=\"attachment-thumbnail size-thumbnail\" alt=\"\" \/><\/a>\n\t\t\t<\/dt><\/dl><dl class='gallery-item'>\n\t\t\t<dt class='gallery-icon portrait'>\n\t\t\t\t<a href='https:\/\/kulturweit.blog\/landimfernenosten\/reisen\/fremde-welten\/dscf2695\/'><img loading=\"lazy\" decoding=\"async\" width=\"150\" height=\"150\" src=\"https:\/\/kulturweit.blog\/landimfernenosten\/files\/2013\/06\/DSCF2695-150x150.jpg\" class=\"attachment-thumbnail size-thumbnail\" alt=\"\" \/><\/a>\n\t\t\t<\/dt><\/dl><dl class='gallery-item'>\n\t\t\t<dt class='gallery-icon landscape'>\n\t\t\t\t<a href='https:\/\/kulturweit.blog\/landimfernenosten\/reisen\/fremde-welten\/dscf2691\/'><img loading=\"lazy\" decoding=\"async\" width=\"150\" height=\"150\" src=\"https:\/\/kulturweit.blog\/landimfernenosten\/files\/2013\/06\/DSCF2691-150x150.jpg\" class=\"attachment-thumbnail size-thumbnail\" alt=\"\" \/><\/a>\n\t\t\t<\/dt><\/dl><br style=\"clear: both\" \/><dl class='gallery-item'>\n\t\t\t<dt class='gallery-icon landscape'>\n\t\t\t\t<a href='https:\/\/kulturweit.blog\/landimfernenosten\/reisen\/fremde-welten\/dscf2624\/'><img loading=\"lazy\" decoding=\"async\" width=\"150\" height=\"150\" src=\"https:\/\/kulturweit.blog\/landimfernenosten\/files\/2013\/06\/DSCF2624-150x150.jpg\" class=\"attachment-thumbnail size-thumbnail\" alt=\"\" \/><\/a>\n\t\t\t<\/dt><\/dl><dl class='gallery-item'>\n\t\t\t<dt class='gallery-icon landscape'>\n\t\t\t\t<a href='https:\/\/kulturweit.blog\/landimfernenosten\/reisen\/fremde-welten\/dscf2658\/'><img loading=\"lazy\" decoding=\"async\" width=\"150\" height=\"150\" src=\"https:\/\/kulturweit.blog\/landimfernenosten\/files\/2013\/06\/DSCF2658-150x150.jpg\" class=\"attachment-thumbnail size-thumbnail\" alt=\"\" \/><\/a>\n\t\t\t<\/dt><\/dl><dl class='gallery-item'>\n\t\t\t<dt class='gallery-icon landscape'>\n\t\t\t\t<a href='https:\/\/kulturweit.blog\/landimfernenosten\/reisen\/fremde-welten\/dscf2646\/'><img loading=\"lazy\" decoding=\"async\" width=\"150\" height=\"150\" src=\"https:\/\/kulturweit.blog\/landimfernenosten\/files\/2013\/06\/DSCF2646-150x150.jpg\" class=\"attachment-thumbnail size-thumbnail\" alt=\"\" \/><\/a>\n\t\t\t<\/dt><\/dl><br style=\"clear: both\" \/><dl class='gallery-item'>\n\t\t\t<dt class='gallery-icon landscape'>\n\t\t\t\t<a href='https:\/\/kulturweit.blog\/landimfernenosten\/reisen\/fremde-welten\/dscf2835\/'><img loading=\"lazy\" decoding=\"async\" width=\"150\" height=\"150\" src=\"https:\/\/kulturweit.blog\/landimfernenosten\/files\/2013\/06\/DSCF2835-150x150.jpg\" class=\"attachment-thumbnail size-thumbnail\" alt=\"\" \/><\/a>\n\t\t\t<\/dt><\/dl><dl class='gallery-item'>\n\t\t\t<dt class='gallery-icon landscape'>\n\t\t\t\t<a href='https:\/\/kulturweit.blog\/landimfernenosten\/reisen\/fremde-welten\/dscf2849\/'><img loading=\"lazy\" decoding=\"async\" width=\"150\" height=\"150\" src=\"https:\/\/kulturweit.blog\/landimfernenosten\/files\/2013\/06\/DSCF2849-150x150.jpg\" class=\"attachment-thumbnail size-thumbnail\" alt=\"\" \/><\/a>\n\t\t\t<\/dt><\/dl><dl class='gallery-item'>\n\t\t\t<dt class='gallery-icon landscape'>\n\t\t\t\t<a href='https:\/\/kulturweit.blog\/landimfernenosten\/reisen\/fremde-welten\/dscf2859\/'><img loading=\"lazy\" decoding=\"async\" width=\"150\" height=\"150\" src=\"https:\/\/kulturweit.blog\/landimfernenosten\/files\/2013\/06\/DSCF2859-150x150.jpg\" class=\"attachment-thumbnail size-thumbnail\" alt=\"\" \/><\/a>\n\t\t\t<\/dt><\/dl><br style=\"clear: both\" \/>\n\t\t<\/div>\n\n<p>Am Montag ging es dann mit dem Zug nach Hangzhou zum Zwischenseminar. Allein schon die Zugfahrt war ein Highlight. Alles ist hochmodern und so gut organisiert. Das bin ich gar nicht mehr gew\u00f6hnt. Unser Hostel lag in einer s\u00fc\u00dfen Nebenstra\u00dfe direkt in der Altstadt. Jeden Abend sind wir die Stra\u00dfen entlang geschlendert und haben das Getummel der Einheimischen beobachtet. Das Seminar an sich war toll. Die einzelnen Einheiten fanden entweder auf der gem\u00fctlichen Dachterasse unseres Hostels oder im Park statt. Es tat gut, sich mit den anderen Freiwilligen auszutauschen. Auch wenn man an verschiedenen Einsatzstellen ist, sind es doch \u00e4hnliche Probleme mit denen man zu k\u00e4mpfen hat.<\/p>\n\n\t\t<style type=\"text\/css\">\n\t\t\t#gallery-2 {\n\t\t\t\tmargin: auto;\n\t\t\t}\n\t\t\t#gallery-2 .gallery-item {\n\t\t\t\tfloat: left;\n\t\t\t\tmargin-top: 10px;\n\t\t\t\ttext-align: center;\n\t\t\t\twidth: 33%;\n\t\t\t}\n\t\t\t#gallery-2 img {\n\t\t\t\tborder: 2px solid #cfcfcf;\n\t\t\t}\n\t\t\t#gallery-2 .gallery-caption {\n\t\t\t\tmargin-left: 0;\n\t\t\t}\n\t\t\t\/* see gallery_shortcode() in wp-includes\/media.php *\/\n\t\t<\/style>\n\t\t<div id='gallery-2' class='gallery galleryid-265 gallery-columns-3 gallery-size-thumbnail'><dl class='gallery-item'>\n\t\t\t<dt class='gallery-icon landscape'>\n\t\t\t\t<a href='https:\/\/kulturweit.blog\/landimfernenosten\/reisen\/fremde-welten\/dscf2886\/'><img loading=\"lazy\" decoding=\"async\" width=\"150\" height=\"150\" src=\"https:\/\/kulturweit.blog\/landimfernenosten\/files\/2013\/06\/DSCF2886-150x150.jpg\" class=\"attachment-thumbnail size-thumbnail\" alt=\"\" \/><\/a>\n\t\t\t<\/dt><\/dl><dl class='gallery-item'>\n\t\t\t<dt class='gallery-icon landscape'>\n\t\t\t\t<a href='https:\/\/kulturweit.blog\/landimfernenosten\/reisen\/fremde-welten\/dscf2923\/'><img loading=\"lazy\" decoding=\"async\" width=\"150\" height=\"150\" src=\"https:\/\/kulturweit.blog\/landimfernenosten\/files\/2013\/06\/DSCF2923-150x150.jpg\" class=\"attachment-thumbnail size-thumbnail\" alt=\"\" \/><\/a>\n\t\t\t<\/dt><\/dl><dl class='gallery-item'>\n\t\t\t<dt class='gallery-icon landscape'>\n\t\t\t\t<a href='https:\/\/kulturweit.blog\/landimfernenosten\/reisen\/fremde-welten\/dscf2921\/'><img loading=\"lazy\" decoding=\"async\" width=\"150\" height=\"150\" src=\"https:\/\/kulturweit.blog\/landimfernenosten\/files\/2013\/06\/DSCF2921-150x150.jpg\" class=\"attachment-thumbnail size-thumbnail\" alt=\"\" \/><\/a>\n\t\t\t<\/dt><\/dl><br style=\"clear: both\" \/><dl class='gallery-item'>\n\t\t\t<dt class='gallery-icon landscape'>\n\t\t\t\t<a href='https:\/\/kulturweit.blog\/landimfernenosten\/reisen\/fremde-welten\/dscf2893\/'><img loading=\"lazy\" decoding=\"async\" width=\"150\" height=\"150\" src=\"https:\/\/kulturweit.blog\/landimfernenosten\/files\/2013\/06\/DSCF2893-150x150.jpg\" class=\"attachment-thumbnail size-thumbnail\" alt=\"\" \/><\/a>\n\t\t\t<\/dt><\/dl><dl class='gallery-item'>\n\t\t\t<dt class='gallery-icon portrait'>\n\t\t\t\t<a href='https:\/\/kulturweit.blog\/landimfernenosten\/reisen\/fremde-welten\/dscf2906\/'><img loading=\"lazy\" decoding=\"async\" width=\"150\" height=\"150\" src=\"https:\/\/kulturweit.blog\/landimfernenosten\/files\/2013\/06\/DSCF2906-150x150.jpg\" class=\"attachment-thumbnail size-thumbnail\" alt=\"\" \/><\/a>\n\t\t\t<\/dt><\/dl><dl class='gallery-item'>\n\t\t\t<dt class='gallery-icon landscape'>\n\t\t\t\t<a href='https:\/\/kulturweit.blog\/landimfernenosten\/reisen\/fremde-welten\/dscf3036\/'><img loading=\"lazy\" decoding=\"async\" width=\"150\" height=\"150\" src=\"https:\/\/kulturweit.blog\/landimfernenosten\/files\/2013\/06\/DSCF3036-150x150.jpg\" class=\"attachment-thumbnail size-thumbnail\" alt=\"\" \/><\/a>\n\t\t\t<\/dt><\/dl><br style=\"clear: both\" \/><dl class='gallery-item'>\n\t\t\t<dt class='gallery-icon landscape'>\n\t\t\t\t<a href='https:\/\/kulturweit.blog\/landimfernenosten\/reisen\/fremde-welten\/dscf3029\/'><img loading=\"lazy\" decoding=\"async\" width=\"150\" height=\"150\" src=\"https:\/\/kulturweit.blog\/landimfernenosten\/files\/2013\/06\/DSCF3029-150x150.jpg\" class=\"attachment-thumbnail size-thumbnail\" alt=\"\" \/><\/a>\n\t\t\t<\/dt><\/dl><dl class='gallery-item'>\n\t\t\t<dt class='gallery-icon landscape'>\n\t\t\t\t<a href='https:\/\/kulturweit.blog\/landimfernenosten\/reisen\/fremde-welten\/dscf3058\/'><img loading=\"lazy\" decoding=\"async\" width=\"150\" height=\"150\" src=\"https:\/\/kulturweit.blog\/landimfernenosten\/files\/2013\/06\/DSCF3058-150x150.jpg\" class=\"attachment-thumbnail size-thumbnail\" alt=\"\" \/><\/a>\n\t\t\t<\/dt><\/dl><dl class='gallery-item'>\n\t\t\t<dt class='gallery-icon landscape'>\n\t\t\t\t<a href='https:\/\/kulturweit.blog\/landimfernenosten\/reisen\/fremde-welten\/dscf3046\/'><img loading=\"lazy\" decoding=\"async\" width=\"150\" height=\"150\" src=\"https:\/\/kulturweit.blog\/landimfernenosten\/files\/2013\/06\/DSCF3046-150x150.jpg\" class=\"attachment-thumbnail size-thumbnail\" alt=\"\" \/><\/a>\n\t\t\t<\/dt><\/dl><br style=\"clear: both\" \/><dl class='gallery-item'>\n\t\t\t<dt class='gallery-icon landscape'>\n\t\t\t\t<a href='https:\/\/kulturweit.blog\/landimfernenosten\/reisen\/fremde-welten\/dscf2941\/'><img loading=\"lazy\" decoding=\"async\" width=\"150\" height=\"150\" src=\"https:\/\/kulturweit.blog\/landimfernenosten\/files\/2013\/06\/DSCF2941-150x150.jpg\" class=\"attachment-thumbnail size-thumbnail\" alt=\"\" \/><\/a>\n\t\t\t<\/dt><\/dl><dl class='gallery-item'>\n\t\t\t<dt class='gallery-icon landscape'>\n\t\t\t\t<a href='https:\/\/kulturweit.blog\/landimfernenosten\/reisen\/fremde-welten\/dscf2929\/'><img loading=\"lazy\" decoding=\"async\" width=\"150\" height=\"150\" src=\"https:\/\/kulturweit.blog\/landimfernenosten\/files\/2013\/06\/DSCF2929-150x150.jpg\" class=\"attachment-thumbnail size-thumbnail\" alt=\"\" \/><\/a>\n\t\t\t<\/dt><\/dl><dl class='gallery-item'>\n\t\t\t<dt class='gallery-icon landscape'>\n\t\t\t\t<a href='https:\/\/kulturweit.blog\/landimfernenosten\/reisen\/fremde-welten\/dscf2994\/'><img loading=\"lazy\" decoding=\"async\" width=\"150\" height=\"150\" src=\"https:\/\/kulturweit.blog\/landimfernenosten\/files\/2013\/06\/DSCF2994-150x150.jpg\" class=\"attachment-thumbnail size-thumbnail\" alt=\"\" \/><\/a>\n\t\t\t<\/dt><\/dl><br style=\"clear: both\" \/><dl class='gallery-item'>\n\t\t\t<dt class='gallery-icon landscape'>\n\t\t\t\t<a href='https:\/\/kulturweit.blog\/landimfernenosten\/reisen\/fremde-welten\/dscf2995\/'><img loading=\"lazy\" decoding=\"async\" width=\"150\" height=\"150\" src=\"https:\/\/kulturweit.blog\/landimfernenosten\/files\/2013\/06\/DSCF2995-150x150.jpg\" class=\"attachment-thumbnail size-thumbnail\" alt=\"\" \/><\/a>\n\t\t\t<\/dt><\/dl><dl class='gallery-item'>\n\t\t\t<dt class='gallery-icon landscape'>\n\t\t\t\t<a href='https:\/\/kulturweit.blog\/landimfernenosten\/reisen\/fremde-welten\/dscf3079\/'><img loading=\"lazy\" decoding=\"async\" width=\"150\" height=\"150\" src=\"https:\/\/kulturweit.blog\/landimfernenosten\/files\/2013\/06\/DSCF3079-150x150.jpg\" class=\"attachment-thumbnail size-thumbnail\" alt=\"\" \/><\/a>\n\t\t\t<\/dt><\/dl>\n\t\t\t<br style='clear: both' \/>\n\t\t<\/div>\n\n<p>&nbsp;<\/p>\n<p>Die Zeit verging viel zu schnell und am Freitag hie\u00df es schon wieder Abschiednehmen. Zumindest von den Meisten. Denn f\u00fcnf von uns sollten erst noch auf ein, so wie es sich sp\u00e4ter rausstellte, gro\u00dfes Abenteuer gehen.<\/p>\n<p>Am Nachmittag fuhren wir mit dem Bus nach Tangkou, einem kleinen \u00d6rtchen nahe des Huangshan (gelbe Berge), einem sehr bekannten Gebirge, dass auch zum UNESCO Weltkulturerbe geh\u00f6rt. Wir wollten n\u00e4mlich am Samstag wandern gehen. Am n\u00e4chsten Morgen machten wir uns also fr\u00fch auf, um mit dem Bus zur Seilbahn zu fahren. Diese brachte uns hinauf ins Gebirge. Und schon auf dem Weg nach oben wurde klar, dass wir nicht so viel von der atemberaubenden Aussicht sehen werden. Die Wolken hingen tief und es begann zu regnen. Und das sollte auch so bleiben.<\/p>\n<p>Bevor wir unsere Wanderung richtig beginnen konnten, stellte sich uns schon nach wenigen Minuten eine Gruppe agressiver Affen entgegen. Allein trauten wir uns nicht an ihnen vorbei und so mussten wir warten, bis eine chinesische Reisegruppe den Weg frei machte. Dieser Reisegruppe schlossen wir uns dann erstmal an, denn an der n\u00e4chsten Ecke warteten schon wieder hungrige Affen. Auf dem restlichen Weg begegneten wir aber keinen mehr. Als wir dieses Hinderniss \u00fcberwunden hatten, konnte es also endlich richtig losgehen. Dachten wir. Vorerst sollten wir damit auch recht behalten. Wir erklommen den h\u00f6chsten Punkt des einen Berges, genossen die verregnete Aussicht so gut es eben ging und machten uns auf zum Abstieg. Alles lief super, bis wir irgendwann nicht mehr so genau wussten wo wir waren und uns auch schon seit einer Weile keine anderen Touristen mehr begegneten. Ein erneuter Blick auf die Karte best\u00e4tigte dann die Vermutung: Wir haben uns verlaufen. Nach kurzer Panik und ohne Handyempfang um jemandem nach dem Weg zu fragen, entschieden wir uns also wieder zur\u00fcckzulaufen. Das bedeutete allerdings 2h Treppen bergauf steigen. Nach 10 Minuten wurde dieser Plan wieder \u00fcber den Haufen geworfen. Wir hatten jetzt Empfang und es krampfhaft wurde versucht das Hostel zu erreichen oder eine gute Karte im Internet zu finden, die uns den Weg weist. Leider war auch dies vergebens. Also riefen wir die Polizei\u00a0 an und erkl\u00e4rten ihnen, dass wir verloren gegangen sind. Wir ist dabei eigentlich zu viel gesagt, schlie\u00dflich kann ich kein Wort Chinesisch. Die anderen Freiwilligen meisterten das Gespr\u00e4ch mit den Polizisten aber klasse. Nachdem sich diese aber auch nicht so schl\u00fcssig waren, was wir machen sollen &#8211; erst hie\u00df es weiterlaufen, dann warten, dann doch wieder weiterlaufen &#8211; machten wir uns auf den Weg nach unten. Mittlerweile hatte man sich entschieden, einen Suchtrupp f\u00fcr uns loszuschicken. Dieser erreichte uns dann auch irgendwann. Leider waren die Herren so schnell unterwegs, dass wir sie wieder verloren und erneut vor der Frage standen, wo es lang geht. Mit Hilfe von dort stationierter Feuerwehr- und Wachm\u00e4nner gelang uns dann aber tats\u00e4chlich der Abstieg. Pl\u00f6tzlich gingen die nie endenden Treppen in eine geteerte Stra\u00dfe \u00fcber. Und dort wartete auch schon der Suchtrupp auf uns. Prima!<\/p>\n<p>Naja zumindest bestellten sie f\u00fcr uns ein Taxi und wir kamen wohlbehalten im Hostel an. Deren Mitarbeiter wunderte sich indessen auch \u00fcber unsere Panikmail vom Nachmittag, die sie in diesem Moment lasen.<\/p>\n\n\t\t<style type=\"text\/css\">\n\t\t\t#gallery-3 {\n\t\t\t\tmargin: auto;\n\t\t\t}\n\t\t\t#gallery-3 .gallery-item {\n\t\t\t\tfloat: left;\n\t\t\t\tmargin-top: 10px;\n\t\t\t\ttext-align: center;\n\t\t\t\twidth: 33%;\n\t\t\t}\n\t\t\t#gallery-3 img {\n\t\t\t\tborder: 2px solid #cfcfcf;\n\t\t\t}\n\t\t\t#gallery-3 .gallery-caption {\n\t\t\t\tmargin-left: 0;\n\t\t\t}\n\t\t\t\/* see gallery_shortcode() in wp-includes\/media.php *\/\n\t\t<\/style>\n\t\t<div id='gallery-3' class='gallery galleryid-265 gallery-columns-3 gallery-size-thumbnail'><dl class='gallery-item'>\n\t\t\t<dt class='gallery-icon landscape'>\n\t\t\t\t<a href='https:\/\/kulturweit.blog\/landimfernenosten\/reisen\/fremde-welten\/dscf3170\/'><img loading=\"lazy\" decoding=\"async\" width=\"150\" height=\"150\" src=\"https:\/\/kulturweit.blog\/landimfernenosten\/files\/2013\/06\/DSCF3170-150x150.jpg\" class=\"attachment-thumbnail size-thumbnail\" alt=\"\" \/><\/a>\n\t\t\t<\/dt><\/dl><dl class='gallery-item'>\n\t\t\t<dt class='gallery-icon portrait'>\n\t\t\t\t<a href='https:\/\/kulturweit.blog\/landimfernenosten\/reisen\/fremde-welten\/dscf3162\/'><img loading=\"lazy\" decoding=\"async\" width=\"150\" height=\"150\" src=\"https:\/\/kulturweit.blog\/landimfernenosten\/files\/2013\/06\/DSCF3162-150x150.jpg\" class=\"attachment-thumbnail size-thumbnail\" alt=\"\" \/><\/a>\n\t\t\t<\/dt><\/dl><dl class='gallery-item'>\n\t\t\t<dt class='gallery-icon portrait'>\n\t\t\t\t<a href='https:\/\/kulturweit.blog\/landimfernenosten\/reisen\/fremde-welten\/dscf3151\/'><img loading=\"lazy\" decoding=\"async\" width=\"150\" height=\"150\" src=\"https:\/\/kulturweit.blog\/landimfernenosten\/files\/2013\/06\/DSCF3151-150x150.jpg\" class=\"attachment-thumbnail size-thumbnail\" alt=\"\" \/><\/a>\n\t\t\t<\/dt><\/dl><br style=\"clear: both\" \/><dl class='gallery-item'>\n\t\t\t<dt class='gallery-icon portrait'>\n\t\t\t\t<a href='https:\/\/kulturweit.blog\/landimfernenosten\/reisen\/fremde-welten\/dscf3144\/'><img loading=\"lazy\" decoding=\"async\" width=\"150\" height=\"150\" src=\"https:\/\/kulturweit.blog\/landimfernenosten\/files\/2013\/06\/DSCF3144-150x150.jpg\" class=\"attachment-thumbnail size-thumbnail\" alt=\"\" \/><\/a>\n\t\t\t<\/dt><\/dl><dl class='gallery-item'>\n\t\t\t<dt class='gallery-icon portrait'>\n\t\t\t\t<a href='https:\/\/kulturweit.blog\/landimfernenosten\/reisen\/fremde-welten\/dscf3113\/'><img loading=\"lazy\" decoding=\"async\" width=\"150\" height=\"150\" src=\"https:\/\/kulturweit.blog\/landimfernenosten\/files\/2013\/06\/DSCF3113-150x150.jpg\" class=\"attachment-thumbnail size-thumbnail\" alt=\"\" \/><\/a>\n\t\t\t<\/dt><\/dl><dl class='gallery-item'>\n\t\t\t<dt class='gallery-icon landscape'>\n\t\t\t\t<a href='https:\/\/kulturweit.blog\/landimfernenosten\/reisen\/fremde-welten\/dscf3119\/'><img loading=\"lazy\" decoding=\"async\" width=\"150\" height=\"150\" src=\"https:\/\/kulturweit.blog\/landimfernenosten\/files\/2013\/06\/DSCF3119-150x150.jpg\" class=\"attachment-thumbnail size-thumbnail\" alt=\"\" \/><\/a>\n\t\t\t<\/dt><\/dl><br style=\"clear: both\" \/><dl class='gallery-item'>\n\t\t\t<dt class='gallery-icon portrait'>\n\t\t\t\t<a href='https:\/\/kulturweit.blog\/landimfernenosten\/reisen\/fremde-welten\/dscf3120\/'><img loading=\"lazy\" decoding=\"async\" width=\"150\" height=\"150\" src=\"https:\/\/kulturweit.blog\/landimfernenosten\/files\/2013\/06\/DSCF3120-150x150.jpg\" class=\"attachment-thumbnail size-thumbnail\" alt=\"\" \/><\/a>\n\t\t\t<\/dt><\/dl><dl class='gallery-item'>\n\t\t\t<dt class='gallery-icon portrait'>\n\t\t\t\t<a href='https:\/\/kulturweit.blog\/landimfernenosten\/reisen\/fremde-welten\/dscf3136\/'><img loading=\"lazy\" decoding=\"async\" width=\"150\" height=\"150\" src=\"https:\/\/kulturweit.blog\/landimfernenosten\/files\/2013\/06\/DSCF3136-150x150.jpg\" class=\"attachment-thumbnail size-thumbnail\" alt=\"\" \/><\/a>\n\t\t\t<\/dt><\/dl><dl class='gallery-item'>\n\t\t\t<dt class='gallery-icon portrait'>\n\t\t\t\t<a href='https:\/\/kulturweit.blog\/landimfernenosten\/reisen\/fremde-welten\/dscf3110-2\/'><img loading=\"lazy\" decoding=\"async\" width=\"150\" height=\"150\" src=\"https:\/\/kulturweit.blog\/landimfernenosten\/files\/2013\/06\/DSCF31101-150x150.jpg\" class=\"attachment-thumbnail size-thumbnail\" alt=\"\" \/><\/a>\n\t\t\t<\/dt><\/dl><br style=\"clear: both\" \/>\n\t\t<\/div>\n\n<p>Mit einem sch\u00f6nen Muskelkater verbrachte ich den letzten Tag meiner Chinareise in den Stra\u00dfen von Huangshan (so hei\u00dft nicht nur der Berg, sondern auch die n\u00e4chst gelegene Stadt). In Minischritten bewegte ich mich durch die Altstadt. Das muss ein Anblick gewesen sein.. Schlie\u00dflich traf ich nach einer Nacht auf dem Pekinger Flughafen, \u00fcberm\u00fcdet wieder in Ulaanbaatar ein. Und schon nach wenigen Schritten wusste ich, dass ich angekommen war. Es war windig, sandig, laut und ich musste 20 Minuten zur Bushaltestelle des Flughafens laufen.<\/p>\n<p>Welcome back!<\/p>\n","protected":false},"excerpt":{"rendered":"<p>Ende Mai verlie\u00df ich das erste Mal seit langer Zeit meine neue Heimat um zum Zwischenseminar nach Hangzhou, China zu fliegen. Doch erst einmal landete ich in Shanghai um dort das Wochenende vor dem Seminar mit anderen Freiwilligen zu verbringen. Und ich muss sagen, ich bin total begeistert. Von Shanghai. Von Hangzhou. Von China. Ich [&hellip;]<\/p>\n","protected":false},"author":1104,"featured_media":300,"parent":254,"menu_order":2,"comment_status":"open","ping_status":"open","template":"","meta":{"footnotes":""},"class_list":["post-265","page","type-page","status-publish","has-post-thumbnail","hentry"],"amp_enabled":true,"_links":{"self":[{"href":"https:\/\/kulturweit.blog\/landimfernenosten\/wp-json\/wp\/v2\/pages\/265"}],"collection":[{"href":"https:\/\/kulturweit.blog\/landimfernenosten\/wp-json\/wp\/v2\/pages"}],"about":[{"href":"https:\/\/kulturweit.blog\/landimfernenosten\/wp-json\/wp\/v2\/types\/page"}],"author":[{"embeddable":true,"href":"https:\/\/kulturweit.blog\/landimfernenosten\/wp-json\/wp\/v2\/users\/1104"}],"replies":[{"embeddable":true,"href":"https:\/\/kulturweit.blog\/landimfernenosten\/wp-json\/wp\/v2\/comments?post=265"}],"version-history":[{"count":1,"href":"https:\/\/kulturweit.blog\/landimfernenosten\/wp-json\/wp\/v2\/pages\/265\/revisions"}],"predecessor-version":[{"id":267,"href":"https:\/\/kulturweit.blog\/landimfernenosten\/wp-json\/wp\/v2\/pages\/265\/revisions\/267"}],"up":[{"embeddable":true,"href":"https:\/\/kulturweit.blog\/landimfernenosten\/wp-json\/wp\/v2\/pages\/254"}],"wp:featuredmedia":[{"embeddable":true,"href":"https:\/\/kulturweit.blog\/landimfernenosten\/wp-json\/wp\/v2\/media\/300"}],"wp:attachment":[{"href":"https:\/\/kulturweit.blog\/landimfernenosten\/wp-json\/wp\/v2\/media?parent=265"}],"curies":[{"name":"wp","href":"https:\/\/api.w.org\/{rel}","templated":true}]}}