{"id":254,"date":"2013-06-06T23:33:24","date_gmt":"2013-06-06T15:33:24","guid":{"rendered":"https:\/\/kulturweit.blog\/landimfernenosten\/?page_id=254"},"modified":"2013-06-19T22:49:53","modified_gmt":"2013-06-19T14:49:53","slug":"reisen","status":"publish","type":"page","link":"https:\/\/kulturweit.blog\/landimfernenosten\/reisen\/","title":{"rendered":"Reisen"},"content":{"rendered":"<p>&#8230; auf den folgenden Seiten m\u00f6chte ich euch auf die kleinen und gro\u00dfen Reisen mitnehmen, die ich w\u00e4hrend meiner Zeit in der Mongolei unternommen habe &#8230;<\/p>\n","protected":false},"excerpt":{"rendered":"<p>&#8230; auf den folgenden Seiten m\u00f6chte ich euch auf die kleinen und gro\u00dfen Reisen mitnehmen, die ich w\u00e4hrend meiner Zeit in der Mongolei unternommen habe &#8230;<\/p>\n","protected":false},"author":1104,"featured_media":0,"parent":0,"menu_order":0,"comment_status":"open","ping_status":"open","template":"","meta":{"footnotes":""},"class_list":["post-254","page","type-page","status-publish","hentry"],"amp_enabled":true,"_links":{"self":[{"href":"https:\/\/kulturweit.blog\/landimfernenosten\/wp-json\/wp\/v2\/pages\/254"}],"collection":[{"href":"https:\/\/kulturweit.blog\/landimfernenosten\/wp-json\/wp\/v2\/pages"}],"about":[{"href":"https:\/\/kulturweit.blog\/landimfernenosten\/wp-json\/wp\/v2\/types\/page"}],"author":[{"embeddable":true,"href":"https:\/\/kulturweit.blog\/landimfernenosten\/wp-json\/wp\/v2\/users\/1104"}],"replies":[{"embeddable":true,"href":"https:\/\/kulturweit.blog\/landimfernenosten\/wp-json\/wp\/v2\/comments?post=254"}],"version-history":[{"count":1,"href":"https:\/\/kulturweit.blog\/landimfernenosten\/wp-json\/wp\/v2\/pages\/254\/revisions"}],"predecessor-version":[{"id":264,"href":"https:\/\/kulturweit.blog\/landimfernenosten\/wp-json\/wp\/v2\/pages\/254\/revisions\/264"}],"wp:attachment":[{"href":"https:\/\/kulturweit.blog\/landimfernenosten\/wp-json\/wp\/v2\/media?parent=254"}],"curies":[{"name":"wp","href":"https:\/\/api.w.org\/{rel}","templated":true}]}}