{"id":140,"date":"2013-04-17T17:00:05","date_gmt":"2013-04-17T15:00:05","guid":{"rendered":"https:\/\/kulturweit.blog\/landimfernenosten\/?page_id=140"},"modified":"2013-06-07T00:34:53","modified_gmt":"2013-06-06T16:34:53","slug":"die-goethe-schule","status":"publish","type":"page","link":"https:\/\/kulturweit.blog\/landimfernenosten\/die-goethe-schule\/","title":{"rendered":"Die Goethe Schule"},"content":{"rendered":"<p style=\"text-align: left\">\u00a0Die\u00a0\u0413\u0401\u0422\u0415 Schule ist eine private &#8222;Gemeinschaftsschule&#8220; (Klasse 1-11) in Ulaanbaatar. In der Mongolei gibt es n\u00e4mlich keine Unterteilung in Real-, Gesamt-, Haupt- oder Oberschulen bzw. Gymnasium. Ungef\u00e4hr 200 Sch\u00fcler besuchen die Schule, wovon fast alle Deutsch lernen. Dabei kann man in jeder Jahrgangsstufe mit dem Deutschunterricht beginnen.<\/p>\n<p style=\"text-align: left\">Die Goethe Schule ist eine DSD II Schule. Das bedeutet, dass hier das Deutsche Sprachdiplom II erworben werden kann. Dies berechtigt dann zum Studieren in Deutschland.<\/p>\n<p style=\"text-align: left\">Im Moment unterrichten 6 Lehrer das Fach Deutsch. Darunter ist auch eine deutsche Lehrerin. Alle anderen k\u00f6nnen aber auch sehr gut deutsch, da sie lange Deutschlandaufenthalte hatten.<\/p>\n<p style=\"text-align: left\">Meine Aufgabe besteht im Gro\u00dfen und Ganzen wirklich darin, mit den Kindern &#8222;deutsch und englisch zu reden&#8220;, so wie es die Direktorin der Schule so sch\u00f6n zusammengefasst hat.<\/p>\n<p style=\"text-align: left\">Ich habe einen eigenen Stundenplan, der so aussieht:<\/p>\n<pre style=\"text-align: left;padding-left: 30px\">Montag: Englisch, 4. Klasse\r\nDienstag: Deutsch, 3. Klasse\r\nMittwoch: Deutsch, 3. Klasse \/ Englisch, 1. Klasse \/ Englisch, 4. Klasse\r\nDonnerstag: Englisch, 1. Klasse\r\nFreitag: Deutsch, 2. Klasse<\/pre>\n<p>In diesen Stunden bin ich &#8222;Lehrer Sarah \/ Teacher Sarah&#8220; und versuche die Kleinen zum Sprechen zu bewegen, was gar nicht so einfach ist. Im Deutschunterricht in der dritten Klasse beschr\u00e4nkt sich das meist auf einen Satz pro Sch\u00fcler, in der zweiten Klasse aber eher auf einzelne W\u00f6rter, da sie gerade noch die deutschen Buchstaben lernen.<\/p>\n<p>In Englisch klappt das Sprechen schon etwas besser, zumindest in der vierten und f\u00fcnften Klasse. Die Kinder sind zwar ziemlich sch\u00fcchtern, aber sie k\u00f6nnen sich schon einigerma\u00dfen \u00e4u\u00dfern. Leichte Unterhaltungen kann ich mit ihnen f\u00fchren und das ist auch meine Hauptaufgabe in diesem Unterricht. Mit der ersten Klasse singe ich Lieder und \u00fcbe Vokabeln. Das verlangt einem mitunter viel Geduld, da still sitzen und nach vorne schauen nicht zu ihren Lieblingsbesch\u00e4ftigungen geh\u00f6rt.<\/p>\n<p>Generell f\u00e4llt es mir schwer, mit den Sch\u00fclern fehlerfrei zu kommunizieren. In jeder Stunde gibt es Sch\u00fcler, die mich fragend anschauen und \u00fcberhaupt nicht wissen, was sie machen sollen. Zum Gl\u00fcck gibt es in den Deutschklassen ein paar Sch\u00fcler, die schon eine Weile in Deutschland gelebt haben, oder deutsche Elternteile haben. Diese Sch\u00fcler m\u00fcssen dann die \u00dcbersetzung \u00fcbernehmen, was ganz gut klappt.Im Englischunterricht sind die Lehrer mit dabei, die mir dann helfen k\u00f6nnen. Das ist vor allem in der ersten Klasse notwendig. Allein w\u00fcrde ich dort wahrscheinlich gar nichts erreichen.<\/p>\n<p>&nbsp;<\/p>\n<p>Neben diesen 7 Stunden hospitiere ich fast jeden Tag im Unterricht der anderen Lehrer, vorwiegend in Klassen in denen ich auch selber unterrichte. Au\u00dferdem kommt auch mehrmals in der Woche die Frage, ob ich Zeit h\u00e4tte in einer Klasse zum Konversationsunterricht zu kommen. Und leider kommt es nicht selten vor, dass ich kurz vor Stundenbeginn oder auch schon nach dem Klingeln vor eine Klasse gestellt werden, um Vertretungsunterricht zu machen. Da ist dann Kreativit\u00e4t gefragt. Wenn ich nicht im Unterricht bin, bereite ich meinen Unterricht vor, korrigiere Tests f\u00fcr die anderen Lehrer oder wie im Moment an Beispielaufgaben f\u00fcr die Vergleichsarbeit auf dem A1 Niveau.<\/p>\n<p>Und dann kommt ja noch das &#8222;Kulturweit-Projekt&#8220;. Da bin ich auch schon flei\u00dfig am planen. Mal schauen, ob sich davon etwas realisieren l\u00e4sst.<\/p>\n\n\t\t<style type=\"text\/css\">\n\t\t\t#gallery-1 {\n\t\t\t\tmargin: auto;\n\t\t\t}\n\t\t\t#gallery-1 .gallery-item {\n\t\t\t\tfloat: left;\n\t\t\t\tmargin-top: 10px;\n\t\t\t\ttext-align: center;\n\t\t\t\twidth: 33%;\n\t\t\t}\n\t\t\t#gallery-1 img {\n\t\t\t\tborder: 2px solid #cfcfcf;\n\t\t\t}\n\t\t\t#gallery-1 .gallery-caption {\n\t\t\t\tmargin-left: 0;\n\t\t\t}\n\t\t\t\/* see gallery_shortcode() in wp-includes\/media.php *\/\n\t\t<\/style>\n\t\t<div id='gallery-1' class='gallery galleryid-140 gallery-columns-3 gallery-size-thumbnail'><dl class='gallery-item'>\n\t\t\t<dt class='gallery-icon landscape'>\n\t\t\t\t<a href='https:\/\/kulturweit.blog\/landimfernenosten\/die-goethe-schule\/dscf2008\/'><img loading=\"lazy\" decoding=\"async\" width=\"150\" height=\"150\" src=\"https:\/\/kulturweit.blog\/landimfernenosten\/files\/2013\/04\/DSCF2008-150x150.jpg\" class=\"attachment-thumbnail size-thumbnail\" alt=\"\" \/><\/a>\n\t\t\t<\/dt><\/dl><dl class='gallery-item'>\n\t\t\t<dt class='gallery-icon landscape'>\n\t\t\t\t<a href='https:\/\/kulturweit.blog\/landimfernenosten\/beispiel-seite\/dscf2053\/'><img loading=\"lazy\" decoding=\"async\" width=\"150\" height=\"150\" src=\"https:\/\/kulturweit.blog\/landimfernenosten\/files\/2013\/03\/DSCF2053-150x150.jpg\" class=\"attachment-thumbnail size-thumbnail\" alt=\"\" \/><\/a>\n\t\t\t<\/dt><\/dl><dl class='gallery-item'>\n\t\t\t<dt class='gallery-icon landscape'>\n\t\t\t\t<a href='https:\/\/kulturweit.blog\/landimfernenosten\/beispiel-seite\/dscf2052\/'><img loading=\"lazy\" decoding=\"async\" width=\"150\" height=\"150\" src=\"https:\/\/kulturweit.blog\/landimfernenosten\/files\/2013\/03\/DSCF2052-150x150.jpg\" class=\"attachment-thumbnail size-thumbnail\" alt=\"\" \/><\/a>\n\t\t\t<\/dt><\/dl><br style=\"clear: both\" \/><dl class='gallery-item'>\n\t\t\t<dt class='gallery-icon landscape'>\n\t\t\t\t<a href='https:\/\/kulturweit.blog\/landimfernenosten\/die-goethe-schule\/dsc00923\/'><img loading=\"lazy\" decoding=\"async\" width=\"150\" height=\"150\" src=\"https:\/\/kulturweit.blog\/landimfernenosten\/files\/2013\/04\/DSC00923-150x150.jpg\" class=\"attachment-thumbnail size-thumbnail\" alt=\"\" \/><\/a>\n\t\t\t<\/dt><\/dl><dl class='gallery-item'>\n\t\t\t<dt class='gallery-icon landscape'>\n\t\t\t\t<a href='https:\/\/kulturweit.blog\/landimfernenosten\/beispiel-seite\/dscf2032\/'><img loading=\"lazy\" decoding=\"async\" width=\"150\" height=\"150\" src=\"https:\/\/kulturweit.blog\/landimfernenosten\/files\/2013\/03\/DSCF2032-150x150.jpg\" class=\"attachment-thumbnail size-thumbnail\" alt=\"\" \/><\/a>\n\t\t\t<\/dt><\/dl><dl class='gallery-item'>\n\t\t\t<dt class='gallery-icon landscape'>\n\t\t\t\t<a href='https:\/\/kulturweit.blog\/landimfernenosten\/die-goethe-schule\/dsc00930\/'><img loading=\"lazy\" decoding=\"async\" width=\"150\" height=\"150\" src=\"https:\/\/kulturweit.blog\/landimfernenosten\/files\/2013\/04\/DSC00930-150x150.jpg\" class=\"attachment-thumbnail size-thumbnail\" alt=\"\" \/><\/a>\n\t\t\t<\/dt><\/dl><br style=\"clear: both\" \/><dl class='gallery-item'>\n\t\t\t<dt class='gallery-icon landscape'>\n\t\t\t\t<a href='https:\/\/kulturweit.blog\/landimfernenosten\/die-goethe-schule\/dsc00932\/'><img loading=\"lazy\" decoding=\"async\" width=\"150\" height=\"150\" src=\"https:\/\/kulturweit.blog\/landimfernenosten\/files\/2013\/04\/DSC00932-150x150.jpg\" class=\"attachment-thumbnail size-thumbnail\" alt=\"\" \/><\/a>\n\t\t\t<\/dt><\/dl>\n\t\t\t<br style='clear: both' \/>\n\t\t<\/div>\n\n<p>&nbsp;<\/p>\n<p>Nachtrag zum 17. Mai.<\/p>\n<p>Heute war der letzte Schultag der 11. Klasse, die damit ihre Schulzeit beendet. An dem Tag fand kein regul\u00e4rer Unterricht statt. Um 10 Uhr sollten wir uns alle drau\u00dfen versammeln, weil eine kleine Feier f\u00fcr die Klasse veranstaltet wurde. Nat\u00fcrlich begann der Festakt erst um 10:45, aber was solls. Die Sch\u00fcler der Abschlussklasse sa\u00dfen an der einen Seite der B\u00fchnen und bekamen ein Programm anl\u00e4sslich ihres Ehrentages geboten. Jede Klasse sollte etwas auff\u00fchren. Schon Tage vorher waren alle Sch\u00fcler nur noch mit den Proben f\u00fcr die Auftritte besch\u00e4ftigt, wodurch der restliche Unterricht etwas leiden musste.<\/p>\n<p><a href=\"https:\/\/kulturweit.blog\/landimfernenosten\/files\/2013\/04\/DSCF2530.jpg\"><img loading=\"lazy\" decoding=\"async\" class=\"size-medium wp-image-274 alignleft\" alt=\"Die 11. Klasse\" src=\"https:\/\/kulturweit.blog\/landimfernenosten\/files\/2013\/04\/DSCF2530-300x225.jpg\" width=\"230\" height=\"172\" srcset=\"https:\/\/kulturweit.blog\/landimfernenosten\/files\/2013\/04\/DSCF2530-300x225.jpg 300w, https:\/\/kulturweit.blog\/landimfernenosten\/files\/2013\/04\/DSCF2530-624x468.jpg 624w, https:\/\/kulturweit.blog\/landimfernenosten\/files\/2013\/04\/DSCF2530.jpg 1024w\" sizes=\"(max-width: 230px) 100vw, 230px\" \/><\/a><a href=\"https:\/\/kulturweit.blog\/landimfernenosten\/files\/2013\/04\/DSCF2543.jpg\"><img loading=\"lazy\" decoding=\"async\" class=\"size-medium wp-image-270 alignleft\" alt=\"\" src=\"https:\/\/kulturweit.blog\/landimfernenosten\/files\/2013\/04\/DSCF2543-300x225.jpg\" width=\"240\" height=\"181\" srcset=\"https:\/\/kulturweit.blog\/landimfernenosten\/files\/2013\/04\/DSCF2543-300x225.jpg 300w, https:\/\/kulturweit.blog\/landimfernenosten\/files\/2013\/04\/DSCF2543-624x468.jpg 624w, https:\/\/kulturweit.blog\/landimfernenosten\/files\/2013\/04\/DSCF2543.jpg 1024w\" sizes=\"(max-width: 240px) 100vw, 240px\" \/><\/a><\/p>\n<p>&nbsp;<\/p>\n<p>&nbsp;<\/p>\n<p>&nbsp;<\/p>\n<p>&nbsp;<\/p>\n<p>&nbsp;<\/p>\n<p>Nach dem Programm folgte das obligatorische Fotoshooting der Schulabg\u00e4nger auf dem roten Tepich. Au\u00dferdem bekamen die Eltern der Abschlusssch\u00fcler eine Schale Milch auf einem blauen Tuch \u00fcberreicht. Dies soll wohl ein Zeichen der Dankbarkeit der Kinder den Eltern gegen\u00fcber symboliseren. Danach bedankten sich die Sch\u00fcler auch noch mit kleinen Geschenken bei ihren Lehrern und zogen unter Glockenklang (die Einschulung wird auch Glockenfest genannt) ein letztes Mal in das Schulgeb\u00e4ude ein.<\/p>\n<p>Nach diesem offiziellen Teil luden die Sch\u00fcler ihre Lehrer zum Essen in ein edles Restaurant ein. Zu meiner gro\u00dfen \u00dcberraschung durfte ich auch mit. Das Essen war total lecker und die Stimmung war recht ausgelassen. Es wurde sogar getanzt und gesungen. Anschlie\u00dfend ist die Abschlussklasse f\u00fcr das Wochenende in ein Fereincamp gefahren um dort noch einmal zusammen zu feiern. Aber alles unter der Beobachtung der Klassenlehrerin. Alkohol war verboten. Ob sich an die Regelung gehalten wurden, kann ich aber nicht sagen \ud83d\ude42<\/p>\n<p><a href=\"https:\/\/kulturweit.blog\/landimfernenosten\/files\/2013\/04\/DSCF2561.jpg\"><img loading=\"lazy\" decoding=\"async\" class=\"size-medium wp-image-271 alignleft\" alt=\"\" src=\"https:\/\/kulturweit.blog\/landimfernenosten\/files\/2013\/04\/DSCF2561-300x225.jpg\" width=\"216\" height=\"162\" srcset=\"https:\/\/kulturweit.blog\/landimfernenosten\/files\/2013\/04\/DSCF2561-300x225.jpg 300w, https:\/\/kulturweit.blog\/landimfernenosten\/files\/2013\/04\/DSCF2561-624x468.jpg 624w, https:\/\/kulturweit.blog\/landimfernenosten\/files\/2013\/04\/DSCF2561.jpg 1024w\" sizes=\"(max-width: 216px) 100vw, 216px\" \/><\/a><\/p>\n<p><a href=\"https:\/\/kulturweit.blog\/landimfernenosten\/files\/2013\/04\/DSCF2577.jpg\"><img loading=\"lazy\" decoding=\"async\" class=\"size-medium wp-image-276 alignleft\" alt=\"DSCF2577\" src=\"https:\/\/kulturweit.blog\/landimfernenosten\/files\/2013\/04\/DSCF2577-300x330.jpg\" width=\"173\" height=\"191\" srcset=\"https:\/\/kulturweit.blog\/landimfernenosten\/files\/2013\/04\/DSCF2577-300x330.jpg 300w, https:\/\/kulturweit.blog\/landimfernenosten\/files\/2013\/04\/DSCF2577-624x687.jpg 624w, https:\/\/kulturweit.blog\/landimfernenosten\/files\/2013\/04\/DSCF2577.jpg 929w\" sizes=\"(max-width: 173px) 100vw, 173px\" \/><\/a><\/p>\n<p>&nbsp;<\/p>\n<p>&nbsp;<\/p>\n<p>&nbsp;<\/p>\n<p>&nbsp;<\/p>\n<p>&nbsp;<\/p>\n<p>Sehr beliebte Geschenke waren \u00fcbrigens Rosen und Riesenkuscheltiere.<\/p>\n<p><a href=\"https:\/\/kulturweit.blog\/landimfernenosten\/files\/2013\/04\/DSCF2536.jpg\"><img loading=\"lazy\" decoding=\"async\" class=\"size-medium wp-image-269 alignleft\" alt=\"\" src=\"https:\/\/kulturweit.blog\/landimfernenosten\/files\/2013\/04\/DSCF2536-300x225.jpg\" width=\"256\" height=\"193\" srcset=\"https:\/\/kulturweit.blog\/landimfernenosten\/files\/2013\/04\/DSCF2536-300x225.jpg 300w, https:\/\/kulturweit.blog\/landimfernenosten\/files\/2013\/04\/DSCF2536-624x468.jpg 624w, https:\/\/kulturweit.blog\/landimfernenosten\/files\/2013\/04\/DSCF2536.jpg 1024w\" sizes=\"(max-width: 256px) 100vw, 256px\" \/><\/a><\/p>\n","protected":false},"excerpt":{"rendered":"<p>\u00a0Die\u00a0\u0413\u0401\u0422\u0415 Schule ist eine private &#8222;Gemeinschaftsschule&#8220; (Klasse 1-11) in Ulaanbaatar. In der Mongolei gibt es n\u00e4mlich keine Unterteilung in Real-, Gesamt-, Haupt- oder Oberschulen bzw. Gymnasium. Ungef\u00e4hr 200 Sch\u00fcler besuchen die Schule, wovon fast alle Deutsch lernen. Dabei kann man in jeder Jahrgangsstufe mit dem Deutschunterricht beginnen. Die Goethe Schule ist eine DSD II Schule. [&hellip;]<\/p>\n","protected":false},"author":1104,"featured_media":142,"parent":0,"menu_order":0,"comment_status":"open","ping_status":"open","template":"","meta":{"footnotes":""},"class_list":["post-140","page","type-page","status-publish","has-post-thumbnail","hentry"],"amp_enabled":true,"_links":{"self":[{"href":"https:\/\/kulturweit.blog\/landimfernenosten\/wp-json\/wp\/v2\/pages\/140"}],"collection":[{"href":"https:\/\/kulturweit.blog\/landimfernenosten\/wp-json\/wp\/v2\/pages"}],"about":[{"href":"https:\/\/kulturweit.blog\/landimfernenosten\/wp-json\/wp\/v2\/types\/page"}],"author":[{"embeddable":true,"href":"https:\/\/kulturweit.blog\/landimfernenosten\/wp-json\/wp\/v2\/users\/1104"}],"replies":[{"embeddable":true,"href":"https:\/\/kulturweit.blog\/landimfernenosten\/wp-json\/wp\/v2\/comments?post=140"}],"version-history":[{"count":1,"href":"https:\/\/kulturweit.blog\/landimfernenosten\/wp-json\/wp\/v2\/pages\/140\/revisions"}],"predecessor-version":[{"id":177,"href":"https:\/\/kulturweit.blog\/landimfernenosten\/wp-json\/wp\/v2\/pages\/140\/revisions\/177"}],"wp:featuredmedia":[{"embeddable":true,"href":"https:\/\/kulturweit.blog\/landimfernenosten\/wp-json\/wp\/v2\/media\/142"}],"wp:attachment":[{"href":"https:\/\/kulturweit.blog\/landimfernenosten\/wp-json\/wp\/v2\/media?parent=140"}],"curies":[{"name":"wp","href":"https:\/\/api.w.org\/{rel}","templated":true}]}}