{"id":2,"date":"2009-08-04T12:13:05","date_gmt":"2009-08-04T10:13:05","guid":{"rendered":""},"modified":"2011-07-14T11:30:18","modified_gmt":"2011-07-14T09:30:18","slug":"ueber-kulturweit","status":"publish","type":"page","link":"https:\/\/kulturweit.blog\/kulturweit\/ueber-kulturweit\/","title":{"rendered":"\u00dcber kulturweit"},"content":{"rendered":"<div>\n<h1>\u00bbkulturweit\u00ab &#8211; der internationale kulturelle Freiwilligendienst<\/h1>\n<\/div>\n<div>\n<div>\n<div>\n<p><a href=\"https:\/\/kulturweit.blog\/kulturweit\/files\/2009\/08\/1.jpg\"><img loading=\"lazy\" decoding=\"async\" class=\"alignright size-full wp-image-2068\" title=\"1\" src=\"https:\/\/kulturweit.blog\/kulturweit\/files\/2009\/08\/1.jpg\" alt=\"\" width=\"260\" height=\"160\" \/><\/a>2009 startete der internationale kulturelle Freiwilligendienst \u00bbkulturweit\u00ab f\u00fcr junge Menschen im Alter von 18 bis 26 Jahren. Er wird von der Deutschen UNESCO-Kommission durchgef\u00fchrt und vom Ausw\u00e4rtigen Amt gef\u00f6rdert. Die Einsatzdauer betr\u00e4gt 6 oder 12 Monate.<\/p>\n<p>\u00bbkulturweit\u00ab erm\u00f6glicht Menschen aus Deutschland, sich freiwillig im Bereich der Kultur- und Bildungspolitik zu engagieren. Hierbei sind alle Freiwilligen finanziell umfangreich abgesichert &#8211; \u00bbkulturweit\u00ab steht somit allen jungen Menschen offen! Die Einsatzstellen befinden sich in Entwicklungsl\u00e4ndern Afrikas, Asiens und Lateinamerikas sowie in Staaten Mittel- und Osteuropas.<\/p>\n<p>W\u00e4hrend ihres Einsatzes \u00fcbernehmen die Freiwilligen vielf\u00e4ltige Aufgaben \u2013 von der Hausaufgabenbetreuung in der deutschen Auslandsschule in Kiew bis zum Eventmanagement in der Au\u00dfenstelle des Deutschen Akademischen Ausland Dienstes in Mexiko-Stadt.<\/p>\n<\/div>\n<\/div>\n<\/div>\n<div>\n<h1>Betreuung und rechtliche Rahmenbedingungen<\/h1>\n<\/div>\n<div>\n<div>\n<p><a href=\"https:\/\/kulturweit.blog\/kulturweit\/files\/2009\/08\/2.jpg\"><img loading=\"lazy\" decoding=\"async\" class=\"alignright size-full wp-image-2069\" title=\"kulturweit Freiwillige bei der Vorbereitung\" src=\"https:\/\/kulturweit.blog\/kulturweit\/files\/2009\/08\/2.jpg\" alt=\"\" width=\"260\" height=\"175\" \/><\/a>Der Freiwilligendienst wird im Rahmen eines Vor- und Nachbereitungsseminars p\u00e4dagogisch begleitet. Durch die jeweilige Einsatzstelle wird eine individuelle fachliche Anleitung und Betreuung w\u00e4hrend des Auslandseinsatzes gew\u00e4hrleistet.<\/p>\n<p>\u00bbkulturweit\u00ab basiert auf dem \u201eFreiwilligen Sozialen Jahr\u201c im Sinne des Jugendfreiwilligendienstegesetzes (JFDG). F\u00fcr die Freiwilligen werden Versicherungen abgeschlossen und Sozialversicherungsbeitr\u00e4ge abgef\u00fchrt. Anerkannte Kriegsdienstverweigerer, die den Freiwilligendienst vor Vollendung des 23. Lebensjahres antreten und einen 12-monatigen Dienst ableisten, werden nicht zum Zivildienst herangezogen.<\/p>\n<\/div>\n<\/div>\n<div>\n<h1>Ziele<\/h1>\n<\/div>\n<div>\n<div>\n<p><a href=\"https:\/\/kulturweit.blog\/kulturweit\/files\/2009\/08\/3.jpg\"><img loading=\"lazy\" decoding=\"async\" class=\"alignright size-full wp-image-2070\" title=\"kulturweit Freiwillige spielen ein Konzert\" src=\"https:\/\/kulturweit.blog\/kulturweit\/files\/2009\/08\/3.jpg\" alt=\"\" width=\"260\" height=\"195\" \/><\/a>\u00bbkulturweit\u00ab bietet Gelegenheit, sich in der Ausw\u00e4rtigen Kultur- und Bildungspolitik zu engagieren. Oberstes Ziel von \u00bbkulturweit\u00ab ist es, jungen Menschen die M\u00f6glichkeit zu intensiven Bildungserfahrungen zu er\u00f6ffnen.<\/p>\n<p>Eine T\u00e4tigkeit an Goethe-Instituten im Ausland, an deutschen Auslandsschulen und anderen Einsatzstellen schafft Begegnung mit neuen Kulturen und Menschen.\u00a0Die Freiwilligen entwickeln dadurch internationale und interkulturelle Perspektiven, Erfahrungen und Kompetenzen, die f\u00fcr sie selbst sehr wertvoll sein k\u00f6nnen und mit denen sie nach ihrer R\u00fcckkehr die Weltoffenheit unserer Gesellschaft f\u00f6rdern.<\/p>\n<p>Mit ihrem ehrenamtlichen Engagement unterst\u00fctzen die Freiwilligen die Partnerinstitutionen der Ausw\u00e4rtigen Kultur- und Bildungspolitik.<\/p>\n<div>\u00a0<span class=\"Apple-style-span\" style=\"font-weight: bold; color: #000000;\">Akteure<\/span><\/div>\n<\/div>\n<\/div>\n<div>\n<div>\n<p><strong>Die Deutsche UNESCO-Kommission<\/strong><br \/>\nDie Deutsche UNESCO-Kommission (DUK) f\u00fchrt als Tr\u00e4ger in Kooperation mit dem Ausw\u00e4rtigen Amt den Freiwilligendienst durch. Die DUK unterh\u00e4lt f\u00fcr die organisatorische Umsetzung und Weiterentwicklung des Programms eine Koordinierungsstelle in Berlin.<\/p>\n<p><strong>Die Koordinierungsstelle der Deutschen UNESCO-Kommission<\/strong><br \/>\nDie Koordinierungsstelle bietet einen Informationsservice f\u00fcr die Interessentinnen und Interessenten des Freiwilligendienstes, b\u00fcndelt und koordiniert alle Bewerbungen f\u00fcr das Programm, organisiert und konzipiert die Seminararbeit und ist koordinierende Stelle f\u00fcr die ausf\u00fchrenden Institutionen.<\/p>\n<p><strong>Die Partnerorganisationen<\/strong><br \/>\nDie ausf\u00fchrenden Institutionen sind vor allem Partnerorganisationen in der Ausw\u00e4rtigen Kultur- und Bildungspolitik mit Sitz in Deutschland. Hierzu geh\u00f6ren der Deutsche Akademische Austausch Dienst (DAAD), das Deutsche Arch\u00e4ologische Institut (DAI), die Deutsche Welle (DW), das Goethe-Institut (GI), der P\u00e4dagogische Austauschdienst (PAD) in enger Kooperation mit der Zentralstelle f\u00fcr Auslandsschulwesen (ZfA).<\/p>\n<p><strong>Die Einsatzstellen<\/strong><br \/>\nAll diese Partner stellen in ihren Auslandsinstituten Einsatzpl\u00e4tze f\u00fcr den internationalen Freiwilligendienst \u00bbkulturweit\u00ab zur Verf\u00fcgung.M\u00f6glich ist zudem der Einsatz bei UNESCO-Nationalkommissionen.<\/p>\n<\/div>\n<\/div>\n","protected":false},"excerpt":{"rendered":"<p>\u00bbkulturweit\u00ab &#8211; der internationale kulturelle Freiwilligendienst 2009 startete der internationale kulturelle Freiwilligendienst \u00bbkulturweit\u00ab f\u00fcr junge Menschen im Alter von 18 bis 26 Jahren. Er wird von der Deutschen UNESCO-Kommission durchgef\u00fchrt und vom Ausw\u00e4rtigen Amt gef\u00f6rdert. Die Einsatzdauer betr\u00e4gt 6 oder 12 Monate. \u00bbkulturweit\u00ab erm\u00f6glicht Menschen aus Deutschland, sich freiwillig im Bereich der Kultur- und Bildungspolitik &hellip; <a href=\"https:\/\/kulturweit.blog\/kulturweit\/ueber-kulturweit\/\" class=\"more-link\"><span class=\"screen-reader-text\">\u00dcber kulturweit<\/span> weiterlesen<\/a><\/p>\n","protected":false},"author":13,"featured_media":2070,"parent":0,"menu_order":0,"comment_status":"closed","ping_status":"open","template":"","meta":{"footnotes":""},"class_list":["post-2","page","type-page","status-publish","has-post-thumbnail","hentry"],"amp_enabled":true,"_links":{"self":[{"href":"https:\/\/kulturweit.blog\/kulturweit\/wp-json\/wp\/v2\/pages\/2"}],"collection":[{"href":"https:\/\/kulturweit.blog\/kulturweit\/wp-json\/wp\/v2\/pages"}],"about":[{"href":"https:\/\/kulturweit.blog\/kulturweit\/wp-json\/wp\/v2\/types\/page"}],"author":[{"embeddable":true,"href":"https:\/\/kulturweit.blog\/kulturweit\/wp-json\/wp\/v2\/users\/13"}],"replies":[{"embeddable":true,"href":"https:\/\/kulturweit.blog\/kulturweit\/wp-json\/wp\/v2\/comments?post=2"}],"version-history":[{"count":1,"href":"https:\/\/kulturweit.blog\/kulturweit\/wp-json\/wp\/v2\/pages\/2\/revisions"}],"predecessor-version":[{"id":2065,"href":"https:\/\/kulturweit.blog\/kulturweit\/wp-json\/wp\/v2\/pages\/2\/revisions\/2065"}],"wp:featuredmedia":[{"embeddable":true,"href":"https:\/\/kulturweit.blog\/kulturweit\/wp-json\/wp\/v2\/media\/2070"}],"wp:attachment":[{"href":"https:\/\/kulturweit.blog\/kulturweit\/wp-json\/wp\/v2\/media?parent=2"}],"curies":[{"name":"wp","href":"https:\/\/api.w.org\/{rel}","templated":true}]}}