{"id":90,"date":"2019-10-22T22:12:49","date_gmt":"2019-10-22T20:12:49","guid":{"rendered":"https:\/\/kulturweit.blog\/krtekaemma\/?page_id=90"},"modified":"2019-10-22T22:15:03","modified_gmt":"2019-10-22T20:15:03","slug":"krenka","status":"publish","type":"page","link":"https:\/\/kulturweit.blog\/krtekaemma\/krenka\/","title":{"rendered":"K\u0159enka"},"content":{"rendered":"<h3><a href=\"https:\/\/kulturweit.blog\/krtekaemma\/files\/2019\/10\/IMG_20191004_094508.jpg\"><img loading=\"lazy\" decoding=\"async\" class=\" wp-image-130 aligncenter\" src=\"https:\/\/kulturweit.blog\/krtekaemma\/files\/2019\/10\/IMG_20191004_094508-300x225.jpg\" alt=\"\" width=\"559\" height=\"419\" srcset=\"https:\/\/kulturweit.blog\/krtekaemma\/files\/2019\/10\/IMG_20191004_094508-300x225.jpg 300w, https:\/\/kulturweit.blog\/krtekaemma\/files\/2019\/10\/IMG_20191004_094508-768x576.jpg 768w, https:\/\/kulturweit.blog\/krtekaemma\/files\/2019\/10\/IMG_20191004_094508.jpg 1024w\" sizes=\"(max-width: 559px) 100vw, 559px\" \/><\/a><\/h3>\n<h3>K\u0159enova,<\/h3>\n<p>oder\u00a0K\u0159enca wie die Sch\u00fcler es abk\u00fcrzen, ist nicht nur meine Einsatzschule, sondern auch mein Zuhause, seit ich hier in Brno lebe. Ich besitze einen gro\u00dfen Schl\u00fcsselbund und kann, wenn ich m\u00f6chte meine feine (gar nichtmal so) kleine Dachwohnung im vierten Stock eines &#8222;Seitenfl\u00fcgels&#8220; der Schule verlassen und munter durch die Flure des alten Schulgeb\u00e4udes spuken.<\/p>\n<p><a href=\"https:\/\/kulturweit.blog\/krtekaemma\/files\/2019\/10\/IMG_20190929_205245.jpg\"><img loading=\"lazy\" decoding=\"async\" class=\" wp-image-91 alignleft\" src=\"https:\/\/kulturweit.blog\/krtekaemma\/files\/2019\/10\/IMG_20190929_205245-300x400.jpg\" alt=\"\" width=\"272\" height=\"363\" srcset=\"https:\/\/kulturweit.blog\/krtekaemma\/files\/2019\/10\/IMG_20190929_205245-300x400.jpg 300w, https:\/\/kulturweit.blog\/krtekaemma\/files\/2019\/10\/IMG_20190929_205245.jpg 768w\" sizes=\"(max-width: 272px) 100vw, 272px\" \/><\/a><\/p>\n<p>Emma das kleine \u00a0 \u00a0 \u00a0 \u00a0 \u00a0 \u00a0 \u00a0 \u00a0 \u00a0 \u00a0 (Schul-)Gespenst &#8211; genug Schl\u00fcssel f\u00fcr all die Korridore habe ich auf jeden Fall schonmal an meinem Bund<\/p>\n<p>(Die Airbnb Miete muss dann erstmal hoch ausfallen, um die Kosten f\u00fcrs Schl\u00fcsselnachmachenlassen wieder reinzuholen, h\u00f6h\u00f6)<\/p>\n<p>&nbsp;<\/p>\n<p style=\"text-align: left\">Aber mal ehrlich, wer wollte nicht schon immer mal eine Pyjamaparty in der Schule schmei\u00dfen?<\/p>\n<p>&nbsp;<\/p>\n<p>Okay, aber wie wohne ich denn nun..?<\/p>\n<p>Zu Beginn bin ich -wie es sich f\u00fcr ein richtiges Gespenst geh\u00f6rt- rastlos von Zimmer zu Zimmer gezogen. Na gut, nicht so ganz freiwillig und auch nur einmal, weil meine Wohnung renoviert wurde, aber jedenfalls lohnte es sich bis zu diesem Zeitpunkt nicht mich gro\u00dfartig einzurichten und so f\u00fchlte ich mich doch komisch in dieser gro\u00dfen leeren Wohnung und w\u00fcrde der Metapher wegen an dieser Stelle gerne von Rastlosigkeit sprechen (R\u00e4usper). Hier vielleicht kurz die Story, denn das Wochenende hatte es in sich. (Au\u00dferdem habe ich so eine h\u00fcbsche \u00dcberschrift gefunden:)<\/p>\n<p>&#8222;Die Sonne schneit&#8220;<\/p>\n<p>Es war die SMS einer Lehrerin, die mich freitagmorgens relativ erbarmungslos aus dem Bett warf: Eine fr\u00fch morgentliche Inspektion meiner Wohnung, da diese bald renoviert werden solle. Aus dem bald wurde dann ein relativ abruptes \u00fcbermorgen.&#8220; Ja, witzig&#8220; ,dachte ich, &#8222;Ich fahre dieses Wochenende nach Prag&#8220;, sagte ich und r\u00e4umte in der n\u00e4chsten Stunde alle meine Habseligkeiten in ein kleines Zimmer f\u00fcr den \u00dcbergang. Ich nenne es klein, aber genaugenommen entspricht es exakt dem Bild was ich urspr\u00fcnglich von meiner ersten eigenen Bude gehabt hatte. (Toitoitoi) Nach meiner Beurteilung h\u00e4tte meine \u00dcbergangsbleibe eine Erneuerung des Teppichbodens dringender n\u00f6tig gehabt, aber ich wollte mich nicht \u00fcber den Luxus beschweren kurz darauf in eine noch sauberere Wohnung zu ziehen.<\/p>\n<p>Bis dahin verweilte ich also eine Woche lang in gro\u00dfer Vorfreude in einem SEHR staubigen Zuhause. Hier ein Satz, den ich in jener Woche in mein Tagebuch schrieb: &#8222;Und so sitze ich hier, harre voller Vorfreude aus und beobachte, wie die Sonne die wei\u00dfen Flocken um mich herum in ihrem Tanze erstrahlen l\u00e4sst. Um die Worte eines Sch\u00fclers heute metaphorisch zweckzuentfremden: &#8222;Die Sonne schneit hier oben.&#8220;<\/p>\n<p>Tja und dann ging es von dem Zimmer, in welchem au\u00dferdem auch gerne mal etwas Taubenkacke vom Dachfenster br\u00f6ckelte und in meinem Bett landete, in eine frisch gemachte und mittlerweile wirklich sehr gem\u00fctliche Wohnung f\u00fcr mich, die ich seither munter bewohne und wild mit Fotos, Postkarten und Tschechischvokabeln bepinne.<\/p>\n<p>&nbsp;<\/p>\n<p style=\"text-align: center\">1. Mein Schlaf-, Wohn- und only real vibe- Zimmer<\/p>\n<p><a href=\"https:\/\/kulturweit.blog\/krtekaemma\/files\/2019\/10\/IMG_20191022_205127474.jpg\"><img loading=\"lazy\" decoding=\"async\" class=\" wp-image-92 aligncenter\" src=\"https:\/\/kulturweit.blog\/krtekaemma\/files\/2019\/10\/IMG_20191022_205127474-300x225.jpg\" alt=\"\" width=\"435\" height=\"326\" srcset=\"https:\/\/kulturweit.blog\/krtekaemma\/files\/2019\/10\/IMG_20191022_205127474-300x225.jpg 300w, https:\/\/kulturweit.blog\/krtekaemma\/files\/2019\/10\/IMG_20191022_205127474-768x576.jpg 768w, https:\/\/kulturweit.blog\/krtekaemma\/files\/2019\/10\/IMG_20191022_205127474.jpg 1024w\" sizes=\"(max-width: 435px) 100vw, 435px\" \/><\/a><a href=\"https:\/\/kulturweit.blog\/krtekaemma\/files\/2019\/10\/IMG_20191019_145648.jpg\"><img loading=\"lazy\" decoding=\"async\" class=\" wp-image-96 aligncenter\" src=\"https:\/\/kulturweit.blog\/krtekaemma\/files\/2019\/10\/IMG_20191019_145648-300x400.jpg\" alt=\"\" width=\"435\" height=\"580\" srcset=\"https:\/\/kulturweit.blog\/krtekaemma\/files\/2019\/10\/IMG_20191019_145648-300x400.jpg 300w, https:\/\/kulturweit.blog\/krtekaemma\/files\/2019\/10\/IMG_20191019_145648.jpg 768w\" sizes=\"(max-width: 435px) 100vw, 435px\" \/><\/a><a href=\"https:\/\/kulturweit.blog\/krtekaemma\/files\/2019\/10\/IMG_20191019_142952.jpg\"><img loading=\"lazy\" decoding=\"async\" class=\" wp-image-93 aligncenter\" src=\"https:\/\/kulturweit.blog\/krtekaemma\/files\/2019\/10\/IMG_20191019_142952-300x225.jpg\" alt=\"\" width=\"436\" height=\"327\" srcset=\"https:\/\/kulturweit.blog\/krtekaemma\/files\/2019\/10\/IMG_20191019_142952-300x225.jpg 300w, https:\/\/kulturweit.blog\/krtekaemma\/files\/2019\/10\/IMG_20191019_142952-768x576.jpg 768w, https:\/\/kulturweit.blog\/krtekaemma\/files\/2019\/10\/IMG_20191019_142952.jpg 1024w\" sizes=\"(max-width: 436px) 100vw, 436px\" \/><\/a><a href=\"https:\/\/kulturweit.blog\/krtekaemma\/files\/2019\/10\/IMG_20191019_145805.jpg\"><img loading=\"lazy\" decoding=\"async\" class=\" wp-image-94 aligncenter\" src=\"https:\/\/kulturweit.blog\/krtekaemma\/files\/2019\/10\/IMG_20191019_145805-300x400.jpg\" alt=\"\" width=\"435\" height=\"580\" srcset=\"https:\/\/kulturweit.blog\/krtekaemma\/files\/2019\/10\/IMG_20191019_145805-300x400.jpg 300w, https:\/\/kulturweit.blog\/krtekaemma\/files\/2019\/10\/IMG_20191019_145805.jpg 768w\" sizes=\"(max-width: 435px) 100vw, 435px\" \/><\/a><\/p>\n<p>&nbsp;<\/p>\n<p style=\"text-align: center\">2. Einmal durch den Flur..<\/p>\n<p style=\"text-align: center\">\u00a0\u00a0 <a href=\"https:\/\/kulturweit.blog\/krtekaemma\/files\/2019\/10\/IMG_20191019_142800.jpg\"><img loading=\"lazy\" decoding=\"async\" class=\"wp-image-100 aligncenter\" src=\"https:\/\/kulturweit.blog\/krtekaemma\/files\/2019\/10\/IMG_20191019_142800-300x400.jpg\" alt=\"\" width=\"308\" height=\"411\" srcset=\"https:\/\/kulturweit.blog\/krtekaemma\/files\/2019\/10\/IMG_20191019_142800-300x400.jpg 300w, https:\/\/kulturweit.blog\/krtekaemma\/files\/2019\/10\/IMG_20191019_142800.jpg 768w\" sizes=\"(max-width: 308px) 100vw, 308px\" \/><\/a><a href=\"https:\/\/kulturweit.blog\/krtekaemma\/files\/2019\/10\/IMG_20191019_142852.jpg\"><img loading=\"lazy\" decoding=\"async\" class=\"wp-image-101 aligncenter\" src=\"https:\/\/kulturweit.blog\/krtekaemma\/files\/2019\/10\/IMG_20191019_142852-300x400.jpg\" alt=\"\" width=\"310\" height=\"413\" srcset=\"https:\/\/kulturweit.blog\/krtekaemma\/files\/2019\/10\/IMG_20191019_142852-300x400.jpg 300w, https:\/\/kulturweit.blog\/krtekaemma\/files\/2019\/10\/IMG_20191019_142852.jpg 768w\" sizes=\"(max-width: 310px) 100vw, 310px\" \/><\/a><\/p>\n<p>&nbsp;<\/p>\n<p style=\"text-align: center\">3. What to do with this room..?<\/p>\n<p><a href=\"https:\/\/kulturweit.blog\/krtekaemma\/files\/2019\/10\/IMG_20191019_142418.jpg\"><img loading=\"lazy\" decoding=\"async\" class=\" wp-image-102 aligncenter\" src=\"https:\/\/kulturweit.blog\/krtekaemma\/files\/2019\/10\/IMG_20191019_142418-300x400.jpg\" alt=\"\" width=\"423\" height=\"564\" srcset=\"https:\/\/kulturweit.blog\/krtekaemma\/files\/2019\/10\/IMG_20191019_142418-300x400.jpg 300w, https:\/\/kulturweit.blog\/krtekaemma\/files\/2019\/10\/IMG_20191019_142418.jpg 768w\" sizes=\"(max-width: 423px) 100vw, 423px\" \/><\/a><a href=\"https:\/\/kulturweit.blog\/krtekaemma\/files\/2019\/10\/IMG_20191019_142506.jpg\"><img loading=\"lazy\" decoding=\"async\" class=\" wp-image-105 aligncenter\" src=\"https:\/\/kulturweit.blog\/krtekaemma\/files\/2019\/10\/IMG_20191019_142506-300x225.jpg\" alt=\"\" width=\"423\" height=\"318\" srcset=\"https:\/\/kulturweit.blog\/krtekaemma\/files\/2019\/10\/IMG_20191019_142506-300x225.jpg 300w, https:\/\/kulturweit.blog\/krtekaemma\/files\/2019\/10\/IMG_20191019_142506-768x576.jpg 768w, https:\/\/kulturweit.blog\/krtekaemma\/files\/2019\/10\/IMG_20191019_142506.jpg 1024w\" sizes=\"(max-width: 423px) 100vw, 423px\" \/><\/a><a href=\"https:\/\/kulturweit.blog\/krtekaemma\/files\/2019\/10\/IMG_20191019_142429.jpg\"><img loading=\"lazy\" decoding=\"async\" class=\" wp-image-103 aligncenter\" src=\"https:\/\/kulturweit.blog\/krtekaemma\/files\/2019\/10\/IMG_20191019_142429-300x400.jpg\" alt=\"\" width=\"424\" height=\"565\" srcset=\"https:\/\/kulturweit.blog\/krtekaemma\/files\/2019\/10\/IMG_20191019_142429-300x400.jpg 300w, https:\/\/kulturweit.blog\/krtekaemma\/files\/2019\/10\/IMG_20191019_142429.jpg 768w\" sizes=\"(max-width: 424px) 100vw, 424px\" \/><\/a><a href=\"https:\/\/kulturweit.blog\/krtekaemma\/files\/2019\/10\/IMG_20191019_142440.jpg\"><img loading=\"lazy\" decoding=\"async\" class=\" wp-image-104 aligncenter\" src=\"https:\/\/kulturweit.blog\/krtekaemma\/files\/2019\/10\/IMG_20191019_142440-300x400.jpg\" alt=\"\" width=\"423\" height=\"564\" srcset=\"https:\/\/kulturweit.blog\/krtekaemma\/files\/2019\/10\/IMG_20191019_142440-300x400.jpg 300w, https:\/\/kulturweit.blog\/krtekaemma\/files\/2019\/10\/IMG_20191019_142440.jpg 768w\" sizes=\"(max-width: 423px) 100vw, 423px\" \/><\/a><\/p>\n<p>&nbsp;<\/p>\n<p style=\"text-align: center\">4. Jetzt noch eine kleine Bad-Impression und meine Wohnk\u00fcche:)<\/p>\n<p style=\"text-align: center\"><a href=\"https:\/\/kulturweit.blog\/krtekaemma\/files\/2019\/10\/IMG_20191011_191038.jpg\"><img loading=\"lazy\" decoding=\"async\" class=\"wp-image-106 aligncenter\" src=\"https:\/\/kulturweit.blog\/krtekaemma\/files\/2019\/10\/IMG_20191011_191038-300x400.jpg\" alt=\"\" width=\"299\" height=\"398\" srcset=\"https:\/\/kulturweit.blog\/krtekaemma\/files\/2019\/10\/IMG_20191011_191038-300x400.jpg 300w, https:\/\/kulturweit.blog\/krtekaemma\/files\/2019\/10\/IMG_20191011_191038.jpg 768w\" sizes=\"(max-width: 299px) 100vw, 299px\" \/><\/a><a href=\"https:\/\/kulturweit.blog\/krtekaemma\/files\/2019\/10\/IMG_20191011_191034.jpg\"><img loading=\"lazy\" decoding=\"async\" class=\"size-medium wp-image-107 aligncenter\" src=\"https:\/\/kulturweit.blog\/krtekaemma\/files\/2019\/10\/IMG_20191011_191034-300x400.jpg\" alt=\"\" width=\"300\" height=\"400\" srcset=\"https:\/\/kulturweit.blog\/krtekaemma\/files\/2019\/10\/IMG_20191011_191034-300x400.jpg 300w, https:\/\/kulturweit.blog\/krtekaemma\/files\/2019\/10\/IMG_20191011_191034.jpg 768w\" sizes=\"(max-width: 300px) 100vw, 300px\" \/><\/a><\/p>\n<p><a href=\"https:\/\/kulturweit.blog\/krtekaemma\/files\/2019\/10\/IMG_20191022_211735476.jpg\"><img loading=\"lazy\" decoding=\"async\" class=\"wp-image-109 aligncenter\" src=\"https:\/\/kulturweit.blog\/krtekaemma\/files\/2019\/10\/IMG_20191022_211735476-300x222.jpg\" alt=\"\" width=\"376\" height=\"278\" srcset=\"https:\/\/kulturweit.blog\/krtekaemma\/files\/2019\/10\/IMG_20191022_211735476-300x222.jpg 300w, https:\/\/kulturweit.blog\/krtekaemma\/files\/2019\/10\/IMG_20191022_211735476-768x568.jpg 768w, https:\/\/kulturweit.blog\/krtekaemma\/files\/2019\/10\/IMG_20191022_211735476.jpg 1024w\" sizes=\"(max-width: 376px) 100vw, 376px\" \/><\/a><\/p>\n<p style=\"text-align: center\">\n","protected":false},"excerpt":{"rendered":"<p>K\u0159enova, oder\u00a0K\u0159enca wie die Sch\u00fcler es abk\u00fcrzen, ist nicht nur meine Einsatzschule, sondern auch mein Zuhause, seit ich hier in Brno lebe. Ich besitze einen gro\u00dfen Schl\u00fcsselbund und kann, wenn ich m\u00f6chte meine feine (gar nichtmal so) kleine Dachwohnung im vierten Stock eines &#8222;Seitenfl\u00fcgels&#8220; der Schule verlassen und munter durch die Flure des alten Schulgeb\u00e4udes &hellip; <a href=\"https:\/\/kulturweit.blog\/krtekaemma\/krenka\/\" class=\"more-link\"><span class=\"screen-reader-text\">K\u0159enka<\/span> weiterlesen<\/a><\/p>\n","protected":false},"author":2794,"featured_media":0,"parent":0,"menu_order":0,"comment_status":"closed","ping_status":"closed","template":"","meta":{"footnotes":""},"class_list":["post-90","page","type-page","status-publish","hentry"],"amp_enabled":true,"_links":{"self":[{"href":"https:\/\/kulturweit.blog\/krtekaemma\/wp-json\/wp\/v2\/pages\/90"}],"collection":[{"href":"https:\/\/kulturweit.blog\/krtekaemma\/wp-json\/wp\/v2\/pages"}],"about":[{"href":"https:\/\/kulturweit.blog\/krtekaemma\/wp-json\/wp\/v2\/types\/page"}],"author":[{"embeddable":true,"href":"https:\/\/kulturweit.blog\/krtekaemma\/wp-json\/wp\/v2\/users\/2794"}],"replies":[{"embeddable":true,"href":"https:\/\/kulturweit.blog\/krtekaemma\/wp-json\/wp\/v2\/comments?post=90"}],"version-history":[{"count":3,"href":"https:\/\/kulturweit.blog\/krtekaemma\/wp-json\/wp\/v2\/pages\/90\/revisions"}],"predecessor-version":[{"id":139,"href":"https:\/\/kulturweit.blog\/krtekaemma\/wp-json\/wp\/v2\/pages\/90\/revisions\/139"}],"wp:attachment":[{"href":"https:\/\/kulturweit.blog\/krtekaemma\/wp-json\/wp\/v2\/media?parent=90"}],"curies":[{"name":"wp","href":"https:\/\/api.w.org\/{rel}","templated":true}]}}