{"id":30,"date":"2019-10-14T18:18:39","date_gmt":"2019-10-14T16:18:39","guid":{"rendered":"https:\/\/kulturweit.blog\/krtekaemma\/?page_id=30"},"modified":"2019-10-14T18:20:30","modified_gmt":"2019-10-14T16:20:30","slug":"ueber-mich","status":"publish","type":"page","link":"https:\/\/kulturweit.blog\/krtekaemma\/ueber-mich\/","title":{"rendered":"\u00dcber mich"},"content":{"rendered":"<h4><a href=\"https:\/\/kulturweit.blog\/krtekaemma\/files\/2019\/10\/Collage-2019-10-14-17_00_34354-2.jpg\"><img loading=\"lazy\" decoding=\"async\" class=\"wp-image-64 aligncenter\" src=\"https:\/\/kulturweit.blog\/krtekaemma\/files\/2019\/10\/Collage-2019-10-14-17_00_34354-2-300x199.jpg\" alt=\"\" width=\"428\" height=\"284\" srcset=\"https:\/\/kulturweit.blog\/krtekaemma\/files\/2019\/10\/Collage-2019-10-14-17_00_34354-2-300x199.jpg 300w, https:\/\/kulturweit.blog\/krtekaemma\/files\/2019\/10\/Collage-2019-10-14-17_00_34354-2-768x510.jpg 768w, https:\/\/kulturweit.blog\/krtekaemma\/files\/2019\/10\/Collage-2019-10-14-17_00_34354-2.jpg 967w\" sizes=\"(max-width: 428px) 100vw, 428px\" \/><\/a><\/h4>\n<h4><\/h4>\n<h4><\/h4>\n<h4>Ahoj!<\/h4>\n<p>Ich bin Emma, 18 Jahre alt und lebe seit September in dem romantischen St\u00e4dtchen Br\u00fcnn, im s\u00fcdm\u00e4hrischen Teil der Tschechischen Republik.<br \/>\nBevor ich mit kulturweit f\u00fcr meinen Freiwilligendienst im kommenden Jahr ausgereist bin, habe ich in Mainz gelebt.<\/p>\n<p>Ich ..<\/p>\n<p>.. bin ein gro\u00dfer Familien (und nat\u00fcrlich Freunde) -mensch und Bastler<\/p>\n<p>.. liebe Musik, Tanz, Reisen und\u00a0Poesie, die zum Nachdenken anregt<\/p>\n<p>&nbsp;<\/p>\n<p>\u00dcber meinen Nachz\u00fcgler-Blog:<\/p>\n<p>Prim\u00e4r schreibe ich diesen Blog, glaube ich, vor allem f\u00fcr euch, meine Liebsten, um einige meiner Erlebnisse hier, und alles was mich eben sonst noch so inspiriert in meinem neuen Alltag, mit euch zu teilen. (Sofern ich die Mu\u00dfe haben werde:) Ich freue mich aber nat\u00fcrlich auch \u00fcber jeden anderen Besucher hier, feel free zu lesen, kommentieren oder auch mitzudenken, wenn euch danach ist!<br \/>\nF\u00fcr euch, Fam und Friends, werde ich mir M\u00fche geben regelm\u00e4\u00dfiger zu schreiben. Denn da gibt es doch so viel! Wenn ich so beginne das Erlebte festzuhalten und meine Finger in rekordverd\u00e4chtigem Tempo \u00fcber die Tastatur tippeln, habe ich so das Gef\u00fchl meine Eintr\u00e4ge hier k\u00f6nnten regelm\u00e4\u00dfig zu einem stream of consciousness werden. Na was solls, dann wird mein Blog eben multipel eingesetzt.<br \/>\nAls Abenteuerroman, pers\u00f6nliches Diary, wenn mich die Alltagsphilosphie mal packen sollte und dann vielleicht noch als eine Art &#8222;digitale Postkarten-Sammlung&#8220;, ich habe vor vieeele Bilder zu posten! Ich lege nicht so viel Wert auf Chronologie, also k\u00f6nnte immer mal wieder ein throwback kommen:)<\/p>\n<h4><\/h4>\n<h4>Warum mache ich bei kulturweit mit?<\/h4>\n<p>Genau genommen war mir seit vielen Jahren vor allem das bewusst: Wenn die Schule enden w\u00fcrde, wollte ich RAUS. Etwas Neues sehen, beginnen unsere sch\u00f6ne weite Welt ein bisschen kennenzulernen und auch wirklich mal in eine neue Kultur einzutauchen . Ich wusste, dass es mich viel \u00dcberwindung kosten k\u00f6nnte, denn zuhause fest verwurzelt bin ich w\u00e4hrend meines bis zu diesem Zeitpunkt l\u00e4ngsten Auslandsaufenthaltes (einem zweiw\u00f6chigen Sch\u00fcleraustausch nach Dijon) vor Heimweh fast vergangen. Gleichzeitig empfinde ich es als ein unglaublich wertvolles Gut in der Position zu sein, so gut wie jeden Ort dieser Welt besuchen und kennenlernen zu d\u00fcrfen. In einer zunehmend globalisierten und miteinander verwobenen Welt spielt f\u00fcr mich und meine Entscheidungen, die Werte die ich vertrete, schon lange nicht mehr nur das direkte Umfeld eine Rolle. Es gilt die Augen nach au\u00dfen offen zu halten, finde ich. Ich w\u00fcnsche mir erste Erfahrungen f\u00fcr ein weltw\u00e4rts gerichtetes Leben, wie ich es mir in Zukunft vorstelle. Es ist der Versuch meinen Blick f\u00fcr die Mitwelt ein bisschen zu sch\u00e4rfen und daf\u00fcr vielleicht auch mal die eigene Komfortzone zu verlassen.<\/p>\n<p>Der Reiz an kulturweit lag f\u00fcr mich auch mit darin, mein Einsatzland nicht von vorneherein zu kennen. &#8222;Wie viel habe ich denn schon von der Welt gesehen, einen Ort zu meinem Lieblingsziel zu erkl\u00e4ren?&#8220;, begann ich mich zunehmend zu fragen. Sollten wir nicht vielleicht sogar viel \u00f6fter unvorbereitet und neugierig, sozusagen randomly wie bei einer Tombola, ein uns vollkommen unbekanntes Feld aufsuchen?<br \/>\nDiese Einstellung habe ich, glaube ich, erst durch kulturweit so richtig erlangt und bin allein daf\u00fcr schon sehr dankbar.<br \/>\nZudem macht mir die Arbeit mit den Sch\u00fclern unheimlich viel Spa\u00df und fordert mich und meine Kreativit\u00e4t. Es ist eine tolle Chance Gleichaltrige kennenzulernen und unmittelbar einen sehr zentralen Teil ihres Alltags mitzuerleben, den ich selbst noch nicht so lange hinter mir gelassen habe..<\/p>\n<p>Ich freue mich auf ein Jahr voller spannender Momente und Erlebnisse, aber auch ruhiger, besonnener Stunden. Ich freue ich auf interessante Begegnungen und neue Eindr\u00fccke. Ich freue mich aufs Reisen. Ich freue mich auf Planlosigkeit und Herausforderungen und ich freue mich darauf neue Seiten an mir zu entdecken (vielleicht Gelassenheit?) Ich freue mich auf die Welt.<\/p>\n","protected":false},"excerpt":{"rendered":"<p>Ahoj! Ich bin Emma, 18 Jahre alt und lebe seit September in dem romantischen St\u00e4dtchen Br\u00fcnn, im s\u00fcdm\u00e4hrischen Teil der Tschechischen Republik. Bevor ich mit kulturweit f\u00fcr meinen Freiwilligendienst im kommenden Jahr ausgereist bin, habe ich in Mainz gelebt. Ich .. .. bin ein gro\u00dfer Familien (und nat\u00fcrlich Freunde) -mensch und Bastler .. liebe Musik, &hellip; <a href=\"https:\/\/kulturweit.blog\/krtekaemma\/ueber-mich\/\" class=\"more-link\"><span class=\"screen-reader-text\">\u00dcber mich<\/span> weiterlesen<\/a><\/p>\n","protected":false},"author":2794,"featured_media":0,"parent":0,"menu_order":0,"comment_status":"closed","ping_status":"closed","template":"","meta":{"footnotes":""},"class_list":["post-30","page","type-page","status-publish","hentry"],"amp_enabled":true,"_links":{"self":[{"href":"https:\/\/kulturweit.blog\/krtekaemma\/wp-json\/wp\/v2\/pages\/30"}],"collection":[{"href":"https:\/\/kulturweit.blog\/krtekaemma\/wp-json\/wp\/v2\/pages"}],"about":[{"href":"https:\/\/kulturweit.blog\/krtekaemma\/wp-json\/wp\/v2\/types\/page"}],"author":[{"embeddable":true,"href":"https:\/\/kulturweit.blog\/krtekaemma\/wp-json\/wp\/v2\/users\/2794"}],"replies":[{"embeddable":true,"href":"https:\/\/kulturweit.blog\/krtekaemma\/wp-json\/wp\/v2\/comments?post=30"}],"version-history":[{"count":3,"href":"https:\/\/kulturweit.blog\/krtekaemma\/wp-json\/wp\/v2\/pages\/30\/revisions"}],"predecessor-version":[{"id":83,"href":"https:\/\/kulturweit.blog\/krtekaemma\/wp-json\/wp\/v2\/pages\/30\/revisions\/83"}],"wp:attachment":[{"href":"https:\/\/kulturweit.blog\/krtekaemma\/wp-json\/wp\/v2\/media?parent=30"}],"curies":[{"name":"wp","href":"https:\/\/api.w.org\/{rel}","templated":true}]}}